{"id":1088,"date":"2022-09-05T12:20:27","date_gmt":"2022-09-05T09:20:27","guid":{"rendered":"https:\/\/kipinahrm.eu\/?page_id=1088"},"modified":"2024-11-13T09:59:06","modified_gmt":"2024-11-13T07:59:06","slug":"compania-noastra","status":"publish","type":"page","link":"https:\/\/kipinahrm.eu\/ro\/compania-noastra\/","title":{"rendered":"Compania noastr\u0103"},"content":{"rendered":"\n<div class=\"wp-block-khrm-content-box-5 container-fluid\"><div class=\"row content-banner-5-container m-0\"><div class=\"content-banner-5 col-12 col-md-11 mx-md-auto row m-0\"><div class=\"title-container col-12 col-lg-9 ps-6 py-6\"><h2 class=\"title-container rs-50 fw-b fc-blue\">O companie valoroas\u0103 de servicii de angajare<\/h2><\/div><div class=\"title-container col-10 col-lg-8 offset-1\"><h3 class=\"title-container rs-30 fw-b fc-blue\"><\/h3><\/div><div class=\"col-10 col-lg-8 offset-1 py-4\"><p class=\"r-20 fw-n fc-black\">Agen\u021bia de recrutare personal Kipin\u00e4 Oy a fost \u00eenfiin\u021bat\u0103 \u00een anul 2010. De-a lungul anilor ne-am concentrat pe furnizarea de for\u021b\u0103 de munc\u0103 str\u0103in\u0103 \u00een Finlanda. Kipin\u00e4 are entit\u0103\u021bi proprii de recrutare \u00een Rom\u00e2nia, Kipina HRM RO SRL si \u00een Bulgaria, Kipina BG OOD, precum \u0219i agen\u021bie local\u0103 de recrutare \u0219i angajare \u00een Polonia, Ilves Sp. z o. \u00cen plus, Kipin\u00e4 are parteneri pe termen lung, printre altele \u00een Slovacia \u0219i \u00een India.<br><br>Kipin\u00e4 este membru al Henkil\u00f6st\u00f6palveluyritysten Liitto HELA (Asocia\u021bia Companiilor de Servicii de Personal). Acest lucru reflect\u0103 responsabilitatea Kipin\u00e4 ca partener care ac\u021bioneaz\u0103 \u00eentotdeauna \u00een conformitate cu legea aplicabil\u0103. Angajarea prin Kipin\u00e4 este \u00eentotdeauna corect\u0103 at\u00e2t pentru angajat, c\u00e2t \u0219i pentru compania care utilizeaz\u0103 for\u021ba de munc\u0103 \u00eenchiriat\u0103. Ne str\u0103duim \u00eentotdeauna servim at\u00e2t clien\u021bii, c\u00e2t \u0219i angaja\u021bii no\u0219tri, \u00een propria limb\u0103, astfel \u00eenc\u00e2t cooperarea dintre client \u0219i angajat s\u0103 fie c\u00e2t mai fluid\u0103 posibil.<\/p><h3 class=\"rs-30 fw-b fc-blue py-4\">Respectarea contractelor colective \u0219i a politicilor interna\u021bionale<\/h3><p class=\"r-20 fw-n fc-black\">Asocia\u021bia Agen\u021biilor Private pentru Ocuparea For\u021bei de Munc\u0103 se angajeaz\u0103 s\u0103 ac\u021bioneze \u00een mod responsabil \u0219i s\u0103 respecte reguli clare, \u00een prelucrarea datelor cu caracter personal \u0219i \u00een procesele de recrutare a lucr\u0103torilor str\u0103ini. Companiile se angajeaz\u0103 s\u0103 aib\u0103 grij\u0103 de bun\u0103starea \u0219i de competen\u021bele lucr\u0103torilor temporari.<br><br>Asocia\u021bia Agen\u021biilor Private pentru Ocuparea For\u021bei de Munc\u0103 a elaborat un cod de conduit\u0103 pentru domeniul serviciilor de personal, care se bazeaz\u0103 \u00een mare parte pe principiile interna\u021bionale \u00een domeniu. Kipin\u00e4 se angajeaz\u0103 s\u0103 urmeze aceste politici, acord\u00e2nd o aten\u021bie deosebit\u0103 valorilor etice ale companiei \u0219i obliga\u021biilor angajatorului.<\/p><h3 class=\"rs-30 fw-b fc-blue py-4\">Politica noastr\u0103<\/h3><p class=\"r-20 fw-n fc-black\">Valorile dupa care se ghideaz\u0103 opera\u021biunile Kipin\u00e4 sunt, mai presus de toate, concentrarea pe client, responsabilitate \u0219i dreptate. Valorile comune se reflect\u0103 \u00een modul \u00een care personalul nostru lucreaz\u0103 \u0219i serve\u0219te at\u00e2t clien\u021bii, c\u00e2t \u0219i angaja\u021bii. Afacerea noastr\u0103 se bazeaz\u0103 pe \u00eencredere, ceea ce \u00eenseamn\u0103 c\u0103 personalul nostru, cu experien\u021b\u0103, ofer\u0103 clien\u021bilor no\u0219tri angaja\u021bi califica\u021bi \u00een limitele de timp convenite, la un pre\u021b competitiv. Ac\u021bion\u00e2nd \u00een conformitate cu aceste valori, Kipin\u00e4 este un angajator puternic \u0219i eligibil din punct de vedere calitativ \u0219i un implementator de misiuni de \u00eencredere pentru clien\u021bii s\u0103i.<\/p><h3 class=\"rs-30 fw-b fc-blue py-4\"><\/h3><p class=\"r-20 fw-n fc-black\"><\/p><\/div><div class=\"col-10 offset-1 offset-lg-0 col-lg-3 py-4\"><div class=\"rs-30 fw-b fc-blue lh-1\">Servicii de angajare si de \u00eenchiriere echitabile, deja de 10 ani<\/div><div class=\"attention-img-container my-5\"><img decoding=\"async\" class=\"attention-img\" src=\"https:\/\/kipinahrm.eu\/wp-content\/uploads\/2022\/09\/header_cont-1024x683-1.webp\"\/><img decoding=\"async\" class=\"attention-img\" src=\"https:\/\/kipinahrm.eu\/wp-content\/uploads\/2022\/09\/sorvi-1024x540-1.webp\"\/><img decoding=\"async\" class=\"attention-img\" src=\"https:\/\/kipinahrm.eu\/wp-content\/uploads\/2022\/09\/header_wf-1024x683-1.webp\"\/><\/div><div class=\"rs-30 fw-b fc-blue lh-1\"><\/div><\/div><\/div><\/div><\/div>\n\n\n\n<div class=\"wp-block-khrm-content-box-6 content-banner-6 row m-0\"><div class=\"content-banner-6-content col-12 rs-40 fw-b fc-white p-10\">Ne str\u0103duim \u00eentotdeauna s\u0103 servim at\u00e2t clien\u021bii, c\u00e2t \u0219i angaja\u021bii no\u0219tri \u00een propria limb\u0103, astfel \u00eenc\u00e2t cooperarea dintre client \u0219i angajat s\u0103 fie c\u00e2t mai fluid\u0103 posibil.<\/div><\/div>\n","protected":false},"excerpt":{"rendered":"","protected":false},"author":1,"featured_media":0,"parent":0,"menu_order":0,"comment_status":"closed","ping_status":"closed","template":"page-ro.php","meta":{"_improvement_type_select":"improve_an_existing","_thumb_yes_seoaic":false,"_frame_yes_seoaic":false,"seoaic_generate_description":"","seoaic_improve_instructions_prompt":"","seoaic_rollback_content_improvement":"","seoaic_idea_thumbnail_generator":"","thumbnail_generated":false,"thumbnail_generate_prompt":"","seoaic_article_description":"","footnotes":""},"class_list":["post-1088","page","type-page","status-publish","hentry"],"yoast_head":"<!-- This site is optimized with the Yoast SEO plugin v27.3 - https:\/\/yoast.com\/product\/yoast-seo-wordpress\/ -->\n<title>Compania noastr\u0103 - Henkil\u00f6st\u00f6vuokrausyhti\u00f6 Kipin\u00e4<\/title>\n<meta name=\"robots\" content=\"index, follow, max-snippet:-1, max-image-preview:large, max-video-preview:-1\" \/>\n<link rel=\"canonical\" href=\"https:\/\/kipinahrm.eu\/ro\/compania-noastra\/\" \/>\n<meta property=\"og:locale\" content=\"ro_RO\" \/>\n<meta property=\"og:type\" content=\"article\" \/>\n<meta property=\"og:title\" content=\"Compania noastr\u0103 - Henkil\u00f6st\u00f6vuokrausyhti\u00f6 Kipin\u00e4\" \/>\n<meta property=\"og:url\" content=\"https:\/\/kipinahrm.eu\/ro\/compania-noastra\/\" \/>\n<meta property=\"og:site_name\" content=\"Henkil\u00f6st\u00f6vuokrausyhti\u00f6 Kipin\u00e4\" \/>\n<meta property=\"article:publisher\" content=\"https:\/\/m.facebook.com\/HenkilostovuokrausKipina\" \/>\n<meta property=\"article:modified_time\" content=\"2024-11-13T07:59:06+00:00\" \/>\n<meta property=\"og:image\" content=\"https:\/\/kipinahrm.eu\/wp-content\/uploads\/2022\/09\/header_cont-1024x683-1.webp\" \/>\n<meta name=\"twitter:card\" content=\"summary_large_image\" \/>\n<meta name=\"twitter:label1\" content=\"Timp estimat pentru citire\" \/>\n\t<meta name=\"twitter:data1\" content=\"3 minute\" \/>\n<script type=\"application\/ld+json\" class=\"yoast-schema-graph\">{\"@context\":\"https:\\\/\\\/schema.org\",\"@graph\":[{\"@type\":\"WebPage\",\"@id\":\"https:\\\/\\\/kipinahrm.eu\\\/ro\\\/compania-noastra\\\/\",\"url\":\"https:\\\/\\\/kipinahrm.eu\\\/ro\\\/compania-noastra\\\/\",\"name\":\"Compania noastr\u0103 - Henkil\u00f6st\u00f6vuokrausyhti\u00f6 Kipin\u00e4\",\"isPartOf\":{\"@id\":\"https:\\\/\\\/kipinahrm.eu\\\/#website\"},\"primaryImageOfPage\":{\"@id\":\"https:\\\/\\\/kipinahrm.eu\\\/ro\\\/compania-noastra\\\/#primaryimage\"},\"image\":{\"@id\":\"https:\\\/\\\/kipinahrm.eu\\\/ro\\\/compania-noastra\\\/#primaryimage\"},\"thumbnailUrl\":\"https:\\\/\\\/kipinahrm.eu\\\/wp-content\\\/uploads\\\/2022\\\/09\\\/header_cont-1024x683-1.webp\",\"datePublished\":\"2022-09-05T09:20:27+00:00\",\"dateModified\":\"2024-11-13T07:59:06+00:00\",\"breadcrumb\":{\"@id\":\"https:\\\/\\\/kipinahrm.eu\\\/ro\\\/compania-noastra\\\/#breadcrumb\"},\"inLanguage\":\"ro-RO\",\"potentialAction\":[{\"@type\":\"ReadAction\",\"target\":[\"https:\\\/\\\/kipinahrm.eu\\\/ro\\\/compania-noastra\\\/\"]}]},{\"@type\":\"ImageObject\",\"inLanguage\":\"ro-RO\",\"@id\":\"https:\\\/\\\/kipinahrm.eu\\\/ro\\\/compania-noastra\\\/#primaryimage\",\"url\":\"https:\\\/\\\/kipinahrm.eu\\\/wp-content\\\/uploads\\\/2022\\\/09\\\/header_cont-1024x683-1.webp\",\"contentUrl\":\"https:\\\/\\\/kipinahrm.eu\\\/wp-content\\\/uploads\\\/2022\\\/09\\\/header_cont-1024x683-1.webp\"},{\"@type\":\"BreadcrumbList\",\"@id\":\"https:\\\/\\\/kipinahrm.eu\\\/ro\\\/compania-noastra\\\/#breadcrumb\",\"itemListElement\":[{\"@type\":\"ListItem\",\"position\":1,\"name\":\"Home\",\"item\":\"https:\\\/\\\/kipinahrm.eu\\\/ro\\\/\"},{\"@type\":\"ListItem\",\"position\":2,\"name\":\"Compania noastr\u0103\"}]},{\"@type\":\"WebSite\",\"@id\":\"https:\\\/\\\/kipinahrm.eu\\\/#website\",\"url\":\"https:\\\/\\\/kipinahrm.eu\\\/\",\"name\":\"Henkil\u00f6st\u00f6vuokrausyhti\u00f6 Kipin\u00e4\",\"description\":\"\",\"publisher\":{\"@id\":\"https:\\\/\\\/kipinahrm.eu\\\/#organization\"},\"potentialAction\":[{\"@type\":\"SearchAction\",\"target\":{\"@type\":\"EntryPoint\",\"urlTemplate\":\"https:\\\/\\\/kipinahrm.eu\\\/?s={search_term_string}\"},\"query-input\":{\"@type\":\"PropertyValueSpecification\",\"valueRequired\":true,\"valueName\":\"search_term_string\"}}],\"inLanguage\":\"ro-RO\"},{\"@type\":\"Organization\",\"@id\":\"https:\\\/\\\/kipinahrm.eu\\\/#organization\",\"name\":\"Henki\u00f6st\u00f6vuokrausyhti\u00f6 Kipin\u00e4 Oy\",\"url\":\"https:\\\/\\\/kipinahrm.eu\\\/\",\"logo\":{\"@type\":\"ImageObject\",\"inLanguage\":\"ro-RO\",\"@id\":\"https:\\\/\\\/kipinahrm.eu\\\/#\\\/schema\\\/logo\\\/image\\\/\",\"url\":\"https:\\\/\\\/kipinahrm.eu\\\/wp-content\\\/uploads\\\/2021\\\/09\\\/Kipina-logo_tekstilla_M.png\",\"contentUrl\":\"https:\\\/\\\/kipinahrm.eu\\\/wp-content\\\/uploads\\\/2021\\\/09\\\/Kipina-logo_tekstilla_M.png\",\"width\":561,\"height\":444,\"caption\":\"Henki\u00f6st\u00f6vuokrausyhti\u00f6 Kipin\u00e4 Oy\"},\"image\":{\"@id\":\"https:\\\/\\\/kipinahrm.eu\\\/#\\\/schema\\\/logo\\\/image\\\/\"},\"sameAs\":[\"https:\\\/\\\/m.facebook.com\\\/HenkilostovuokrausKipina\",\"https:\\\/\\\/www.linkedin.com\\\/company\\\/henkilostovuokrausyhtio-kipina-oy\",\"https:\\\/\\\/www.youtube.com\\\/channel\\\/UCTogAPEEPzLjJ8H8v3xjutQ\"]}]}<\/script>\n<!-- \/ Yoast SEO plugin. -->","yoast_head_json":{"title":"Compania noastr\u0103 - Henkil\u00f6st\u00f6vuokrausyhti\u00f6 Kipin\u00e4","robots":{"index":"index","follow":"follow","max-snippet":"max-snippet:-1","max-image-preview":"max-image-preview:large","max-video-preview":"max-video-preview:-1"},"canonical":"https:\/\/kipinahrm.eu\/ro\/compania-noastra\/","og_locale":"ro_RO","og_type":"article","og_title":"Compania noastr\u0103 - Henkil\u00f6st\u00f6vuokrausyhti\u00f6 Kipin\u00e4","og_url":"https:\/\/kipinahrm.eu\/ro\/compania-noastra\/","og_site_name":"Henkil\u00f6st\u00f6vuokrausyhti\u00f6 Kipin\u00e4","article_publisher":"https:\/\/m.facebook.com\/HenkilostovuokrausKipina","article_modified_time":"2024-11-13T07:59:06+00:00","og_image":[{"url":"https:\/\/kipinahrm.eu\/wp-content\/uploads\/2022\/09\/header_cont-1024x683-1.webp","type":"","width":"","height":""}],"twitter_card":"summary_large_image","twitter_misc":{"Timp estimat pentru citire":"3 minute"},"schema":{"@context":"https:\/\/schema.org","@graph":[{"@type":"WebPage","@id":"https:\/\/kipinahrm.eu\/ro\/compania-noastra\/","url":"https:\/\/kipinahrm.eu\/ro\/compania-noastra\/","name":"Compania noastr\u0103 - Henkil\u00f6st\u00f6vuokrausyhti\u00f6 Kipin\u00e4","isPartOf":{"@id":"https:\/\/kipinahrm.eu\/#website"},"primaryImageOfPage":{"@id":"https:\/\/kipinahrm.eu\/ro\/compania-noastra\/#primaryimage"},"image":{"@id":"https:\/\/kipinahrm.eu\/ro\/compania-noastra\/#primaryimage"},"thumbnailUrl":"https:\/\/kipinahrm.eu\/wp-content\/uploads\/2022\/09\/header_cont-1024x683-1.webp","datePublished":"2022-09-05T09:20:27+00:00","dateModified":"2024-11-13T07:59:06+00:00","breadcrumb":{"@id":"https:\/\/kipinahrm.eu\/ro\/compania-noastra\/#breadcrumb"},"inLanguage":"ro-RO","potentialAction":[{"@type":"ReadAction","target":["https:\/\/kipinahrm.eu\/ro\/compania-noastra\/"]}]},{"@type":"ImageObject","inLanguage":"ro-RO","@id":"https:\/\/kipinahrm.eu\/ro\/compania-noastra\/#primaryimage","url":"https:\/\/kipinahrm.eu\/wp-content\/uploads\/2022\/09\/header_cont-1024x683-1.webp","contentUrl":"https:\/\/kipinahrm.eu\/wp-content\/uploads\/2022\/09\/header_cont-1024x683-1.webp"},{"@type":"BreadcrumbList","@id":"https:\/\/kipinahrm.eu\/ro\/compania-noastra\/#breadcrumb","itemListElement":[{"@type":"ListItem","position":1,"name":"Home","item":"https:\/\/kipinahrm.eu\/ro\/"},{"@type":"ListItem","position":2,"name":"Compania noastr\u0103"}]},{"@type":"WebSite","@id":"https:\/\/kipinahrm.eu\/#website","url":"https:\/\/kipinahrm.eu\/","name":"Henkil\u00f6st\u00f6vuokrausyhti\u00f6 Kipin\u00e4","description":"","publisher":{"@id":"https:\/\/kipinahrm.eu\/#organization"},"potentialAction":[{"@type":"SearchAction","target":{"@type":"EntryPoint","urlTemplate":"https:\/\/kipinahrm.eu\/?s={search_term_string}"},"query-input":{"@type":"PropertyValueSpecification","valueRequired":true,"valueName":"search_term_string"}}],"inLanguage":"ro-RO"},{"@type":"Organization","@id":"https:\/\/kipinahrm.eu\/#organization","name":"Henki\u00f6st\u00f6vuokrausyhti\u00f6 Kipin\u00e4 Oy","url":"https:\/\/kipinahrm.eu\/","logo":{"@type":"ImageObject","inLanguage":"ro-RO","@id":"https:\/\/kipinahrm.eu\/#\/schema\/logo\/image\/","url":"https:\/\/kipinahrm.eu\/wp-content\/uploads\/2021\/09\/Kipina-logo_tekstilla_M.png","contentUrl":"https:\/\/kipinahrm.eu\/wp-content\/uploads\/2021\/09\/Kipina-logo_tekstilla_M.png","width":561,"height":444,"caption":"Henki\u00f6st\u00f6vuokrausyhti\u00f6 Kipin\u00e4 Oy"},"image":{"@id":"https:\/\/kipinahrm.eu\/#\/schema\/logo\/image\/"},"sameAs":["https:\/\/m.facebook.com\/HenkilostovuokrausKipina","https:\/\/www.linkedin.com\/company\/henkilostovuokrausyhtio-kipina-oy","https:\/\/www.youtube.com\/channel\/UCTogAPEEPzLjJ8H8v3xjutQ"]}]}},"_links":{"self":[{"href":"https:\/\/kipinahrm.eu\/ro\/wp-json\/wp\/v2\/pages\/1088","targetHints":{"allow":["GET"]}}],"collection":[{"href":"https:\/\/kipinahrm.eu\/ro\/wp-json\/wp\/v2\/pages"}],"about":[{"href":"https:\/\/kipinahrm.eu\/ro\/wp-json\/wp\/v2\/types\/page"}],"author":[{"embeddable":true,"href":"https:\/\/kipinahrm.eu\/ro\/wp-json\/wp\/v2\/users\/1"}],"replies":[{"embeddable":true,"href":"https:\/\/kipinahrm.eu\/ro\/wp-json\/wp\/v2\/comments?post=1088"}],"version-history":[{"count":0,"href":"https:\/\/kipinahrm.eu\/ro\/wp-json\/wp\/v2\/pages\/1088\/revisions"}],"wp:attachment":[{"href":"https:\/\/kipinahrm.eu\/ro\/wp-json\/wp\/v2\/media?parent=1088"}],"curies":[{"name":"wp","href":"https:\/\/api.w.org\/{rel}","templated":true}]}}