{"id":1041,"date":"2022-09-02T15:56:57","date_gmt":"2022-09-02T12:56:57","guid":{"rendered":"https:\/\/kipinahrm.eu\/?page_id=1041"},"modified":"2024-10-10T12:15:27","modified_gmt":"2024-10-10T09:15:27","slug":"despre-finlanda","status":"publish","type":"page","link":"https:\/\/kipinahrm.eu\/ro\/despre-finlanda\/","title":{"rendered":"Despre Finlanda"},"content":{"rendered":"\n<div class=\"wp-block-khrm-content-box-5 container-fluid\"><div class=\"row content-banner-5-container m-0\"><div class=\"content-banner-5 col-12 col-md-11 mx-md-auto row m-0\"><div class=\"title-container col-12 col-lg-9 ps-6 py-6\"><h2 class=\"title-container rs-50 fw-b fc-blue\">\u0218tiai asta despre Finlanda?<\/h2><\/div><div class=\"title-container col-10 col-lg-8 offset-1\"><h3 class=\"title-container rs-30 fw-b fc-blue\"><\/h3><\/div><div class=\"col-10 col-lg-8 offset-1 py-4\"><p class=\"r-20 fw-n fc-black\">Finlanda este renumit\u0103 pentru c\u0103 este cea mai fericit\u0103 \u021bar\u0103 din lume, precum \u0219i pentru c\u0103 are cel mai bun sistem de educa\u021bie din lume \u0219i cel mai curat aer. Finlanda este cunoscut\u0103 pentru saune, reni, agen\u021bia de telefonie mobil\u0103 Nokia \u0219i satul lui Mo\u0219 Cr\u0103ciun. Aceast\u0103 utopie nordic\u0103 este uneori numit\u0103 \u021aara celor o mie de lacuri, dat fiind faptul c\u0103 are 187.888 de lacuri.<br><br>Dac\u0103 nu e\u0219ti finlandez, s-ar putea s\u0103 te g\u00e2nde\u0219ti la saune ca la un lux. \u00cen Finlanda, totu\u0219i, acestea sunt o necesitate. Finlandezii primitivi le-au inventat acum aproximativ 30.000 de ani, iar \u00een Finlanda exist\u0103 mai multe saune dec\u00e2t ma\u0219ini. Exist\u0103 chiar \u0219i o saun\u0103 la Burger King-ul din Helsinki!<br><br>Aceast\u0103 \u021bar\u0103 este renumit\u0103 pentru ritualurile \u0219i tradi\u021biile sale de la saun\u0103. Nu v\u0103 alarma\u021bi dac\u0103 prietenul dvs. finlandez \u00eencepe s\u0103 v\u0103 bat\u0103 u\u0219or cu o crengu\u021b\u0103 de mesteac\u0103n, acesta este modul lor de a v\u0103 \u00eembun\u0103t\u0103\u021bi circula\u021bia s\u00e2ngelui. Roti\u021bi-v\u0103 \u00een z\u0103pad\u0103, arunca\u021bi-v\u0103 \u00eentr-un lac rece ca ghea\u021ba \u2013 v\u0103 promit, este mult mai frumos dec\u00e2t pare!<br><br>Finlanda este cunoscut\u0103 pentru sporturile sale, printre care unul din ele cunoscut \u0219i \u00een restul lumii fiind hocheiul pe ghea\u021b\u0103. Este adev\u0103rat c\u0103 multe \u021b\u0103ri au rivalit\u0103\u021bi cu vecinii lor, dar nimic nu-i face pe finlandezi \u0219i suedezi s\u0103 se enerveze mai mult dec\u00e2t un meci de hochei pe ghea\u021b\u0103, mai ales unul \u00eempotriva celuilalt.<br><br>Concuren\u021ba este acerb\u0103 pentru aur iar \u00een 2019 Finlanda a c\u00e2\u0219tigat pentru a treia oar\u0103 Campionatul Mondial de hochei pe ghea\u021b\u0103. Echipa na\u021bional\u0103, supranumit\u0103 Leijonat (leii), se afl\u0103 \u00een prezent pe locul trei \u00een lume la hochei pe ghea\u021b\u0103. Echipa na\u021bional\u0103, supranumit\u0103 Leijonat (leii), se afl\u0103, \u00een prezent, pe locul trei \u00een lume c\u00e2nd vine vorba de pricepere la hochei pe ghea\u021b\u0103.<br><br>Finlanda este cunoscut\u0103 pentru c\u0103 are lacuri \u0219i p\u0103duri superbe, iar finlandezii simt o leg\u0103tur\u0103 personal\u0103 profund\u0103 cu lumea natural\u0103. Cuv\u00e2ntul finlandez Mets\u00e4suhde \u00eenseamn\u0103 \u201eo parte a identit\u0103\u021bii \u0219i rela\u021biei personale a unui individ cu ceea ce evolueaz\u0103 prin diferite etape ale vie\u021bii\u201d.<br><br>Finlanda \u00ee\u0219i deschide s\u0103lb\u0103ticia pentru turi\u0219ti \u0219i localnici prin lege. Drepturile de acces civil permit oricui s\u0103 mearg\u0103 pe jos, cu bicicleta sau s\u0103 schieze aproape oriunde \u00een \u021bar\u0103. Acest lucru \u00eenseamn\u0103, de asemenea, c\u0103 pute\u021bi c\u0103uta fructe de p\u0103dure sau ciuperci, pute\u021bi chiar dormi \u00eentr-un cort aproape oriunde dori\u021bi.<br><br>Totu\u0219i, acest lucru vine cu un avertisment, a\u0219a c\u0103 nu pescui\u021bi sau v\u00e2na\u021bi \u00een anumite zone \u0219i l\u0103sa\u021bi fiecare loc a\u0219a cum l-a\u021bi g\u0103sit. Gunoiul \u0219i poluarea fonic\u0103 nu sunt binevenite \u00een Finlanda, a\u0219a c\u0103 respecta\u021bi-i pe ceilal\u021bi \u0219i p\u0103m\u00e2ntul pe care v\u0103 afla\u021bi. Este o modalitate grozav\u0103 de a explora Finlanda cu un buget redus, cu condi\u021bia s\u0103 mergi \u00een momentul potrivit al anului!<br><br>Finlanda de\u021bine titlul de cea mai sigur\u0103 \u021bar\u0103 din lume din 2017 \u0219i exist\u0103 date care \u00eel sus\u021bin. Pe l\u00e2ng\u0103 ratele sc\u0103zute ale criminalit\u0103\u021bii, finlandezii sunt \u0219i unii dintre cei mai cinsti\u021bi oameni. Conform unui sondaj recent, 11 din 12 portofele au fost returnate proprietarilor lor din Finlanda, a\u0219a c\u0103 dac\u0103 ave\u021bi obiceiul de a scapa lucruri, Finlanda este locul potrivit!<br><br>Desigur, \u00een \u021bara cu titlul de &#8222;Cel mai independent sistem judiciar&#8221;, rezult\u0103 \u0219i faptul c\u0103 Finlanda are cea mai mare \u00eencredere \u00een for\u021bele de poli\u021bie.<\/p><h3 class=\"rs-30 fw-b fc-blue py-4\"><\/h3><p class=\"r-20 fw-n fc-black\"><\/p><h3 class=\"rs-30 fw-b fc-blue py-4\"><\/h3><p class=\"r-20 fw-n fc-black\"><\/p><h3 class=\"rs-30 fw-b fc-blue py-4\"><\/h3><p class=\"r-20 fw-n fc-black\"><\/p><\/div><div class=\"col-10 offset-1 offset-lg-0 col-lg-3 py-4\"><div class=\"rs-30 fw-b fc-blue lh-1\"><\/div><div class=\"attention-img-container my-5\"><img decoding=\"async\" class=\"attention-img\" src=\"https:\/\/kipinahrm.eu\/wp-content\/uploads\/2022\/09\/pexels-gerhard-lipold-6043062-scaled.jpg\"\/><img decoding=\"async\" class=\"attention-img\" src=\"https:\/\/kipinahrm.eu\/wp-content\/uploads\/2022\/09\/pexels-tapio-haaja-2311602-scaled.jpg\"\/><img decoding=\"async\" class=\"attention-img\" src=\"https:\/\/kipinahrm.eu\/wp-content\/uploads\/2022\/09\/Kipina-etusivu-3-image10.png\"\/><\/div><div class=\"rs-30 fw-b fc-blue lh-1\"><\/div><\/div><\/div><\/div><\/div>\n\n\n\n<div class=\"wp-block-khrm-content-box-6 content-banner-6 row m-0\"><div class=\"content-banner-6-content col-12 rs-40 fw-b fc-white p-10\">Finlanda de\u021bine titlul de cea mai sigur\u0103 \u021bar\u0103 din 2017. Al\u0103turi de ratele sale sc\u0103zute ale criminalit\u0103\u021bii, finlandezii sunt \u0219i unii dintre cei mai cinsti\u021bi oameni din lume.<\/div><\/div>\n\n\n\n<div class=\"row content-banner-5-container m-0\">\n<div class=\"content-banner-5 col-12 col-md-11 mx-md-auto row m-0\">\n<div class=\"col-12 rs-50 fw-b fc-blue ps-6 py-6\">\nFinland in pictures\n<\/div>\n<div class=\"col-12 col-md-9 mx-md-auto\">\n\n\n\n<figure class=\"wp-block-gallery has-nested-images columns-default is-cropped wp-block-gallery-1 is-layout-flex wp-block-gallery-is-layout-flex\">\n<figure class=\"wp-block-image size-large\"><img loading=\"lazy\" decoding=\"async\" width=\"1024\" height=\"443\" data-id=\"1061\" src=\"https:\/\/kipinahrm.eu\/wp-content\/uploads\/2022\/09\/Kipina-etusivu-3-image3-1024x443.png\" alt=\"\" class=\"wp-image-1061\" srcset=\"https:\/\/kipinahrm.eu\/wp-content\/uploads\/2022\/09\/Kipina-etusivu-3-image3-1024x443.png 1024w, https:\/\/kipinahrm.eu\/wp-content\/uploads\/2022\/09\/Kipina-etusivu-3-image3-300x130.png 300w, https:\/\/kipinahrm.eu\/wp-content\/uploads\/2022\/09\/Kipina-etusivu-3-image3-768x332.png 768w, https:\/\/kipinahrm.eu\/wp-content\/uploads\/2022\/09\/Kipina-etusivu-3-image3.png 1192w\" sizes=\"auto, (max-width: 1024px) 100vw, 1024px\" \/><\/figure>\n\n\n\n<figure class=\"wp-block-image size-large\"><img loading=\"lazy\" decoding=\"async\" width=\"1024\" height=\"768\" data-id=\"1067\" src=\"https:\/\/kipinahrm.eu\/wp-content\/uploads\/2022\/09\/Kipina-etusivu-3-image4.png\" alt=\"\" class=\"wp-image-1067\" srcset=\"https:\/\/kipinahrm.eu\/wp-content\/uploads\/2022\/09\/Kipina-etusivu-3-image4.png 1024w, https:\/\/kipinahrm.eu\/wp-content\/uploads\/2022\/09\/Kipina-etusivu-3-image4-300x225.png 300w, https:\/\/kipinahrm.eu\/wp-content\/uploads\/2022\/09\/Kipina-etusivu-3-image4-768x576.png 768w\" sizes=\"auto, (max-width: 1024px) 100vw, 1024px\" \/><\/figure>\n\n\n\n<figure class=\"wp-block-image size-large\"><img loading=\"lazy\" decoding=\"async\" width=\"960\" height=\"640\" data-id=\"1057\" src=\"https:\/\/kipinahrm.eu\/wp-content\/uploads\/2022\/09\/Kipina-etusivu-3-image5.png\" alt=\"\" class=\"wp-image-1057\" srcset=\"https:\/\/kipinahrm.eu\/wp-content\/uploads\/2022\/09\/Kipina-etusivu-3-image5.png 960w, https:\/\/kipinahrm.eu\/wp-content\/uploads\/2022\/09\/Kipina-etusivu-3-image5-300x200.png 300w, https:\/\/kipinahrm.eu\/wp-content\/uploads\/2022\/09\/Kipina-etusivu-3-image5-768x512.png 768w\" sizes=\"auto, (max-width: 960px) 100vw, 960px\" \/><\/figure>\n\n\n\n<figure class=\"wp-block-image size-large\"><img loading=\"lazy\" decoding=\"async\" width=\"960\" height=\"640\" data-id=\"1076\" src=\"https:\/\/kipinahrm.eu\/wp-content\/uploads\/2022\/09\/Kipina-etusivu-3-image6.png\" alt=\"\" class=\"wp-image-1076\" srcset=\"https:\/\/kipinahrm.eu\/wp-content\/uploads\/2022\/09\/Kipina-etusivu-3-image6.png 960w, https:\/\/kipinahrm.eu\/wp-content\/uploads\/2022\/09\/Kipina-etusivu-3-image6-300x200.png 300w, https:\/\/kipinahrm.eu\/wp-content\/uploads\/2022\/09\/Kipina-etusivu-3-image6-768x512.png 768w\" sizes=\"auto, (max-width: 960px) 100vw, 960px\" \/><\/figure>\n\n\n\n<figure class=\"wp-block-image size-large\"><img loading=\"lazy\" decoding=\"async\" width=\"963\" height=\"861\" data-id=\"1081\" src=\"https:\/\/kipinahrm.eu\/wp-content\/uploads\/2022\/09\/Kipina-etusivu-3-image7.png\" alt=\"\" class=\"wp-image-1081\" srcset=\"https:\/\/kipinahrm.eu\/wp-content\/uploads\/2022\/09\/Kipina-etusivu-3-image7.png 963w, https:\/\/kipinahrm.eu\/wp-content\/uploads\/2022\/09\/Kipina-etusivu-3-image7-300x268.png 300w, https:\/\/kipinahrm.eu\/wp-content\/uploads\/2022\/09\/Kipina-etusivu-3-image7-768x687.png 768w\" sizes=\"auto, (max-width: 963px) 100vw, 963px\" \/><\/figure>\n\n\n\n<figure class=\"wp-block-image size-large\"><img loading=\"lazy\" decoding=\"async\" width=\"433\" height=\"245\" data-id=\"1053\" src=\"https:\/\/kipinahrm.eu\/wp-content\/uploads\/2022\/09\/Kipina-etusivu-3-image8.png\" alt=\"\" class=\"wp-image-1053\" srcset=\"https:\/\/kipinahrm.eu\/wp-content\/uploads\/2022\/09\/Kipina-etusivu-3-image8.png 433w, https:\/\/kipinahrm.eu\/wp-content\/uploads\/2022\/09\/Kipina-etusivu-3-image8-300x170.png 300w\" sizes=\"auto, (max-width: 433px) 100vw, 433px\" \/><\/figure>\n\n\n\n<figure class=\"wp-block-image size-large\"><img loading=\"lazy\" decoding=\"async\" width=\"720\" height=\"720\" data-id=\"1065\" src=\"https:\/\/kipinahrm.eu\/wp-content\/uploads\/2022\/09\/Kipina-etusivu-3-image9.png\" alt=\"\" class=\"wp-image-1065\" srcset=\"https:\/\/kipinahrm.eu\/wp-content\/uploads\/2022\/09\/Kipina-etusivu-3-image9.png 720w, https:\/\/kipinahrm.eu\/wp-content\/uploads\/2022\/09\/Kipina-etusivu-3-image9-300x300.png 300w, https:\/\/kipinahrm.eu\/wp-content\/uploads\/2022\/09\/Kipina-etusivu-3-image9-150x150.png 150w\" sizes=\"auto, (max-width: 720px) 100vw, 720px\" \/><\/figure>\n\n\n\n<figure class=\"wp-block-image size-large\"><img loading=\"lazy\" decoding=\"async\" width=\"960\" height=\"540\" data-id=\"1073\" src=\"https:\/\/kipinahrm.eu\/wp-content\/uploads\/2022\/09\/Kipina-etusivu-3-image11.png\" alt=\"\" class=\"wp-image-1073\" srcset=\"https:\/\/kipinahrm.eu\/wp-content\/uploads\/2022\/09\/Kipina-etusivu-3-image11.png 960w, https:\/\/kipinahrm.eu\/wp-content\/uploads\/2022\/09\/Kipina-etusivu-3-image11-300x169.png 300w, https:\/\/kipinahrm.eu\/wp-content\/uploads\/2022\/09\/Kipina-etusivu-3-image11-768x432.png 768w\" sizes=\"auto, (max-width: 960px) 100vw, 960px\" \/><\/figure>\n\n\n\n<figure class=\"wp-block-image size-large\"><img loading=\"lazy\" decoding=\"async\" width=\"784\" height=\"524\" data-id=\"1030\" src=\"https:\/\/kipinahrm.eu\/wp-content\/uploads\/2022\/09\/Kipina-etusivu-3-image10.png\" alt=\"\" class=\"wp-image-1030\" srcset=\"https:\/\/kipinahrm.eu\/wp-content\/uploads\/2022\/09\/Kipina-etusivu-3-image10.png 784w, https:\/\/kipinahrm.eu\/wp-content\/uploads\/2022\/09\/Kipina-etusivu-3-image10-300x201.png 300w, https:\/\/kipinahrm.eu\/wp-content\/uploads\/2022\/09\/Kipina-etusivu-3-image10-768x513.png 768w\" sizes=\"auto, (max-width: 784px) 100vw, 784px\" \/><\/figure>\n<\/figure>\n\n\n\n<\/div><\/div><\/div>\n","protected":false},"excerpt":{"rendered":"<p>Finland in pictures<\/p>\n","protected":false},"author":1,"featured_media":1022,"parent":0,"menu_order":0,"comment_status":"closed","ping_status":"closed","template":"page-ro.php","meta":{"_improvement_type_select":"improve_an_existing","_thumb_yes_seoaic":false,"_frame_yes_seoaic":false,"seoaic_generate_description":"","seoaic_improve_instructions_prompt":"","seoaic_rollback_content_improvement":"","seoaic_idea_thumbnail_generator":"","thumbnail_generated":false,"thumbnail_generate_prompt":"","seoaic_article_description":"","footnotes":""},"class_list":["post-1041","page","type-page","status-publish","has-post-thumbnail","hentry"],"yoast_head":"<!-- This site is optimized with the Yoast SEO plugin v27.3 - https:\/\/yoast.com\/product\/yoast-seo-wordpress\/ -->\n<title>Despre Finlanda - Henkil\u00f6st\u00f6vuokrausyhti\u00f6 Kipin\u00e4<\/title>\n<meta name=\"robots\" content=\"index, follow, max-snippet:-1, max-image-preview:large, max-video-preview:-1\" \/>\n<link rel=\"canonical\" href=\"https:\/\/kipinahrm.eu\/ro\/despre-finlanda\/\" \/>\n<meta property=\"og:locale\" content=\"ro_RO\" \/>\n<meta property=\"og:type\" content=\"article\" \/>\n<meta property=\"og:title\" content=\"Despre Finlanda - Henkil\u00f6st\u00f6vuokrausyhti\u00f6 Kipin\u00e4\" \/>\n<meta property=\"og:description\" content=\"Finland in pictures\" \/>\n<meta property=\"og:url\" content=\"https:\/\/kipinahrm.eu\/ro\/despre-finlanda\/\" \/>\n<meta property=\"og:site_name\" content=\"Henkil\u00f6st\u00f6vuokrausyhti\u00f6 Kipin\u00e4\" \/>\n<meta property=\"article:publisher\" content=\"https:\/\/m.facebook.com\/HenkilostovuokrausKipina\" \/>\n<meta property=\"article:modified_time\" content=\"2024-10-10T09:15:27+00:00\" \/>\n<meta property=\"og:image\" content=\"https:\/\/kipinahrm.eu\/wp-content\/uploads\/2022\/09\/pexels-gerhard-lipold-6043062-scaled.jpg\" \/>\n\t<meta property=\"og:image:width\" content=\"2560\" \/>\n\t<meta property=\"og:image:height\" content=\"1895\" \/>\n\t<meta property=\"og:image:type\" content=\"image\/jpeg\" \/>\n<meta name=\"twitter:card\" content=\"summary_large_image\" \/>\n<meta name=\"twitter:label1\" content=\"Timp estimat pentru citire\" \/>\n\t<meta name=\"twitter:data1\" content=\"6 minute\" \/>\n<script type=\"application\/ld+json\" class=\"yoast-schema-graph\">{\"@context\":\"https:\\\/\\\/schema.org\",\"@graph\":[{\"@type\":\"WebPage\",\"@id\":\"https:\\\/\\\/kipinahrm.eu\\\/ro\\\/despre-finlanda\\\/\",\"url\":\"https:\\\/\\\/kipinahrm.eu\\\/ro\\\/despre-finlanda\\\/\",\"name\":\"Despre Finlanda - Henkil\u00f6st\u00f6vuokrausyhti\u00f6 Kipin\u00e4\",\"isPartOf\":{\"@id\":\"https:\\\/\\\/kipinahrm.eu\\\/#website\"},\"primaryImageOfPage\":{\"@id\":\"https:\\\/\\\/kipinahrm.eu\\\/ro\\\/despre-finlanda\\\/#primaryimage\"},\"image\":{\"@id\":\"https:\\\/\\\/kipinahrm.eu\\\/ro\\\/despre-finlanda\\\/#primaryimage\"},\"thumbnailUrl\":\"https:\\\/\\\/kipinahrm.eu\\\/wp-content\\\/uploads\\\/2022\\\/09\\\/pexels-gerhard-lipold-6043062-scaled.jpg\",\"datePublished\":\"2022-09-02T12:56:57+00:00\",\"dateModified\":\"2024-10-10T09:15:27+00:00\",\"breadcrumb\":{\"@id\":\"https:\\\/\\\/kipinahrm.eu\\\/ro\\\/despre-finlanda\\\/#breadcrumb\"},\"inLanguage\":\"ro-RO\",\"potentialAction\":[{\"@type\":\"ReadAction\",\"target\":[\"https:\\\/\\\/kipinahrm.eu\\\/ro\\\/despre-finlanda\\\/\"]}]},{\"@type\":\"ImageObject\",\"inLanguage\":\"ro-RO\",\"@id\":\"https:\\\/\\\/kipinahrm.eu\\\/ro\\\/despre-finlanda\\\/#primaryimage\",\"url\":\"https:\\\/\\\/kipinahrm.eu\\\/wp-content\\\/uploads\\\/2022\\\/09\\\/pexels-gerhard-lipold-6043062-scaled.jpg\",\"contentUrl\":\"https:\\\/\\\/kipinahrm.eu\\\/wp-content\\\/uploads\\\/2022\\\/09\\\/pexels-gerhard-lipold-6043062-scaled.jpg\",\"width\":2560,\"height\":1895},{\"@type\":\"BreadcrumbList\",\"@id\":\"https:\\\/\\\/kipinahrm.eu\\\/ro\\\/despre-finlanda\\\/#breadcrumb\",\"itemListElement\":[{\"@type\":\"ListItem\",\"position\":1,\"name\":\"Home\",\"item\":\"https:\\\/\\\/kipinahrm.eu\\\/ro\\\/\"},{\"@type\":\"ListItem\",\"position\":2,\"name\":\"Despre Finlanda\"}]},{\"@type\":\"WebSite\",\"@id\":\"https:\\\/\\\/kipinahrm.eu\\\/#website\",\"url\":\"https:\\\/\\\/kipinahrm.eu\\\/\",\"name\":\"Henkil\u00f6st\u00f6vuokrausyhti\u00f6 Kipin\u00e4\",\"description\":\"\",\"publisher\":{\"@id\":\"https:\\\/\\\/kipinahrm.eu\\\/#organization\"},\"potentialAction\":[{\"@type\":\"SearchAction\",\"target\":{\"@type\":\"EntryPoint\",\"urlTemplate\":\"https:\\\/\\\/kipinahrm.eu\\\/?s={search_term_string}\"},\"query-input\":{\"@type\":\"PropertyValueSpecification\",\"valueRequired\":true,\"valueName\":\"search_term_string\"}}],\"inLanguage\":\"ro-RO\"},{\"@type\":\"Organization\",\"@id\":\"https:\\\/\\\/kipinahrm.eu\\\/#organization\",\"name\":\"Henki\u00f6st\u00f6vuokrausyhti\u00f6 Kipin\u00e4 Oy\",\"url\":\"https:\\\/\\\/kipinahrm.eu\\\/\",\"logo\":{\"@type\":\"ImageObject\",\"inLanguage\":\"ro-RO\",\"@id\":\"https:\\\/\\\/kipinahrm.eu\\\/#\\\/schema\\\/logo\\\/image\\\/\",\"url\":\"https:\\\/\\\/kipinahrm.eu\\\/wp-content\\\/uploads\\\/2021\\\/09\\\/Kipina-logo_tekstilla_M.png\",\"contentUrl\":\"https:\\\/\\\/kipinahrm.eu\\\/wp-content\\\/uploads\\\/2021\\\/09\\\/Kipina-logo_tekstilla_M.png\",\"width\":561,\"height\":444,\"caption\":\"Henki\u00f6st\u00f6vuokrausyhti\u00f6 Kipin\u00e4 Oy\"},\"image\":{\"@id\":\"https:\\\/\\\/kipinahrm.eu\\\/#\\\/schema\\\/logo\\\/image\\\/\"},\"sameAs\":[\"https:\\\/\\\/m.facebook.com\\\/HenkilostovuokrausKipina\",\"https:\\\/\\\/www.linkedin.com\\\/company\\\/henkilostovuokrausyhtio-kipina-oy\",\"https:\\\/\\\/www.youtube.com\\\/channel\\\/UCTogAPEEPzLjJ8H8v3xjutQ\"]}]}<\/script>\n<!-- \/ Yoast SEO plugin. -->","yoast_head_json":{"title":"Despre Finlanda - Henkil\u00f6st\u00f6vuokrausyhti\u00f6 Kipin\u00e4","robots":{"index":"index","follow":"follow","max-snippet":"max-snippet:-1","max-image-preview":"max-image-preview:large","max-video-preview":"max-video-preview:-1"},"canonical":"https:\/\/kipinahrm.eu\/ro\/despre-finlanda\/","og_locale":"ro_RO","og_type":"article","og_title":"Despre Finlanda - Henkil\u00f6st\u00f6vuokrausyhti\u00f6 Kipin\u00e4","og_description":"Finland in pictures","og_url":"https:\/\/kipinahrm.eu\/ro\/despre-finlanda\/","og_site_name":"Henkil\u00f6st\u00f6vuokrausyhti\u00f6 Kipin\u00e4","article_publisher":"https:\/\/m.facebook.com\/HenkilostovuokrausKipina","article_modified_time":"2024-10-10T09:15:27+00:00","og_image":[{"width":2560,"height":1895,"url":"https:\/\/kipinahrm.eu\/wp-content\/uploads\/2022\/09\/pexels-gerhard-lipold-6043062-scaled.jpg","type":"image\/jpeg"}],"twitter_card":"summary_large_image","twitter_misc":{"Timp estimat pentru citire":"6 minute"},"schema":{"@context":"https:\/\/schema.org","@graph":[{"@type":"WebPage","@id":"https:\/\/kipinahrm.eu\/ro\/despre-finlanda\/","url":"https:\/\/kipinahrm.eu\/ro\/despre-finlanda\/","name":"Despre Finlanda - Henkil\u00f6st\u00f6vuokrausyhti\u00f6 Kipin\u00e4","isPartOf":{"@id":"https:\/\/kipinahrm.eu\/#website"},"primaryImageOfPage":{"@id":"https:\/\/kipinahrm.eu\/ro\/despre-finlanda\/#primaryimage"},"image":{"@id":"https:\/\/kipinahrm.eu\/ro\/despre-finlanda\/#primaryimage"},"thumbnailUrl":"https:\/\/kipinahrm.eu\/wp-content\/uploads\/2022\/09\/pexels-gerhard-lipold-6043062-scaled.jpg","datePublished":"2022-09-02T12:56:57+00:00","dateModified":"2024-10-10T09:15:27+00:00","breadcrumb":{"@id":"https:\/\/kipinahrm.eu\/ro\/despre-finlanda\/#breadcrumb"},"inLanguage":"ro-RO","potentialAction":[{"@type":"ReadAction","target":["https:\/\/kipinahrm.eu\/ro\/despre-finlanda\/"]}]},{"@type":"ImageObject","inLanguage":"ro-RO","@id":"https:\/\/kipinahrm.eu\/ro\/despre-finlanda\/#primaryimage","url":"https:\/\/kipinahrm.eu\/wp-content\/uploads\/2022\/09\/pexels-gerhard-lipold-6043062-scaled.jpg","contentUrl":"https:\/\/kipinahrm.eu\/wp-content\/uploads\/2022\/09\/pexels-gerhard-lipold-6043062-scaled.jpg","width":2560,"height":1895},{"@type":"BreadcrumbList","@id":"https:\/\/kipinahrm.eu\/ro\/despre-finlanda\/#breadcrumb","itemListElement":[{"@type":"ListItem","position":1,"name":"Home","item":"https:\/\/kipinahrm.eu\/ro\/"},{"@type":"ListItem","position":2,"name":"Despre Finlanda"}]},{"@type":"WebSite","@id":"https:\/\/kipinahrm.eu\/#website","url":"https:\/\/kipinahrm.eu\/","name":"Henkil\u00f6st\u00f6vuokrausyhti\u00f6 Kipin\u00e4","description":"","publisher":{"@id":"https:\/\/kipinahrm.eu\/#organization"},"potentialAction":[{"@type":"SearchAction","target":{"@type":"EntryPoint","urlTemplate":"https:\/\/kipinahrm.eu\/?s={search_term_string}"},"query-input":{"@type":"PropertyValueSpecification","valueRequired":true,"valueName":"search_term_string"}}],"inLanguage":"ro-RO"},{"@type":"Organization","@id":"https:\/\/kipinahrm.eu\/#organization","name":"Henki\u00f6st\u00f6vuokrausyhti\u00f6 Kipin\u00e4 Oy","url":"https:\/\/kipinahrm.eu\/","logo":{"@type":"ImageObject","inLanguage":"ro-RO","@id":"https:\/\/kipinahrm.eu\/#\/schema\/logo\/image\/","url":"https:\/\/kipinahrm.eu\/wp-content\/uploads\/2021\/09\/Kipina-logo_tekstilla_M.png","contentUrl":"https:\/\/kipinahrm.eu\/wp-content\/uploads\/2021\/09\/Kipina-logo_tekstilla_M.png","width":561,"height":444,"caption":"Henki\u00f6st\u00f6vuokrausyhti\u00f6 Kipin\u00e4 Oy"},"image":{"@id":"https:\/\/kipinahrm.eu\/#\/schema\/logo\/image\/"},"sameAs":["https:\/\/m.facebook.com\/HenkilostovuokrausKipina","https:\/\/www.linkedin.com\/company\/henkilostovuokrausyhtio-kipina-oy","https:\/\/www.youtube.com\/channel\/UCTogAPEEPzLjJ8H8v3xjutQ"]}]}},"_links":{"self":[{"href":"https:\/\/kipinahrm.eu\/ro\/wp-json\/wp\/v2\/pages\/1041","targetHints":{"allow":["GET"]}}],"collection":[{"href":"https:\/\/kipinahrm.eu\/ro\/wp-json\/wp\/v2\/pages"}],"about":[{"href":"https:\/\/kipinahrm.eu\/ro\/wp-json\/wp\/v2\/types\/page"}],"author":[{"embeddable":true,"href":"https:\/\/kipinahrm.eu\/ro\/wp-json\/wp\/v2\/users\/1"}],"replies":[{"embeddable":true,"href":"https:\/\/kipinahrm.eu\/ro\/wp-json\/wp\/v2\/comments?post=1041"}],"version-history":[{"count":0,"href":"https:\/\/kipinahrm.eu\/ro\/wp-json\/wp\/v2\/pages\/1041\/revisions"}],"wp:featuredmedia":[{"embeddable":true,"href":"https:\/\/kipinahrm.eu\/ro\/wp-json\/wp\/v2\/media\/1022"}],"wp:attachment":[{"href":"https:\/\/kipinahrm.eu\/ro\/wp-json\/wp\/v2\/media?parent=1041"}],"curies":[{"name":"wp","href":"https:\/\/api.w.org\/{rel}","templated":true}]}}