{"id":1010,"date":"2022-09-02T14:36:31","date_gmt":"2022-09-02T11:36:31","guid":{"rendered":"https:\/\/kipinahrm.eu\/?page_id=1010"},"modified":"2024-12-03T22:17:06","modified_gmt":"2024-12-03T20:17:06","slug":"frontpage","status":"publish","type":"page","link":"https:\/\/kipinahrm.eu\/ro\/","title":{"rendered":"Frontpage"},"content":{"rendered":"\n<div class=\"wp-block-khrm-content-box content-banner-1 row m-0\"><div class=\"col-10 col-lg-3 offset-0-5 offset-lg-1\"><h2 class=\"rs-50 fw-b fc-blue\">Munca \u00een Finlanda<\/h2><\/div><div class=\"col-11 col-lg-6 offset-0-5 offset-lg-1 offset-xl-0 r-22 fw-n fc-black lh-1-5\"><p>Agen\u021bia de recrutare  personal Kipin\u00e4 Oy a fost \u00eenfiin\u021bat\u0103 \u00een anul 2010. De-a lungul anilor ne-am concentrat pe furnizarea de for\u021b\u0103 de munc\u0103 str\u0103in\u0103 \u00een Finlanda. Kipin\u00e4 are entit\u0103\u021bi proprii de recrutare \u00een Rom\u00e2nia, Kipina HRM RO SRL si \u00een Bulgaria, Kipina BG OOD, precum \u0219i agen\u021bie local\u0103 de recrutare \u0219i angajare \u00een Polonia, Ilves Sp. z o. \u00cen plus, Kipin\u00e4 are parteneri pe termen lung, printre altele \u00een Slovacia \u0219i \u00een India.<\/p><\/div><\/div>\n\n\n\n<div class=\"wp-block-khrm-content-box-2-ro content-banner-2 row m-0\"><div class=\"col-11 col-lg-6 offset-0-5 offset-lg-1\"><div class=\"col-10 rs-40 fw-b fc-blue lh-2\"><h2 class=\"rs-40 fw-b fc-blue lh-2\">\u00cenchiriere &#8211; angajare corect\u0103<\/h2><\/div><div class=\"col-11 col-lg-12 offset-lg-1\"><p class=\"r-20 fw-n fc-black lh-1-5\">Kipin\u00e4 este membr\u0103 a Henkil\u00f6st\u00f6ala HELA  (Asocia\u021bia Companiilor de Servicii de Personal). Acest lucru reflect\u0103 responsabilitatea Kipin\u00e4 ca partener care ac\u021bioneaz\u0103 \u00eentotdeauna \u00een conformitate cu legea aplicabil\u0103. Ca rezultat, angajarea prin Kipin\u00e4 este \u00eentotdeauna corect\u0103 at\u00e2t pentru angajat, c\u00e2t \u0219i pentru compania care utilizeaz\u0103 for\u021ba de munc\u0103 \u00eenchiriat\u0103. Ne str\u0103duim \u00eentotdeauna s\u0103 oferim suport at\u00e2t clien\u021bilor c\u00e2t \u0219i angaja\u021bilor no\u0219tri, \u00een propria limb\u0103, astfel \u00eenc\u00e2t cooperarea dintre client \u0219i angajat s\u0103 fie c\u00e2t mai u\u0219or posibil\u0103.<\/p><\/div><div class=\"col-10\"><h2 class=\"rs-40 fw-b fc-blue lh-2\">Despre Finlanda<\/h2><\/div><div class=\"col-11 col-lg-12 offset-lg-1\"><p class=\"r-20 fw-n fc-black lh-1-5\">Finlanda ofer\u0103 condi\u021bii de munc\u0103 foarte bune pentru angaja\u021bi. Acesta este unul dintre motivele principale pentru care oamenii aleg s\u0103 lucreze \u00een Finlanda. Programul obi\u0219nuit de lucru este, de obicei, de cel mult 8 pe zi \u0219i 40 pe s\u0103pt\u0103m\u00e2n\u0103. Finlanda acord\u0103 o mare aten\u021bie egalit\u0103\u021bii \u0219i cooper\u0103rii la locul de munc\u0103. \u00cen compara\u021bie cu alte \u021b\u0103ri, Finlanda ocup\u0103 un loc foarte \u00eenalt \u00een ceea ce prive\u0219te siguran\u021ba, ierarhia sc\u0103zut\u0103 \u0219i autonomia ridicat\u0103 a angaja\u021bilor. Finlanda este, de asemenea, un loc bun pentru cei care doresc s\u0103 se perfec\u021bioneze \u0219i s\u0103 ob\u021bin\u0103 educa\u021bie suplimentar\u0103. Angajatorii tind s\u0103 investeasc\u0103 \u00een angaja\u021bii lor \u0219i s\u0103 \u00eei \u00eencurajeze pe cei care doresc s\u0103-\u0219i \u00eembun\u0103t\u0103\u021beasc\u0103 abilit\u0103\u021bile \u0219i cuno\u0219tin\u021bele.<\/p><\/div><\/div><div id=\"jobseeker-container\" class=\"col-12 col-lg-4 p-0 offset-0 offset-lg-1\"><div class=\"text-center p-lg-5 col-12 main-attention-box-top-container\"><div class=\"main-attention-box bg-orange\"><p class=\"m-auto rs-25 fw-b fc-white lh-2\">Cau\u021bi de lucru \u00een Finlanda?<\/p><p class=\"m-auto rs-20 fw-b fc-white lh-1-8\">Acest link v\u0103 duce la site-ul nostru de locuri de munc\u0103 disponibile<\/p><a href=\"\/open-jobs\" class=\"btn btn-attention-box my-3\">Locuri de munc\u0103 disponibile<\/a><\/div><\/div><div class=\"text-center p-lg-5 col-12 main-attention-box-bottom-container\"><div class=\"main-attention-box bg-light-blue\"><p class=\"m-auto rs-20 fw-b fc-blue\">Kipin\u00e4 este \u00eentotdeauna corect\u0103 at\u00e2t cu angajatul, c\u00e2t \u0219i cu angajatorul.<\/p><img decoding=\"async\" src=\"\/wp-content\/uploads\/2022\/12\/reliable_partner_logo_green.jpg\" class=\"main-attention-box-image\"\/><img decoding=\"async\" src=\"\/wp-content\/uploads\/2021\/03\/hpl_logo-uusi.png\" class=\"main-attention-box-image\"\/><\/div><\/div><\/div><\/div>\n\n\n\n<div class=\"wp-block-khrm-content-box-3-ro content-banner-3 row m-0\"><div class=\"col-6 offset-1\"><div class=\"col-10 rs-30 fw-b fc-white\">Stefan Baranceanu &#8211; Professional who works in Finland<\/div><div class=\"col-12 offset-1 r-20 fw-n fc-white lh-1-5\">Originally from Romania Baranceanu works in Finland at Ata Gears Oy, which is world\u00b4s leading manufacturer of spiral bevel gears. Stefan praises how Kipin\u00e4 Oy&#8217;s friendly employees helped him to get a job where he &#8222;feels like home&#8221;.<br\/><button type=\"button\" id=\"playButton\" class=\"btn btn-orange rc-20 fc-white my-5 p-2\">Vezi video<img decoding=\"async\" src=\"\/wp-content\/uploads\/2021\/04\/playbutton.png\"\/><\/button><\/div><\/div><div class=\"col-12 col-lg-4 p-0 offset-0 offset-lg-1\"><div class=\"text-center p-lg-5 col-12\" style=\"height: 100%\"><iframe loading=\"lazy\" id=\"videoFrame\" width=\"100%\" height=\"100%\" title=\"YouTube video player\" frameborder=\"0\" allow=\"accelerometer; autoplay; clipboard-write; encrypted-media; gyroscope; picture-in-picture\" src=\"https:\/\/www.youtube.com\/embed\/LPV_8GtDTII?controls=0&amp;rel=0&amp;modestbranding=1\"><\/iframe><\/div><\/div><\/div>\n\n\n\n<div class=\"wp-block-khrm-content-box-jobsnews content-banner-4 row justify-content-center m-0\"><div class=\"content-banner-4-content col-12 col-lg-11 justify-content-between row py-4\"><div class=\"col-10 offset-1 offset-lg-0 col-lg-5-7 rs-30 fw-b\"><div class=\"px-4 row mb-3\"><h3 class=\"jobs_title\">Oferte de munc\u0103<\/h3><\/div><hr class=\"half\"\/><div class=\"px-4 row h-75\" id=\"open-jobs-container\"><\/div><div class=\"px-4 row\"><div class=\"col-6\"><a class=\"btn btn-orange d-block fc-white rc-20 p-2 w-auto px-5\" href=\"\/open-jobs\">More jobs<\/a><\/div><div class=\"col-6\"><a class=\"btn btn-orange d-block fc-white rc-20 p-2 w-auto px-5\" href=\"https:\/\/kipina.likeit.fi\/apply\/785345\">File an open application<\/a><\/div><\/div><\/div><div class=\"vl separator-bl col-0-1 d-none d-lg-block\"><\/div><div id=\"news-container\" class=\"col-10 offset-1 offset-lg-0 col-lg-5-7\"><div class=\"rs-30 fw-b fc-black\"><h3 class=\"news_title\">Nout\u0103\u021bi<\/h3><\/div><hr class=\"half\"\/><div class=\"rs-20 fw-n fc-black lh-1-5\"><ul class=\"wp-block-latest-posts__list has-dates wp-block-latest-posts\"><li><a class=\"wp-block-latest-posts__post-title\" href=\"https:\/\/kipinahrm.eu\/ro\/noutati\/este-lucrul-ca-frezor-in-strainatate-o-decizie-buna-pentru-tine\/\">Este lucrul ca frezor \u00een str\u0103in\u0103tate o decizie bun\u0103 pentru tine?<\/a><time datetime=\"2024-12-16T10:21:21+02:00\" class=\"wp-block-latest-posts__post-date\">16.12.2024<\/time><div class=\"wp-block-latest-posts__post-excerpt\">Avantajele lucrului ca frezor \u00een str\u0103in\u0103tate Lucrul ca frezor \u00een str\u0103in\u0103tate aduce numeroase avantaje, at\u00e2t din punct de vedere profesional, c\u00e2t \u0219i personal. Unul dintre principalele beneficii este oportunitatea de a c\u00e2\u0219tiga un salariu superior fa\u021b\u0103 de cel din \u021bara de origine. \u00cen \u021b\u0103ri precum Finlanda, frezorii sunt foarte c\u0103uta\u021bi, iar companiile sunt dispuse s\u0103\u2026 <a class=\"wp-block-latest-posts__read-more\" href=\"https:\/\/kipinahrm.eu\/ro\/noutati\/este-lucrul-ca-frezor-in-strainatate-o-decizie-buna-pentru-tine\/\" rel=\"noopener noreferrer\">Cite\u0219te mai mult<span class=\"screen-reader-text\">: Este lucrul ca frezor \u00een str\u0103in\u0103tate o decizie bun\u0103 pentru tine?<\/span><\/a><\/div><\/li>\n<\/ul><\/div><\/div><\/div><\/div>\n\n\n\n<p><\/p>\n","protected":false},"excerpt":{"rendered":"","protected":false},"author":1,"featured_media":983,"parent":0,"menu_order":0,"comment_status":"closed","ping_status":"closed","template":"frontpage-ro.php","meta":{"_improvement_type_select":"improve_an_existing","_thumb_yes_seoaic":false,"_frame_yes_seoaic":false,"seoaic_generate_description":"","seoaic_improve_instructions_prompt":"","seoaic_rollback_content_improvement":"","seoaic_idea_thumbnail_generator":"","thumbnail_generated":false,"thumbnail_generate_prompt":"","seoaic_article_description":"","footnotes":""},"class_list":["post-1010","page","type-page","status-publish","has-post-thumbnail","hentry"],"yoast_head":"<!-- This site is optimized with the Yoast SEO plugin v27.3 - https:\/\/yoast.com\/product\/yoast-seo-wordpress\/ -->\n<title>Frontpage - Henkil\u00f6st\u00f6vuokrausyhti\u00f6 Kipin\u00e4<\/title>\n<meta name=\"robots\" content=\"index, follow, max-snippet:-1, max-image-preview:large, max-video-preview:-1\" \/>\n<link rel=\"canonical\" href=\"https:\/\/kipinahrm.eu\/ro\/\" \/>\n<meta property=\"og:locale\" content=\"ro_RO\" \/>\n<meta property=\"og:type\" content=\"article\" \/>\n<meta property=\"og:title\" content=\"Frontpage - Henkil\u00f6st\u00f6vuokrausyhti\u00f6 Kipin\u00e4\" \/>\n<meta property=\"og:url\" content=\"https:\/\/kipinahrm.eu\/ro\/\" \/>\n<meta property=\"og:site_name\" content=\"Henkil\u00f6st\u00f6vuokrausyhti\u00f6 Kipin\u00e4\" \/>\n<meta property=\"article:publisher\" content=\"https:\/\/m.facebook.com\/HenkilostovuokrausKipina\" \/>\n<meta property=\"article:modified_time\" content=\"2024-12-03T20:17:06+00:00\" \/>\n<meta property=\"og:image\" content=\"https:\/\/kipinahrm.eu\/wp-content\/uploads\/2021\/09\/Kipina-logo_tekstilla_M.png\" \/>\n\t<meta property=\"og:image:width\" content=\"561\" \/>\n\t<meta property=\"og:image:height\" content=\"444\" \/>\n\t<meta property=\"og:image:type\" content=\"image\/png\" \/>\n<meta name=\"twitter:card\" content=\"summary_large_image\" \/>\n<meta name=\"twitter:label1\" content=\"Timp estimat pentru citire\" \/>\n\t<meta name=\"twitter:data1\" content=\"4 minute\" \/>\n<script type=\"application\/ld+json\" class=\"yoast-schema-graph\">{\"@context\":\"https:\\\/\\\/schema.org\",\"@graph\":[{\"@type\":\"WebPage\",\"@id\":\"https:\\\/\\\/kipinahrm.eu\\\/ro\\\/\",\"url\":\"https:\\\/\\\/kipinahrm.eu\\\/ro\\\/\",\"name\":\"Frontpage - Henkil\u00f6st\u00f6vuokrausyhti\u00f6 Kipin\u00e4\",\"isPartOf\":{\"@id\":\"https:\\\/\\\/kipinahrm.eu\\\/#website\"},\"primaryImageOfPage\":{\"@id\":\"https:\\\/\\\/kipinahrm.eu\\\/ro\\\/#primaryimage\"},\"image\":{\"@id\":\"https:\\\/\\\/kipinahrm.eu\\\/ro\\\/#primaryimage\"},\"thumbnailUrl\":\"https:\\\/\\\/kipinahrm.eu\\\/wp-content\\\/uploads\\\/2021\\\/09\\\/Kipina-logo_tekstilla_M.png\",\"datePublished\":\"2022-09-02T11:36:31+00:00\",\"dateModified\":\"2024-12-03T20:17:06+00:00\",\"breadcrumb\":{\"@id\":\"https:\\\/\\\/kipinahrm.eu\\\/ro\\\/#breadcrumb\"},\"inLanguage\":\"ro-RO\",\"potentialAction\":[{\"@type\":\"ReadAction\",\"target\":[\"https:\\\/\\\/kipinahrm.eu\\\/ro\\\/\"]}]},{\"@type\":\"ImageObject\",\"inLanguage\":\"ro-RO\",\"@id\":\"https:\\\/\\\/kipinahrm.eu\\\/ro\\\/#primaryimage\",\"url\":\"https:\\\/\\\/kipinahrm.eu\\\/wp-content\\\/uploads\\\/2021\\\/09\\\/Kipina-logo_tekstilla_M.png\",\"contentUrl\":\"https:\\\/\\\/kipinahrm.eu\\\/wp-content\\\/uploads\\\/2021\\\/09\\\/Kipina-logo_tekstilla_M.png\",\"width\":561,\"height\":444},{\"@type\":\"BreadcrumbList\",\"@id\":\"https:\\\/\\\/kipinahrm.eu\\\/ro\\\/#breadcrumb\",\"itemListElement\":[{\"@type\":\"ListItem\",\"position\":1,\"name\":\"Home\",\"item\":\"https:\\\/\\\/kipinahrm.eu\\\/ro\\\/\"},{\"@type\":\"ListItem\",\"position\":2,\"name\":\"Frontpage\"}]},{\"@type\":\"WebSite\",\"@id\":\"https:\\\/\\\/kipinahrm.eu\\\/#website\",\"url\":\"https:\\\/\\\/kipinahrm.eu\\\/\",\"name\":\"Henkil\u00f6st\u00f6vuokrausyhti\u00f6 Kipin\u00e4\",\"description\":\"\",\"publisher\":{\"@id\":\"https:\\\/\\\/kipinahrm.eu\\\/#organization\"},\"potentialAction\":[{\"@type\":\"SearchAction\",\"target\":{\"@type\":\"EntryPoint\",\"urlTemplate\":\"https:\\\/\\\/kipinahrm.eu\\\/?s={search_term_string}\"},\"query-input\":{\"@type\":\"PropertyValueSpecification\",\"valueRequired\":true,\"valueName\":\"search_term_string\"}}],\"inLanguage\":\"ro-RO\"},{\"@type\":\"Organization\",\"@id\":\"https:\\\/\\\/kipinahrm.eu\\\/#organization\",\"name\":\"Henki\u00f6st\u00f6vuokrausyhti\u00f6 Kipin\u00e4 Oy\",\"url\":\"https:\\\/\\\/kipinahrm.eu\\\/\",\"logo\":{\"@type\":\"ImageObject\",\"inLanguage\":\"ro-RO\",\"@id\":\"https:\\\/\\\/kipinahrm.eu\\\/#\\\/schema\\\/logo\\\/image\\\/\",\"url\":\"https:\\\/\\\/kipinahrm.eu\\\/wp-content\\\/uploads\\\/2021\\\/09\\\/Kipina-logo_tekstilla_M.png\",\"contentUrl\":\"https:\\\/\\\/kipinahrm.eu\\\/wp-content\\\/uploads\\\/2021\\\/09\\\/Kipina-logo_tekstilla_M.png\",\"width\":561,\"height\":444,\"caption\":\"Henki\u00f6st\u00f6vuokrausyhti\u00f6 Kipin\u00e4 Oy\"},\"image\":{\"@id\":\"https:\\\/\\\/kipinahrm.eu\\\/#\\\/schema\\\/logo\\\/image\\\/\"},\"sameAs\":[\"https:\\\/\\\/m.facebook.com\\\/HenkilostovuokrausKipina\",\"https:\\\/\\\/www.linkedin.com\\\/company\\\/henkilostovuokrausyhtio-kipina-oy\",\"https:\\\/\\\/www.youtube.com\\\/channel\\\/UCTogAPEEPzLjJ8H8v3xjutQ\"]}]}<\/script>\n<!-- \/ Yoast SEO plugin. -->","yoast_head_json":{"title":"Frontpage - Henkil\u00f6st\u00f6vuokrausyhti\u00f6 Kipin\u00e4","robots":{"index":"index","follow":"follow","max-snippet":"max-snippet:-1","max-image-preview":"max-image-preview:large","max-video-preview":"max-video-preview:-1"},"canonical":"https:\/\/kipinahrm.eu\/ro\/","og_locale":"ro_RO","og_type":"article","og_title":"Frontpage - Henkil\u00f6st\u00f6vuokrausyhti\u00f6 Kipin\u00e4","og_url":"https:\/\/kipinahrm.eu\/ro\/","og_site_name":"Henkil\u00f6st\u00f6vuokrausyhti\u00f6 Kipin\u00e4","article_publisher":"https:\/\/m.facebook.com\/HenkilostovuokrausKipina","article_modified_time":"2024-12-03T20:17:06+00:00","og_image":[{"width":561,"height":444,"url":"https:\/\/kipinahrm.eu\/wp-content\/uploads\/2021\/09\/Kipina-logo_tekstilla_M.png","type":"image\/png"}],"twitter_card":"summary_large_image","twitter_misc":{"Timp estimat pentru citire":"4 minute"},"schema":{"@context":"https:\/\/schema.org","@graph":[{"@type":"WebPage","@id":"https:\/\/kipinahrm.eu\/ro\/","url":"https:\/\/kipinahrm.eu\/ro\/","name":"Frontpage - Henkil\u00f6st\u00f6vuokrausyhti\u00f6 Kipin\u00e4","isPartOf":{"@id":"https:\/\/kipinahrm.eu\/#website"},"primaryImageOfPage":{"@id":"https:\/\/kipinahrm.eu\/ro\/#primaryimage"},"image":{"@id":"https:\/\/kipinahrm.eu\/ro\/#primaryimage"},"thumbnailUrl":"https:\/\/kipinahrm.eu\/wp-content\/uploads\/2021\/09\/Kipina-logo_tekstilla_M.png","datePublished":"2022-09-02T11:36:31+00:00","dateModified":"2024-12-03T20:17:06+00:00","breadcrumb":{"@id":"https:\/\/kipinahrm.eu\/ro\/#breadcrumb"},"inLanguage":"ro-RO","potentialAction":[{"@type":"ReadAction","target":["https:\/\/kipinahrm.eu\/ro\/"]}]},{"@type":"ImageObject","inLanguage":"ro-RO","@id":"https:\/\/kipinahrm.eu\/ro\/#primaryimage","url":"https:\/\/kipinahrm.eu\/wp-content\/uploads\/2021\/09\/Kipina-logo_tekstilla_M.png","contentUrl":"https:\/\/kipinahrm.eu\/wp-content\/uploads\/2021\/09\/Kipina-logo_tekstilla_M.png","width":561,"height":444},{"@type":"BreadcrumbList","@id":"https:\/\/kipinahrm.eu\/ro\/#breadcrumb","itemListElement":[{"@type":"ListItem","position":1,"name":"Home","item":"https:\/\/kipinahrm.eu\/ro\/"},{"@type":"ListItem","position":2,"name":"Frontpage"}]},{"@type":"WebSite","@id":"https:\/\/kipinahrm.eu\/#website","url":"https:\/\/kipinahrm.eu\/","name":"Henkil\u00f6st\u00f6vuokrausyhti\u00f6 Kipin\u00e4","description":"","publisher":{"@id":"https:\/\/kipinahrm.eu\/#organization"},"potentialAction":[{"@type":"SearchAction","target":{"@type":"EntryPoint","urlTemplate":"https:\/\/kipinahrm.eu\/?s={search_term_string}"},"query-input":{"@type":"PropertyValueSpecification","valueRequired":true,"valueName":"search_term_string"}}],"inLanguage":"ro-RO"},{"@type":"Organization","@id":"https:\/\/kipinahrm.eu\/#organization","name":"Henki\u00f6st\u00f6vuokrausyhti\u00f6 Kipin\u00e4 Oy","url":"https:\/\/kipinahrm.eu\/","logo":{"@type":"ImageObject","inLanguage":"ro-RO","@id":"https:\/\/kipinahrm.eu\/#\/schema\/logo\/image\/","url":"https:\/\/kipinahrm.eu\/wp-content\/uploads\/2021\/09\/Kipina-logo_tekstilla_M.png","contentUrl":"https:\/\/kipinahrm.eu\/wp-content\/uploads\/2021\/09\/Kipina-logo_tekstilla_M.png","width":561,"height":444,"caption":"Henki\u00f6st\u00f6vuokrausyhti\u00f6 Kipin\u00e4 Oy"},"image":{"@id":"https:\/\/kipinahrm.eu\/#\/schema\/logo\/image\/"},"sameAs":["https:\/\/m.facebook.com\/HenkilostovuokrausKipina","https:\/\/www.linkedin.com\/company\/henkilostovuokrausyhtio-kipina-oy","https:\/\/www.youtube.com\/channel\/UCTogAPEEPzLjJ8H8v3xjutQ"]}]}},"_links":{"self":[{"href":"https:\/\/kipinahrm.eu\/ro\/wp-json\/wp\/v2\/pages\/1010","targetHints":{"allow":["GET"]}}],"collection":[{"href":"https:\/\/kipinahrm.eu\/ro\/wp-json\/wp\/v2\/pages"}],"about":[{"href":"https:\/\/kipinahrm.eu\/ro\/wp-json\/wp\/v2\/types\/page"}],"author":[{"embeddable":true,"href":"https:\/\/kipinahrm.eu\/ro\/wp-json\/wp\/v2\/users\/1"}],"replies":[{"embeddable":true,"href":"https:\/\/kipinahrm.eu\/ro\/wp-json\/wp\/v2\/comments?post=1010"}],"version-history":[{"count":0,"href":"https:\/\/kipinahrm.eu\/ro\/wp-json\/wp\/v2\/pages\/1010\/revisions"}],"wp:featuredmedia":[{"embeddable":true,"href":"https:\/\/kipinahrm.eu\/ro\/wp-json\/wp\/v2\/media\/983"}],"wp:attachment":[{"href":"https:\/\/kipinahrm.eu\/ro\/wp-json\/wp\/v2\/media?parent=1010"}],"curies":[{"name":"wp","href":"https:\/\/api.w.org\/{rel}","templated":true}]}}