{"id":1246,"date":"2023-01-11T23:49:24","date_gmt":"2023-01-11T21:49:24","guid":{"rendered":"https:\/\/kipinahrm.eu\/?page_id=1246"},"modified":"2026-01-08T11:29:25","modified_gmt":"2026-01-08T09:29:25","slug":"work-in-finland","status":"publish","type":"page","link":"https:\/\/kipinahrm.eu\/pl\/work-in-finland\/","title":{"rendered":"Dane kontaktowe"},"content":{"rendered":"\n<div class=\"wp-block-khrm-content-box-contact row lh-1-5\"><div class=\"content-banner-5 col-12 col-md-11 mx-md-auto row pb-5\"><div class=\"col-9 ps-6 py-6\"><div class=\"rs-50 fw-b fc-blue\">Zapraszamy do pracy w Finlandii!<\/div><\/div><div class=\"col-11 col-md-5 offset-1\"><div class=\"r-20 fc-black\"><strong><mark style=\"background-color:rgba(0, 0, 0, 0);color:#143c96\" class=\"has-inline-color\">Sprzeda\u017c<\/mark><\/strong><br>CEO<br><strong>Juha Kivim\u00e4ki<\/strong>  <img loading=\"lazy\" decoding=\"async\" width=\"32\" height=\"22\" class=\"wp-image-853\" style=\"width: 32px;\" src=\"https:\/\/kipinahrm.eu\/wp-content\/uploads\/2022\/01\/flag-fi-1.png\" alt=\"Finnish\"> <img loading=\"lazy\" decoding=\"async\" width=\"32\" height=\"22\" class=\"wp-image-856\" style=\"width: 32px;\" src=\"https:\/\/kipinahrm.eu\/wp-content\/uploads\/2022\/01\/flag-gb-1.png\" alt=\"English\"><br>+358 40 040 3242<br>juha.kivimaki@kipinahrm.fi<br><br>COO<br><strong>Jarkko Frosti <\/strong><img loading=\"lazy\" decoding=\"async\" width=\"32\" height=\"22\" class=\"wp-image-851\" style=\"width: 32px;\" src=\"https:\/\/kipinahrm.eu\/wp-content\/uploads\/2022\/01\/flag-fi-1.png\" alt=\"Finnish\"> <img loading=\"lazy\" decoding=\"async\" width=\"32\" height=\"22\" class=\"wp-image-854\" style=\"width: 32px;\" src=\"https:\/\/kipinahrm.eu\/wp-content\/uploads\/2022\/01\/flag-gb-1.png\" alt=\"English\"> <br>+358 40 824 6630<br>jarkko.frosti@kipinahrm.fi<br><br><strong><mark style=\"background-color:rgba(0, 0, 0, 0);color:#143c96\" class=\"has-inline-color\">Personel i projekty<\/mark><\/strong><br>Business Manager<br><strong>Violetta Janus<\/strong> <img loading=\"lazy\" decoding=\"async\" width=\"32\" height=\"22\" class=\"wp-image-859\" style=\"width: 32px;\" src=\"https:\/\/kipinahrm.eu\/wp-content\/uploads\/2022\/01\/flag-pl-1.png\" alt=\"Polish\"> <img loading=\"lazy\" decoding=\"async\" width=\"32\" height=\"22\" class=\"wp-image-853\" style=\"width: 32px;\" src=\"https:\/\/kipinahrm.eu\/wp-content\/uploads\/2022\/01\/flag-fi-1.png\" alt=\"Finnish\"> <img loading=\"lazy\" decoding=\"async\" width=\"32\" height=\"22\" class=\"wp-image-856\" style=\"width: 32px;\" src=\"https:\/\/kipinahrm.eu\/wp-content\/uploads\/2022\/01\/flag-gb-1.png\" alt=\"English\"><br>+358 40 653 5678<br>violetta.janus@kipinahrm.fi<br><br>General Operations Manager<br><strong>Paulina Galazkiewicz<\/strong> <img loading=\"lazy\" decoding=\"async\" width=\"32\" height=\"22\" class=\"wp-image-859\" style=\"width: 32px;\" src=\"https:\/\/kipinahrm.eu\/wp-content\/uploads\/2022\/01\/flag-pl-1.png\" alt=\"Polish\"> <img loading=\"lazy\" decoding=\"async\" width=\"32\" height=\"22\" class=\"wp-image-853\" style=\"width: 32px;\" src=\"https:\/\/kipinahrm.eu\/wp-content\/uploads\/2022\/01\/flag-fi-1.png\" alt=\"Finnish\"> <img loading=\"lazy\" decoding=\"async\" width=\"32\" height=\"22\" class=\"wp-image-856\" style=\"width: 32px;\" src=\"https:\/\/kipinahrm.eu\/wp-content\/uploads\/2022\/01\/flag-gb-1.png\" alt=\"English\"><br>+358 40 168 9555<br>paulina.galazkiewicz@kipinahrm.fi<br><br>Specjalista ds. HR<br><strong>Yana Petrova<\/strong>\u00a0<img loading=\"lazy\" decoding=\"async\" width=\"32\" height=\"22\" src=\"https:\/\/kipinahrm.eu\/wp-content\/uploads\/2022\/01\/flag-bg-1.png\" alt=\"Bulgarian\">\u00a0<img loading=\"lazy\" decoding=\"async\" width=\"32\" height=\"22\" src=\"https:\/\/kipinahrm.eu\/wp-content\/uploads\/2022\/04\/Asset-1.png\" alt=\"\">\u00a0<img loading=\"lazy\" decoding=\"async\" width=\"32\" height=\"22\" src=\"https:\/\/kipinahrm.eu\/wp-content\/uploads\/2022\/01\/flag-gb-1.png\" alt=\"English\">\u00a0<img loading=\"lazy\" decoding=\"async\" width=\"32\" height=\"22\" src=\"https:\/\/kipinahrm.eu\/wp-content\/uploads\/2022\/01\/flag-fi-1.png\" alt=\"Finnish\">\u00a0<br>+358 50 556 7800<br>yana.petrova@kipinahrm.fi<br><br>Specjalista ds. HR<br><strong>Elena Kielom\u00e4ki<\/strong> <img decoding=\"async\" src=\"https:\/\/kipinahrm.eu\/wp-content\/uploads\/2022\/01\/flag-ro-1.png\" alt=\"Romanian\"> <img decoding=\"async\" src=\"https:\/\/kipinahrm.eu\/wp-content\/uploads\/2022\/01\/flag-gb-1.png\" alt=\"English\"> <img decoding=\"async\" src=\"https:\/\/kipinahrm.eu\/wp-content\/uploads\/2022\/01\/flag-fi-1.png\" alt=\"Finnish\"><br>+358 50 541 4422<br>elena.kielomaki@kipinahrm.fi<br><br><strong><mark style=\"background-color:rgba(0, 0, 0, 0);color:#143c96\" class=\"has-inline-color\">Kipin\u00e4 w Finlandii<\/mark><\/strong><br>Henkil\u00f6st\u00f6vuokrausyhti\u00f6 Kipin\u00e4 Oy<br>Pispalan valtatie 139<br>33270 Tampere<br><br><\/div><\/div><div class=\"col-11 col-md-5 offset-1 order-last order-md-0\"><div class=\"r-20 fc-black\"><strong><mark style=\"background-color:rgba(0, 0, 0, 0);color:#143c96\" class=\"has-inline-color\">Kipin\u00e4 w Polsce<\/mark><\/strong><br>Ilves Sp. z.o.o<br><strong>Kamila Lesiak<\/strong> <img loading=\"lazy\" decoding=\"async\" width=\"32\" height=\"22\" class=\"wp-image-859\" style=\"width: 32px;\" src=\"https:\/\/kipinahrm.eu\/wp-content\/uploads\/2022\/01\/flag-pl-1.png\" alt=\"Polish\"> <img loading=\"lazy\" decoding=\"async\" width=\"32\" height=\"22\" class=\"wp-image-856\" style=\"width: 32px;\" src=\"https:\/\/kipinahrm.eu\/wp-content\/uploads\/2022\/01\/flag-gb-1.png\" alt=\"English\"><br>Ul. Sobieskiego 217\/4<br>84-200 Wejherowo <br>+48 882\u00a0977\u00a0913<br>kamila.lesiak@ilves.pl<br><br><strong><mark style=\"background-color:rgba(0, 0, 0, 0);color:#143c96\" class=\"has-inline-color\">Kipin\u00e4 w Bu\u0142garii<\/mark><\/strong><br>Kipina BG OOD<br><strong>Yana Petrova<\/strong>\u00a0<img loading=\"lazy\" decoding=\"async\" width=\"32\" height=\"22\" src=\"https:\/\/kipinahrm.eu\/wp-content\/uploads\/2022\/01\/flag-bg-1.png\" alt=\"Bulgarian\">\u00a0<img loading=\"lazy\" decoding=\"async\" width=\"32\" height=\"22\" src=\"https:\/\/kipinahrm.eu\/wp-content\/uploads\/2022\/04\/Asset-1.png\" alt=\"\">\u00a0<img loading=\"lazy\" decoding=\"async\" width=\"32\" height=\"22\" src=\"https:\/\/kipinahrm.eu\/wp-content\/uploads\/2022\/01\/flag-gb-1.png\" alt=\"English\">\u00a0<img loading=\"lazy\" decoding=\"async\" width=\"32\" height=\"22\" src=\"https:\/\/kipinahrm.eu\/wp-content\/uploads\/2022\/01\/flag-fi-1.png\" alt=\"Finnish\">\u00a0<br>+358 50 556 7800<br>yana.petrova@kipinahrm.fi<br><br><strong><mark style=\"background-color:rgba(0, 0, 0, 0);color:#143c96\" class=\"has-inline-color\">Kipin\u00e4 w Rumunii<\/mark><\/strong><br><strong>Elena Kielom\u00e4ki<\/strong>\u00a0<img loading=\"lazy\" decoding=\"async\" width=\"32\" height=\"22\" src=\"https:\/\/kipinahrm.eu\/wp-content\/uploads\/2022\/01\/flag-ro-1.png\" alt=\"Romanian\">\u00a0<img loading=\"lazy\" decoding=\"async\" width=\"32\" height=\"22\" src=\"https:\/\/kipinahrm.eu\/wp-content\/uploads\/2022\/01\/flag-gb-1.png\" alt=\"English\">\u00a0<img loading=\"lazy\" decoding=\"async\" width=\"32\" height=\"22\" src=\"https:\/\/kipinahrm.eu\/wp-content\/uploads\/2022\/01\/flag-fi-1.png\" alt=\"Finnish\"><br>+358 50 541 4422<br>elena.kielomaki@kipinahrm.fi<br><br><strong><mark style=\"background-color:rgba(0, 0, 0, 0);color:#143c96\" class=\"has-inline-color\">Kipin\u00e4 w S\u0142owacji<\/mark><\/strong><br>In Box Agency s.r.o.<br><strong>Robert Jopek<\/strong> <img loading=\"lazy\" decoding=\"async\" width=\"32\" height=\"22\" class=\"wp-image-844\" style=\"width: 32px;\" src=\"https:\/\/kipinahrm.eu\/wp-content\/uploads\/2022\/01\/flag-svk-1.png\" alt=\"Slovakian\"> <img loading=\"lazy\" decoding=\"async\" width=\"32\" height=\"22\" class=\"wp-image-856\" style=\"width: 32px;\" src=\"https:\/\/kipinahrm.eu\/wp-content\/uploads\/2022\/01\/flag-gb-1.png\" alt=\"English\"><br>Palack\u00e9ho 8<br>040 01 Ko\u0161ice<br>+421 908 634 471<br>robert.jopek@inboxagency.sk<br><\/div><\/div><div class=\"col-10 offset-1 my-6 map-container\"><iframe id=\"mapFrame\" width=\"100%\" height=\"100%\" title=\"Google maps\" src=\"https:\/\/www.google.com\/maps\/embed?pb=!1m18!1m12!1m3!1d1903.3105342655763!2d23.66432051626744!3d61.507618241526885!2m3!1f0!2f0!3f0!3m2!1i1024!2i768!4f13.1!3m3!1m2!1s0x468f207544a85a55%3A0x87c25a21d55f2925!2zSGVua2lsw7ZzdMO2dnVva3JhdXN5aHRpw7YgS2lwaW7DpCBPeQ!5e0!3m2!1sfi!2sfi!4v1622377071455!5m2!1sfi!2sfi\" style=\"border:0;\" allowfullscreen loading=\"lazy\"><\/iframe><\/div><\/div><\/div>\n\n\n\n<div class=\"content-banner-5 col-md-11 mx-md-auto p-6 text-center\">\n<p class=\"rs-30 fw-b fc-blue\">O\u015bwiadczenie o ochronie prywatno\u015bci<\/p>\n<a class=\"btn btn-attention-box m-3\" href=\"https:\/\/kipinahrm.eu\/wp-content\/uploads\/2023\/02\/Tyonhakija_seloste-EN.pdf\" target=\"_blank\" rel=\"noopener\">Aplikant<\/a>\n<a class=\"btn btn-attention-box m-3\" href=\"https:\/\/kipinahrm.eu\/wp-content\/uploads\/2023\/02\/Tyontekija_seloste-EN.pdf\" target=\"_blank\" rel=\"noopener\">Pracownik<\/a>\n<a class=\"btn btn-attention-box m-3\" href=\"https:\/\/kipinahrm.eu\/wp-content\/uploads\/2023\/02\/Asiakas_seloste-EN.pdf\" target=\"_blank\" rel=\"noopener\">Klient<\/a>\n<\/div>\n","protected":false},"excerpt":{"rendered":"<p>O\u015bwiadczenie o ochronie prywatno\u015bci Aplikant Pracownik Klient<\/p>\n","protected":false},"author":1,"featured_media":1176,"parent":0,"menu_order":0,"comment_status":"closed","ping_status":"closed","template":"page-pl.php","meta":{"_improvement_type_select":"improve_an_existing","_thumb_yes_seoaic":false,"_frame_yes_seoaic":false,"seoaic_generate_description":"","seoaic_improve_instructions_prompt":"","seoaic_rollback_content_improvement":"","seoaic_idea_thumbnail_generator":"","thumbnail_generated":false,"thumbnail_generate_prompt":"","seoaic_article_description":"","footnotes":""},"class_list":["post-1246","page","type-page","status-publish","has-post-thumbnail","hentry"],"yoast_head":"<!-- This site is optimized with the Yoast SEO plugin v27.3 - https:\/\/yoast.com\/product\/yoast-seo-wordpress\/ -->\n<title>Dane kontaktowe - Henkil\u00f6st\u00f6vuokrausyhti\u00f6 Kipin\u00e4<\/title>\n<meta name=\"robots\" content=\"index, follow, max-snippet:-1, max-image-preview:large, max-video-preview:-1\" \/>\n<link rel=\"canonical\" href=\"https:\/\/kipinahrm.eu\/pl\/work-in-finland\/\" \/>\n<meta property=\"og:locale\" content=\"pl_PL\" \/>\n<meta property=\"og:type\" content=\"article\" \/>\n<meta property=\"og:title\" content=\"Dane kontaktowe - Henkil\u00f6st\u00f6vuokrausyhti\u00f6 Kipin\u00e4\" \/>\n<meta property=\"og:description\" content=\"O\u015bwiadczenie o ochronie prywatno\u015bci Aplikant Pracownik Klient\" \/>\n<meta property=\"og:url\" content=\"https:\/\/kipinahrm.eu\/pl\/work-in-finland\/\" \/>\n<meta property=\"og:site_name\" content=\"Henkil\u00f6st\u00f6vuokrausyhti\u00f6 Kipin\u00e4\" \/>\n<meta property=\"article:publisher\" content=\"https:\/\/m.facebook.com\/HenkilostovuokrausKipina\" \/>\n<meta property=\"article:modified_time\" content=\"2026-01-08T09:29:25+00:00\" \/>\n<meta property=\"og:image\" content=\"https:\/\/kipinahrm.eu\/wp-content\/uploads\/2021\/10\/10yrs.png\" \/>\n\t<meta property=\"og:image:width\" content=\"785\" \/>\n\t<meta property=\"og:image:height\" content=\"831\" \/>\n\t<meta property=\"og:image:type\" content=\"image\/png\" \/>\n<meta name=\"twitter:card\" content=\"summary_large_image\" \/>\n<meta name=\"twitter:label1\" content=\"Szacowany czas czytania\" \/>\n\t<meta name=\"twitter:data1\" content=\"7 minut\" \/>\n<script type=\"application\/ld+json\" class=\"yoast-schema-graph\">{\"@context\":\"https:\\\/\\\/schema.org\",\"@graph\":[{\"@type\":\"WebPage\",\"@id\":\"https:\\\/\\\/kipinahrm.eu\\\/pl\\\/work-in-finland\\\/\",\"url\":\"https:\\\/\\\/kipinahrm.eu\\\/pl\\\/work-in-finland\\\/\",\"name\":\"Dane kontaktowe - Henkil\u00f6st\u00f6vuokrausyhti\u00f6 Kipin\u00e4\",\"isPartOf\":{\"@id\":\"https:\\\/\\\/kipinahrm.eu\\\/#website\"},\"primaryImageOfPage\":{\"@id\":\"https:\\\/\\\/kipinahrm.eu\\\/pl\\\/work-in-finland\\\/#primaryimage\"},\"image\":{\"@id\":\"https:\\\/\\\/kipinahrm.eu\\\/pl\\\/work-in-finland\\\/#primaryimage\"},\"thumbnailUrl\":\"https:\\\/\\\/kipinahrm.eu\\\/wp-content\\\/uploads\\\/2021\\\/10\\\/10yrs.png\",\"datePublished\":\"2023-01-11T21:49:24+00:00\",\"dateModified\":\"2026-01-08T09:29:25+00:00\",\"breadcrumb\":{\"@id\":\"https:\\\/\\\/kipinahrm.eu\\\/pl\\\/work-in-finland\\\/#breadcrumb\"},\"inLanguage\":\"pl-PL\",\"potentialAction\":[{\"@type\":\"ReadAction\",\"target\":[\"https:\\\/\\\/kipinahrm.eu\\\/pl\\\/work-in-finland\\\/\"]}]},{\"@type\":\"ImageObject\",\"inLanguage\":\"pl-PL\",\"@id\":\"https:\\\/\\\/kipinahrm.eu\\\/pl\\\/work-in-finland\\\/#primaryimage\",\"url\":\"https:\\\/\\\/kipinahrm.eu\\\/wp-content\\\/uploads\\\/2021\\\/10\\\/10yrs.png\",\"contentUrl\":\"https:\\\/\\\/kipinahrm.eu\\\/wp-content\\\/uploads\\\/2021\\\/10\\\/10yrs.png\",\"width\":785,\"height\":831},{\"@type\":\"BreadcrumbList\",\"@id\":\"https:\\\/\\\/kipinahrm.eu\\\/pl\\\/work-in-finland\\\/#breadcrumb\",\"itemListElement\":[{\"@type\":\"ListItem\",\"position\":1,\"name\":\"Home\",\"item\":\"https:\\\/\\\/kipinahrm.eu\\\/pl\\\/\"},{\"@type\":\"ListItem\",\"position\":2,\"name\":\"Dane kontaktowe\"}]},{\"@type\":\"WebSite\",\"@id\":\"https:\\\/\\\/kipinahrm.eu\\\/#website\",\"url\":\"https:\\\/\\\/kipinahrm.eu\\\/\",\"name\":\"Henkil\u00f6st\u00f6vuokrausyhti\u00f6 Kipin\u00e4\",\"description\":\"\",\"publisher\":{\"@id\":\"https:\\\/\\\/kipinahrm.eu\\\/#organization\"},\"potentialAction\":[{\"@type\":\"SearchAction\",\"target\":{\"@type\":\"EntryPoint\",\"urlTemplate\":\"https:\\\/\\\/kipinahrm.eu\\\/?s={search_term_string}\"},\"query-input\":{\"@type\":\"PropertyValueSpecification\",\"valueRequired\":true,\"valueName\":\"search_term_string\"}}],\"inLanguage\":\"pl-PL\"},{\"@type\":\"Organization\",\"@id\":\"https:\\\/\\\/kipinahrm.eu\\\/#organization\",\"name\":\"Henki\u00f6st\u00f6vuokrausyhti\u00f6 Kipin\u00e4 Oy\",\"url\":\"https:\\\/\\\/kipinahrm.eu\\\/\",\"logo\":{\"@type\":\"ImageObject\",\"inLanguage\":\"pl-PL\",\"@id\":\"https:\\\/\\\/kipinahrm.eu\\\/#\\\/schema\\\/logo\\\/image\\\/\",\"url\":\"https:\\\/\\\/kipinahrm.eu\\\/wp-content\\\/uploads\\\/2021\\\/09\\\/Kipina-logo_tekstilla_M.png\",\"contentUrl\":\"https:\\\/\\\/kipinahrm.eu\\\/wp-content\\\/uploads\\\/2021\\\/09\\\/Kipina-logo_tekstilla_M.png\",\"width\":561,\"height\":444,\"caption\":\"Henki\u00f6st\u00f6vuokrausyhti\u00f6 Kipin\u00e4 Oy\"},\"image\":{\"@id\":\"https:\\\/\\\/kipinahrm.eu\\\/#\\\/schema\\\/logo\\\/image\\\/\"},\"sameAs\":[\"https:\\\/\\\/m.facebook.com\\\/HenkilostovuokrausKipina\",\"https:\\\/\\\/www.linkedin.com\\\/company\\\/henkilostovuokrausyhtio-kipina-oy\",\"https:\\\/\\\/www.youtube.com\\\/channel\\\/UCTogAPEEPzLjJ8H8v3xjutQ\"]}]}<\/script>\n<!-- \/ Yoast SEO plugin. -->","yoast_head_json":{"title":"Dane kontaktowe - Henkil\u00f6st\u00f6vuokrausyhti\u00f6 Kipin\u00e4","robots":{"index":"index","follow":"follow","max-snippet":"max-snippet:-1","max-image-preview":"max-image-preview:large","max-video-preview":"max-video-preview:-1"},"canonical":"https:\/\/kipinahrm.eu\/pl\/work-in-finland\/","og_locale":"pl_PL","og_type":"article","og_title":"Dane kontaktowe - Henkil\u00f6st\u00f6vuokrausyhti\u00f6 Kipin\u00e4","og_description":"O\u015bwiadczenie o ochronie prywatno\u015bci Aplikant Pracownik Klient","og_url":"https:\/\/kipinahrm.eu\/pl\/work-in-finland\/","og_site_name":"Henkil\u00f6st\u00f6vuokrausyhti\u00f6 Kipin\u00e4","article_publisher":"https:\/\/m.facebook.com\/HenkilostovuokrausKipina","article_modified_time":"2026-01-08T09:29:25+00:00","og_image":[{"width":785,"height":831,"url":"https:\/\/kipinahrm.eu\/wp-content\/uploads\/2021\/10\/10yrs.png","type":"image\/png"}],"twitter_card":"summary_large_image","twitter_misc":{"Szacowany czas czytania":"7 minut"},"schema":{"@context":"https:\/\/schema.org","@graph":[{"@type":"WebPage","@id":"https:\/\/kipinahrm.eu\/pl\/work-in-finland\/","url":"https:\/\/kipinahrm.eu\/pl\/work-in-finland\/","name":"Dane kontaktowe - Henkil\u00f6st\u00f6vuokrausyhti\u00f6 Kipin\u00e4","isPartOf":{"@id":"https:\/\/kipinahrm.eu\/#website"},"primaryImageOfPage":{"@id":"https:\/\/kipinahrm.eu\/pl\/work-in-finland\/#primaryimage"},"image":{"@id":"https:\/\/kipinahrm.eu\/pl\/work-in-finland\/#primaryimage"},"thumbnailUrl":"https:\/\/kipinahrm.eu\/wp-content\/uploads\/2021\/10\/10yrs.png","datePublished":"2023-01-11T21:49:24+00:00","dateModified":"2026-01-08T09:29:25+00:00","breadcrumb":{"@id":"https:\/\/kipinahrm.eu\/pl\/work-in-finland\/#breadcrumb"},"inLanguage":"pl-PL","potentialAction":[{"@type":"ReadAction","target":["https:\/\/kipinahrm.eu\/pl\/work-in-finland\/"]}]},{"@type":"ImageObject","inLanguage":"pl-PL","@id":"https:\/\/kipinahrm.eu\/pl\/work-in-finland\/#primaryimage","url":"https:\/\/kipinahrm.eu\/wp-content\/uploads\/2021\/10\/10yrs.png","contentUrl":"https:\/\/kipinahrm.eu\/wp-content\/uploads\/2021\/10\/10yrs.png","width":785,"height":831},{"@type":"BreadcrumbList","@id":"https:\/\/kipinahrm.eu\/pl\/work-in-finland\/#breadcrumb","itemListElement":[{"@type":"ListItem","position":1,"name":"Home","item":"https:\/\/kipinahrm.eu\/pl\/"},{"@type":"ListItem","position":2,"name":"Dane kontaktowe"}]},{"@type":"WebSite","@id":"https:\/\/kipinahrm.eu\/#website","url":"https:\/\/kipinahrm.eu\/","name":"Henkil\u00f6st\u00f6vuokrausyhti\u00f6 Kipin\u00e4","description":"","publisher":{"@id":"https:\/\/kipinahrm.eu\/#organization"},"potentialAction":[{"@type":"SearchAction","target":{"@type":"EntryPoint","urlTemplate":"https:\/\/kipinahrm.eu\/?s={search_term_string}"},"query-input":{"@type":"PropertyValueSpecification","valueRequired":true,"valueName":"search_term_string"}}],"inLanguage":"pl-PL"},{"@type":"Organization","@id":"https:\/\/kipinahrm.eu\/#organization","name":"Henki\u00f6st\u00f6vuokrausyhti\u00f6 Kipin\u00e4 Oy","url":"https:\/\/kipinahrm.eu\/","logo":{"@type":"ImageObject","inLanguage":"pl-PL","@id":"https:\/\/kipinahrm.eu\/#\/schema\/logo\/image\/","url":"https:\/\/kipinahrm.eu\/wp-content\/uploads\/2021\/09\/Kipina-logo_tekstilla_M.png","contentUrl":"https:\/\/kipinahrm.eu\/wp-content\/uploads\/2021\/09\/Kipina-logo_tekstilla_M.png","width":561,"height":444,"caption":"Henki\u00f6st\u00f6vuokrausyhti\u00f6 Kipin\u00e4 Oy"},"image":{"@id":"https:\/\/kipinahrm.eu\/#\/schema\/logo\/image\/"},"sameAs":["https:\/\/m.facebook.com\/HenkilostovuokrausKipina","https:\/\/www.linkedin.com\/company\/henkilostovuokrausyhtio-kipina-oy","https:\/\/www.youtube.com\/channel\/UCTogAPEEPzLjJ8H8v3xjutQ"]}]}},"_links":{"self":[{"href":"https:\/\/kipinahrm.eu\/pl\/wp-json\/wp\/v2\/pages\/1246","targetHints":{"allow":["GET"]}}],"collection":[{"href":"https:\/\/kipinahrm.eu\/pl\/wp-json\/wp\/v2\/pages"}],"about":[{"href":"https:\/\/kipinahrm.eu\/pl\/wp-json\/wp\/v2\/types\/page"}],"author":[{"embeddable":true,"href":"https:\/\/kipinahrm.eu\/pl\/wp-json\/wp\/v2\/users\/1"}],"replies":[{"embeddable":true,"href":"https:\/\/kipinahrm.eu\/pl\/wp-json\/wp\/v2\/comments?post=1246"}],"version-history":[{"count":11,"href":"https:\/\/kipinahrm.eu\/pl\/wp-json\/wp\/v2\/pages\/1246\/revisions"}],"predecessor-version":[{"id":3538,"href":"https:\/\/kipinahrm.eu\/pl\/wp-json\/wp\/v2\/pages\/1246\/revisions\/3538"}],"wp:featuredmedia":[{"embeddable":true,"href":"https:\/\/kipinahrm.eu\/pl\/wp-json\/wp\/v2\/media\/1176"}],"wp:attachment":[{"href":"https:\/\/kipinahrm.eu\/pl\/wp-json\/wp\/v2\/media?parent=1246"}],"curies":[{"name":"wp","href":"https:\/\/api.w.org\/{rel}","templated":true}]}}