{"id":1244,"date":"2023-01-11T23:29:54","date_gmt":"2023-01-11T21:29:54","guid":{"rendered":"https:\/\/kipinahrm.eu\/?page_id=1244"},"modified":"2024-11-13T09:56:11","modified_gmt":"2024-11-13T07:56:11","slug":"nasza-firma","status":"publish","type":"page","link":"https:\/\/kipinahrm.eu\/pl\/nasza-firma\/","title":{"rendered":"Nasza firma"},"content":{"rendered":"\n<div class=\"wp-block-khrm-content-box-5 container-fluid\"><div class=\"row content-banner-5-container m-0\"><div class=\"content-banner-5 col-12 col-md-11 mx-md-auto row m-0\"><div class=\"title-container col-12 col-lg-9 ps-6 py-6\"><h2 class=\"title-container rs-50 fw-b fc-blue\">Ceniona agencja po\u015brednictwa pracy<\/h2><\/div><div class=\"title-container col-10 col-lg-8 offset-1\"><h3 class=\"title-container rs-30 fw-b fc-blue\"><\/h3><\/div><div class=\"col-10 col-lg-8 offset-1 py-4\"><p class=\"r-20 fw-n fc-black\"> Agencja po\u015brednictwa pracy Kipina Oy zosta\u0142a za\u0142o\u017cona w 2010 roku. Podczas swojego istnienia i dzia\u0142alno\u015bci skupia si\u0119 na zapewnieniu pracownik\u00f3w zagranicznych do pracy w Finlandii. Aktualnie firma wsp\u00f3\u0142pracuje z partnerami ze S\u0142owacji.Ma r\u00f3wnie\u017c samodzielne oddzia\u0142y agencji zatrudnienia w Polsce &#8211; Ilves Sp. z o.o. oraz w Bu\u0142garii &#8211; Kipina BG DOO i Rumunii Kipin\u00e4 HRM RO <br><br>Kipina jest cz\u0142onkiem Henkil\u00f6st\u00f6palveluyritysten Liitto HELA (Zwi\u0105zku agencji zatrudnienia). Pokazuje to odpowiedzialno\u015b\u0107 Kipiny jako partnera, kt\u00f3ry dzia\u0142a zawsze zgodnie z obowi\u0105zuj\u0105cym prawem. Zatrudnienie za po\u015brednictwem Kipiny jest zawsze uczciwe zar\u00f3wno dla pracownika jak i firmy korzystaj\u0105cej z wynaj\u0119tej si\u0142y roboczej. Zawsze staramy si\u0119 obs\u0142u\u017cy\u0107 klienta jak i pracownika w ich ojczystym j\u0119zyku, aby wsp\u00f3\u0142praca pomi\u0119dzy nimi przebiega\u0142a jak najsprawniej.<\/p><h3 class=\"rs-30 fw-b fc-blue py-4\">Pracujemy zgodnie z uk\u0142adami zbiorowymi i przepisami mi\u0119dzynarodowymi.<\/h3><p class=\"r-20 fw-n fc-black\">Stowarzyszenie Prywatnych Agencji Zatrudnienia zobowi\u0105zuje si\u0119 do odpowiedzialnego dzia\u0142ania i przestrzegania jasnych zasad, m.in. w przetwarzaniu danych osobowych oraz w procesach rekrutacji pracownik\u00f3w zagranicznych. Firmy dbaj\u0105 o dobrobyt i kompetencje pracownik\u00f3w tymczasowych.<br><br>Stowarzyszenie Prywatnych Agencji Zatrudnienia opracowa\u0142o kodeks post\u0119powania dla obszaru us\u0142ug personalnych, kt\u00f3ry w du\u017cej mierze opiera si\u0119 na mi\u0119dzynarodowych zasadach w tej dziedzinie. Kipin\u00e4 zobowi\u0105zuje si\u0119 do przestrzegania tych zasad, zwracaj\u0105c szczeg\u00f3ln\u0105 uwag\u0119 na warto\u015bci etyczne firmy i obowi\u0105zki pracodawcy.<\/p><h3 class=\"rs-30 fw-b fc-blue py-4\">Nasza polityka<\/h3><p class=\"r-20 fw-n fc-black\">Warto\u015bci przewodnie dzia\u0142alno\u015bci Kipiny to przede wszystkim koncentracja na kliencie, odpowiedzialno\u015b\u0107 i prawo\u015b\u0107. Wsp\u00f3lne warto\u015bci znajduj\u0105 odzwierciedlenie w sposobie pracy naszego personelu i obs\u0142ugi zar\u00f3wno klient\u00f3w, jak i pracownik\u00f3w. Nasza dzia\u0142alno\u015b\u0107 opiera si\u0119 na zaufaniu, co oznacza, \u017ce \u200b\u200bnasza do\u015bwiadczona kadra zapewnia naszym klientom wykwalifikowanych pracownik\u00f3w w uzgodnionych terminach, w konkurencyjnej cenie. Dzia\u0142anie zgodnie z tymi warto\u015bciami sprawia, \u017ce \u200b\u200bKipin\u00e4 jest godnym zaufania pracodawc\u0105 oraz realizatorem zlece\u0144 dla swoich klient\u00f3w.<\/p><h3 class=\"rs-30 fw-b fc-blue py-4\"><\/h3><p class=\"r-20 fw-n fc-black\"><\/p><\/div><div class=\"col-10 offset-1 offset-lg-0 col-lg-3 py-4\"><div class=\"rs-30 fw-b fc-blue lh-1\">Uczciwe us\u0142ugi wynajmu najmu ju\u017c od 10 lat.<\/div><div class=\"attention-img-container my-5\"><img decoding=\"async\" class=\"attention-img\" src=\"https:\/\/kipinahrm.eu\/wp-content\/uploads\/2022\/09\/header_cont-1024x683-1.webp\"\/><img decoding=\"async\" class=\"attention-img\" src=\"https:\/\/kipinahrm.eu\/wp-content\/uploads\/2022\/09\/sorvi-1024x540-1.webp\"\/><img decoding=\"async\" class=\"attention-img\" src=\"https:\/\/kipinahrm.eu\/wp-content\/uploads\/2022\/09\/header_wf-1024x683-1.webp\"\/><\/div><div class=\"rs-30 fw-b fc-blue lh-1\"><\/div><\/div><\/div><\/div><\/div>\n\n\n\n<div class=\"wp-block-khrm-content-box-6 content-banner-6 row m-0\"><div class=\"content-banner-6-content col-12 rs-40 fw-b fc-white p-10\">Zawsze staramy si\u0119 s\u0142u\u017cy\u0107 zar\u00f3wno naszym klientom, jak i pracownikom w ich w\u0142asnym j\u0119zyku, tak aby wsp\u00f3\u0142praca mi\u0119dzy klientem a pracownikiem przebiega\u0142a jak najbardziej p\u0142ynnie.<\/div><\/div>\n","protected":false},"excerpt":{"rendered":"","protected":false},"author":1,"featured_media":0,"parent":0,"menu_order":0,"comment_status":"closed","ping_status":"closed","template":"page-pl.php","meta":{"_improvement_type_select":"improve_an_existing","_thumb_yes_seoaic":false,"_frame_yes_seoaic":false,"seoaic_generate_description":"","seoaic_improve_instructions_prompt":"","seoaic_rollback_content_improvement":"","seoaic_idea_thumbnail_generator":"","thumbnail_generated":false,"thumbnail_generate_prompt":"","seoaic_article_description":"","footnotes":""},"class_list":["post-1244","page","type-page","status-publish","hentry"],"yoast_head":"<!-- This site is optimized with the Yoast SEO plugin v27.3 - https:\/\/yoast.com\/product\/yoast-seo-wordpress\/ -->\n<title>Nasza firma - Henkil\u00f6st\u00f6vuokrausyhti\u00f6 Kipin\u00e4<\/title>\n<meta name=\"robots\" content=\"index, follow, max-snippet:-1, max-image-preview:large, max-video-preview:-1\" \/>\n<link rel=\"canonical\" href=\"https:\/\/kipinahrm.eu\/pl\/nasza-firma\/\" \/>\n<meta property=\"og:locale\" content=\"pl_PL\" \/>\n<meta property=\"og:type\" content=\"article\" \/>\n<meta property=\"og:title\" content=\"Nasza firma - Henkil\u00f6st\u00f6vuokrausyhti\u00f6 Kipin\u00e4\" \/>\n<meta property=\"og:url\" content=\"https:\/\/kipinahrm.eu\/pl\/nasza-firma\/\" \/>\n<meta property=\"og:site_name\" content=\"Henkil\u00f6st\u00f6vuokrausyhti\u00f6 Kipin\u00e4\" \/>\n<meta property=\"article:publisher\" content=\"https:\/\/m.facebook.com\/HenkilostovuokrausKipina\" \/>\n<meta property=\"article:modified_time\" content=\"2024-11-13T07:56:11+00:00\" \/>\n<meta property=\"og:image\" content=\"https:\/\/kipinahrm.eu\/wp-content\/uploads\/2022\/09\/header_cont-1024x683-1.webp\" \/>\n<meta name=\"twitter:card\" content=\"summary_large_image\" \/>\n<meta name=\"twitter:label1\" content=\"Szacowany czas czytania\" \/>\n\t<meta name=\"twitter:data1\" content=\"2 minuty\" \/>\n<script type=\"application\/ld+json\" class=\"yoast-schema-graph\">{\"@context\":\"https:\\\/\\\/schema.org\",\"@graph\":[{\"@type\":\"WebPage\",\"@id\":\"https:\\\/\\\/kipinahrm.eu\\\/pl\\\/nasza-firma\\\/\",\"url\":\"https:\\\/\\\/kipinahrm.eu\\\/pl\\\/nasza-firma\\\/\",\"name\":\"Nasza firma - Henkil\u00f6st\u00f6vuokrausyhti\u00f6 Kipin\u00e4\",\"isPartOf\":{\"@id\":\"https:\\\/\\\/kipinahrm.eu\\\/#website\"},\"primaryImageOfPage\":{\"@id\":\"https:\\\/\\\/kipinahrm.eu\\\/pl\\\/nasza-firma\\\/#primaryimage\"},\"image\":{\"@id\":\"https:\\\/\\\/kipinahrm.eu\\\/pl\\\/nasza-firma\\\/#primaryimage\"},\"thumbnailUrl\":\"https:\\\/\\\/kipinahrm.eu\\\/wp-content\\\/uploads\\\/2022\\\/09\\\/header_cont-1024x683-1.webp\",\"datePublished\":\"2023-01-11T21:29:54+00:00\",\"dateModified\":\"2024-11-13T07:56:11+00:00\",\"breadcrumb\":{\"@id\":\"https:\\\/\\\/kipinahrm.eu\\\/pl\\\/nasza-firma\\\/#breadcrumb\"},\"inLanguage\":\"pl-PL\",\"potentialAction\":[{\"@type\":\"ReadAction\",\"target\":[\"https:\\\/\\\/kipinahrm.eu\\\/pl\\\/nasza-firma\\\/\"]}]},{\"@type\":\"ImageObject\",\"inLanguage\":\"pl-PL\",\"@id\":\"https:\\\/\\\/kipinahrm.eu\\\/pl\\\/nasza-firma\\\/#primaryimage\",\"url\":\"https:\\\/\\\/kipinahrm.eu\\\/wp-content\\\/uploads\\\/2022\\\/09\\\/header_cont-1024x683-1.webp\",\"contentUrl\":\"https:\\\/\\\/kipinahrm.eu\\\/wp-content\\\/uploads\\\/2022\\\/09\\\/header_cont-1024x683-1.webp\"},{\"@type\":\"BreadcrumbList\",\"@id\":\"https:\\\/\\\/kipinahrm.eu\\\/pl\\\/nasza-firma\\\/#breadcrumb\",\"itemListElement\":[{\"@type\":\"ListItem\",\"position\":1,\"name\":\"Home\",\"item\":\"https:\\\/\\\/kipinahrm.eu\\\/pl\\\/\"},{\"@type\":\"ListItem\",\"position\":2,\"name\":\"Nasza firma\"}]},{\"@type\":\"WebSite\",\"@id\":\"https:\\\/\\\/kipinahrm.eu\\\/#website\",\"url\":\"https:\\\/\\\/kipinahrm.eu\\\/\",\"name\":\"Henkil\u00f6st\u00f6vuokrausyhti\u00f6 Kipin\u00e4\",\"description\":\"\",\"publisher\":{\"@id\":\"https:\\\/\\\/kipinahrm.eu\\\/#organization\"},\"potentialAction\":[{\"@type\":\"SearchAction\",\"target\":{\"@type\":\"EntryPoint\",\"urlTemplate\":\"https:\\\/\\\/kipinahrm.eu\\\/?s={search_term_string}\"},\"query-input\":{\"@type\":\"PropertyValueSpecification\",\"valueRequired\":true,\"valueName\":\"search_term_string\"}}],\"inLanguage\":\"pl-PL\"},{\"@type\":\"Organization\",\"@id\":\"https:\\\/\\\/kipinahrm.eu\\\/#organization\",\"name\":\"Henki\u00f6st\u00f6vuokrausyhti\u00f6 Kipin\u00e4 Oy\",\"url\":\"https:\\\/\\\/kipinahrm.eu\\\/\",\"logo\":{\"@type\":\"ImageObject\",\"inLanguage\":\"pl-PL\",\"@id\":\"https:\\\/\\\/kipinahrm.eu\\\/#\\\/schema\\\/logo\\\/image\\\/\",\"url\":\"https:\\\/\\\/kipinahrm.eu\\\/wp-content\\\/uploads\\\/2021\\\/09\\\/Kipina-logo_tekstilla_M.png\",\"contentUrl\":\"https:\\\/\\\/kipinahrm.eu\\\/wp-content\\\/uploads\\\/2021\\\/09\\\/Kipina-logo_tekstilla_M.png\",\"width\":561,\"height\":444,\"caption\":\"Henki\u00f6st\u00f6vuokrausyhti\u00f6 Kipin\u00e4 Oy\"},\"image\":{\"@id\":\"https:\\\/\\\/kipinahrm.eu\\\/#\\\/schema\\\/logo\\\/image\\\/\"},\"sameAs\":[\"https:\\\/\\\/m.facebook.com\\\/HenkilostovuokrausKipina\",\"https:\\\/\\\/www.linkedin.com\\\/company\\\/henkilostovuokrausyhtio-kipina-oy\",\"https:\\\/\\\/www.youtube.com\\\/channel\\\/UCTogAPEEPzLjJ8H8v3xjutQ\"]}]}<\/script>\n<!-- \/ Yoast SEO plugin. -->","yoast_head_json":{"title":"Nasza firma - Henkil\u00f6st\u00f6vuokrausyhti\u00f6 Kipin\u00e4","robots":{"index":"index","follow":"follow","max-snippet":"max-snippet:-1","max-image-preview":"max-image-preview:large","max-video-preview":"max-video-preview:-1"},"canonical":"https:\/\/kipinahrm.eu\/pl\/nasza-firma\/","og_locale":"pl_PL","og_type":"article","og_title":"Nasza firma - Henkil\u00f6st\u00f6vuokrausyhti\u00f6 Kipin\u00e4","og_url":"https:\/\/kipinahrm.eu\/pl\/nasza-firma\/","og_site_name":"Henkil\u00f6st\u00f6vuokrausyhti\u00f6 Kipin\u00e4","article_publisher":"https:\/\/m.facebook.com\/HenkilostovuokrausKipina","article_modified_time":"2024-11-13T07:56:11+00:00","og_image":[{"url":"https:\/\/kipinahrm.eu\/wp-content\/uploads\/2022\/09\/header_cont-1024x683-1.webp","type":"","width":"","height":""}],"twitter_card":"summary_large_image","twitter_misc":{"Szacowany czas czytania":"2 minuty"},"schema":{"@context":"https:\/\/schema.org","@graph":[{"@type":"WebPage","@id":"https:\/\/kipinahrm.eu\/pl\/nasza-firma\/","url":"https:\/\/kipinahrm.eu\/pl\/nasza-firma\/","name":"Nasza firma - Henkil\u00f6st\u00f6vuokrausyhti\u00f6 Kipin\u00e4","isPartOf":{"@id":"https:\/\/kipinahrm.eu\/#website"},"primaryImageOfPage":{"@id":"https:\/\/kipinahrm.eu\/pl\/nasza-firma\/#primaryimage"},"image":{"@id":"https:\/\/kipinahrm.eu\/pl\/nasza-firma\/#primaryimage"},"thumbnailUrl":"https:\/\/kipinahrm.eu\/wp-content\/uploads\/2022\/09\/header_cont-1024x683-1.webp","datePublished":"2023-01-11T21:29:54+00:00","dateModified":"2024-11-13T07:56:11+00:00","breadcrumb":{"@id":"https:\/\/kipinahrm.eu\/pl\/nasza-firma\/#breadcrumb"},"inLanguage":"pl-PL","potentialAction":[{"@type":"ReadAction","target":["https:\/\/kipinahrm.eu\/pl\/nasza-firma\/"]}]},{"@type":"ImageObject","inLanguage":"pl-PL","@id":"https:\/\/kipinahrm.eu\/pl\/nasza-firma\/#primaryimage","url":"https:\/\/kipinahrm.eu\/wp-content\/uploads\/2022\/09\/header_cont-1024x683-1.webp","contentUrl":"https:\/\/kipinahrm.eu\/wp-content\/uploads\/2022\/09\/header_cont-1024x683-1.webp"},{"@type":"BreadcrumbList","@id":"https:\/\/kipinahrm.eu\/pl\/nasza-firma\/#breadcrumb","itemListElement":[{"@type":"ListItem","position":1,"name":"Home","item":"https:\/\/kipinahrm.eu\/pl\/"},{"@type":"ListItem","position":2,"name":"Nasza firma"}]},{"@type":"WebSite","@id":"https:\/\/kipinahrm.eu\/#website","url":"https:\/\/kipinahrm.eu\/","name":"Henkil\u00f6st\u00f6vuokrausyhti\u00f6 Kipin\u00e4","description":"","publisher":{"@id":"https:\/\/kipinahrm.eu\/#organization"},"potentialAction":[{"@type":"SearchAction","target":{"@type":"EntryPoint","urlTemplate":"https:\/\/kipinahrm.eu\/?s={search_term_string}"},"query-input":{"@type":"PropertyValueSpecification","valueRequired":true,"valueName":"search_term_string"}}],"inLanguage":"pl-PL"},{"@type":"Organization","@id":"https:\/\/kipinahrm.eu\/#organization","name":"Henki\u00f6st\u00f6vuokrausyhti\u00f6 Kipin\u00e4 Oy","url":"https:\/\/kipinahrm.eu\/","logo":{"@type":"ImageObject","inLanguage":"pl-PL","@id":"https:\/\/kipinahrm.eu\/#\/schema\/logo\/image\/","url":"https:\/\/kipinahrm.eu\/wp-content\/uploads\/2021\/09\/Kipina-logo_tekstilla_M.png","contentUrl":"https:\/\/kipinahrm.eu\/wp-content\/uploads\/2021\/09\/Kipina-logo_tekstilla_M.png","width":561,"height":444,"caption":"Henki\u00f6st\u00f6vuokrausyhti\u00f6 Kipin\u00e4 Oy"},"image":{"@id":"https:\/\/kipinahrm.eu\/#\/schema\/logo\/image\/"},"sameAs":["https:\/\/m.facebook.com\/HenkilostovuokrausKipina","https:\/\/www.linkedin.com\/company\/henkilostovuokrausyhtio-kipina-oy","https:\/\/www.youtube.com\/channel\/UCTogAPEEPzLjJ8H8v3xjutQ"]}]}},"_links":{"self":[{"href":"https:\/\/kipinahrm.eu\/pl\/wp-json\/wp\/v2\/pages\/1244","targetHints":{"allow":["GET"]}}],"collection":[{"href":"https:\/\/kipinahrm.eu\/pl\/wp-json\/wp\/v2\/pages"}],"about":[{"href":"https:\/\/kipinahrm.eu\/pl\/wp-json\/wp\/v2\/types\/page"}],"author":[{"embeddable":true,"href":"https:\/\/kipinahrm.eu\/pl\/wp-json\/wp\/v2\/users\/1"}],"replies":[{"embeddable":true,"href":"https:\/\/kipinahrm.eu\/pl\/wp-json\/wp\/v2\/comments?post=1244"}],"version-history":[{"count":0,"href":"https:\/\/kipinahrm.eu\/pl\/wp-json\/wp\/v2\/pages\/1244\/revisions"}],"wp:attachment":[{"href":"https:\/\/kipinahrm.eu\/pl\/wp-json\/wp\/v2\/media?parent=1244"}],"curies":[{"name":"wp","href":"https:\/\/api.w.org\/{rel}","templated":true}]}}