{"id":1239,"date":"2023-01-11T22:46:51","date_gmt":"2023-01-11T20:46:51","guid":{"rendered":"https:\/\/kipinahrm.eu\/?page_id=1239"},"modified":"2023-01-11T23:12:39","modified_gmt":"2023-01-11T21:12:39","slug":"o-finlandii","status":"publish","type":"page","link":"https:\/\/kipinahrm.eu\/pl\/o-finlandii\/","title":{"rendered":"O Finlandii"},"content":{"rendered":"\n<div class=\"wp-block-khrm-content-box-5 container-fluid\"><div class=\"row content-banner-5-container m-0\"><div class=\"content-banner-5 col-12 col-md-11 mx-md-auto row m-0\"><div class=\"title-container col-12 col-lg-9 ps-6 py-6\"><h2 class=\"title-container rs-50 fw-b fc-blue\">Czy zna\u0142e\u015b te fakty o Finlandii?<\/h2><\/div><div class=\"title-container col-10 col-lg-8 offset-1\"><h3 class=\"title-container rs-30 fw-b fc-blue\"><\/h3><\/div><div class=\"col-10 col-lg-8 offset-1 py-4\"><p class=\"r-20 fw-n fc-black\">Finlandia s\u0142ynie z bycia Najszcz\u0119\u015bliwszym Krajem na \u015awiecie oraz z najlepszego systemu edukacji i najczystszego powietrza. Jest r\u00f3wnie\u017c znana z saun, renifer\u00f3w, marki Nokia oraz wioski \u015awi\u0119tego Miko\u0142aja. Ten nordycki raj jest czasami nazywany Krajem Tysi\u0105ca Jezior z racji tego, \u017ce ma ich a\u017c 187 888.<br><br>Je\u015bli nie jeste\u015b Finem mo\u017cesz uwa\u017ca\u0107 saun\u0119 za luksus. Tymczasem w Finlandii jest to konieczno\u015b\u0107. Pradawni Finowie wynale\u017ali je 30 000 lat temu i obecnie w Finlandii jest wi\u0119cej saun ni\u017c samochod\u00f3w. Nawet w Burger Kingu w Helsinkach jest sauna!<br><br>Kraj s\u0142ynie z saunowych rytua\u0142\u00f3w i tradycji. Nie przestrasz si\u0119 gdy Tw\u00f3j fi\u0144ski kolega zacznie ok\u0142ada\u0107 Ci\u0119 brzozow\u0105 ga\u0142\u0105zk\u0105- to ich &#8211; spos\u00f3b na poprawienie kr\u0105\u017cenia. Wytarzaj si\u0119 w \u015bniegu, wskocz do zamarzni\u0119tego jeziora- to naprawd\u0119 jest przyjemniejsze ni\u017c brzmi!<br><br>Finlandia jest znana ze swoich dziwacznych dyscyplin ale jeden sport popularny jest r\u00f3wnie\u017c na ca\u0142ym \u015bwiecie &#8211; to hokej na lodzie. Prawd\u0105 jest, \u017ce wiele kraj\u00f3w rywalizuje ze swoimi s\u0105siadami ale nic nie r\u00f3wna si\u0119 rywalizacji Fin\u00f3w ze Szwedami w hokeju, szczeg\u00f3lnie gdy graj\u0105 przeciw sobie.<br><br>Rywalizacja jest za\u017carta i w 2019 roku Finlandia po raz trzeci zwyci\u0119\u017cy\u0142a w Mistrzostwach \u015awiata. Reprezentacja zwana lwami jest aktualnie trzecia w rankingu \u015bwiatowym.<br><br>Finlandia znana jest r\u00f3wnie\u017c z pi\u0119knych jezior i las\u00f3w a Finowie czuj\u0105 g\u0142\u0119bok\u0105 wi\u0119\u017a z natur\u0105. Fi\u0144skie s\u0142owo- \u201eMets\u00e4suhde\u201d oznacza cz\u0119\u015b\u0107 osobistej relacji z przyrod\u0105 i indywidualnej to\u017csamo\u015bci, kt\u00f3ra zmienia si\u0119 przez ca\u0142e \u017cycie.<br><br>Finlandia prawnie otworzy\u0142a swoje dzikie ost\u0119py dla turyst\u00f3w oraz mieszka\u0144c\u00f3w. Przepisy pozwalaj\u0105 ka\u017cdemu swobodnie spacerowa\u0107, je\u017adzi\u0107 na rowerze czy nartach prawie w ca\u0142ym kraju. Oznacza to r\u00f3wnie\u017c, \u017ce mo\u017cemy szuka\u0107 jag\u00f3d, grzyb\u00f3w czy nawet spa\u0107 w namiocie praktycznie wsz\u0119dzie gdzie chcemy.<br><br>Zastrze\u017cenie jest jednak takie &#8211; gdy \u0142owisz ryby lub polujesz, pozostaw po sobie porz\u0105dek. \u015amiecenie czy ha\u0142as nie s\u0105 mile widziane w Finlandii wi\u0119c uszanuj mieszka\u0144c\u00f3w i ich teren. Niskobud\u017cetowe odkrywanie Finlandii jest \u015bwietnym pomys\u0142em je\u015bli robi si\u0119 to w odpowiednim czasie w roku.<br><br>Finlandia utrzymuje tytu\u0142 Najbezpieczniejszego Kraju na \u015awiecie od 2017 roku i fakty to potwierdzaj\u0105. Opr\u00f3cz niskich wsp\u00f3\u0142czynnik\u00f3w przest\u0119pstw, Finowie s\u0105 r\u00f3wnie\u017c jednymi z najuczciwszych ludzi. Zgodnie z ostatnimi badaniami &#8211; 11 na 12 portfeli wraca do swoich w\u0142a\u015bcicieli wi\u0119c je\u015bli jeste\u015b osob\u0105 ze sk\u0142onno\u015bci\u0105 do gubienia rzeczy to Finlandia jest miejscem dla Ciebie!<br><br>Oczywi\u015bcie w kraju z tytu\u0142em Najbardziej Niezale\u017cnego Systemu Sprawiedliwo\u015bci jest r\u00f3wnie\u017c najwy\u017csze zaufanie do policji.<\/p><h3 class=\"rs-30 fw-b fc-blue py-4\"><\/h3><p class=\"r-20 fw-n fc-black\"><\/p><h3 class=\"rs-30 fw-b fc-blue py-4\"><\/h3><p class=\"r-20 fw-n fc-black\"><\/p><h3 class=\"rs-30 fw-b fc-blue py-4\"><\/h3><p class=\"r-20 fw-n fc-black\"><\/p><\/div><div class=\"col-10 offset-1 offset-lg-0 col-lg-3 py-4\"><div class=\"rs-30 fw-b fc-blue lh-1\"><\/div><div class=\"attention-img-container my-5\"><img decoding=\"async\" class=\"attention-img\" src=\"https:\/\/kipinahrm.eu\/wp-content\/uploads\/2022\/09\/pexels-gerhard-lipold-6043062-scaled.jpg\"\/><img decoding=\"async\" class=\"attention-img\" src=\"https:\/\/kipinahrm.eu\/wp-content\/uploads\/2022\/09\/pexels-tapio-haaja-2311602-scaled.jpg\"\/><img decoding=\"async\" class=\"attention-img\" src=\"https:\/\/kipinahrm.eu\/wp-content\/uploads\/2022\/09\/Kipina-etusivu-3-image10.png\"\/><\/div><div class=\"rs-30 fw-b fc-blue lh-1\"><\/div><\/div><\/div><\/div><\/div>\n\n\n\n<div class=\"wp-block-khrm-content-box-6 content-banner-6 row m-0\"><div class=\"content-banner-6-content col-12 rs-40 fw-b fc-white p-10\">Finlandia posiada tytu\u0142 najbezpieczniejszego kraju od 2017 roku. Poza niskimi wska\u017anikami przest\u0119pczo\u015bci Finowie s\u0105 r\u00f3wnie\u017c jednymi z najbardziej uczciwych ludzi na \u015bwiecie.<\/div><\/div>\n\n\n\n<div class=\"row content-banner-5-container m-0\">\n<div class=\"content-banner-5 col-12 col-md-11 mx-md-auto row m-0\">\n<div class=\"col-12 rs-50 fw-b fc-blue ps-6 py-6\">\nFinlandia w obrazach\n<\/div>\n<div class=\"col-12 col-md-9 mx-md-auto\">\n\n\n\n<figure class=\"wp-block-gallery has-nested-images columns-default is-cropped wp-block-gallery-1 is-layout-flex wp-block-gallery-is-layout-flex\">\n<figure class=\"wp-block-image size-large\"><img loading=\"lazy\" decoding=\"async\" width=\"960\" height=\"540\" data-id=\"1204\" src=\"https:\/\/kipinahrm.eu\/wp-content\/uploads\/2022\/09\/Kipina-etusivu-3-image11.png\" alt=\"\" class=\"wp-image-1204\" srcset=\"https:\/\/kipinahrm.eu\/wp-content\/uploads\/2022\/09\/Kipina-etusivu-3-image11.png 960w, https:\/\/kipinahrm.eu\/wp-content\/uploads\/2022\/09\/Kipina-etusivu-3-image11-300x169.png 300w, https:\/\/kipinahrm.eu\/wp-content\/uploads\/2022\/09\/Kipina-etusivu-3-image11-768x432.png 768w\" sizes=\"auto, (max-width: 960px) 100vw, 960px\" \/><\/figure>\n\n\n\n<figure class=\"wp-block-image size-large\"><img loading=\"lazy\" decoding=\"async\" width=\"784\" height=\"524\" data-id=\"1198\" src=\"https:\/\/kipinahrm.eu\/wp-content\/uploads\/2022\/09\/Kipina-etusivu-3-image10.png\" alt=\"\" class=\"wp-image-1198\" srcset=\"https:\/\/kipinahrm.eu\/wp-content\/uploads\/2022\/09\/Kipina-etusivu-3-image10.png 784w, https:\/\/kipinahrm.eu\/wp-content\/uploads\/2022\/09\/Kipina-etusivu-3-image10-300x201.png 300w, https:\/\/kipinahrm.eu\/wp-content\/uploads\/2022\/09\/Kipina-etusivu-3-image10-768x513.png 768w\" sizes=\"auto, (max-width: 784px) 100vw, 784px\" \/><\/figure>\n\n\n\n<figure class=\"wp-block-image size-large\"><img loading=\"lazy\" decoding=\"async\" width=\"720\" height=\"720\" data-id=\"1202\" src=\"https:\/\/kipinahrm.eu\/wp-content\/uploads\/2022\/09\/Kipina-etusivu-3-image9.png\" alt=\"\" class=\"wp-image-1202\" srcset=\"https:\/\/kipinahrm.eu\/wp-content\/uploads\/2022\/09\/Kipina-etusivu-3-image9.png 720w, https:\/\/kipinahrm.eu\/wp-content\/uploads\/2022\/09\/Kipina-etusivu-3-image9-300x300.png 300w, https:\/\/kipinahrm.eu\/wp-content\/uploads\/2022\/09\/Kipina-etusivu-3-image9-150x150.png 150w\" sizes=\"auto, (max-width: 720px) 100vw, 720px\" \/><\/figure>\n\n\n\n<figure class=\"wp-block-image size-large\"><img loading=\"lazy\" decoding=\"async\" width=\"433\" height=\"245\" data-id=\"1199\" src=\"https:\/\/kipinahrm.eu\/wp-content\/uploads\/2022\/09\/Kipina-etusivu-3-image8.png\" alt=\"\" class=\"wp-image-1199\" srcset=\"https:\/\/kipinahrm.eu\/wp-content\/uploads\/2022\/09\/Kipina-etusivu-3-image8.png 433w, https:\/\/kipinahrm.eu\/wp-content\/uploads\/2022\/09\/Kipina-etusivu-3-image8-300x170.png 300w\" sizes=\"auto, (max-width: 433px) 100vw, 433px\" \/><\/figure>\n\n\n\n<figure class=\"wp-block-image size-large\"><img loading=\"lazy\" decoding=\"async\" width=\"963\" height=\"861\" data-id=\"1206\" src=\"https:\/\/kipinahrm.eu\/wp-content\/uploads\/2022\/09\/Kipina-etusivu-3-image7.png\" alt=\"\" class=\"wp-image-1206\" srcset=\"https:\/\/kipinahrm.eu\/wp-content\/uploads\/2022\/09\/Kipina-etusivu-3-image7.png 963w, https:\/\/kipinahrm.eu\/wp-content\/uploads\/2022\/09\/Kipina-etusivu-3-image7-300x268.png 300w, https:\/\/kipinahrm.eu\/wp-content\/uploads\/2022\/09\/Kipina-etusivu-3-image7-768x687.png 768w\" sizes=\"auto, (max-width: 963px) 100vw, 963px\" \/><\/figure>\n\n\n\n<figure class=\"wp-block-image size-large\"><img loading=\"lazy\" decoding=\"async\" width=\"960\" height=\"640\" data-id=\"1205\" src=\"https:\/\/kipinahrm.eu\/wp-content\/uploads\/2022\/09\/Kipina-etusivu-3-image6.png\" alt=\"\" class=\"wp-image-1205\" srcset=\"https:\/\/kipinahrm.eu\/wp-content\/uploads\/2022\/09\/Kipina-etusivu-3-image6.png 960w, https:\/\/kipinahrm.eu\/wp-content\/uploads\/2022\/09\/Kipina-etusivu-3-image6-300x200.png 300w, https:\/\/kipinahrm.eu\/wp-content\/uploads\/2022\/09\/Kipina-etusivu-3-image6-768x512.png 768w\" sizes=\"auto, (max-width: 960px) 100vw, 960px\" \/><\/figure>\n\n\n\n<figure class=\"wp-block-image size-large\"><img loading=\"lazy\" decoding=\"async\" width=\"960\" height=\"640\" data-id=\"1200\" src=\"https:\/\/kipinahrm.eu\/wp-content\/uploads\/2022\/09\/Kipina-etusivu-3-image5.png\" alt=\"\" class=\"wp-image-1200\" srcset=\"https:\/\/kipinahrm.eu\/wp-content\/uploads\/2022\/09\/Kipina-etusivu-3-image5.png 960w, https:\/\/kipinahrm.eu\/wp-content\/uploads\/2022\/09\/Kipina-etusivu-3-image5-300x200.png 300w, https:\/\/kipinahrm.eu\/wp-content\/uploads\/2022\/09\/Kipina-etusivu-3-image5-768x512.png 768w\" sizes=\"auto, (max-width: 960px) 100vw, 960px\" \/><\/figure>\n\n\n\n<figure class=\"wp-block-image size-large\"><img loading=\"lazy\" decoding=\"async\" width=\"1024\" height=\"768\" data-id=\"1203\" src=\"https:\/\/kipinahrm.eu\/wp-content\/uploads\/2022\/09\/Kipina-etusivu-3-image4.png\" alt=\"\" class=\"wp-image-1203\" srcset=\"https:\/\/kipinahrm.eu\/wp-content\/uploads\/2022\/09\/Kipina-etusivu-3-image4.png 1024w, https:\/\/kipinahrm.eu\/wp-content\/uploads\/2022\/09\/Kipina-etusivu-3-image4-300x225.png 300w, https:\/\/kipinahrm.eu\/wp-content\/uploads\/2022\/09\/Kipina-etusivu-3-image4-768x576.png 768w\" sizes=\"auto, (max-width: 1024px) 100vw, 1024px\" \/><\/figure>\n\n\n\n<figure class=\"wp-block-image size-large\"><img loading=\"lazy\" decoding=\"async\" width=\"1024\" height=\"443\" data-id=\"1201\" src=\"https:\/\/kipinahrm.eu\/wp-content\/uploads\/2022\/09\/Kipina-etusivu-3-image3-1024x443.png\" alt=\"\" class=\"wp-image-1201\" srcset=\"https:\/\/kipinahrm.eu\/wp-content\/uploads\/2022\/09\/Kipina-etusivu-3-image3-1024x443.png 1024w, https:\/\/kipinahrm.eu\/wp-content\/uploads\/2022\/09\/Kipina-etusivu-3-image3-300x130.png 300w, https:\/\/kipinahrm.eu\/wp-content\/uploads\/2022\/09\/Kipina-etusivu-3-image3-768x332.png 768w, https:\/\/kipinahrm.eu\/wp-content\/uploads\/2022\/09\/Kipina-etusivu-3-image3.png 1192w\" sizes=\"auto, (max-width: 1024px) 100vw, 1024px\" \/><\/figure>\n<\/figure>\n\n\n\n<\/div><\/div><\/div>\n","protected":false},"excerpt":{"rendered":"<p>Finlandia w obrazach<\/p>\n","protected":false},"author":1,"featured_media":0,"parent":0,"menu_order":0,"comment_status":"closed","ping_status":"closed","template":"page-pl.php","meta":{"_improvement_type_select":"improve_an_existing","_thumb_yes_seoaic":false,"_frame_yes_seoaic":false,"seoaic_generate_description":"","seoaic_improve_instructions_prompt":"","seoaic_rollback_content_improvement":"","seoaic_idea_thumbnail_generator":"","thumbnail_generated":false,"thumbnail_generate_prompt":"","seoaic_article_description":"","footnotes":""},"class_list":["post-1239","page","type-page","status-publish","hentry"],"yoast_head":"<!-- This site is optimized with the Yoast SEO plugin v27.3 - https:\/\/yoast.com\/product\/yoast-seo-wordpress\/ -->\n<title>O Finlandii - Henkil\u00f6st\u00f6vuokrausyhti\u00f6 Kipin\u00e4<\/title>\n<meta name=\"robots\" content=\"index, follow, max-snippet:-1, max-image-preview:large, max-video-preview:-1\" \/>\n<link rel=\"canonical\" href=\"https:\/\/kipinahrm.eu\/pl\/o-finlandii\/\" \/>\n<meta property=\"og:locale\" content=\"pl_PL\" \/>\n<meta property=\"og:type\" content=\"article\" \/>\n<meta property=\"og:title\" content=\"O Finlandii - Henkil\u00f6st\u00f6vuokrausyhti\u00f6 Kipin\u00e4\" \/>\n<meta property=\"og:description\" content=\"Finlandia w obrazach\" \/>\n<meta property=\"og:url\" content=\"https:\/\/kipinahrm.eu\/pl\/o-finlandii\/\" \/>\n<meta property=\"og:site_name\" content=\"Henkil\u00f6st\u00f6vuokrausyhti\u00f6 Kipin\u00e4\" \/>\n<meta property=\"article:publisher\" content=\"https:\/\/m.facebook.com\/HenkilostovuokrausKipina\" \/>\n<meta property=\"article:modified_time\" content=\"2023-01-11T21:12:39+00:00\" \/>\n<meta property=\"og:image\" content=\"https:\/\/kipinahrm.eu\/wp-content\/uploads\/2022\/09\/pexels-gerhard-lipold-6043062-scaled.jpg\" \/>\n<meta name=\"twitter:card\" content=\"summary_large_image\" \/>\n<meta name=\"twitter:label1\" content=\"Szacowany czas czytania\" \/>\n\t<meta name=\"twitter:data1\" content=\"5 minut\" \/>\n<script type=\"application\/ld+json\" class=\"yoast-schema-graph\">{\"@context\":\"https:\\\/\\\/schema.org\",\"@graph\":[{\"@type\":\"WebPage\",\"@id\":\"https:\\\/\\\/kipinahrm.eu\\\/pl\\\/o-finlandii\\\/\",\"url\":\"https:\\\/\\\/kipinahrm.eu\\\/pl\\\/o-finlandii\\\/\",\"name\":\"O Finlandii - Henkil\u00f6st\u00f6vuokrausyhti\u00f6 Kipin\u00e4\",\"isPartOf\":{\"@id\":\"https:\\\/\\\/kipinahrm.eu\\\/#website\"},\"primaryImageOfPage\":{\"@id\":\"https:\\\/\\\/kipinahrm.eu\\\/pl\\\/o-finlandii\\\/#primaryimage\"},\"image\":{\"@id\":\"https:\\\/\\\/kipinahrm.eu\\\/pl\\\/o-finlandii\\\/#primaryimage\"},\"thumbnailUrl\":\"https:\\\/\\\/kipinahrm.eu\\\/wp-content\\\/uploads\\\/2022\\\/09\\\/pexels-gerhard-lipold-6043062-scaled.jpg\",\"datePublished\":\"2023-01-11T20:46:51+00:00\",\"dateModified\":\"2023-01-11T21:12:39+00:00\",\"breadcrumb\":{\"@id\":\"https:\\\/\\\/kipinahrm.eu\\\/pl\\\/o-finlandii\\\/#breadcrumb\"},\"inLanguage\":\"pl-PL\",\"potentialAction\":[{\"@type\":\"ReadAction\",\"target\":[\"https:\\\/\\\/kipinahrm.eu\\\/pl\\\/o-finlandii\\\/\"]}]},{\"@type\":\"ImageObject\",\"inLanguage\":\"pl-PL\",\"@id\":\"https:\\\/\\\/kipinahrm.eu\\\/pl\\\/o-finlandii\\\/#primaryimage\",\"url\":\"https:\\\/\\\/kipinahrm.eu\\\/wp-content\\\/uploads\\\/2022\\\/09\\\/pexels-gerhard-lipold-6043062-scaled.jpg\",\"contentUrl\":\"https:\\\/\\\/kipinahrm.eu\\\/wp-content\\\/uploads\\\/2022\\\/09\\\/pexels-gerhard-lipold-6043062-scaled.jpg\"},{\"@type\":\"BreadcrumbList\",\"@id\":\"https:\\\/\\\/kipinahrm.eu\\\/pl\\\/o-finlandii\\\/#breadcrumb\",\"itemListElement\":[{\"@type\":\"ListItem\",\"position\":1,\"name\":\"Home\",\"item\":\"https:\\\/\\\/kipinahrm.eu\\\/pl\\\/\"},{\"@type\":\"ListItem\",\"position\":2,\"name\":\"O Finlandii\"}]},{\"@type\":\"WebSite\",\"@id\":\"https:\\\/\\\/kipinahrm.eu\\\/#website\",\"url\":\"https:\\\/\\\/kipinahrm.eu\\\/\",\"name\":\"Henkil\u00f6st\u00f6vuokrausyhti\u00f6 Kipin\u00e4\",\"description\":\"\",\"publisher\":{\"@id\":\"https:\\\/\\\/kipinahrm.eu\\\/#organization\"},\"potentialAction\":[{\"@type\":\"SearchAction\",\"target\":{\"@type\":\"EntryPoint\",\"urlTemplate\":\"https:\\\/\\\/kipinahrm.eu\\\/?s={search_term_string}\"},\"query-input\":{\"@type\":\"PropertyValueSpecification\",\"valueRequired\":true,\"valueName\":\"search_term_string\"}}],\"inLanguage\":\"pl-PL\"},{\"@type\":\"Organization\",\"@id\":\"https:\\\/\\\/kipinahrm.eu\\\/#organization\",\"name\":\"Henki\u00f6st\u00f6vuokrausyhti\u00f6 Kipin\u00e4 Oy\",\"url\":\"https:\\\/\\\/kipinahrm.eu\\\/\",\"logo\":{\"@type\":\"ImageObject\",\"inLanguage\":\"pl-PL\",\"@id\":\"https:\\\/\\\/kipinahrm.eu\\\/#\\\/schema\\\/logo\\\/image\\\/\",\"url\":\"https:\\\/\\\/kipinahrm.eu\\\/wp-content\\\/uploads\\\/2021\\\/09\\\/Kipina-logo_tekstilla_M.png\",\"contentUrl\":\"https:\\\/\\\/kipinahrm.eu\\\/wp-content\\\/uploads\\\/2021\\\/09\\\/Kipina-logo_tekstilla_M.png\",\"width\":561,\"height\":444,\"caption\":\"Henki\u00f6st\u00f6vuokrausyhti\u00f6 Kipin\u00e4 Oy\"},\"image\":{\"@id\":\"https:\\\/\\\/kipinahrm.eu\\\/#\\\/schema\\\/logo\\\/image\\\/\"},\"sameAs\":[\"https:\\\/\\\/m.facebook.com\\\/HenkilostovuokrausKipina\",\"https:\\\/\\\/www.linkedin.com\\\/company\\\/henkilostovuokrausyhtio-kipina-oy\",\"https:\\\/\\\/www.youtube.com\\\/channel\\\/UCTogAPEEPzLjJ8H8v3xjutQ\"]}]}<\/script>\n<!-- \/ Yoast SEO plugin. -->","yoast_head_json":{"title":"O Finlandii - Henkil\u00f6st\u00f6vuokrausyhti\u00f6 Kipin\u00e4","robots":{"index":"index","follow":"follow","max-snippet":"max-snippet:-1","max-image-preview":"max-image-preview:large","max-video-preview":"max-video-preview:-1"},"canonical":"https:\/\/kipinahrm.eu\/pl\/o-finlandii\/","og_locale":"pl_PL","og_type":"article","og_title":"O Finlandii - Henkil\u00f6st\u00f6vuokrausyhti\u00f6 Kipin\u00e4","og_description":"Finlandia w obrazach","og_url":"https:\/\/kipinahrm.eu\/pl\/o-finlandii\/","og_site_name":"Henkil\u00f6st\u00f6vuokrausyhti\u00f6 Kipin\u00e4","article_publisher":"https:\/\/m.facebook.com\/HenkilostovuokrausKipina","article_modified_time":"2023-01-11T21:12:39+00:00","og_image":[{"url":"https:\/\/kipinahrm.eu\/wp-content\/uploads\/2022\/09\/pexels-gerhard-lipold-6043062-scaled.jpg","type":"","width":"","height":""}],"twitter_card":"summary_large_image","twitter_misc":{"Szacowany czas czytania":"5 minut"},"schema":{"@context":"https:\/\/schema.org","@graph":[{"@type":"WebPage","@id":"https:\/\/kipinahrm.eu\/pl\/o-finlandii\/","url":"https:\/\/kipinahrm.eu\/pl\/o-finlandii\/","name":"O Finlandii - Henkil\u00f6st\u00f6vuokrausyhti\u00f6 Kipin\u00e4","isPartOf":{"@id":"https:\/\/kipinahrm.eu\/#website"},"primaryImageOfPage":{"@id":"https:\/\/kipinahrm.eu\/pl\/o-finlandii\/#primaryimage"},"image":{"@id":"https:\/\/kipinahrm.eu\/pl\/o-finlandii\/#primaryimage"},"thumbnailUrl":"https:\/\/kipinahrm.eu\/wp-content\/uploads\/2022\/09\/pexels-gerhard-lipold-6043062-scaled.jpg","datePublished":"2023-01-11T20:46:51+00:00","dateModified":"2023-01-11T21:12:39+00:00","breadcrumb":{"@id":"https:\/\/kipinahrm.eu\/pl\/o-finlandii\/#breadcrumb"},"inLanguage":"pl-PL","potentialAction":[{"@type":"ReadAction","target":["https:\/\/kipinahrm.eu\/pl\/o-finlandii\/"]}]},{"@type":"ImageObject","inLanguage":"pl-PL","@id":"https:\/\/kipinahrm.eu\/pl\/o-finlandii\/#primaryimage","url":"https:\/\/kipinahrm.eu\/wp-content\/uploads\/2022\/09\/pexels-gerhard-lipold-6043062-scaled.jpg","contentUrl":"https:\/\/kipinahrm.eu\/wp-content\/uploads\/2022\/09\/pexels-gerhard-lipold-6043062-scaled.jpg"},{"@type":"BreadcrumbList","@id":"https:\/\/kipinahrm.eu\/pl\/o-finlandii\/#breadcrumb","itemListElement":[{"@type":"ListItem","position":1,"name":"Home","item":"https:\/\/kipinahrm.eu\/pl\/"},{"@type":"ListItem","position":2,"name":"O Finlandii"}]},{"@type":"WebSite","@id":"https:\/\/kipinahrm.eu\/#website","url":"https:\/\/kipinahrm.eu\/","name":"Henkil\u00f6st\u00f6vuokrausyhti\u00f6 Kipin\u00e4","description":"","publisher":{"@id":"https:\/\/kipinahrm.eu\/#organization"},"potentialAction":[{"@type":"SearchAction","target":{"@type":"EntryPoint","urlTemplate":"https:\/\/kipinahrm.eu\/?s={search_term_string}"},"query-input":{"@type":"PropertyValueSpecification","valueRequired":true,"valueName":"search_term_string"}}],"inLanguage":"pl-PL"},{"@type":"Organization","@id":"https:\/\/kipinahrm.eu\/#organization","name":"Henki\u00f6st\u00f6vuokrausyhti\u00f6 Kipin\u00e4 Oy","url":"https:\/\/kipinahrm.eu\/","logo":{"@type":"ImageObject","inLanguage":"pl-PL","@id":"https:\/\/kipinahrm.eu\/#\/schema\/logo\/image\/","url":"https:\/\/kipinahrm.eu\/wp-content\/uploads\/2021\/09\/Kipina-logo_tekstilla_M.png","contentUrl":"https:\/\/kipinahrm.eu\/wp-content\/uploads\/2021\/09\/Kipina-logo_tekstilla_M.png","width":561,"height":444,"caption":"Henki\u00f6st\u00f6vuokrausyhti\u00f6 Kipin\u00e4 Oy"},"image":{"@id":"https:\/\/kipinahrm.eu\/#\/schema\/logo\/image\/"},"sameAs":["https:\/\/m.facebook.com\/HenkilostovuokrausKipina","https:\/\/www.linkedin.com\/company\/henkilostovuokrausyhtio-kipina-oy","https:\/\/www.youtube.com\/channel\/UCTogAPEEPzLjJ8H8v3xjutQ"]}]}},"_links":{"self":[{"href":"https:\/\/kipinahrm.eu\/pl\/wp-json\/wp\/v2\/pages\/1239","targetHints":{"allow":["GET"]}}],"collection":[{"href":"https:\/\/kipinahrm.eu\/pl\/wp-json\/wp\/v2\/pages"}],"about":[{"href":"https:\/\/kipinahrm.eu\/pl\/wp-json\/wp\/v2\/types\/page"}],"author":[{"embeddable":true,"href":"https:\/\/kipinahrm.eu\/pl\/wp-json\/wp\/v2\/users\/1"}],"replies":[{"embeddable":true,"href":"https:\/\/kipinahrm.eu\/pl\/wp-json\/wp\/v2\/comments?post=1239"}],"version-history":[{"count":0,"href":"https:\/\/kipinahrm.eu\/pl\/wp-json\/wp\/v2\/pages\/1239\/revisions"}],"wp:attachment":[{"href":"https:\/\/kipinahrm.eu\/pl\/wp-json\/wp\/v2\/media?parent=1239"}],"curies":[{"name":"wp","href":"https:\/\/api.w.org\/{rel}","templated":true}]}}