{"id":1212,"date":"2023-01-11T18:44:52","date_gmt":"2023-01-11T16:44:52","guid":{"rendered":"https:\/\/kipinahrm.eu\/?page_id=1212"},"modified":"2024-12-03T22:03:07","modified_gmt":"2024-12-03T20:03:07","slug":"frontpage","status":"publish","type":"page","link":"https:\/\/kipinahrm.eu\/pl\/","title":{"rendered":"Frontpage"},"content":{"rendered":"\n<div class=\"wp-block-khrm-content-box content-banner-1 row m-0\"><div class=\"col-10 col-lg-3 offset-0-5 offset-lg-1\"><h2 class=\"rs-50 fw-b fc-blue\">Praca w Finlandi<\/h2><\/div><div class=\"col-11 col-lg-6 offset-0-5 offset-lg-1 offset-xl-0 r-22 fw-n fc-black lh-1-5\"><p>Biuro po\u015brednictwa pracy i rekrutacji Kipin\u00e4 Oy powsta\u0142o w 2010 roku. Przez lata naszej dzia\u0142alno\u015bci koncentrowali\u015bmy si\u0119 na rekrutacji pracownik\u00f3w z zagranicy do Finlandii. Kipin\u00e4 posiada w\u0142asne podmioty rekrutacyjne w Rumunii &#8211; Kipina HRM RO srl oraz w Bu\u0142garii &#8211; Kipina BG OOD, a tak\u017ce lokalne biuro rekrutacji i zatrudnienia w Polsce Ilves Sp. z o.o. Ponadto Kipin\u00e4 ma wieloletnich partner\u00f3w, mi\u0119dzy innymi na S\u0142owacji i w Indiach.<\/p><\/div><\/div>\n\n\n\n<div class=\"wp-block-khrm-content-box-2-pl content-banner-2 row m-0\"><div class=\"col-11 col-lg-6 offset-0-5 offset-lg-1\"><div class=\"col-10 rs-40 fw-b fc-blue lh-2\"><h2 class=\"rs-40 fw-b fc-blue lh-2\">Uczciwo\u015b\u0107 w us\u0142ugach po\u015brednictwa pracy od ponad dziesi\u0119ciu lat<\/h2><\/div><div class=\"col-11 col-lg-12 offset-lg-1\"><p class=\"r-20 fw-n fc-black lh-1-5\">Kipin\u00e4 jest cz\u0142onkiem Henkil\u00f6st\u00f6palveluyritysten Liitto HELA (Stowarzyszenie Firm Us\u0142ug Personalnych). Obrazuje to odpowiedzialno\u015b\u0107 Kipiny jako partnera, kt\u00f3ry zawsze dzia\u0142a zgodnie z obowi\u0105zuj\u0105cym prawem. W rezultacie zatrudnienie za po\u015brednictwem biura Kipin\u00e4 jest zawsze rzetelne zar\u00f3wno dla pracownika, jak i dla firmy korzystaj\u0105cej z personelu agencji po\u015brednictwa pracy. Staramy si\u0119 zapewni\u0107 obs\u0142ug\u0119 zar\u00f3wno naszym klientom, jak i naszym pracownikom w ich w\u0142asnym j\u0119zyku, tak aby wsp\u00f3\u0142praca mi\u0119dzy klientem a pracownikiem przebiega\u0142a jak najbardziej p\u0142ynnie.<\/p><\/div><div class=\"col-10\"><h2 class=\"rs-40 fw-b fc-blue lh-2\">O Finlandii<\/h2><\/div><div class=\"col-11 col-lg-12 offset-lg-1\"><p class=\"r-20 fw-n fc-black lh-1-5\">Finlandia oferuje pracownikom dobre warunki pracy. Jest to jeden z g\u0142\u00f3wnych powod\u00f3w, dla kt\u00f3rych ludzie decyduj\u0105 si\u0119 na prac\u0119 w Finlandii. Regularny czas pracy to zwykle maksymalnie 8 godzin dziennie i 40 godzin tygodniowo. Finlandia przyk\u0142ada du\u017c\u0105 wag\u0119 do r\u00f3wno\u015bci i wsp\u00f3\u0142pracy w miejscu pracy. Na tle innych kraj\u00f3w Finlandia plasuje si\u0119 bardzo wysoko pod wzgl\u0119dem bezpiecze\u0144stwa, niskiej hierarchii w miejscu pracy i du\u017cej samodzielno\u015bci pracownik\u00f3w. Finlandia to tak\u017ce dobre miejsce dla tych, kt\u00f3rzy chc\u0105 si\u0119 doskonali\u0107 i zdoby\u0107 dodatkowe wykszta\u0142cenie. Pracodawcy s\u0105 ch\u0119tni do inwestowania w swoich pracownik\u00f3w i wspierania tych, kt\u00f3rzy chc\u0105 podnosi\u0107 swoje umiej\u0119tno\u015bci i wiedz\u0119.<\/p><\/div><\/div><div id=\"jobseeker-container\" class=\"col-12 col-lg-4 p-0 offset-0 offset-lg-1\"><div class=\"text-center p-lg-5 col-12 main-attention-box-top-container\"><div class=\"main-attention-box bg-orange\"><p class=\"m-auto rs-25 fw-b fc-white lh-2\">Are you looking for work in Finland?<\/p><p class=\"m-auto rs-20 fw-b fc-white lh-1-8\">This link takes you to our open jobs site.<\/p><a href=\"\/open-jobs\" class=\"btn btn-attention-box my-3\">Open jobs<\/a><\/div><\/div><div class=\"text-center p-lg-5 col-12 main-attention-box-bottom-container\"><div class=\"main-attention-box bg-light-blue\"><p class=\"m-auto rs-20 fw-b fc-blue\">Kipin\u00e4 is always fair to both the employee and the employer.<\/p><img decoding=\"async\" src=\"\/wp-content\/uploads\/2022\/12\/reliable_partner_logo_green.jpg\" class=\"main-attention-box-image\"\/><img decoding=\"async\" src=\"\/wp-content\/uploads\/2021\/03\/hpl_logo-uusi.png\" class=\"main-attention-box-image\"\/><\/div><\/div><\/div><\/div>\n\n\n\n<div class=\"wp-block-khrm-content-box-3-en content-banner-3 row m-0\"><div class=\"col-6 offset-1\"><div class=\"col-10 rs-30 fw-b fc-white\">Stefan Baranceanu &#8211; Professional who works in Finland<\/div><div class=\"col-12 offset-1 r-20 fw-n fc-white lh-1-5\">Originally from Romania Baranceanu works in Finland at Ata Gears Oy, which is world\u00b4s leading manufacturer of spiral bevel gears. Stefan praises how Kipin\u00e4 Oy&#8217;s friendly employees helped him to get a job where he &#8222;feels like home&#8221;.<br\/><button type=\"button\" id=\"playButton\" class=\"btn btn-orange rc-20 fc-white my-5 p-2\">Watch video<img decoding=\"async\" src=\"\/wp-content\/uploads\/2021\/04\/playbutton.png\"\/><\/button><\/div><\/div><div class=\"col-12 col-lg-4 p-0 offset-0 offset-lg-1\"><div class=\"text-center p-lg-5 col-12\" style=\"height: 100%\"><iframe loading=\"lazy\" id=\"videoFrame\" width=\"100%\" height=\"100%\" title=\"YouTube video player\" frameborder=\"0\" allow=\"accelerometer; autoplay; clipboard-write; encrypted-media; gyroscope; picture-in-picture\" src=\"https:\/\/www.youtube.com\/embed\/LPV_8GtDTII?controls=0&amp;rel=0&amp;modestbranding=1\"><\/iframe><\/div><\/div><\/div>\n\n\n\n<div class=\"wp-block-khrm-content-box-jobsnews content-banner-4 row justify-content-center m-0\"><div class=\"content-banner-4-content col-12 col-lg-11 justify-content-between row py-4\"><div class=\"col-10 offset-1 offset-lg-0 col-lg-5-7 rs-30 fw-b\"><div class=\"px-4 row mb-3\"><h3 class=\"jobs_title\">Oferty pracy<\/h3><\/div><hr class=\"half\"\/><div class=\"px-4 row h-75\" id=\"open-jobs-container\"><\/div><div class=\"px-4 row\"><div class=\"col-6\"><a class=\"btn btn-orange d-block fc-white rc-20 p-2 w-auto px-5\" href=\"\/open-jobs\">More jobs<\/a><\/div><div class=\"col-6\"><a class=\"btn btn-orange d-block fc-white rc-20 p-2 w-auto px-5\" href=\"https:\/\/kipina.likeit.fi\/apply\/785345\">File an open application<\/a><\/div><\/div><\/div><div class=\"vl separator-bl col-0-1 d-none d-lg-block\"><\/div><div id=\"news-container\" class=\"col-10 offset-1 offset-lg-0 col-lg-5-7\"><div class=\"rs-30 fw-b fc-black\"><h3 class=\"news_title\">Aktualno\u015bci<\/h3><\/div><hr class=\"half\"\/><div class=\"rs-20 fw-n fc-black lh-1-5\"><ul class=\"wp-block-latest-posts__list has-dates wp-block-latest-posts\"><\/ul><\/div><\/div><\/div><\/div>\n","protected":false},"excerpt":{"rendered":"","protected":false},"author":1,"featured_media":1171,"parent":0,"menu_order":0,"comment_status":"closed","ping_status":"closed","template":"frontpage-pl.php","meta":{"_improvement_type_select":"improve_an_existing","_thumb_yes_seoaic":false,"_frame_yes_seoaic":false,"seoaic_generate_description":"","seoaic_improve_instructions_prompt":"","seoaic_rollback_content_improvement":"","seoaic_idea_thumbnail_generator":"","thumbnail_generated":false,"thumbnail_generate_prompt":"","seoaic_article_description":"","footnotes":""},"class_list":["post-1212","page","type-page","status-publish","has-post-thumbnail","hentry"],"yoast_head":"<!-- This site is optimized with the Yoast SEO plugin v27.3 - https:\/\/yoast.com\/product\/yoast-seo-wordpress\/ -->\n<title>Frontpage - Henkil\u00f6st\u00f6vuokrausyhti\u00f6 Kipin\u00e4<\/title>\n<meta name=\"robots\" content=\"index, follow, max-snippet:-1, max-image-preview:large, max-video-preview:-1\" \/>\n<link rel=\"canonical\" href=\"https:\/\/kipinahrm.eu\/pl\/\" \/>\n<meta property=\"og:locale\" content=\"pl_PL\" \/>\n<meta property=\"og:type\" content=\"article\" \/>\n<meta property=\"og:title\" content=\"Frontpage - Henkil\u00f6st\u00f6vuokrausyhti\u00f6 Kipin\u00e4\" \/>\n<meta property=\"og:url\" content=\"https:\/\/kipinahrm.eu\/pl\/\" \/>\n<meta property=\"og:site_name\" content=\"Henkil\u00f6st\u00f6vuokrausyhti\u00f6 Kipin\u00e4\" \/>\n<meta property=\"article:publisher\" content=\"https:\/\/m.facebook.com\/HenkilostovuokrausKipina\" \/>\n<meta property=\"article:modified_time\" content=\"2024-12-03T20:03:07+00:00\" \/>\n<meta property=\"og:image\" content=\"https:\/\/kipinahrm.eu\/wp-content\/uploads\/2021\/09\/Kipina-logo_tekstilla_M.png\" \/>\n\t<meta property=\"og:image:width\" content=\"561\" \/>\n\t<meta property=\"og:image:height\" content=\"444\" \/>\n\t<meta property=\"og:image:type\" content=\"image\/png\" \/>\n<meta name=\"twitter:card\" content=\"summary_large_image\" \/>\n<meta name=\"twitter:label1\" content=\"Szacowany czas czytania\" \/>\n\t<meta name=\"twitter:data1\" content=\"3 minuty\" \/>\n<script type=\"application\/ld+json\" class=\"yoast-schema-graph\">{\"@context\":\"https:\\\/\\\/schema.org\",\"@graph\":[{\"@type\":\"WebPage\",\"@id\":\"https:\\\/\\\/kipinahrm.eu\\\/pl\\\/\",\"url\":\"https:\\\/\\\/kipinahrm.eu\\\/pl\\\/\",\"name\":\"Frontpage - Henkil\u00f6st\u00f6vuokrausyhti\u00f6 Kipin\u00e4\",\"isPartOf\":{\"@id\":\"https:\\\/\\\/kipinahrm.eu\\\/#website\"},\"primaryImageOfPage\":{\"@id\":\"https:\\\/\\\/kipinahrm.eu\\\/pl\\\/#primaryimage\"},\"image\":{\"@id\":\"https:\\\/\\\/kipinahrm.eu\\\/pl\\\/#primaryimage\"},\"thumbnailUrl\":\"https:\\\/\\\/kipinahrm.eu\\\/wp-content\\\/uploads\\\/2021\\\/09\\\/Kipina-logo_tekstilla_M.png\",\"datePublished\":\"2023-01-11T16:44:52+00:00\",\"dateModified\":\"2024-12-03T20:03:07+00:00\",\"breadcrumb\":{\"@id\":\"https:\\\/\\\/kipinahrm.eu\\\/pl\\\/#breadcrumb\"},\"inLanguage\":\"pl-PL\",\"potentialAction\":[{\"@type\":\"ReadAction\",\"target\":[\"https:\\\/\\\/kipinahrm.eu\\\/pl\\\/\"]}]},{\"@type\":\"ImageObject\",\"inLanguage\":\"pl-PL\",\"@id\":\"https:\\\/\\\/kipinahrm.eu\\\/pl\\\/#primaryimage\",\"url\":\"https:\\\/\\\/kipinahrm.eu\\\/wp-content\\\/uploads\\\/2021\\\/09\\\/Kipina-logo_tekstilla_M.png\",\"contentUrl\":\"https:\\\/\\\/kipinahrm.eu\\\/wp-content\\\/uploads\\\/2021\\\/09\\\/Kipina-logo_tekstilla_M.png\",\"width\":561,\"height\":444},{\"@type\":\"BreadcrumbList\",\"@id\":\"https:\\\/\\\/kipinahrm.eu\\\/pl\\\/#breadcrumb\",\"itemListElement\":[{\"@type\":\"ListItem\",\"position\":1,\"name\":\"Home\",\"item\":\"https:\\\/\\\/kipinahrm.eu\\\/pl\\\/\"},{\"@type\":\"ListItem\",\"position\":2,\"name\":\"Frontpage\"}]},{\"@type\":\"WebSite\",\"@id\":\"https:\\\/\\\/kipinahrm.eu\\\/#website\",\"url\":\"https:\\\/\\\/kipinahrm.eu\\\/\",\"name\":\"Henkil\u00f6st\u00f6vuokrausyhti\u00f6 Kipin\u00e4\",\"description\":\"\",\"publisher\":{\"@id\":\"https:\\\/\\\/kipinahrm.eu\\\/#organization\"},\"potentialAction\":[{\"@type\":\"SearchAction\",\"target\":{\"@type\":\"EntryPoint\",\"urlTemplate\":\"https:\\\/\\\/kipinahrm.eu\\\/?s={search_term_string}\"},\"query-input\":{\"@type\":\"PropertyValueSpecification\",\"valueRequired\":true,\"valueName\":\"search_term_string\"}}],\"inLanguage\":\"pl-PL\"},{\"@type\":\"Organization\",\"@id\":\"https:\\\/\\\/kipinahrm.eu\\\/#organization\",\"name\":\"Henki\u00f6st\u00f6vuokrausyhti\u00f6 Kipin\u00e4 Oy\",\"url\":\"https:\\\/\\\/kipinahrm.eu\\\/\",\"logo\":{\"@type\":\"ImageObject\",\"inLanguage\":\"pl-PL\",\"@id\":\"https:\\\/\\\/kipinahrm.eu\\\/#\\\/schema\\\/logo\\\/image\\\/\",\"url\":\"https:\\\/\\\/kipinahrm.eu\\\/wp-content\\\/uploads\\\/2021\\\/09\\\/Kipina-logo_tekstilla_M.png\",\"contentUrl\":\"https:\\\/\\\/kipinahrm.eu\\\/wp-content\\\/uploads\\\/2021\\\/09\\\/Kipina-logo_tekstilla_M.png\",\"width\":561,\"height\":444,\"caption\":\"Henki\u00f6st\u00f6vuokrausyhti\u00f6 Kipin\u00e4 Oy\"},\"image\":{\"@id\":\"https:\\\/\\\/kipinahrm.eu\\\/#\\\/schema\\\/logo\\\/image\\\/\"},\"sameAs\":[\"https:\\\/\\\/m.facebook.com\\\/HenkilostovuokrausKipina\",\"https:\\\/\\\/www.linkedin.com\\\/company\\\/henkilostovuokrausyhtio-kipina-oy\",\"https:\\\/\\\/www.youtube.com\\\/channel\\\/UCTogAPEEPzLjJ8H8v3xjutQ\"]}]}<\/script>\n<!-- \/ Yoast SEO plugin. -->","yoast_head_json":{"title":"Frontpage - Henkil\u00f6st\u00f6vuokrausyhti\u00f6 Kipin\u00e4","robots":{"index":"index","follow":"follow","max-snippet":"max-snippet:-1","max-image-preview":"max-image-preview:large","max-video-preview":"max-video-preview:-1"},"canonical":"https:\/\/kipinahrm.eu\/pl\/","og_locale":"pl_PL","og_type":"article","og_title":"Frontpage - Henkil\u00f6st\u00f6vuokrausyhti\u00f6 Kipin\u00e4","og_url":"https:\/\/kipinahrm.eu\/pl\/","og_site_name":"Henkil\u00f6st\u00f6vuokrausyhti\u00f6 Kipin\u00e4","article_publisher":"https:\/\/m.facebook.com\/HenkilostovuokrausKipina","article_modified_time":"2024-12-03T20:03:07+00:00","og_image":[{"width":561,"height":444,"url":"https:\/\/kipinahrm.eu\/wp-content\/uploads\/2021\/09\/Kipina-logo_tekstilla_M.png","type":"image\/png"}],"twitter_card":"summary_large_image","twitter_misc":{"Szacowany czas czytania":"3 minuty"},"schema":{"@context":"https:\/\/schema.org","@graph":[{"@type":"WebPage","@id":"https:\/\/kipinahrm.eu\/pl\/","url":"https:\/\/kipinahrm.eu\/pl\/","name":"Frontpage - Henkil\u00f6st\u00f6vuokrausyhti\u00f6 Kipin\u00e4","isPartOf":{"@id":"https:\/\/kipinahrm.eu\/#website"},"primaryImageOfPage":{"@id":"https:\/\/kipinahrm.eu\/pl\/#primaryimage"},"image":{"@id":"https:\/\/kipinahrm.eu\/pl\/#primaryimage"},"thumbnailUrl":"https:\/\/kipinahrm.eu\/wp-content\/uploads\/2021\/09\/Kipina-logo_tekstilla_M.png","datePublished":"2023-01-11T16:44:52+00:00","dateModified":"2024-12-03T20:03:07+00:00","breadcrumb":{"@id":"https:\/\/kipinahrm.eu\/pl\/#breadcrumb"},"inLanguage":"pl-PL","potentialAction":[{"@type":"ReadAction","target":["https:\/\/kipinahrm.eu\/pl\/"]}]},{"@type":"ImageObject","inLanguage":"pl-PL","@id":"https:\/\/kipinahrm.eu\/pl\/#primaryimage","url":"https:\/\/kipinahrm.eu\/wp-content\/uploads\/2021\/09\/Kipina-logo_tekstilla_M.png","contentUrl":"https:\/\/kipinahrm.eu\/wp-content\/uploads\/2021\/09\/Kipina-logo_tekstilla_M.png","width":561,"height":444},{"@type":"BreadcrumbList","@id":"https:\/\/kipinahrm.eu\/pl\/#breadcrumb","itemListElement":[{"@type":"ListItem","position":1,"name":"Home","item":"https:\/\/kipinahrm.eu\/pl\/"},{"@type":"ListItem","position":2,"name":"Frontpage"}]},{"@type":"WebSite","@id":"https:\/\/kipinahrm.eu\/#website","url":"https:\/\/kipinahrm.eu\/","name":"Henkil\u00f6st\u00f6vuokrausyhti\u00f6 Kipin\u00e4","description":"","publisher":{"@id":"https:\/\/kipinahrm.eu\/#organization"},"potentialAction":[{"@type":"SearchAction","target":{"@type":"EntryPoint","urlTemplate":"https:\/\/kipinahrm.eu\/?s={search_term_string}"},"query-input":{"@type":"PropertyValueSpecification","valueRequired":true,"valueName":"search_term_string"}}],"inLanguage":"pl-PL"},{"@type":"Organization","@id":"https:\/\/kipinahrm.eu\/#organization","name":"Henki\u00f6st\u00f6vuokrausyhti\u00f6 Kipin\u00e4 Oy","url":"https:\/\/kipinahrm.eu\/","logo":{"@type":"ImageObject","inLanguage":"pl-PL","@id":"https:\/\/kipinahrm.eu\/#\/schema\/logo\/image\/","url":"https:\/\/kipinahrm.eu\/wp-content\/uploads\/2021\/09\/Kipina-logo_tekstilla_M.png","contentUrl":"https:\/\/kipinahrm.eu\/wp-content\/uploads\/2021\/09\/Kipina-logo_tekstilla_M.png","width":561,"height":444,"caption":"Henki\u00f6st\u00f6vuokrausyhti\u00f6 Kipin\u00e4 Oy"},"image":{"@id":"https:\/\/kipinahrm.eu\/#\/schema\/logo\/image\/"},"sameAs":["https:\/\/m.facebook.com\/HenkilostovuokrausKipina","https:\/\/www.linkedin.com\/company\/henkilostovuokrausyhtio-kipina-oy","https:\/\/www.youtube.com\/channel\/UCTogAPEEPzLjJ8H8v3xjutQ"]}]}},"_links":{"self":[{"href":"https:\/\/kipinahrm.eu\/pl\/wp-json\/wp\/v2\/pages\/1212","targetHints":{"allow":["GET"]}}],"collection":[{"href":"https:\/\/kipinahrm.eu\/pl\/wp-json\/wp\/v2\/pages"}],"about":[{"href":"https:\/\/kipinahrm.eu\/pl\/wp-json\/wp\/v2\/types\/page"}],"author":[{"embeddable":true,"href":"https:\/\/kipinahrm.eu\/pl\/wp-json\/wp\/v2\/users\/1"}],"replies":[{"embeddable":true,"href":"https:\/\/kipinahrm.eu\/pl\/wp-json\/wp\/v2\/comments?post=1212"}],"version-history":[{"count":0,"href":"https:\/\/kipinahrm.eu\/pl\/wp-json\/wp\/v2\/pages\/1212\/revisions"}],"wp:featuredmedia":[{"embeddable":true,"href":"https:\/\/kipinahrm.eu\/pl\/wp-json\/wp\/v2\/media\/1171"}],"wp:attachment":[{"href":"https:\/\/kipinahrm.eu\/pl\/wp-json\/wp\/v2\/media?parent=1212"}],"curies":[{"name":"wp","href":"https:\/\/api.w.org\/{rel}","templated":true}]}}