{"id":733,"date":"2021-10-15T14:42:05","date_gmt":"2021-10-15T11:42:05","guid":{"rendered":"https:\/\/kipinahrm.eu\/?page_id=733"},"modified":"2021-10-15T14:42:05","modified_gmt":"2021-10-15T11:42:05","slug":"asiakastarinat","status":"publish","type":"page","link":"https:\/\/kipinahrm.eu\/fi\/ajankohtaista\/asiakastarinat\/","title":{"rendered":"Asiakastarinat"},"content":{"rendered":"\n<div class=\"wp-block-query is-layout-flow wp-block-query-is-layout-flow\"><ul class=\"blog-excerpt-list uutiset-list wp-block-post-template is-layout-flow wp-block-post-template-is-layout-flow\"><li class=\"wp-block-post post-1259 post type-post status-publish format-standard hentry category-asiakastarinat\">\n<h2 class=\"rs-30 fw-b blog-title wp-block-post-title\">ATA Gears Oy\u00a0&#8211; Haastateltavana tuotantojohtaja Marko Nummi<\/h2>\n\n\n<div class=\"wp-block-columns is-layout-flex wp-container-core-columns-is-layout-9d6595d7 wp-block-columns-is-layout-flex\">\n<div class=\"wp-block-column is-layout-flow wp-block-column-is-layout-flow\" style=\"flex-basis:67%\"><div class=\"wp-block-post-excerpt\"><p class=\"wp-block-post-excerpt__excerpt\">Tuotantojohtaja Marko Nummi&nbsp;ATA Gearsilta&nbsp;kertoo, ett\u00e4 he miettiv\u00e4t yhdess\u00e4 Henkil\u00f6st\u00f6vuokrausyhti\u00f6 Kipin\u00e4n kanssa yhteisty\u00f6mahdollisuuksia ulkomaisten ty\u00f6ntekij\u00f6iden kartoittamisessa, ja homma etenikin nopeasti hyv\u00e4ss\u00e4 hengess\u00e4. \u201dP\u00e4iv\u00e4\u00e4k\u00e4\u00e4n ei ole tarvinnut katua ammattitaitoisen Stefanin palkkaamista. Voin hyvill\u00e4 mielin suositella Kipin\u00e4n palveluita muillekin ty\u00f6nantajille\u201d, Nummi mainitsee.<\/p><p class=\"wp-block-post-excerpt__more-text\"><a class=\"wp-block-post-excerpt__more-link\" href=\"https:\/\/kipinahrm.eu\/fi\/asiakastarinat\/asiakastarina-ata-gears-oy-haastateltavana-tuotantojohtaja-marko-nummi\/\">Lue lis\u00e4\u00e4<\/a><\/p><\/div><\/div>\n\n\n\n<div class=\"wp-block-column is-layout-flow wp-block-column-is-layout-flow\" style=\"flex-basis:32%\"><\/div>\n<\/div>\n\n<\/li><li class=\"wp-block-post post-1266 post type-post status-publish format-standard hentry category-asiakastarinat\">\n<h2 class=\"rs-30 fw-b blog-title wp-block-post-title\">Asiakastarina: Refimex Machinery Oy. Miten yhteisty\u00f6mme on alkanut<\/h2>\n\n\n<div class=\"wp-block-columns is-layout-flex wp-container-core-columns-is-layout-9d6595d7 wp-block-columns-is-layout-flex\">\n<div class=\"wp-block-column is-layout-flow wp-block-column-is-layout-flow\" style=\"flex-basis:67%\"><div class=\"wp-block-post-excerpt\"><p class=\"wp-block-post-excerpt__excerpt\">Refimex Machinery Oy:n kaupallinen johtaja Kai-Pekka Tuomisto kertoo, ett\u00e4 yhteisty\u00f6 Kipin\u00e4 Oy:n kanssa on sujunut mutkattomasti vaikeasta pandemiatilanteesta huolimatta. Tuomisto kiittelee, kuinka he saivat Kipin\u00e4n kautta haluamaansa ammattitaitoista ja motivoitunutta ty\u00f6voimaa.<\/p><p class=\"wp-block-post-excerpt__more-text\"><a class=\"wp-block-post-excerpt__more-link\" href=\"https:\/\/kipinahrm.eu\/fi\/asiakastarinat\/asiakastarina-refimex-machinery-oy-miten-yhteistyomme-on-alkanut\/\">Lue lis\u00e4\u00e4<\/a><\/p><\/div><\/div>\n\n\n\n<div class=\"wp-block-column is-layout-flow wp-block-column-is-layout-flow\" style=\"flex-basis:32%\"><\/div>\n<\/div>\n\n<\/li><li class=\"wp-block-post post-694 post type-post status-publish format-standard has-post-thumbnail hentry category-asiakastarinat category-kipinantarina\">\n<h2 class=\"rs-30 fw-b blog-title wp-block-post-title\">8. osa: Niemen Tehtaiden 1. kuukauden ty\u00f6ntekij\u00e4 on Kipin\u00e4n Stanimir<\/h2>\n\n\n<div class=\"wp-block-columns is-layout-flex wp-container-core-columns-is-layout-9d6595d7 wp-block-columns-is-layout-flex\">\n<div class=\"wp-block-column is-layout-flow wp-block-column-is-layout-flow\" style=\"flex-basis:67%\"><div class=\"wp-block-post-excerpt\"><p class=\"wp-block-post-excerpt__excerpt\">Niemen Tehtaat on pirkanmaalainen perheyritys, joka on valmistanut puusta tuotteita jo yli 120 vuotta. Heid\u00e4n tuotteidensa odotetaan t\u00e4ytt\u00e4v\u00e4t tiukat laatukriteerit ja mm. t\u00e4st\u00e4 syyst\u00e4 tuotanto on pitk\u00e4lle automatisoitu. Se vaatii ty\u00f6ntekij\u00f6ilt\u00e4 oikeanlaista koulutusta ja osaamista. Lokakuussa toimitusjohtaja Panu Niemi lanseerasi uuden palkitsemismallin, jossa palkitaan ty\u00f6ntekij\u00e4n, joka on inspiroinut ja auttanut muita ty\u00f6ntekij\u00f6it\u00e4 kehittym\u00e4\u00e4n sek\u00e4 menestym\u00e4\u00e4n<\/p><p class=\"wp-block-post-excerpt__more-text\"><a class=\"wp-block-post-excerpt__more-link\" href=\"https:\/\/kipinahrm.eu\/fi\/kipinantarina\/8-osa-niemen-tehtaiden-1-kuukauden-tyontekija-on-kipinan-stanimir\/\">Lue lis\u00e4\u00e4<\/a><\/p><\/div><\/div>\n\n\n\n<div class=\"wp-block-column is-layout-flow wp-block-column-is-layout-flow\" style=\"flex-basis:32%\"><figure class=\"wp-block-post-featured-image\"><img loading=\"lazy\" decoding=\"async\" width=\"634\" height=\"463\" src=\"https:\/\/kipinahrm.eu\/wp-content\/uploads\/2021\/10\/0a3b02ab-f1c7-4339-8a68-7e10332e91e8.jpg\" class=\"attachment-post-thumbnail size-post-thumbnail wp-post-image\" alt=\"\" style=\"object-fit:cover;\" srcset=\"https:\/\/kipinahrm.eu\/wp-content\/uploads\/2021\/10\/0a3b02ab-f1c7-4339-8a68-7e10332e91e8.jpg 634w, https:\/\/kipinahrm.eu\/wp-content\/uploads\/2021\/10\/0a3b02ab-f1c7-4339-8a68-7e10332e91e8-300x219.jpg 300w\" sizes=\"auto, (max-width: 634px) 100vw, 634px\" \/><\/figure><\/div>\n<\/div>\n\n<\/li><\/ul>\n\n<nav class=\"wp-block-query-pagination is-layout-flex wp-block-query-pagination-is-layout-flex\" aria-label=\"Sivutus\">\n<div class=\"wp-block-query-pagination\">\n\n\n\n<\/div>\n<\/nav><\/div>\n","protected":false},"excerpt":{"rendered":"","protected":false},"author":1,"featured_media":0,"parent":230,"menu_order":0,"comment_status":"closed","ping_status":"closed","template":"page-blog-list.php","meta":{"_improvement_type_select":"improve_an_existing","_thumb_yes_seoaic":false,"_frame_yes_seoaic":false,"seoaic_generate_description":"","seoaic_improve_instructions_prompt":"","seoaic_rollback_content_improvement":"","seoaic_idea_thumbnail_generator":"","thumbnail_generated":false,"thumbnail_generate_prompt":"","seoaic_article_description":"","footnotes":""},"class_list":["post-733","page","type-page","status-publish","hentry"],"yoast_head":"<!-- This site is optimized with the Yoast SEO plugin v27.4 - https:\/\/yoast.com\/product\/yoast-seo-wordpress\/ -->\n<title>Asiakastarinat - Henkil\u00f6st\u00f6vuokrausyhti\u00f6 Kipin\u00e4<\/title>\n<meta name=\"robots\" content=\"index, follow, max-snippet:-1, max-image-preview:large, max-video-preview:-1\" \/>\n<link rel=\"canonical\" href=\"https:\/\/kipinahrm.eu\/fi\/ajankohtaista\/asiakastarinat\/\" \/>\n<meta property=\"og:locale\" content=\"fi_FI\" \/>\n<meta property=\"og:type\" content=\"article\" \/>\n<meta property=\"og:title\" content=\"Asiakastarinat - Henkil\u00f6st\u00f6vuokrausyhti\u00f6 Kipin\u00e4\" \/>\n<meta property=\"og:url\" content=\"https:\/\/kipinahrm.eu\/fi\/ajankohtaista\/asiakastarinat\/\" \/>\n<meta property=\"og:site_name\" content=\"Henkil\u00f6st\u00f6vuokrausyhti\u00f6 Kipin\u00e4\" \/>\n<meta property=\"article:publisher\" content=\"https:\/\/m.facebook.com\/HenkilostovuokrausKipina\" \/>\n<meta name=\"twitter:card\" content=\"summary_large_image\" \/>\n<script type=\"application\/ld+json\" class=\"yoast-schema-graph\">{\"@context\":\"https:\\\/\\\/schema.org\",\"@graph\":[{\"@type\":\"WebPage\",\"@id\":\"https:\\\/\\\/kipinahrm.eu\\\/fi\\\/ajankohtaista\\\/asiakastarinat\\\/\",\"url\":\"https:\\\/\\\/kipinahrm.eu\\\/fi\\\/ajankohtaista\\\/asiakastarinat\\\/\",\"name\":\"Asiakastarinat - Henkil\u00f6st\u00f6vuokrausyhti\u00f6 Kipin\u00e4\",\"isPartOf\":{\"@id\":\"https:\\\/\\\/kipinahrm.eu\\\/#website\"},\"datePublished\":\"2021-10-15T11:42:05+00:00\",\"breadcrumb\":{\"@id\":\"https:\\\/\\\/kipinahrm.eu\\\/fi\\\/ajankohtaista\\\/asiakastarinat\\\/#breadcrumb\"},\"inLanguage\":\"fi\",\"potentialAction\":[{\"@type\":\"ReadAction\",\"target\":[\"https:\\\/\\\/kipinahrm.eu\\\/fi\\\/ajankohtaista\\\/asiakastarinat\\\/\"]}]},{\"@type\":\"BreadcrumbList\",\"@id\":\"https:\\\/\\\/kipinahrm.eu\\\/fi\\\/ajankohtaista\\\/asiakastarinat\\\/#breadcrumb\",\"itemListElement\":[{\"@type\":\"ListItem\",\"position\":1,\"name\":\"Home\",\"item\":\"https:\\\/\\\/kipinahrm.eu\\\/fi\\\/\"},{\"@type\":\"ListItem\",\"position\":2,\"name\":\"Ajankohtaista\",\"item\":\"https:\\\/\\\/kipinahrm.eu\\\/fi\\\/ajankohtaista\\\/\"},{\"@type\":\"ListItem\",\"position\":3,\"name\":\"Asiakastarinat\"}]},{\"@type\":\"WebSite\",\"@id\":\"https:\\\/\\\/kipinahrm.eu\\\/#website\",\"url\":\"https:\\\/\\\/kipinahrm.eu\\\/\",\"name\":\"Henkil\u00f6st\u00f6vuokrausyhti\u00f6 Kipin\u00e4\",\"description\":\"\",\"publisher\":{\"@id\":\"https:\\\/\\\/kipinahrm.eu\\\/#organization\"},\"potentialAction\":[{\"@type\":\"SearchAction\",\"target\":{\"@type\":\"EntryPoint\",\"urlTemplate\":\"https:\\\/\\\/kipinahrm.eu\\\/?s={search_term_string}\"},\"query-input\":{\"@type\":\"PropertyValueSpecification\",\"valueRequired\":true,\"valueName\":\"search_term_string\"}}],\"inLanguage\":\"fi\"},{\"@type\":\"Organization\",\"@id\":\"https:\\\/\\\/kipinahrm.eu\\\/#organization\",\"name\":\"Henki\u00f6st\u00f6vuokrausyhti\u00f6 Kipin\u00e4 Oy\",\"url\":\"https:\\\/\\\/kipinahrm.eu\\\/\",\"logo\":{\"@type\":\"ImageObject\",\"inLanguage\":\"fi\",\"@id\":\"https:\\\/\\\/kipinahrm.eu\\\/#\\\/schema\\\/logo\\\/image\\\/\",\"url\":\"https:\\\/\\\/kipinahrm.eu\\\/wp-content\\\/uploads\\\/2021\\\/09\\\/Kipina-logo_tekstilla_M.png\",\"contentUrl\":\"https:\\\/\\\/kipinahrm.eu\\\/wp-content\\\/uploads\\\/2021\\\/09\\\/Kipina-logo_tekstilla_M.png\",\"width\":561,\"height\":444,\"caption\":\"Henki\u00f6st\u00f6vuokrausyhti\u00f6 Kipin\u00e4 Oy\"},\"image\":{\"@id\":\"https:\\\/\\\/kipinahrm.eu\\\/#\\\/schema\\\/logo\\\/image\\\/\"},\"sameAs\":[\"https:\\\/\\\/m.facebook.com\\\/HenkilostovuokrausKipina\",\"https:\\\/\\\/www.linkedin.com\\\/company\\\/henkilostovuokrausyhtio-kipina-oy\",\"https:\\\/\\\/www.youtube.com\\\/channel\\\/UCTogAPEEPzLjJ8H8v3xjutQ\"]}]}<\/script>\n<!-- \/ Yoast SEO plugin. -->","yoast_head_json":{"title":"Asiakastarinat - Henkil\u00f6st\u00f6vuokrausyhti\u00f6 Kipin\u00e4","robots":{"index":"index","follow":"follow","max-snippet":"max-snippet:-1","max-image-preview":"max-image-preview:large","max-video-preview":"max-video-preview:-1"},"canonical":"https:\/\/kipinahrm.eu\/fi\/ajankohtaista\/asiakastarinat\/","og_locale":"fi_FI","og_type":"article","og_title":"Asiakastarinat - Henkil\u00f6st\u00f6vuokrausyhti\u00f6 Kipin\u00e4","og_url":"https:\/\/kipinahrm.eu\/fi\/ajankohtaista\/asiakastarinat\/","og_site_name":"Henkil\u00f6st\u00f6vuokrausyhti\u00f6 Kipin\u00e4","article_publisher":"https:\/\/m.facebook.com\/HenkilostovuokrausKipina","twitter_card":"summary_large_image","schema":{"@context":"https:\/\/schema.org","@graph":[{"@type":"WebPage","@id":"https:\/\/kipinahrm.eu\/fi\/ajankohtaista\/asiakastarinat\/","url":"https:\/\/kipinahrm.eu\/fi\/ajankohtaista\/asiakastarinat\/","name":"Asiakastarinat - Henkil\u00f6st\u00f6vuokrausyhti\u00f6 Kipin\u00e4","isPartOf":{"@id":"https:\/\/kipinahrm.eu\/#website"},"datePublished":"2021-10-15T11:42:05+00:00","breadcrumb":{"@id":"https:\/\/kipinahrm.eu\/fi\/ajankohtaista\/asiakastarinat\/#breadcrumb"},"inLanguage":"fi","potentialAction":[{"@type":"ReadAction","target":["https:\/\/kipinahrm.eu\/fi\/ajankohtaista\/asiakastarinat\/"]}]},{"@type":"BreadcrumbList","@id":"https:\/\/kipinahrm.eu\/fi\/ajankohtaista\/asiakastarinat\/#breadcrumb","itemListElement":[{"@type":"ListItem","position":1,"name":"Home","item":"https:\/\/kipinahrm.eu\/fi\/"},{"@type":"ListItem","position":2,"name":"Ajankohtaista","item":"https:\/\/kipinahrm.eu\/fi\/ajankohtaista\/"},{"@type":"ListItem","position":3,"name":"Asiakastarinat"}]},{"@type":"WebSite","@id":"https:\/\/kipinahrm.eu\/#website","url":"https:\/\/kipinahrm.eu\/","name":"Henkil\u00f6st\u00f6vuokrausyhti\u00f6 Kipin\u00e4","description":"","publisher":{"@id":"https:\/\/kipinahrm.eu\/#organization"},"potentialAction":[{"@type":"SearchAction","target":{"@type":"EntryPoint","urlTemplate":"https:\/\/kipinahrm.eu\/?s={search_term_string}"},"query-input":{"@type":"PropertyValueSpecification","valueRequired":true,"valueName":"search_term_string"}}],"inLanguage":"fi"},{"@type":"Organization","@id":"https:\/\/kipinahrm.eu\/#organization","name":"Henki\u00f6st\u00f6vuokrausyhti\u00f6 Kipin\u00e4 Oy","url":"https:\/\/kipinahrm.eu\/","logo":{"@type":"ImageObject","inLanguage":"fi","@id":"https:\/\/kipinahrm.eu\/#\/schema\/logo\/image\/","url":"https:\/\/kipinahrm.eu\/wp-content\/uploads\/2021\/09\/Kipina-logo_tekstilla_M.png","contentUrl":"https:\/\/kipinahrm.eu\/wp-content\/uploads\/2021\/09\/Kipina-logo_tekstilla_M.png","width":561,"height":444,"caption":"Henki\u00f6st\u00f6vuokrausyhti\u00f6 Kipin\u00e4 Oy"},"image":{"@id":"https:\/\/kipinahrm.eu\/#\/schema\/logo\/image\/"},"sameAs":["https:\/\/m.facebook.com\/HenkilostovuokrausKipina","https:\/\/www.linkedin.com\/company\/henkilostovuokrausyhtio-kipina-oy","https:\/\/www.youtube.com\/channel\/UCTogAPEEPzLjJ8H8v3xjutQ"]}]}},"_links":{"self":[{"href":"https:\/\/kipinahrm.eu\/fi\/wp-json\/wp\/v2\/pages\/733","targetHints":{"allow":["GET"]}}],"collection":[{"href":"https:\/\/kipinahrm.eu\/fi\/wp-json\/wp\/v2\/pages"}],"about":[{"href":"https:\/\/kipinahrm.eu\/fi\/wp-json\/wp\/v2\/types\/page"}],"author":[{"embeddable":true,"href":"https:\/\/kipinahrm.eu\/fi\/wp-json\/wp\/v2\/users\/1"}],"replies":[{"embeddable":true,"href":"https:\/\/kipinahrm.eu\/fi\/wp-json\/wp\/v2\/comments?post=733"}],"version-history":[{"count":0,"href":"https:\/\/kipinahrm.eu\/fi\/wp-json\/wp\/v2\/pages\/733\/revisions"}],"up":[{"embeddable":true,"href":"https:\/\/kipinahrm.eu\/fi\/wp-json\/wp\/v2\/pages\/230"}],"wp:attachment":[{"href":"https:\/\/kipinahrm.eu\/fi\/wp-json\/wp\/v2\/media?parent=733"}],"curies":[{"name":"wp","href":"https:\/\/api.w.org\/{rel}","templated":true}]}}