{"id":703,"date":"2021-10-15T14:16:40","date_gmt":"2021-10-15T11:16:40","guid":{"rendered":"https:\/\/kipinahrm.eu\/?page_id=703"},"modified":"2021-10-15T14:38:52","modified_gmt":"2021-10-15T11:38:52","slug":"uutiset","status":"publish","type":"page","link":"https:\/\/kipinahrm.eu\/fi\/ajankohtaista\/uutiset\/","title":{"rendered":"Uutiset"},"content":{"rendered":"\n<div class=\"wp-block-query is-layout-flow wp-block-query-is-layout-flow\"><ul class=\"blog-excerpt-list uutiset-list wp-block-post-template is-layout-flow wp-block-post-template-is-layout-flow\"><li class=\"wp-block-post post-3527 post type-post status-publish format-standard hentry category-uutiset\">\n<h2 class=\"rs-30 fw-b blog-title wp-block-post-title\">Kipin\u00e4 toivottaa Jarkko Frosti tervetulleeksi operatiiviseksi johtajaksi<\/h2>\n\n\n<div class=\"wp-block-columns is-layout-flex wp-container-core-columns-is-layout-9d6595d7 wp-block-columns-is-layout-flex\">\n<div class=\"wp-block-column is-layout-flow wp-block-column-is-layout-flow\" style=\"flex-basis:67%\"><div class=\"wp-block-post-excerpt\"><p class=\"wp-block-post-excerpt__excerpt\">Olen teollinen operatiivinen johtaja, jolla on vahva k\u00e4yt\u00e4nn\u00f6n tausta konepajatuotannosta ja teollisesta huollosta. Urani aikana olen vastannut sek\u00e4 tuotannon ett\u00e4 huollon operatiivisesta johtamisesta, mik\u00e4 on antanut minulle syv\u00e4llisen ymm\u00e4rryksen teollisuuden arjesta, osaamistarpeista ja turvallisuuskriittisest\u00e4 ty\u00f6st\u00e4. Nykyisess\u00e4 roolissani henkil\u00f6st\u00f6palvelualalla hy\u00f6dynn\u00e4n t\u00e4t\u00e4 teollista kokemusta tunnistamalla asiakkaiden todelliset tarpeet, arvioimalla teknist\u00e4 osaamista tarkasti ja rakentamalla ratkaisuja, jotka tukevat<\/p><p class=\"wp-block-post-excerpt__more-text\"><a class=\"wp-block-post-excerpt__more-link\" href=\"https:\/\/kipinahrm.eu\/fi\/uutiset\/kipina-toivottaa-jarkko-frosti-tervetulleeksi-operatiiviseksi-johtajaksi-2\/\">Lue lis\u00e4\u00e4<\/a><\/p><\/div><\/div>\n\n\n\n<div class=\"wp-block-column is-layout-flow wp-block-column-is-layout-flow\" style=\"flex-basis:32%\"><\/div>\n<\/div>\n\n<\/li><li class=\"wp-block-post post-2224 post type-post status-publish format-standard has-post-thumbnail hentry category-uutiset\">\n<h2 class=\"rs-30 fw-b blog-title wp-block-post-title\">Miksi henkil\u00f6st\u00f6palvelut ovat avainasemassa rekrytoinnissa?<\/h2>\n\n\n<div class=\"wp-block-columns is-layout-flex wp-container-core-columns-is-layout-9d6595d7 wp-block-columns-is-layout-flex\">\n<div class=\"wp-block-column is-layout-flow wp-block-column-is-layout-flow\" style=\"flex-basis:67%\"><div class=\"wp-block-post-excerpt\"><p class=\"wp-block-post-excerpt__excerpt\">Miten henkil\u00f6st\u00f6palvelut tehostavat rekrytointiprosessia? Henkil\u00f6st\u00f6palvelut ovat keskeisess\u00e4 roolissa rekrytointiprosessin tehostamisessa. Erityisesti yrityksille, jotka toimivat teollisuuden, teknisten alojen tai elintarviketeollisuuden parissa, henkil\u00f6st\u00f6vuokraus voi tarjota ratkaisevan avun. Kipin\u00e4 HRM on erikoistunut tarjoamaan ulkomaista ty\u00f6voimaa Suomeen, mik\u00e4 tuo mukanaan erityisi\u00e4 etuja rekrytointiprosessin tehostamiseen. Rekrytointi on usein aikaa viev\u00e4 ja monimutkainen prosessi, joka vaatii asiantuntemusta ja resursseja. Henkil\u00f6st\u00f6palveluyritykset, kuten<\/p><p class=\"wp-block-post-excerpt__more-text\"><a class=\"wp-block-post-excerpt__more-link\" href=\"https:\/\/kipinahrm.eu\/fi\/uutiset\/miksi-henkilostopalvelut-ovat-avainasemassa-rekrytoinnissa\/\">Lue lis\u00e4\u00e4<\/a><\/p><\/div><\/div>\n\n\n\n<div class=\"wp-block-column is-layout-flow wp-block-column-is-layout-flow\" style=\"flex-basis:32%\"><figure class=\"wp-block-post-featured-image\"><img loading=\"lazy\" decoding=\"async\" width=\"561\" height=\"444\" src=\"https:\/\/kipinahrm.eu\/wp-content\/uploads\/2021\/09\/Kipina-logo_tekstilla_M.png\" class=\"attachment-post-thumbnail size-post-thumbnail wp-post-image\" alt=\"Kipin\u00e4 Henkil\u00f6st\u00f6ratkaisuja\" style=\"object-fit:cover;\" srcset=\"https:\/\/kipinahrm.eu\/wp-content\/uploads\/2021\/09\/Kipina-logo_tekstilla_M.png 561w, https:\/\/kipinahrm.eu\/wp-content\/uploads\/2021\/09\/Kipina-logo_tekstilla_M-300x237.png 300w\" sizes=\"auto, (max-width: 561px) 100vw, 561px\" \/><\/figure><\/div>\n<\/div>\n\n<\/li><li class=\"wp-block-post post-2223 post type-post status-publish format-standard has-post-thumbnail hentry category-uutiset\">\n<h2 class=\"rs-30 fw-b blog-title wp-block-post-title\">Mitk\u00e4 alat hy\u00f6tyv\u00e4t eniten kansainv\u00e4lisest\u00e4 ty\u00f6voimasta?<\/h2>\n\n\n<div class=\"wp-block-columns is-layout-flex wp-container-core-columns-is-layout-9d6595d7 wp-block-columns-is-layout-flex\">\n<div class=\"wp-block-column is-layout-flow wp-block-column-is-layout-flow\" style=\"flex-basis:67%\"><div class=\"wp-block-post-excerpt\"><p class=\"wp-block-post-excerpt__excerpt\">Miksi kansainv\u00e4linen ty\u00f6voima on t\u00e4rke\u00e4\u00e4? Kansainv\u00e4linen ty\u00f6voima on korvaamaton resurssi monille suomalaisille yrityksille, erityisesti aloilla, joissa on vaikea l\u00f6yt\u00e4\u00e4 paikallista osaamista. Globalisaatio ja talouden kansainv\u00e4listyminen ovat lis\u00e4nneet tarvetta henkil\u00f6st\u00f6vuokraukseen ja henkil\u00f6st\u00f6palveluihin, jotka pystyv\u00e4t tarjoamaan monipuolista ja korkeasti koulutettua ty\u00f6voimaa. Kipin\u00e4, joka on toiminut alalla vuodesta 2010, on erikoistunut tuomaan ulkomaista ty\u00f6voimaa Suomeen. T\u00e4m\u00e4 ei ainoastaan<\/p><p class=\"wp-block-post-excerpt__more-text\"><a class=\"wp-block-post-excerpt__more-link\" href=\"https:\/\/kipinahrm.eu\/fi\/uutiset\/mitka-alat-hyotyvat-eniten-kansainvalisesta-tyovoimasta\/\">Lue lis\u00e4\u00e4<\/a><\/p><\/div><\/div>\n\n\n\n<div class=\"wp-block-column is-layout-flow wp-block-column-is-layout-flow\" style=\"flex-basis:32%\"><figure class=\"wp-block-post-featured-image\"><img loading=\"lazy\" decoding=\"async\" width=\"561\" height=\"444\" src=\"https:\/\/kipinahrm.eu\/wp-content\/uploads\/2021\/09\/Kipina-logo_tekstilla_M.png\" class=\"attachment-post-thumbnail size-post-thumbnail wp-post-image\" alt=\"Kipin\u00e4 Henkil\u00f6st\u00f6ratkaisuja\" style=\"object-fit:cover;\" srcset=\"https:\/\/kipinahrm.eu\/wp-content\/uploads\/2021\/09\/Kipina-logo_tekstilla_M.png 561w, https:\/\/kipinahrm.eu\/wp-content\/uploads\/2021\/09\/Kipina-logo_tekstilla_M-300x237.png 300w\" sizes=\"auto, (max-width: 561px) 100vw, 561px\" \/><\/figure><\/div>\n<\/div>\n\n<\/li><li class=\"wp-block-post post-2012 post type-post status-publish format-standard has-post-thumbnail hentry category-uutiset\">\n<h2 class=\"rs-30 fw-b blog-title wp-block-post-title\">Pikkujoulut ja gelattoa Vaihmalan Hovissa<\/h2>\n\n\n<div class=\"wp-block-columns is-layout-flex wp-container-core-columns-is-layout-9d6595d7 wp-block-columns-is-layout-flex\">\n<div class=\"wp-block-column is-layout-flow wp-block-column-is-layout-flow\" style=\"flex-basis:67%\"><div class=\"wp-block-post-excerpt\"><p class=\"wp-block-post-excerpt__excerpt\">26.11.2024 vietimme kuukausipalaverimme yhteydess\u00e4 pienimuotoista pikkujoulua niin ty\u00f6nmerkeiss\u00e4 kuin valmistaen gelattoa Vaihmalan Hovin Gelatiera Noona Rissanen johdolla. Illan kruunasi, kun Violetta Janus ja Paulina Galazkiewicz saivat Keskuskauppakamarin my\u00f6nt\u00e4m\u00e4t ansiomerkit Kipin\u00e4n hyv\u00e4ksi tehdyst\u00e4 ansiokkaasta ja yli 5 vuotta tehdyst\u00e4 ty\u00f6st\u00e4.<\/p><p class=\"wp-block-post-excerpt__more-text\"><a class=\"wp-block-post-excerpt__more-link\" href=\"https:\/\/kipinahrm.eu\/fi\/uutiset\/pikkujoulut-ja-gelattoa-vaihmalan-hovissa\/\">Lue lis\u00e4\u00e4<\/a><\/p><\/div><\/div>\n\n\n\n<div class=\"wp-block-column is-layout-flow wp-block-column-is-layout-flow\" style=\"flex-basis:32%\"><figure class=\"wp-block-post-featured-image\"><img loading=\"lazy\" decoding=\"async\" width=\"813\" height=\"1080\" src=\"https:\/\/kipinahrm.eu\/wp-content\/uploads\/2024\/11\/2024-11-28-ab5076c7.jpg\" class=\"attachment-post-thumbnail size-post-thumbnail wp-post-image\" alt=\"\" style=\"object-fit:cover;\" srcset=\"https:\/\/kipinahrm.eu\/wp-content\/uploads\/2024\/11\/2024-11-28-ab5076c7.jpg 813w, https:\/\/kipinahrm.eu\/wp-content\/uploads\/2024\/11\/2024-11-28-ab5076c7-226x300.jpg 226w, https:\/\/kipinahrm.eu\/wp-content\/uploads\/2024\/11\/2024-11-28-ab5076c7-771x1024.jpg 771w, https:\/\/kipinahrm.eu\/wp-content\/uploads\/2024\/11\/2024-11-28-ab5076c7-768x1020.jpg 768w\" sizes=\"auto, (max-width: 813px) 100vw, 813px\" \/><\/figure><\/div>\n<\/div>\n\n<\/li><li class=\"wp-block-post post-1768 post type-post status-publish format-standard has-post-thumbnail hentry category-uutiset\">\n<h2 class=\"rs-30 fw-b blog-title wp-block-post-title\">Ulkomaisten ty\u00f6ntekij\u00f6iden edut Pohjanmaan teollisuudessa<\/h2>\n\n\n<div class=\"wp-block-columns is-layout-flex wp-container-core-columns-is-layout-9d6595d7 wp-block-columns-is-layout-flex\">\n<div class=\"wp-block-column is-layout-flow wp-block-column-is-layout-flow\" style=\"flex-basis:67%\"><div class=\"wp-block-post-excerpt\"><p class=\"wp-block-post-excerpt__excerpt\">Pohjanmaan teollisuus on tunnettu monipuolisesta ja innovatiivisesta tuotannostaan, mutta alueen menestys ei perustu pelk\u00e4st\u00e4\u00e4n paikalliseen osaamiseen. Ulkomaisten ty\u00f6ntekij\u00f6iden edut Pohjanmaan teollisuudessa ovat merkitt\u00e4vi\u00e4, sill\u00e4 he tuovat mukanaan monimuotoisuutta, kulttuurista rikkautta ja osaamista, joka t\u00e4ydent\u00e4\u00e4 paikallista ty\u00f6voimaa. Ty\u00f6ntekij\u00f6iden monimuotoisuuden vaikutus tehokkuuteen teollisuudessa Monimuotoisuus ty\u00f6voimassa on osoittautunut merkitt\u00e4v\u00e4ksi tekij\u00e4ksi teollisuuden tehokkuuden parantamisessa. Pohjanmaan teollisuus hy\u00f6tyy ulkomaisten ty\u00f6ntekij\u00f6iden<\/p><p class=\"wp-block-post-excerpt__more-text\"><a class=\"wp-block-post-excerpt__more-link\" href=\"https:\/\/kipinahrm.eu\/fi\/uutiset\/ulkomaisten-tyontekijoiden-edut-pohjanmaan-teollisuudessa\/\">Lue lis\u00e4\u00e4<\/a><\/p><\/div><\/div>\n\n\n\n<div class=\"wp-block-column is-layout-flow wp-block-column-is-layout-flow\" style=\"flex-basis:32%\"><figure class=\"wp-block-post-featured-image\"><img loading=\"lazy\" decoding=\"async\" width=\"561\" height=\"444\" src=\"https:\/\/kipinahrm.eu\/wp-content\/uploads\/2021\/09\/Kipina-logo_tekstilla_M.png\" class=\"attachment-post-thumbnail size-post-thumbnail wp-post-image\" alt=\"Kipin\u00e4 Henkil\u00f6st\u00f6ratkaisuja\" style=\"object-fit:cover;\" srcset=\"https:\/\/kipinahrm.eu\/wp-content\/uploads\/2021\/09\/Kipina-logo_tekstilla_M.png 561w, https:\/\/kipinahrm.eu\/wp-content\/uploads\/2021\/09\/Kipina-logo_tekstilla_M-300x237.png 300w\" sizes=\"auto, (max-width: 561px) 100vw, 561px\" \/><\/figure><\/div>\n<\/div>\n\n<\/li><\/ul>\n\n<nav class=\"wp-block-query-pagination is-layout-flex wp-block-query-pagination-is-layout-flex\" aria-label=\"Sivutus\">\n<div class=\"wp-block-query-pagination\">\n\n<div class=\"rs-20 fw-b fc-b wp-block-query-pagination-numbers\"><span aria-current=\"page\" class=\"page-numbers current\">1<\/span>\n<a class=\"page-numbers\" href=\"?query-21-page=2\">2<\/a>\n<a class=\"page-numbers\" href=\"?query-21-page=3\">3<\/a>\n<a class=\"page-numbers\" href=\"?query-21-page=4\">4<\/a><\/div>\n\n<a href=\"\/fi\/wp-json\/wp\/v2\/pages\/703?query-21-page=2\" class=\"rs-20 fw-b fc-b wp-block-query-pagination-next\">Seuraava sivu<\/a><\/div>\n<\/nav><\/div>\n","protected":false},"excerpt":{"rendered":"","protected":false},"author":1,"featured_media":590,"parent":230,"menu_order":0,"comment_status":"closed","ping_status":"closed","template":"page-blog-list.php","meta":{"_improvement_type_select":"improve_an_existing","_thumb_yes_seoaic":false,"_frame_yes_seoaic":false,"seoaic_generate_description":"","seoaic_improve_instructions_prompt":"","seoaic_rollback_content_improvement":"","seoaic_idea_thumbnail_generator":"","thumbnail_generated":false,"thumbnail_generate_prompt":"","seoaic_article_description":"","footnotes":""},"class_list":["post-703","page","type-page","status-publish","has-post-thumbnail","hentry"],"yoast_head":"<!-- This site is optimized with the Yoast SEO plugin v27.4 - https:\/\/yoast.com\/product\/yoast-seo-wordpress\/ -->\n<title>Uutiset - Henkil\u00f6st\u00f6vuokrausyhti\u00f6 Kipin\u00e4<\/title>\n<meta name=\"robots\" content=\"index, follow, max-snippet:-1, max-image-preview:large, max-video-preview:-1\" \/>\n<link rel=\"canonical\" href=\"https:\/\/kipinahrm.eu\/fi\/ajankohtaista\/uutiset\/\" \/>\n<link rel=\"next\" href=\"https:\/\/kipinahrm.eu\/fi\/ajankohtaista\/uutiset\/703?query-21-page=2\" \/>\n<meta property=\"og:locale\" content=\"fi_FI\" \/>\n<meta property=\"og:type\" content=\"article\" \/>\n<meta property=\"og:title\" content=\"Uutiset - Henkil\u00f6st\u00f6vuokrausyhti\u00f6 Kipin\u00e4\" \/>\n<meta property=\"og:url\" content=\"https:\/\/kipinahrm.eu\/fi\/ajankohtaista\/uutiset\/\" \/>\n<meta property=\"og:site_name\" content=\"Henkil\u00f6st\u00f6vuokrausyhti\u00f6 Kipin\u00e4\" \/>\n<meta property=\"article:publisher\" content=\"https:\/\/m.facebook.com\/HenkilostovuokrausKipina\" \/>\n<meta property=\"article:modified_time\" content=\"2021-10-15T11:38:52+00:00\" \/>\n<meta property=\"og:image\" content=\"https:\/\/kipinahrm.eu\/wp-content\/uploads\/2021\/09\/Kipina-logo_tekstilla_M.png\" \/>\n\t<meta property=\"og:image:width\" content=\"561\" \/>\n\t<meta property=\"og:image:height\" content=\"444\" \/>\n\t<meta property=\"og:image:type\" content=\"image\/png\" \/>\n<meta name=\"twitter:card\" content=\"summary_large_image\" \/>\n<script type=\"application\/ld+json\" class=\"yoast-schema-graph\">{\"@context\":\"https:\\\/\\\/schema.org\",\"@graph\":[{\"@type\":\"WebPage\",\"@id\":\"https:\\\/\\\/kipinahrm.eu\\\/fi\\\/ajankohtaista\\\/uutiset\\\/\",\"url\":\"https:\\\/\\\/kipinahrm.eu\\\/fi\\\/ajankohtaista\\\/uutiset\\\/\",\"name\":\"Uutiset - Henkil\u00f6st\u00f6vuokrausyhti\u00f6 Kipin\u00e4\",\"isPartOf\":{\"@id\":\"https:\\\/\\\/kipinahrm.eu\\\/#website\"},\"primaryImageOfPage\":{\"@id\":\"https:\\\/\\\/kipinahrm.eu\\\/fi\\\/ajankohtaista\\\/uutiset\\\/#primaryimage\"},\"image\":{\"@id\":\"https:\\\/\\\/kipinahrm.eu\\\/fi\\\/ajankohtaista\\\/uutiset\\\/#primaryimage\"},\"thumbnailUrl\":\"https:\\\/\\\/kipinahrm.eu\\\/wp-content\\\/uploads\\\/2021\\\/09\\\/Kipina-logo_tekstilla_M.png\",\"datePublished\":\"2021-10-15T11:16:40+00:00\",\"dateModified\":\"2021-10-15T11:38:52+00:00\",\"breadcrumb\":{\"@id\":\"https:\\\/\\\/kipinahrm.eu\\\/fi\\\/ajankohtaista\\\/uutiset\\\/#breadcrumb\"},\"inLanguage\":\"fi\",\"potentialAction\":[{\"@type\":\"ReadAction\",\"target\":[\"https:\\\/\\\/kipinahrm.eu\\\/fi\\\/ajankohtaista\\\/uutiset\\\/\"]}]},{\"@type\":\"ImageObject\",\"inLanguage\":\"fi\",\"@id\":\"https:\\\/\\\/kipinahrm.eu\\\/fi\\\/ajankohtaista\\\/uutiset\\\/#primaryimage\",\"url\":\"https:\\\/\\\/kipinahrm.eu\\\/wp-content\\\/uploads\\\/2021\\\/09\\\/Kipina-logo_tekstilla_M.png\",\"contentUrl\":\"https:\\\/\\\/kipinahrm.eu\\\/wp-content\\\/uploads\\\/2021\\\/09\\\/Kipina-logo_tekstilla_M.png\",\"width\":561,\"height\":444,\"caption\":\"Kipin\u00e4 Henkil\u00f6st\u00f6ratkaisuja\"},{\"@type\":\"BreadcrumbList\",\"@id\":\"https:\\\/\\\/kipinahrm.eu\\\/fi\\\/ajankohtaista\\\/uutiset\\\/#breadcrumb\",\"itemListElement\":[{\"@type\":\"ListItem\",\"position\":1,\"name\":\"Home\",\"item\":\"https:\\\/\\\/kipinahrm.eu\\\/fi\\\/\"},{\"@type\":\"ListItem\",\"position\":2,\"name\":\"Ajankohtaista\",\"item\":\"https:\\\/\\\/kipinahrm.eu\\\/fi\\\/ajankohtaista\\\/\"},{\"@type\":\"ListItem\",\"position\":3,\"name\":\"Uutiset\"}]},{\"@type\":\"WebSite\",\"@id\":\"https:\\\/\\\/kipinahrm.eu\\\/#website\",\"url\":\"https:\\\/\\\/kipinahrm.eu\\\/\",\"name\":\"Henkil\u00f6st\u00f6vuokrausyhti\u00f6 Kipin\u00e4\",\"description\":\"\",\"publisher\":{\"@id\":\"https:\\\/\\\/kipinahrm.eu\\\/#organization\"},\"potentialAction\":[{\"@type\":\"SearchAction\",\"target\":{\"@type\":\"EntryPoint\",\"urlTemplate\":\"https:\\\/\\\/kipinahrm.eu\\\/?s={search_term_string}\"},\"query-input\":{\"@type\":\"PropertyValueSpecification\",\"valueRequired\":true,\"valueName\":\"search_term_string\"}}],\"inLanguage\":\"fi\"},{\"@type\":\"Organization\",\"@id\":\"https:\\\/\\\/kipinahrm.eu\\\/#organization\",\"name\":\"Henki\u00f6st\u00f6vuokrausyhti\u00f6 Kipin\u00e4 Oy\",\"url\":\"https:\\\/\\\/kipinahrm.eu\\\/\",\"logo\":{\"@type\":\"ImageObject\",\"inLanguage\":\"fi\",\"@id\":\"https:\\\/\\\/kipinahrm.eu\\\/#\\\/schema\\\/logo\\\/image\\\/\",\"url\":\"https:\\\/\\\/kipinahrm.eu\\\/wp-content\\\/uploads\\\/2021\\\/09\\\/Kipina-logo_tekstilla_M.png\",\"contentUrl\":\"https:\\\/\\\/kipinahrm.eu\\\/wp-content\\\/uploads\\\/2021\\\/09\\\/Kipina-logo_tekstilla_M.png\",\"width\":561,\"height\":444,\"caption\":\"Henki\u00f6st\u00f6vuokrausyhti\u00f6 Kipin\u00e4 Oy\"},\"image\":{\"@id\":\"https:\\\/\\\/kipinahrm.eu\\\/#\\\/schema\\\/logo\\\/image\\\/\"},\"sameAs\":[\"https:\\\/\\\/m.facebook.com\\\/HenkilostovuokrausKipina\",\"https:\\\/\\\/www.linkedin.com\\\/company\\\/henkilostovuokrausyhtio-kipina-oy\",\"https:\\\/\\\/www.youtube.com\\\/channel\\\/UCTogAPEEPzLjJ8H8v3xjutQ\"]}]}<\/script>\n<!-- \/ Yoast SEO plugin. -->","yoast_head_json":{"title":"Uutiset - Henkil\u00f6st\u00f6vuokrausyhti\u00f6 Kipin\u00e4","robots":{"index":"index","follow":"follow","max-snippet":"max-snippet:-1","max-image-preview":"max-image-preview:large","max-video-preview":"max-video-preview:-1"},"canonical":"https:\/\/kipinahrm.eu\/fi\/ajankohtaista\/uutiset\/","next":"https:\/\/kipinahrm.eu\/fi\/ajankohtaista\/uutiset\/703?query-21-page=2","og_locale":"fi_FI","og_type":"article","og_title":"Uutiset - Henkil\u00f6st\u00f6vuokrausyhti\u00f6 Kipin\u00e4","og_url":"https:\/\/kipinahrm.eu\/fi\/ajankohtaista\/uutiset\/","og_site_name":"Henkil\u00f6st\u00f6vuokrausyhti\u00f6 Kipin\u00e4","article_publisher":"https:\/\/m.facebook.com\/HenkilostovuokrausKipina","article_modified_time":"2021-10-15T11:38:52+00:00","og_image":[{"width":561,"height":444,"url":"https:\/\/kipinahrm.eu\/wp-content\/uploads\/2021\/09\/Kipina-logo_tekstilla_M.png","type":"image\/png"}],"twitter_card":"summary_large_image","schema":{"@context":"https:\/\/schema.org","@graph":[{"@type":"WebPage","@id":"https:\/\/kipinahrm.eu\/fi\/ajankohtaista\/uutiset\/","url":"https:\/\/kipinahrm.eu\/fi\/ajankohtaista\/uutiset\/","name":"Uutiset - Henkil\u00f6st\u00f6vuokrausyhti\u00f6 Kipin\u00e4","isPartOf":{"@id":"https:\/\/kipinahrm.eu\/#website"},"primaryImageOfPage":{"@id":"https:\/\/kipinahrm.eu\/fi\/ajankohtaista\/uutiset\/#primaryimage"},"image":{"@id":"https:\/\/kipinahrm.eu\/fi\/ajankohtaista\/uutiset\/#primaryimage"},"thumbnailUrl":"https:\/\/kipinahrm.eu\/wp-content\/uploads\/2021\/09\/Kipina-logo_tekstilla_M.png","datePublished":"2021-10-15T11:16:40+00:00","dateModified":"2021-10-15T11:38:52+00:00","breadcrumb":{"@id":"https:\/\/kipinahrm.eu\/fi\/ajankohtaista\/uutiset\/#breadcrumb"},"inLanguage":"fi","potentialAction":[{"@type":"ReadAction","target":["https:\/\/kipinahrm.eu\/fi\/ajankohtaista\/uutiset\/"]}]},{"@type":"ImageObject","inLanguage":"fi","@id":"https:\/\/kipinahrm.eu\/fi\/ajankohtaista\/uutiset\/#primaryimage","url":"https:\/\/kipinahrm.eu\/wp-content\/uploads\/2021\/09\/Kipina-logo_tekstilla_M.png","contentUrl":"https:\/\/kipinahrm.eu\/wp-content\/uploads\/2021\/09\/Kipina-logo_tekstilla_M.png","width":561,"height":444,"caption":"Kipin\u00e4 Henkil\u00f6st\u00f6ratkaisuja"},{"@type":"BreadcrumbList","@id":"https:\/\/kipinahrm.eu\/fi\/ajankohtaista\/uutiset\/#breadcrumb","itemListElement":[{"@type":"ListItem","position":1,"name":"Home","item":"https:\/\/kipinahrm.eu\/fi\/"},{"@type":"ListItem","position":2,"name":"Ajankohtaista","item":"https:\/\/kipinahrm.eu\/fi\/ajankohtaista\/"},{"@type":"ListItem","position":3,"name":"Uutiset"}]},{"@type":"WebSite","@id":"https:\/\/kipinahrm.eu\/#website","url":"https:\/\/kipinahrm.eu\/","name":"Henkil\u00f6st\u00f6vuokrausyhti\u00f6 Kipin\u00e4","description":"","publisher":{"@id":"https:\/\/kipinahrm.eu\/#organization"},"potentialAction":[{"@type":"SearchAction","target":{"@type":"EntryPoint","urlTemplate":"https:\/\/kipinahrm.eu\/?s={search_term_string}"},"query-input":{"@type":"PropertyValueSpecification","valueRequired":true,"valueName":"search_term_string"}}],"inLanguage":"fi"},{"@type":"Organization","@id":"https:\/\/kipinahrm.eu\/#organization","name":"Henki\u00f6st\u00f6vuokrausyhti\u00f6 Kipin\u00e4 Oy","url":"https:\/\/kipinahrm.eu\/","logo":{"@type":"ImageObject","inLanguage":"fi","@id":"https:\/\/kipinahrm.eu\/#\/schema\/logo\/image\/","url":"https:\/\/kipinahrm.eu\/wp-content\/uploads\/2021\/09\/Kipina-logo_tekstilla_M.png","contentUrl":"https:\/\/kipinahrm.eu\/wp-content\/uploads\/2021\/09\/Kipina-logo_tekstilla_M.png","width":561,"height":444,"caption":"Henki\u00f6st\u00f6vuokrausyhti\u00f6 Kipin\u00e4 Oy"},"image":{"@id":"https:\/\/kipinahrm.eu\/#\/schema\/logo\/image\/"},"sameAs":["https:\/\/m.facebook.com\/HenkilostovuokrausKipina","https:\/\/www.linkedin.com\/company\/henkilostovuokrausyhtio-kipina-oy","https:\/\/www.youtube.com\/channel\/UCTogAPEEPzLjJ8H8v3xjutQ"]}]}},"_links":{"self":[{"href":"https:\/\/kipinahrm.eu\/fi\/wp-json\/wp\/v2\/pages\/703","targetHints":{"allow":["GET"]}}],"collection":[{"href":"https:\/\/kipinahrm.eu\/fi\/wp-json\/wp\/v2\/pages"}],"about":[{"href":"https:\/\/kipinahrm.eu\/fi\/wp-json\/wp\/v2\/types\/page"}],"author":[{"embeddable":true,"href":"https:\/\/kipinahrm.eu\/fi\/wp-json\/wp\/v2\/users\/1"}],"replies":[{"embeddable":true,"href":"https:\/\/kipinahrm.eu\/fi\/wp-json\/wp\/v2\/comments?post=703"}],"version-history":[{"count":0,"href":"https:\/\/kipinahrm.eu\/fi\/wp-json\/wp\/v2\/pages\/703\/revisions"}],"up":[{"embeddable":true,"href":"https:\/\/kipinahrm.eu\/fi\/wp-json\/wp\/v2\/pages\/230"}],"wp:featuredmedia":[{"embeddable":true,"href":"https:\/\/kipinahrm.eu\/fi\/wp-json\/wp\/v2\/media\/590"}],"wp:attachment":[{"href":"https:\/\/kipinahrm.eu\/fi\/wp-json\/wp\/v2\/media?parent=703"}],"curies":[{"name":"wp","href":"https:\/\/api.w.org\/{rel}","templated":true}]}}