{"id":222,"date":"2021-05-24T16:24:12","date_gmt":"2021-05-24T13:24:12","guid":{"rendered":"http:\/\/manager.kipinahrm.fi\/?page_id=222"},"modified":"2026-01-08T11:27:11","modified_gmt":"2026-01-08T09:27:11","slug":"yhteystiedot","status":"publish","type":"page","link":"https:\/\/kipinahrm.eu\/fi\/kipina\/yhteystiedot\/","title":{"rendered":"Yhteystiedot"},"content":{"rendered":"\n<div class=\"wp-block-khrm-content-box-contact row lh-1-5\"><div class=\"content-banner-5 col-12 col-md-11 mx-md-auto row pb-5\"><div class=\"col-9 ps-6 py-6\"><div class=\"rs-50 fw-b fc-blue\">Yhteystiedot<\/div><\/div><div class=\"col-11 col-md-5 offset-1\"><div class=\"r-20 fc-black\">CEO<br><strong>Juha Kivim\u00e4ki<\/strong> <img loading=\"lazy\" decoding=\"async\" width=\"32\" height=\"22\" class=\"wp-image-851\" style=\"width: 32px;\" src=\"https:\/\/kipinahrm.eu\/wp-content\/uploads\/2022\/01\/flag-fi-1.png\" alt=\"Finnish\"> <img loading=\"lazy\" decoding=\"async\" width=\"32\" height=\"22\" class=\"wp-image-854\" style=\"width: 32px;\" src=\"https:\/\/kipinahrm.eu\/wp-content\/uploads\/2022\/01\/flag-gb-1.png\" alt=\"English\"><br>+358 40 040 3242<br>juha.kivimaki@kipinahrm.fi<br><br>COO<br><strong>Jarkko Frosti <\/strong><img loading=\"lazy\" decoding=\"async\" width=\"32\" height=\"22\" class=\"wp-image-851\" style=\"width: 32px;\" src=\"https:\/\/kipinahrm.eu\/wp-content\/uploads\/2022\/01\/flag-fi-1.png\" alt=\"Finnish\"> <img loading=\"lazy\" decoding=\"async\" width=\"32\" height=\"22\" class=\"wp-image-854\" style=\"width: 32px;\" src=\"https:\/\/kipinahrm.eu\/wp-content\/uploads\/2022\/01\/flag-gb-1.png\" alt=\"English\"> <br>+358 40 824 6630<br>jarkko.frosti@kipinahrm.fi<br><br>Business Manager<br><strong>Violetta Janus<\/strong> <img loading=\"lazy\" decoding=\"async\" width=\"32\" height=\"22\" class=\"wp-image-857\" style=\"width: 32px;\" src=\"https:\/\/kipinahrm.eu\/wp-content\/uploads\/2022\/01\/flag-pl-1.png\" alt=\"Polish\"> <img loading=\"lazy\" decoding=\"async\" width=\"32\" height=\"22\" class=\"wp-image-851\" style=\"width: 32px;\" src=\"https:\/\/kipinahrm.eu\/wp-content\/uploads\/2022\/01\/flag-fi-1.png\" alt=\"Finnish\"> <img loading=\"lazy\" decoding=\"async\" width=\"32\" height=\"22\" class=\"wp-image-854\" style=\"width: 32px;\" src=\"https:\/\/kipinahrm.eu\/wp-content\/uploads\/2022\/01\/flag-gb-1.png\" alt=\"English\"> <br>+358 40 653 5678<br>violetta.janus@kipinahrm.fi<br><br>General Operations Manager<br><strong>Paulina Galazkiewicz<\/strong>  <img loading=\"lazy\" decoding=\"async\" width=\"32\" height=\"22\" class=\"wp-image-857\" style=\"width: 32px;\" src=\"https:\/\/kipinahrm.eu\/wp-content\/uploads\/2022\/01\/flag-pl-1.png\" alt=\"Polish\"> <img loading=\"lazy\" decoding=\"async\" width=\"32\" height=\"22\" class=\"wp-image-851\" style=\"width: 32px;\" src=\"https:\/\/kipinahrm.eu\/wp-content\/uploads\/2022\/01\/flag-fi-1.png\" alt=\"Finnish\"> <img loading=\"lazy\" decoding=\"async\" width=\"32\" height=\"22\" class=\"wp-image-854\" style=\"width: 32px;\" src=\"https:\/\/kipinahrm.eu\/wp-content\/uploads\/2022\/01\/flag-gb-1.png\" alt=\"English\"> <br>+358 40 168 9555<br>paulina.galazkiewicz@kipinahrm.fi<br><br>HR Generalist<br><strong>Yana Petrova<\/strong> <img loading=\"lazy\" decoding=\"async\" width=\"32\" height=\"22\" class=\"wp-image-848\" style=\"width: 32px;\" src=\"https:\/\/kipinahrm.eu\/wp-content\/uploads\/2022\/01\/flag-bg-1.png\" alt=\"Bulgarian\"> <img loading=\"lazy\" decoding=\"async\" width=\"32\" height=\"22\" class=\"wp-image-880\" style=\"width: 32px;\" src=\"https:\/\/kipinahrm.eu\/wp-content\/uploads\/2022\/04\/Asset-1.png\" alt=\"\"> <img loading=\"lazy\" decoding=\"async\" width=\"32\" height=\"22\" class=\"wp-image-854\" style=\"width: 32px;\" src=\"https:\/\/kipinahrm.eu\/wp-content\/uploads\/2022\/01\/flag-gb-1.png\" alt=\"English\"> <img loading=\"lazy\" decoding=\"async\" width=\"32\" height=\"22\" class=\"wp-image-851\" style=\"width: 32px;\" src=\"https:\/\/kipinahrm.eu\/wp-content\/uploads\/2022\/01\/flag-fi-1.png\" alt=\"Finnish\"> <br>+358 50 556 7800<br>yana.petrova@kipinahrm.fi<br><br>HR Specialist<br><strong>Elena Kielom\u00e4ki<\/strong> <img loading=\"lazy\" decoding=\"async\" width=\"32\" height=\"22\" class=\"wp-image-836\" style=\"width: 32px;\" src=\"https:\/\/kipinahrm.eu\/wp-content\/uploads\/2022\/01\/flag-ro-1.png\" alt=\"Romanian\"> <img loading=\"lazy\" decoding=\"async\" width=\"32\" height=\"22\" class=\"wp-image-854\" style=\"width: 32px;\" src=\"https:\/\/kipinahrm.eu\/wp-content\/uploads\/2022\/01\/flag-gb-1.png\" alt=\"English\"> <img loading=\"lazy\" decoding=\"async\" width=\"32\" height=\"22\" class=\"wp-image-851\" style=\"width: 32px;\" src=\"https:\/\/kipinahrm.eu\/wp-content\/uploads\/2022\/01\/flag-fi-1.png\" alt=\"Finnish\"> <br>+358 50 541 4422<br>elena.kielomaki@kipinahrm.fi <br><\/div><\/div><div class=\"col-11 col-md-5 offset-1 order-last order-md-0\"><div class=\"r-20 fc-black\"><strong><mark style=\"background-color:rgba(0, 0, 0, 0);color:#143c96\" class=\"has-inline-color\">Kipin\u00e4 Puolassa<\/mark><\/strong><br>Ilves Sp. z.o.o<br><strong>Kamila Lesiak<\/strong>  <img loading=\"lazy\" decoding=\"async\" width=\"32\" height=\"22\" class=\"wp-image-857\" style=\"width: 32px;\" src=\"https:\/\/kipinahrm.eu\/wp-content\/uploads\/2022\/01\/flag-pl-1.png\" alt=\"Polish\"> <img loading=\"lazy\" decoding=\"async\" width=\"32\" height=\"22\" class=\"wp-image-854\" style=\"width: 32px;\" src=\"https:\/\/kipinahrm.eu\/wp-content\/uploads\/2022\/01\/flag-gb-1.png\" alt=\"English\"> <br>Ul. Sobieskiego 217\/4<br>84-200 Wejherowo<br>+48 882\u00a0977\u00a0913<br>kamila.lesiak@ilves.pl<br><br><strong><mark style=\"background-color:rgba(0, 0, 0, 0);color:#143c96\" class=\"has-inline-color\">Kipin\u00e4 Bulgariassa<\/mark><\/strong><br>Kipina BG EOOD<br><strong>Yana Petrova<\/strong> <img loading=\"lazy\" decoding=\"async\" width=\"32\" height=\"22\" class=\"wp-image-848\" style=\"width: 32px;\" src=\"https:\/\/kipinahrm.eu\/wp-content\/uploads\/2022\/01\/flag-bg-1.png\" alt=\"Bulgarian\"> <img loading=\"lazy\" decoding=\"async\" width=\"32\" height=\"22\" class=\"wp-image-880\" style=\"width: 32px;\" src=\"https:\/\/kipinahrm.eu\/wp-content\/uploads\/2022\/04\/Asset-1.png\" alt=\"\"> <img loading=\"lazy\" decoding=\"async\" width=\"32\" height=\"22\" class=\"wp-image-854\" style=\"width: 32px;\" src=\"https:\/\/kipinahrm.eu\/wp-content\/uploads\/2022\/01\/flag-gb-1.png\" alt=\"English\"> <img loading=\"lazy\" decoding=\"async\" width=\"32\" height=\"22\" class=\"wp-image-851\" style=\"width: 32px;\" src=\"https:\/\/kipinahrm.eu\/wp-content\/uploads\/2022\/01\/flag-fi-1.png\" alt=\"Finnish\"> <br>+358 50 556 7800<br>yana.petrova@kipinahrm.fi<br><br><strong><mark style=\"background-color:rgba(0, 0, 0, 0)\" class=\"has-inline-color has-black-color\"><strong><mark style=\"background-color:rgba(0, 0, 0, 0);color:#143c96\" class=\"has-inline-color\">Kipin\u00e4 Romaniassa<\/mark><\/strong><\/mark><\/strong><br><strong>Elena Kielom\u00e4ki<\/strong>\u00a0<img loading=\"lazy\" decoding=\"async\" width=\"32\" height=\"22\" src=\"https:\/\/kipinahrm.eu\/wp-content\/uploads\/2022\/01\/flag-ro-1.png\" alt=\"Romanian\">\u00a0<img loading=\"lazy\" decoding=\"async\" width=\"32\" height=\"22\" src=\"https:\/\/kipinahrm.eu\/wp-content\/uploads\/2022\/01\/flag-gb-1.png\" alt=\"English\">\u00a0<img loading=\"lazy\" decoding=\"async\" width=\"32\" height=\"22\" src=\"https:\/\/kipinahrm.eu\/wp-content\/uploads\/2022\/01\/flag-fi-1.png\" alt=\"Finnish\"><br>+358 50 541 4422<br>elena.kielomaki@kipinahrm.fi<br><br><strong><mark style=\"background-color:rgba(0, 0, 0, 0);color:#143c96\" class=\"has-inline-color\">Kipin\u00e4 Slovakiassa<\/mark><\/strong><br>In Box Agency s.r.o.<br><strong>Robert Jopek<\/strong> <img loading=\"lazy\" decoding=\"async\" width=\"32\" height=\"22\" class=\"wp-image-842\" style=\"width: 32px;\" src=\"https:\/\/kipinahrm.eu\/wp-content\/uploads\/2022\/01\/flag-svk-1.png\" alt=\"Slovakian\"> <img loading=\"lazy\" decoding=\"async\" width=\"32\" height=\"22\" class=\"wp-image-854\" style=\"width: 32px;\" src=\"https:\/\/kipinahrm.eu\/wp-content\/uploads\/2022\/01\/flag-gb-1.png\" alt=\"English\"><br>Palack\u00e9ho 8<br>040 01 Ko\u0161ice<br>+421 908 634 471<br>robert.jopek@inboxagency.sk<br><br><br><\/div><\/div><div class=\"col-10 offset-1 my-6 map-container\"><iframe id=\"mapFrame\" width=\"100%\" height=\"100%\" title=\"Google maps\" src=\"https:\/\/www.google.com\/maps\/embed?pb=!1m18!1m12!1m3!1d1903.3105342655763!2d23.66432051626744!3d61.507618241526885!2m3!1f0!2f0!3f0!3m2!1i1024!2i768!4f13.1!3m3!1m2!1s0x468f207544a85a55%3A0x87c25a21d55f2925!2zSGVua2lsw7ZzdMO2dnVva3JhdXN5aHRpw7YgS2lwaW7DpCBPeQ!5e0!3m2!1sfi!2sfi!4v1622377071455!5m2!1sfi!2sfi\" style=\"border:0;\" allowfullscreen loading=\"lazy\"><\/iframe><\/div><\/div><\/div>\n","protected":false},"excerpt":{"rendered":"","protected":false},"author":1,"featured_media":590,"parent":198,"menu_order":0,"comment_status":"closed","ping_status":"closed","template":"page-submenu.php","meta":{"_improvement_type_select":"improve_an_existing","_thumb_yes_seoaic":false,"_frame_yes_seoaic":false,"seoaic_generate_description":"","seoaic_improve_instructions_prompt":"","seoaic_rollback_content_improvement":"","seoaic_idea_thumbnail_generator":"","thumbnail_generated":false,"thumbnail_generate_prompt":"","seoaic_article_description":"","footnotes":""},"class_list":["post-222","page","type-page","status-publish","has-post-thumbnail","hentry"],"yoast_head":"<!-- This site is optimized with the Yoast SEO plugin v27.3 - https:\/\/yoast.com\/product\/yoast-seo-wordpress\/ -->\n<title>Yhteystiedot - Henkil\u00f6st\u00f6vuokrausyhti\u00f6 Kipin\u00e4<\/title>\n<meta name=\"description\" content=\"Henkil\u00f6st\u00f6vuokrauyhti\u00f6 Kipin\u00e4n yhteystiedot. Ota yhteytt\u00e4 puhelimitse tai s\u00e4hk\u00f6postitse ja etsimme tarvitsemanne ty\u00f6ntekij\u00e4t.\" \/>\n<meta name=\"robots\" content=\"index, follow, max-snippet:-1, max-image-preview:large, max-video-preview:-1\" \/>\n<link rel=\"canonical\" href=\"https:\/\/kipinahrm.eu\/fi\/kipina\/yhteystiedot\/\" \/>\n<meta property=\"og:locale\" content=\"fi_FI\" \/>\n<meta property=\"og:type\" content=\"article\" \/>\n<meta property=\"og:title\" content=\"Yhteystiedot - Henkil\u00f6st\u00f6vuokrausyhti\u00f6 Kipin\u00e4\" \/>\n<meta property=\"og:description\" content=\"Henkil\u00f6st\u00f6vuokrauyhti\u00f6 Kipin\u00e4n yhteystiedot. Ota yhteytt\u00e4 puhelimitse tai s\u00e4hk\u00f6postitse ja etsimme tarvitsemanne ty\u00f6ntekij\u00e4t.\" \/>\n<meta property=\"og:url\" content=\"https:\/\/kipinahrm.eu\/fi\/kipina\/yhteystiedot\/\" \/>\n<meta property=\"og:site_name\" content=\"Henkil\u00f6st\u00f6vuokrausyhti\u00f6 Kipin\u00e4\" \/>\n<meta property=\"article:publisher\" content=\"https:\/\/m.facebook.com\/HenkilostovuokrausKipina\" \/>\n<meta property=\"article:modified_time\" content=\"2026-01-08T09:27:11+00:00\" \/>\n<meta property=\"og:image\" content=\"https:\/\/kipinahrm.eu\/wp-content\/uploads\/2021\/09\/Kipina-logo_tekstilla_M.png\" \/>\n\t<meta property=\"og:image:width\" content=\"561\" \/>\n\t<meta property=\"og:image:height\" content=\"444\" \/>\n\t<meta property=\"og:image:type\" content=\"image\/png\" \/>\n<meta name=\"twitter:card\" content=\"summary_large_image\" \/>\n<meta name=\"twitter:label1\" content=\"Arvioitu lukuaika\" \/>\n\t<meta name=\"twitter:data1\" content=\"7 minuuttia\" \/>\n<script type=\"application\/ld+json\" class=\"yoast-schema-graph\">{\"@context\":\"https:\\\/\\\/schema.org\",\"@graph\":[{\"@type\":\"WebPage\",\"@id\":\"https:\\\/\\\/kipinahrm.eu\\\/fi\\\/kipina\\\/yhteystiedot\\\/\",\"url\":\"https:\\\/\\\/kipinahrm.eu\\\/fi\\\/kipina\\\/yhteystiedot\\\/\",\"name\":\"Yhteystiedot - Henkil\u00f6st\u00f6vuokrausyhti\u00f6 Kipin\u00e4\",\"isPartOf\":{\"@id\":\"https:\\\/\\\/kipinahrm.eu\\\/#website\"},\"primaryImageOfPage\":{\"@id\":\"https:\\\/\\\/kipinahrm.eu\\\/fi\\\/kipina\\\/yhteystiedot\\\/#primaryimage\"},\"image\":{\"@id\":\"https:\\\/\\\/kipinahrm.eu\\\/fi\\\/kipina\\\/yhteystiedot\\\/#primaryimage\"},\"thumbnailUrl\":\"https:\\\/\\\/kipinahrm.eu\\\/wp-content\\\/uploads\\\/2021\\\/09\\\/Kipina-logo_tekstilla_M.png\",\"datePublished\":\"2021-05-24T13:24:12+00:00\",\"dateModified\":\"2026-01-08T09:27:11+00:00\",\"description\":\"Henkil\u00f6st\u00f6vuokrauyhti\u00f6 Kipin\u00e4n yhteystiedot. Ota yhteytt\u00e4 puhelimitse tai s\u00e4hk\u00f6postitse ja etsimme tarvitsemanne ty\u00f6ntekij\u00e4t.\",\"breadcrumb\":{\"@id\":\"https:\\\/\\\/kipinahrm.eu\\\/fi\\\/kipina\\\/yhteystiedot\\\/#breadcrumb\"},\"inLanguage\":\"fi\",\"potentialAction\":[{\"@type\":\"ReadAction\",\"target\":[\"https:\\\/\\\/kipinahrm.eu\\\/fi\\\/kipina\\\/yhteystiedot\\\/\"]}]},{\"@type\":\"ImageObject\",\"inLanguage\":\"fi\",\"@id\":\"https:\\\/\\\/kipinahrm.eu\\\/fi\\\/kipina\\\/yhteystiedot\\\/#primaryimage\",\"url\":\"https:\\\/\\\/kipinahrm.eu\\\/wp-content\\\/uploads\\\/2021\\\/09\\\/Kipina-logo_tekstilla_M.png\",\"contentUrl\":\"https:\\\/\\\/kipinahrm.eu\\\/wp-content\\\/uploads\\\/2021\\\/09\\\/Kipina-logo_tekstilla_M.png\",\"width\":561,\"height\":444,\"caption\":\"Kipin\u00e4 Henkil\u00f6st\u00f6ratkaisuja\"},{\"@type\":\"BreadcrumbList\",\"@id\":\"https:\\\/\\\/kipinahrm.eu\\\/fi\\\/kipina\\\/yhteystiedot\\\/#breadcrumb\",\"itemListElement\":[{\"@type\":\"ListItem\",\"position\":1,\"name\":\"Home\",\"item\":\"https:\\\/\\\/kipinahrm.eu\\\/fi\\\/\"},{\"@type\":\"ListItem\",\"position\":2,\"name\":\"Henkil\u00f6st\u00f6vuokrausyhti\u00f6 Kipin\u00e4 Oy\",\"item\":\"https:\\\/\\\/kipinahrm.eu\\\/fi\\\/kipina\\\/\"},{\"@type\":\"ListItem\",\"position\":3,\"name\":\"Yhteystiedot\"}]},{\"@type\":\"WebSite\",\"@id\":\"https:\\\/\\\/kipinahrm.eu\\\/#website\",\"url\":\"https:\\\/\\\/kipinahrm.eu\\\/\",\"name\":\"Henkil\u00f6st\u00f6vuokrausyhti\u00f6 Kipin\u00e4\",\"description\":\"\",\"publisher\":{\"@id\":\"https:\\\/\\\/kipinahrm.eu\\\/#organization\"},\"potentialAction\":[{\"@type\":\"SearchAction\",\"target\":{\"@type\":\"EntryPoint\",\"urlTemplate\":\"https:\\\/\\\/kipinahrm.eu\\\/?s={search_term_string}\"},\"query-input\":{\"@type\":\"PropertyValueSpecification\",\"valueRequired\":true,\"valueName\":\"search_term_string\"}}],\"inLanguage\":\"fi\"},{\"@type\":\"Organization\",\"@id\":\"https:\\\/\\\/kipinahrm.eu\\\/#organization\",\"name\":\"Henki\u00f6st\u00f6vuokrausyhti\u00f6 Kipin\u00e4 Oy\",\"url\":\"https:\\\/\\\/kipinahrm.eu\\\/\",\"logo\":{\"@type\":\"ImageObject\",\"inLanguage\":\"fi\",\"@id\":\"https:\\\/\\\/kipinahrm.eu\\\/#\\\/schema\\\/logo\\\/image\\\/\",\"url\":\"https:\\\/\\\/kipinahrm.eu\\\/wp-content\\\/uploads\\\/2021\\\/09\\\/Kipina-logo_tekstilla_M.png\",\"contentUrl\":\"https:\\\/\\\/kipinahrm.eu\\\/wp-content\\\/uploads\\\/2021\\\/09\\\/Kipina-logo_tekstilla_M.png\",\"width\":561,\"height\":444,\"caption\":\"Henki\u00f6st\u00f6vuokrausyhti\u00f6 Kipin\u00e4 Oy\"},\"image\":{\"@id\":\"https:\\\/\\\/kipinahrm.eu\\\/#\\\/schema\\\/logo\\\/image\\\/\"},\"sameAs\":[\"https:\\\/\\\/m.facebook.com\\\/HenkilostovuokrausKipina\",\"https:\\\/\\\/www.linkedin.com\\\/company\\\/henkilostovuokrausyhtio-kipina-oy\",\"https:\\\/\\\/www.youtube.com\\\/channel\\\/UCTogAPEEPzLjJ8H8v3xjutQ\"]}]}<\/script>\n<!-- \/ Yoast SEO plugin. -->","yoast_head_json":{"title":"Yhteystiedot - Henkil\u00f6st\u00f6vuokrausyhti\u00f6 Kipin\u00e4","description":"Henkil\u00f6st\u00f6vuokrauyhti\u00f6 Kipin\u00e4n yhteystiedot. Ota yhteytt\u00e4 puhelimitse tai s\u00e4hk\u00f6postitse ja etsimme tarvitsemanne ty\u00f6ntekij\u00e4t.","robots":{"index":"index","follow":"follow","max-snippet":"max-snippet:-1","max-image-preview":"max-image-preview:large","max-video-preview":"max-video-preview:-1"},"canonical":"https:\/\/kipinahrm.eu\/fi\/kipina\/yhteystiedot\/","og_locale":"fi_FI","og_type":"article","og_title":"Yhteystiedot - Henkil\u00f6st\u00f6vuokrausyhti\u00f6 Kipin\u00e4","og_description":"Henkil\u00f6st\u00f6vuokrauyhti\u00f6 Kipin\u00e4n yhteystiedot. Ota yhteytt\u00e4 puhelimitse tai s\u00e4hk\u00f6postitse ja etsimme tarvitsemanne ty\u00f6ntekij\u00e4t.","og_url":"https:\/\/kipinahrm.eu\/fi\/kipina\/yhteystiedot\/","og_site_name":"Henkil\u00f6st\u00f6vuokrausyhti\u00f6 Kipin\u00e4","article_publisher":"https:\/\/m.facebook.com\/HenkilostovuokrausKipina","article_modified_time":"2026-01-08T09:27:11+00:00","og_image":[{"width":561,"height":444,"url":"https:\/\/kipinahrm.eu\/wp-content\/uploads\/2021\/09\/Kipina-logo_tekstilla_M.png","type":"image\/png"}],"twitter_card":"summary_large_image","twitter_misc":{"Arvioitu lukuaika":"7 minuuttia"},"schema":{"@context":"https:\/\/schema.org","@graph":[{"@type":"WebPage","@id":"https:\/\/kipinahrm.eu\/fi\/kipina\/yhteystiedot\/","url":"https:\/\/kipinahrm.eu\/fi\/kipina\/yhteystiedot\/","name":"Yhteystiedot - Henkil\u00f6st\u00f6vuokrausyhti\u00f6 Kipin\u00e4","isPartOf":{"@id":"https:\/\/kipinahrm.eu\/#website"},"primaryImageOfPage":{"@id":"https:\/\/kipinahrm.eu\/fi\/kipina\/yhteystiedot\/#primaryimage"},"image":{"@id":"https:\/\/kipinahrm.eu\/fi\/kipina\/yhteystiedot\/#primaryimage"},"thumbnailUrl":"https:\/\/kipinahrm.eu\/wp-content\/uploads\/2021\/09\/Kipina-logo_tekstilla_M.png","datePublished":"2021-05-24T13:24:12+00:00","dateModified":"2026-01-08T09:27:11+00:00","description":"Henkil\u00f6st\u00f6vuokrauyhti\u00f6 Kipin\u00e4n yhteystiedot. Ota yhteytt\u00e4 puhelimitse tai s\u00e4hk\u00f6postitse ja etsimme tarvitsemanne ty\u00f6ntekij\u00e4t.","breadcrumb":{"@id":"https:\/\/kipinahrm.eu\/fi\/kipina\/yhteystiedot\/#breadcrumb"},"inLanguage":"fi","potentialAction":[{"@type":"ReadAction","target":["https:\/\/kipinahrm.eu\/fi\/kipina\/yhteystiedot\/"]}]},{"@type":"ImageObject","inLanguage":"fi","@id":"https:\/\/kipinahrm.eu\/fi\/kipina\/yhteystiedot\/#primaryimage","url":"https:\/\/kipinahrm.eu\/wp-content\/uploads\/2021\/09\/Kipina-logo_tekstilla_M.png","contentUrl":"https:\/\/kipinahrm.eu\/wp-content\/uploads\/2021\/09\/Kipina-logo_tekstilla_M.png","width":561,"height":444,"caption":"Kipin\u00e4 Henkil\u00f6st\u00f6ratkaisuja"},{"@type":"BreadcrumbList","@id":"https:\/\/kipinahrm.eu\/fi\/kipina\/yhteystiedot\/#breadcrumb","itemListElement":[{"@type":"ListItem","position":1,"name":"Home","item":"https:\/\/kipinahrm.eu\/fi\/"},{"@type":"ListItem","position":2,"name":"Henkil\u00f6st\u00f6vuokrausyhti\u00f6 Kipin\u00e4 Oy","item":"https:\/\/kipinahrm.eu\/fi\/kipina\/"},{"@type":"ListItem","position":3,"name":"Yhteystiedot"}]},{"@type":"WebSite","@id":"https:\/\/kipinahrm.eu\/#website","url":"https:\/\/kipinahrm.eu\/","name":"Henkil\u00f6st\u00f6vuokrausyhti\u00f6 Kipin\u00e4","description":"","publisher":{"@id":"https:\/\/kipinahrm.eu\/#organization"},"potentialAction":[{"@type":"SearchAction","target":{"@type":"EntryPoint","urlTemplate":"https:\/\/kipinahrm.eu\/?s={search_term_string}"},"query-input":{"@type":"PropertyValueSpecification","valueRequired":true,"valueName":"search_term_string"}}],"inLanguage":"fi"},{"@type":"Organization","@id":"https:\/\/kipinahrm.eu\/#organization","name":"Henki\u00f6st\u00f6vuokrausyhti\u00f6 Kipin\u00e4 Oy","url":"https:\/\/kipinahrm.eu\/","logo":{"@type":"ImageObject","inLanguage":"fi","@id":"https:\/\/kipinahrm.eu\/#\/schema\/logo\/image\/","url":"https:\/\/kipinahrm.eu\/wp-content\/uploads\/2021\/09\/Kipina-logo_tekstilla_M.png","contentUrl":"https:\/\/kipinahrm.eu\/wp-content\/uploads\/2021\/09\/Kipina-logo_tekstilla_M.png","width":561,"height":444,"caption":"Henki\u00f6st\u00f6vuokrausyhti\u00f6 Kipin\u00e4 Oy"},"image":{"@id":"https:\/\/kipinahrm.eu\/#\/schema\/logo\/image\/"},"sameAs":["https:\/\/m.facebook.com\/HenkilostovuokrausKipina","https:\/\/www.linkedin.com\/company\/henkilostovuokrausyhtio-kipina-oy","https:\/\/www.youtube.com\/channel\/UCTogAPEEPzLjJ8H8v3xjutQ"]}]}},"_links":{"self":[{"href":"https:\/\/kipinahrm.eu\/fi\/wp-json\/wp\/v2\/pages\/222","targetHints":{"allow":["GET"]}}],"collection":[{"href":"https:\/\/kipinahrm.eu\/fi\/wp-json\/wp\/v2\/pages"}],"about":[{"href":"https:\/\/kipinahrm.eu\/fi\/wp-json\/wp\/v2\/types\/page"}],"author":[{"embeddable":true,"href":"https:\/\/kipinahrm.eu\/fi\/wp-json\/wp\/v2\/users\/1"}],"replies":[{"embeddable":true,"href":"https:\/\/kipinahrm.eu\/fi\/wp-json\/wp\/v2\/comments?post=222"}],"version-history":[{"count":10,"href":"https:\/\/kipinahrm.eu\/fi\/wp-json\/wp\/v2\/pages\/222\/revisions"}],"predecessor-version":[{"id":3535,"href":"https:\/\/kipinahrm.eu\/fi\/wp-json\/wp\/v2\/pages\/222\/revisions\/3535"}],"up":[{"embeddable":true,"href":"https:\/\/kipinahrm.eu\/fi\/wp-json\/wp\/v2\/pages\/198"}],"wp:featuredmedia":[{"embeddable":true,"href":"https:\/\/kipinahrm.eu\/fi\/wp-json\/wp\/v2\/media\/590"}],"wp:attachment":[{"href":"https:\/\/kipinahrm.eu\/fi\/wp-json\/wp\/v2\/media?parent=222"}],"curies":[{"name":"wp","href":"https:\/\/api.w.org\/{rel}","templated":true}]}}