{"id":198,"date":"2021-05-12T18:29:31","date_gmt":"2021-05-12T15:29:31","guid":{"rendered":"http:\/\/manager.kipinahrm.fi\/?page_id=198"},"modified":"2025-04-23T13:14:35","modified_gmt":"2025-04-23T10:14:35","slug":"kipina","status":"publish","type":"page","link":"https:\/\/kipinahrm.eu\/fi\/kipina\/","title":{"rendered":"Henkil\u00f6st\u00f6vuokrausyhti\u00f6 Kipin\u00e4 Oy"},"content":{"rendered":"\n<div class=\"wp-block-khrm-content-box-5 container-fluid\"><div class=\"row content-banner-5-container m-0\"><div class=\"content-banner-5 col-12 col-md-11 mx-md-auto row m-0\"><div class=\"title-container col-12 col-lg-9 ps-6 py-6\"><h2 class=\"title-container rs-50 fw-b fc-blue\">Arvostettu henkil\u00f6st\u00f6palveluyritys<\/h2><\/div><div class=\"title-container col-10 col-lg-8 offset-1\"><h3 class=\"title-container rs-30 fw-b fc-blue\">Reiluja vuokrat\u00f6it\u00e4 jo yli 14 vuotta<\/h3><\/div><div class=\"col-10 col-lg-8 offset-1 py-4\"><p class=\"r-20 fw-n fc-black\">Henkil\u00f6st\u00f6vuokrausyhti\u00f6 Kipin\u00e4 Oy on perustettu vuonna 2010. Koko toimintansa ajan se on keskittynyt ulkomaisen ty\u00f6voiman tarjoamiseen Suomessa. Kipin\u00e4ll\u00e4 on omat rekrytointiyhti\u00f6t Romaniassa, Kipina HRM RO srl, ja Bulgariassa, Kipina BG OOD, sek\u00e4 oma rekrytointi- ja paikallista henkil\u00f6vuokrausta Puolassa tekev\u00e4 yhti\u00f6, Ilves Sp. z o.o. N\u00e4iden lis\u00e4ksi pitk\u00e4aikaiset yhteisty\u00f6kumppanit mm. Slovakiassa ja Intiassa. Nyky\u00e4\u00e4n rekrytoimme ty\u00f6voimaa my\u00f6s mm. Norjaan, Saksaan ja Irlantiin.<br><br>Kipin\u00e4 kuuluu Henkil\u00f6st\u00f6palveluyritysten Liittoon HELA:an. T\u00e4m\u00e4 kuvastaa Kipin\u00e4n vastuullisuutta kumppanina, joka toimii aina voimassa olevan lains\u00e4\u00e4d\u00e4nn\u00f6n mukaan. Kipin\u00e4n kautta henkil\u00f6st\u00f6vuokraus on aina reilua sek\u00e4 ty\u00f6ntekij\u00e4lle ett\u00e4 vuokraty\u00f6voimaa k\u00e4ytt\u00e4v\u00e4lle yritykselle. Pyrimme aina palvelemaan sek\u00e4 asiakkaitamme ett\u00e4 ty\u00f6ntekij\u00f6it\u00e4mme heid\u00e4n omalla kotikielell\u00e4\u00e4n, jolloin asiakkaan ja ty\u00f6ntekij\u00e4n yhteisty\u00f6 on mahdollisimman sujuvaa.<\/p><h3 class=\"rs-30 fw-b fc-blue py-4\">Ty\u00f6ehtosopimuksen ja kansainv\u00e4listen toimintaperiaatteiden noudattaminen<\/h3><p class=\"r-20 fw-n fc-black\">Henkil\u00f6st\u00f6ala HELA:an kuuluva yritys sitoutuu toimimaan vastuullisesti ja noudattamaan selkeit\u00e4 pelis\u00e4\u00e4nt\u00f6j\u00e4 mm. henkil\u00f6tietojen k\u00e4sittelyss\u00e4 ja ulkomaalaisten ty\u00f6tekij\u00f6iden rekrytoinnissa. Yritykset sitoutuvat huolehtimaan vuokraty\u00f6ntekij\u00f6iden hyvinvoinnista ja osaamisesta. HELA on laatinut henkil\u00f6st\u00f6palvelualalle toimintaperiaatteet, jotka perustuvat pitk\u00e4lti alan kansainv\u00e4lisiin toimintaperiaatteisiin. Kipin\u00e4 on sitoutunut noudattamaan n\u00e4it\u00e4 toimintaperiaatteita kiinnitt\u00e4m\u00e4ll\u00e4 huomiota erityisesti yrityksen eettisiin arvoihin sek\u00e4 ty\u00f6nantajavelvoitteiden noudattamiseen.<\/p><h3 class=\"rs-30 fw-b fc-blue py-4\">Toimintaperiaatteemme<\/h3><p class=\"r-20 fw-n fc-black\">Kipin\u00e4n toimintaa ohjaavat arvot ovat ennen kaikkea asiakaskeskeisyys, vastuullisuus ja oikeudenmukaisuus. Yhteiset arvot n\u00e4kyv\u00e4t yrityksemme henkil\u00f6st\u00f6n tavassa toimia ja palvella asiakkaita sek\u00e4 ty\u00f6ntekij\u00f6it\u00e4. Toimintamme perustuu luottamukselle, mink\u00e4 johdosta kokenut henkil\u00f6st\u00f6 takaa asiakkailleen ammattitaitoisia ty\u00f6ntekij\u00f6it\u00e4 kilpailukykyiseen hintaan. Kyseisten arvojemme mukainen toiminta tekee Kipin\u00e4st\u00e4 laadullisesti vahvan ja halutun ty\u00f6nantajan ja luotettavan toimeksiantojen toteuttajan asiakaskunnalleen.<\/p><h3 class=\"rs-30 fw-b fc-blue py-4\">Palvelumme<\/h3><p class=\"r-20 fw-n fc-black\"><strong><mark style=\"background-color:rgba(0, 0, 0, 0);color:#143c96\" class=\"has-inline-color\">Henkil\u00f6st\u00f6vuokraus<\/mark><\/strong><br><br>\u2022 on helppo ja joustava tapa l\u00f6yt\u00e4\u00e4 osaava ty\u00f6ntekij\u00e4<br>\u2022 s\u00e4\u00e4st\u00e4t aikaa, kun etsimme yritykseenne sopivat ty\u00f6ntekij\u00e4t<br>\u2022 lopullisen henkil\u00f6valinnan tekee asiakas, ellei muuta sovita<br>\u2022 maksat vain toteutuneista ty\u00f6tunneista<br>\u2022 sopivan ty\u00f6ntekij\u00e4n voi vakinaistaa helposti suoraan yritykseesi<br><br><strong><mark style=\"background-color:rgba(0, 0, 0, 0);color:#143c96\" class=\"has-inline-color\">Rekrytointi<\/mark><\/strong><br><br>\u2022 kokeneen henkil\u00f6st\u00f6mme avulla hoidamme uusien osaajien rekrytoinnin joustavasti<br>\u2022 kartoitamme parhaat ehdokkaat, asiakasyritys voi valita yritykseens\u00e4 sopivan ty\u00f6ntekij\u00e4n<br><br><strong><mark style=\"background-color:rgba(0, 0, 0, 0);color:#143c96\" class=\"has-inline-color\">Ulkoistaminen<\/mark><\/strong><br><br>\u2022 vastaamme asiakasyrityksen sovittujen toimintojen kokonaisvaltaisesta hoitamisesta<br>\u2022 voitte keskitty\u00e4 kokonaan ydinosaamiseenne<br>\u2022 tuo kustannuss\u00e4\u00e4st\u00f6j\u00e4 yrityksellenne<br>\u2022 organisaationne toiminta muuttuu joustavammaksi<br>\u2022 v\u00e4ltt\u00e4m\u00e4tt\u00f6mien muutostenne toteuttaminen on helpompaa<br><br><strong><mark style=\"background-color:rgba(0, 0, 0, 0);color:#143c96\" class=\"has-inline-color\">K\u00e4\u00e4nn\u00f6s- ja tulkkauspalvelut<\/mark><\/strong><br><br>\u2022 englanti<br>\u2022 puola<br>\u2022 bulgaria<br>\u2022 romania<br><br><strong><mark style=\"background-color:rgba(0, 0, 0, 0);color:#143c96\" class=\"has-inline-color\">Etabloituminen Puolaan<\/mark><\/strong><br><br>Jos liiketoiminta Puolassa kiinnostaa, olemme valmiit avustamaan kaikissa eri toiminnan vaiheissa. Mik\u00e4li teill\u00e4 on jo kokemusta etabloitumisesta tai tarvitsette apua vain tiettyjen toiminnan osa-alueiden suhteen, voimme keskitty\u00e4 my\u00f6s kapea-alaisemman sektorin kohdistettuun konsultointiin. Puolan toimipisteemme asiantuntijoilla on pitk\u00e4aikainen kokemus etabloitumispalveluista, mik\u00e4 nopeuttaa suomalaisten yritysten liiketoimintaprosessin aloitusta Puolassa.<br><br>Yhteydenotot etabloitumiseen liittyviss\u00e4 asioissa<br>Toimitusjohtaja Juha Kivim\u00e4ki<br>Puhelin +358 400 403 242<\/p><\/div><div class=\"col-10 offset-1 offset-lg-0 col-lg-3 py-4\"><div class=\"rs-30 fw-b fc-blue lh-1\">Kipin\u00e4n toimintaa ohjaavat arvot ovat ennen kaikkea asiakaskeskeisyys, vastuullisuus ja oikeudenmukaisuus.<\/div><div class=\"attention-img-container my-5\"><img decoding=\"async\" class=\"attention-img\" src=\"https:\/\/kipinahrm.eu\/wp-content\/uploads\/2022\/09\/pexels-gerhard-lipold-6043062-scaled.jpg\"\/><img decoding=\"async\" class=\"attention-img\" src=\"https:\/\/kipinahrm.eu\/wp-content\/uploads\/2021\/07\/motivoitunutta-tyovoimaa.jpg\"\/><img class=\"attention-img\"\/><\/div><div class=\"rs-30 fw-b fc-blue lh-1\"><\/div><\/div><\/div><\/div><\/div>\n\n\n\n<p><\/p>\n","protected":false},"excerpt":{"rendered":"","protected":false},"author":1,"featured_media":590,"parent":0,"menu_order":0,"comment_status":"closed","ping_status":"closed","template":"page-submenu.php","meta":{"_improvement_type_select":"improve_an_existing","_thumb_yes_seoaic":false,"_frame_yes_seoaic":false,"seoaic_generate_description":"","seoaic_improve_instructions_prompt":"","seoaic_rollback_content_improvement":"","seoaic_idea_thumbnail_generator":"","thumbnail_generated":false,"thumbnail_generate_prompt":"","seoaic_article_description":"","footnotes":""},"class_list":["post-198","page","type-page","status-publish","has-post-thumbnail","hentry"],"yoast_head":"<!-- This site is optimized with the Yoast SEO plugin v27.3 - https:\/\/yoast.com\/product\/yoast-seo-wordpress\/ -->\n<title>Henkil\u00f6st\u00f6vuokrausyhti\u00f6 Kipin\u00e4 Oy - Henkil\u00f6st\u00f6vuokrausyhti\u00f6 Kipin\u00e4<\/title>\n<meta name=\"description\" content=\"Arvostettu henkil\u00f6st\u00f6palveluyritys, joka on toimittanut reiluja vuokrat\u00f6it\u00e4 ja ammattitaitoisia ty\u00f6ntekij\u00f6it\u00e4 jo yli kymmenen vuoden ajan.\" \/>\n<meta name=\"robots\" content=\"index, follow, max-snippet:-1, max-image-preview:large, max-video-preview:-1\" \/>\n<link rel=\"canonical\" href=\"https:\/\/kipinahrm.eu\/fi\/kipina\/\" \/>\n<meta property=\"og:locale\" content=\"fi_FI\" \/>\n<meta property=\"og:type\" content=\"article\" \/>\n<meta property=\"og:title\" content=\"Henkil\u00f6st\u00f6vuokrausyhti\u00f6 Kipin\u00e4 Oy - Henkil\u00f6st\u00f6vuokrausyhti\u00f6 Kipin\u00e4\" \/>\n<meta property=\"og:description\" content=\"Arvostettu henkil\u00f6st\u00f6palveluyritys, joka on toimittanut reiluja vuokrat\u00f6it\u00e4 ja ammattitaitoisia ty\u00f6ntekij\u00f6it\u00e4 jo yli kymmenen vuoden ajan.\" \/>\n<meta property=\"og:url\" content=\"https:\/\/kipinahrm.eu\/fi\/kipina\/\" \/>\n<meta property=\"og:site_name\" content=\"Henkil\u00f6st\u00f6vuokrausyhti\u00f6 Kipin\u00e4\" \/>\n<meta property=\"article:publisher\" content=\"https:\/\/m.facebook.com\/HenkilostovuokrausKipina\" \/>\n<meta property=\"article:modified_time\" content=\"2025-04-23T10:14:35+00:00\" \/>\n<meta property=\"og:image\" content=\"https:\/\/kipinahrm.eu\/wp-content\/uploads\/2021\/09\/Kipina-logo_tekstilla_M.png\" \/>\n\t<meta property=\"og:image:width\" content=\"561\" \/>\n\t<meta property=\"og:image:height\" content=\"444\" \/>\n\t<meta property=\"og:image:type\" content=\"image\/png\" \/>\n<meta name=\"twitter:card\" content=\"summary_large_image\" \/>\n<meta name=\"twitter:label1\" content=\"Arvioitu lukuaika\" \/>\n\t<meta name=\"twitter:data1\" content=\"3 minuuttia\" \/>\n<script type=\"application\/ld+json\" class=\"yoast-schema-graph\">{\"@context\":\"https:\\\/\\\/schema.org\",\"@graph\":[{\"@type\":\"WebPage\",\"@id\":\"https:\\\/\\\/kipinahrm.eu\\\/fi\\\/kipina\\\/\",\"url\":\"https:\\\/\\\/kipinahrm.eu\\\/fi\\\/kipina\\\/\",\"name\":\"Henkil\u00f6st\u00f6vuokrausyhti\u00f6 Kipin\u00e4 Oy - Henkil\u00f6st\u00f6vuokrausyhti\u00f6 Kipin\u00e4\",\"isPartOf\":{\"@id\":\"https:\\\/\\\/kipinahrm.eu\\\/#website\"},\"primaryImageOfPage\":{\"@id\":\"https:\\\/\\\/kipinahrm.eu\\\/fi\\\/kipina\\\/#primaryimage\"},\"image\":{\"@id\":\"https:\\\/\\\/kipinahrm.eu\\\/fi\\\/kipina\\\/#primaryimage\"},\"thumbnailUrl\":\"https:\\\/\\\/kipinahrm.eu\\\/wp-content\\\/uploads\\\/2021\\\/09\\\/Kipina-logo_tekstilla_M.png\",\"datePublished\":\"2021-05-12T15:29:31+00:00\",\"dateModified\":\"2025-04-23T10:14:35+00:00\",\"description\":\"Arvostettu henkil\u00f6st\u00f6palveluyritys, joka on toimittanut reiluja vuokrat\u00f6it\u00e4 ja ammattitaitoisia ty\u00f6ntekij\u00f6it\u00e4 jo yli kymmenen vuoden ajan.\",\"breadcrumb\":{\"@id\":\"https:\\\/\\\/kipinahrm.eu\\\/fi\\\/kipina\\\/#breadcrumb\"},\"inLanguage\":\"fi\",\"potentialAction\":[{\"@type\":\"ReadAction\",\"target\":[\"https:\\\/\\\/kipinahrm.eu\\\/fi\\\/kipina\\\/\"]}]},{\"@type\":\"ImageObject\",\"inLanguage\":\"fi\",\"@id\":\"https:\\\/\\\/kipinahrm.eu\\\/fi\\\/kipina\\\/#primaryimage\",\"url\":\"https:\\\/\\\/kipinahrm.eu\\\/wp-content\\\/uploads\\\/2021\\\/09\\\/Kipina-logo_tekstilla_M.png\",\"contentUrl\":\"https:\\\/\\\/kipinahrm.eu\\\/wp-content\\\/uploads\\\/2021\\\/09\\\/Kipina-logo_tekstilla_M.png\",\"width\":561,\"height\":444,\"caption\":\"Kipin\u00e4 Henkil\u00f6st\u00f6ratkaisuja\"},{\"@type\":\"BreadcrumbList\",\"@id\":\"https:\\\/\\\/kipinahrm.eu\\\/fi\\\/kipina\\\/#breadcrumb\",\"itemListElement\":[{\"@type\":\"ListItem\",\"position\":1,\"name\":\"Home\",\"item\":\"https:\\\/\\\/kipinahrm.eu\\\/fi\\\/\"},{\"@type\":\"ListItem\",\"position\":2,\"name\":\"Henkil\u00f6st\u00f6vuokrausyhti\u00f6 Kipin\u00e4 Oy\"}]},{\"@type\":\"WebSite\",\"@id\":\"https:\\\/\\\/kipinahrm.eu\\\/#website\",\"url\":\"https:\\\/\\\/kipinahrm.eu\\\/\",\"name\":\"Henkil\u00f6st\u00f6vuokrausyhti\u00f6 Kipin\u00e4\",\"description\":\"\",\"publisher\":{\"@id\":\"https:\\\/\\\/kipinahrm.eu\\\/#organization\"},\"potentialAction\":[{\"@type\":\"SearchAction\",\"target\":{\"@type\":\"EntryPoint\",\"urlTemplate\":\"https:\\\/\\\/kipinahrm.eu\\\/?s={search_term_string}\"},\"query-input\":{\"@type\":\"PropertyValueSpecification\",\"valueRequired\":true,\"valueName\":\"search_term_string\"}}],\"inLanguage\":\"fi\"},{\"@type\":\"Organization\",\"@id\":\"https:\\\/\\\/kipinahrm.eu\\\/#organization\",\"name\":\"Henki\u00f6st\u00f6vuokrausyhti\u00f6 Kipin\u00e4 Oy\",\"url\":\"https:\\\/\\\/kipinahrm.eu\\\/\",\"logo\":{\"@type\":\"ImageObject\",\"inLanguage\":\"fi\",\"@id\":\"https:\\\/\\\/kipinahrm.eu\\\/#\\\/schema\\\/logo\\\/image\\\/\",\"url\":\"https:\\\/\\\/kipinahrm.eu\\\/wp-content\\\/uploads\\\/2021\\\/09\\\/Kipina-logo_tekstilla_M.png\",\"contentUrl\":\"https:\\\/\\\/kipinahrm.eu\\\/wp-content\\\/uploads\\\/2021\\\/09\\\/Kipina-logo_tekstilla_M.png\",\"width\":561,\"height\":444,\"caption\":\"Henki\u00f6st\u00f6vuokrausyhti\u00f6 Kipin\u00e4 Oy\"},\"image\":{\"@id\":\"https:\\\/\\\/kipinahrm.eu\\\/#\\\/schema\\\/logo\\\/image\\\/\"},\"sameAs\":[\"https:\\\/\\\/m.facebook.com\\\/HenkilostovuokrausKipina\",\"https:\\\/\\\/www.linkedin.com\\\/company\\\/henkilostovuokrausyhtio-kipina-oy\",\"https:\\\/\\\/www.youtube.com\\\/channel\\\/UCTogAPEEPzLjJ8H8v3xjutQ\"]}]}<\/script>\n<!-- \/ Yoast SEO plugin. -->","yoast_head_json":{"title":"Henkil\u00f6st\u00f6vuokrausyhti\u00f6 Kipin\u00e4 Oy - Henkil\u00f6st\u00f6vuokrausyhti\u00f6 Kipin\u00e4","description":"Arvostettu henkil\u00f6st\u00f6palveluyritys, joka on toimittanut reiluja vuokrat\u00f6it\u00e4 ja ammattitaitoisia ty\u00f6ntekij\u00f6it\u00e4 jo yli kymmenen vuoden ajan.","robots":{"index":"index","follow":"follow","max-snippet":"max-snippet:-1","max-image-preview":"max-image-preview:large","max-video-preview":"max-video-preview:-1"},"canonical":"https:\/\/kipinahrm.eu\/fi\/kipina\/","og_locale":"fi_FI","og_type":"article","og_title":"Henkil\u00f6st\u00f6vuokrausyhti\u00f6 Kipin\u00e4 Oy - Henkil\u00f6st\u00f6vuokrausyhti\u00f6 Kipin\u00e4","og_description":"Arvostettu henkil\u00f6st\u00f6palveluyritys, joka on toimittanut reiluja vuokrat\u00f6it\u00e4 ja ammattitaitoisia ty\u00f6ntekij\u00f6it\u00e4 jo yli kymmenen vuoden ajan.","og_url":"https:\/\/kipinahrm.eu\/fi\/kipina\/","og_site_name":"Henkil\u00f6st\u00f6vuokrausyhti\u00f6 Kipin\u00e4","article_publisher":"https:\/\/m.facebook.com\/HenkilostovuokrausKipina","article_modified_time":"2025-04-23T10:14:35+00:00","og_image":[{"width":561,"height":444,"url":"https:\/\/kipinahrm.eu\/wp-content\/uploads\/2021\/09\/Kipina-logo_tekstilla_M.png","type":"image\/png"}],"twitter_card":"summary_large_image","twitter_misc":{"Arvioitu lukuaika":"3 minuuttia"},"schema":{"@context":"https:\/\/schema.org","@graph":[{"@type":"WebPage","@id":"https:\/\/kipinahrm.eu\/fi\/kipina\/","url":"https:\/\/kipinahrm.eu\/fi\/kipina\/","name":"Henkil\u00f6st\u00f6vuokrausyhti\u00f6 Kipin\u00e4 Oy - Henkil\u00f6st\u00f6vuokrausyhti\u00f6 Kipin\u00e4","isPartOf":{"@id":"https:\/\/kipinahrm.eu\/#website"},"primaryImageOfPage":{"@id":"https:\/\/kipinahrm.eu\/fi\/kipina\/#primaryimage"},"image":{"@id":"https:\/\/kipinahrm.eu\/fi\/kipina\/#primaryimage"},"thumbnailUrl":"https:\/\/kipinahrm.eu\/wp-content\/uploads\/2021\/09\/Kipina-logo_tekstilla_M.png","datePublished":"2021-05-12T15:29:31+00:00","dateModified":"2025-04-23T10:14:35+00:00","description":"Arvostettu henkil\u00f6st\u00f6palveluyritys, joka on toimittanut reiluja vuokrat\u00f6it\u00e4 ja ammattitaitoisia ty\u00f6ntekij\u00f6it\u00e4 jo yli kymmenen vuoden ajan.","breadcrumb":{"@id":"https:\/\/kipinahrm.eu\/fi\/kipina\/#breadcrumb"},"inLanguage":"fi","potentialAction":[{"@type":"ReadAction","target":["https:\/\/kipinahrm.eu\/fi\/kipina\/"]}]},{"@type":"ImageObject","inLanguage":"fi","@id":"https:\/\/kipinahrm.eu\/fi\/kipina\/#primaryimage","url":"https:\/\/kipinahrm.eu\/wp-content\/uploads\/2021\/09\/Kipina-logo_tekstilla_M.png","contentUrl":"https:\/\/kipinahrm.eu\/wp-content\/uploads\/2021\/09\/Kipina-logo_tekstilla_M.png","width":561,"height":444,"caption":"Kipin\u00e4 Henkil\u00f6st\u00f6ratkaisuja"},{"@type":"BreadcrumbList","@id":"https:\/\/kipinahrm.eu\/fi\/kipina\/#breadcrumb","itemListElement":[{"@type":"ListItem","position":1,"name":"Home","item":"https:\/\/kipinahrm.eu\/fi\/"},{"@type":"ListItem","position":2,"name":"Henkil\u00f6st\u00f6vuokrausyhti\u00f6 Kipin\u00e4 Oy"}]},{"@type":"WebSite","@id":"https:\/\/kipinahrm.eu\/#website","url":"https:\/\/kipinahrm.eu\/","name":"Henkil\u00f6st\u00f6vuokrausyhti\u00f6 Kipin\u00e4","description":"","publisher":{"@id":"https:\/\/kipinahrm.eu\/#organization"},"potentialAction":[{"@type":"SearchAction","target":{"@type":"EntryPoint","urlTemplate":"https:\/\/kipinahrm.eu\/?s={search_term_string}"},"query-input":{"@type":"PropertyValueSpecification","valueRequired":true,"valueName":"search_term_string"}}],"inLanguage":"fi"},{"@type":"Organization","@id":"https:\/\/kipinahrm.eu\/#organization","name":"Henki\u00f6st\u00f6vuokrausyhti\u00f6 Kipin\u00e4 Oy","url":"https:\/\/kipinahrm.eu\/","logo":{"@type":"ImageObject","inLanguage":"fi","@id":"https:\/\/kipinahrm.eu\/#\/schema\/logo\/image\/","url":"https:\/\/kipinahrm.eu\/wp-content\/uploads\/2021\/09\/Kipina-logo_tekstilla_M.png","contentUrl":"https:\/\/kipinahrm.eu\/wp-content\/uploads\/2021\/09\/Kipina-logo_tekstilla_M.png","width":561,"height":444,"caption":"Henki\u00f6st\u00f6vuokrausyhti\u00f6 Kipin\u00e4 Oy"},"image":{"@id":"https:\/\/kipinahrm.eu\/#\/schema\/logo\/image\/"},"sameAs":["https:\/\/m.facebook.com\/HenkilostovuokrausKipina","https:\/\/www.linkedin.com\/company\/henkilostovuokrausyhtio-kipina-oy","https:\/\/www.youtube.com\/channel\/UCTogAPEEPzLjJ8H8v3xjutQ"]}]}},"_links":{"self":[{"href":"https:\/\/kipinahrm.eu\/fi\/wp-json\/wp\/v2\/pages\/198","targetHints":{"allow":["GET"]}}],"collection":[{"href":"https:\/\/kipinahrm.eu\/fi\/wp-json\/wp\/v2\/pages"}],"about":[{"href":"https:\/\/kipinahrm.eu\/fi\/wp-json\/wp\/v2\/types\/page"}],"author":[{"embeddable":true,"href":"https:\/\/kipinahrm.eu\/fi\/wp-json\/wp\/v2\/users\/1"}],"replies":[{"embeddable":true,"href":"https:\/\/kipinahrm.eu\/fi\/wp-json\/wp\/v2\/comments?post=198"}],"version-history":[{"count":3,"href":"https:\/\/kipinahrm.eu\/fi\/wp-json\/wp\/v2\/pages\/198\/revisions"}],"predecessor-version":[{"id":3016,"href":"https:\/\/kipinahrm.eu\/fi\/wp-json\/wp\/v2\/pages\/198\/revisions\/3016"}],"wp:featuredmedia":[{"embeddable":true,"href":"https:\/\/kipinahrm.eu\/fi\/wp-json\/wp\/v2\/media\/590"}],"wp:attachment":[{"href":"https:\/\/kipinahrm.eu\/fi\/wp-json\/wp\/v2\/media?parent=198"}],"curies":[{"name":"wp","href":"https:\/\/api.w.org\/{rel}","templated":true}]}}