{"id":188,"date":"2021-05-12T18:21:04","date_gmt":"2021-05-12T15:21:04","guid":{"rendered":"http:\/\/manager.kipinahrm.fi\/?page_id=188"},"modified":"2022-09-19T16:30:11","modified_gmt":"2022-09-19T13:30:11","slug":"asiakkaillemme","status":"publish","type":"page","link":"https:\/\/kipinahrm.eu\/fi\/asiakkaillemme\/","title":{"rendered":"Asiakkaillemme"},"content":{"rendered":"\n<div class=\"wp-block-khrm-content-box-5 container-fluid\"><div class=\"row content-banner-5-container m-0\"><div class=\"content-banner-5 col-12 col-md-11 mx-md-auto row m-0\"><div class=\"title-container col-12 col-lg-9 ps-6 py-6\"><h2 class=\"title-container rs-50 fw-b fc-blue\">Kipin\u00e4 tarjoaa ty\u00f6voimaa kokonaispalveluna<\/h2><\/div><div class=\"title-container col-10 col-lg-8 offset-1\"><h3 class=\"title-container rs-30 fw-b fc-blue\"><\/h3><\/div><div class=\"col-10 col-lg-8 offset-1 py-4\"><p class=\"r-20 fw-n fc-black\">Meille on t\u00e4rke\u00e4\u00e4, ett\u00e4 ty\u00f6ntekij\u00e4mme ovat luotettavia, joustavia, motivoituneita, valmiita niin lyhyt- kuin pitk\u00e4aikaisiinkin ty\u00f6suhteisiin ja noudattavat ty\u00f6n vaatimia m\u00e4\u00e4r\u00e4yksi\u00e4 sek\u00e4 lakeja. Kipin\u00e4n ty\u00f6ntekij\u00e4t ty\u00f6skentelev\u00e4t Suomessa laillisesti ja he kuuluvat suomalaisen vakuutusturvan sek\u00e4 ty\u00f6terveyshuollon piiriin.<br><br>Kipin\u00e4 tekee alustavat henkil\u00f6valinnat ja haastattelut asiakkaan puolesta. Mik\u00e4li asiakas hyv\u00e4ksyy ehdotetun ty\u00f6ntekij\u00e4n, aloittaa Kipin\u00e4 ty\u00f6ntekij\u00e4n kanssa valmistelut. Ty\u00f6suhteen alussa hankimme tarvittaessa ty\u00f6ntekij\u00f6illemme asunnot, kulkuneuvot, luvat ja kortit, kun taas ty\u00f6suhteen loputtua hoidamme kaikki ty\u00f6nantajille kuuluvat velvollisuudet, kuten erilaisten sopimusten (asunto, vesi, internet, s\u00e4hk\u00f6 ym.) purut, matkaj\u00e4rjestelyt kotimaahan ym.<br><br>Asiakasyrityksen hoidettavaksi henkil\u00f6st\u00f6vuokraustilanteissa j\u00e4\u00e4 vain ty\u00f6ntekij\u00f6iden perehdytys, johtaminen sek\u00e4 Kipin\u00e4n informointi muutos- ja pulmatilanteissa. Yrityksemme henkil\u00f6st\u00f6 puhuu suomen ja englannin lis\u00e4ksi puolaa, bulgariaa, romaniaa, saksaa, espanjaa, italiaa ja ven\u00e4j\u00e4\u00e4. N\u00e4in ollen pystymme aina varmistamaan, ett\u00e4 ty\u00f6ntekij\u00e4mme saavat palvelua omalla \u00e4idinkielell\u00e4\u00e4n ja voimme v\u00e4litt\u00e4\u00e4 asiakkaiden ty\u00f6teht\u00e4v\u00e4t ja -ohjeet sek\u00e4 ty\u00f6turvaohjeet tarvittaessa ty\u00f6ntekij\u00f6iden omalla \u00e4idinkielell\u00e4.<\/p><h3 class=\"rs-30 fw-b fc-blue py-4\"><\/h3><p class=\"r-20 fw-n fc-black\"><\/p><h3 class=\"rs-30 fw-b fc-blue py-4\"><\/h3><p class=\"r-20 fw-n fc-black\"><\/p><h3 class=\"rs-30 fw-b fc-blue py-4\"><\/h3><p class=\"r-20 fw-n fc-black\"><\/p><\/div><div class=\"col-10 offset-1 offset-lg-0 col-lg-3 py-4\"><div class=\"rs-30 fw-b fc-blue lh-1\">Kipin\u00e4n ty\u00f6ntekij\u00e4t kuuluvat suomalaisen vakuutusturvan sek\u00e4 ty\u00f6terveyden piiriin<\/div><div class=\"attention-img-container my-5\"><img decoding=\"async\" class=\"attention-img\" src=\"https:\/\/kipinahrm.eu\/wp-content\/uploads\/2022\/09\/pexels-gerhard-lipold-6043062-scaled.jpg\"\/><img decoding=\"async\" class=\"attention-img\" src=\"https:\/\/kipinahrm.eu\/wp-content\/uploads\/2021\/07\/motivoitunutta-tyovoimaa.jpg\"\/><img class=\"attention-img\"\/><\/div><div class=\"rs-30 fw-b fc-blue lh-1\"><\/div><\/div><\/div><\/div><\/div>\n\n\n\n<div class=\"wp-block-khrm-content-box-3 content-banner-3 row m-0\"><div class=\"col-11 col-lg-6 offset-0-5 offset-lg-1\"><div class=\"col-10 rs-30 fw-b fc-white\">Kipin\u00e4n asiakas kertoo<\/div><div class=\"col-12 offset-lg-1 r-20 fw-n fc-white lh-1-5\">Sastamalassa sijaitseva Niemen Tehtaat on pirkanmaalainen perheyritys ja Henkil\u00f6st\u00f6palvelu Kipin\u00e4n asiakas. Katso oheisesta videosta toimitusjohtaja Panu Niemen ja ty\u00f6njohtaja Arto Koivulan kokemuksia ulkomaisen ty\u00f6voiman palkkaamisesta.<\/div><\/div><div class=\"col-12 col-lg-4 p-0 offset-0 offset-lg-1\"><div class=\"text-center p-lg-5 col-12\" style=\"height: 100%\"><iframe loading=\"lazy\" id=\"videoFrame\" width=\"100%\" height=\"100%\" title=\"YouTube video player\" frameborder=\"0\" allow=\"accelerometer; autoplay; clipboard-write; encrypted-media; gyroscope; picture-in-picture\" src=\"https:\/\/www.youtube.com\/embed\/7ha_E2seZpY?controls=0&amp;rel=0&amp;modestbranding=1\"><\/iframe><\/div><\/div><\/div>\n\n\n\n<div class=\"wp-block-khrm-content-box-5 container-fluid\"><div class=\"row content-banner-5-container m-0\"><div class=\"content-banner-5 col-12 col-md-11 mx-md-auto row m-0\"><div class=\"title-container col-12 col-lg-9 ps-6 py-6\"><h2 class=\"title-container rs-50 fw-b fc-blue\"><\/h2><\/div><div class=\"title-container col-10 col-lg-8 offset-1\"><h3 class=\"title-container rs-30 fw-b fc-blue\">Oletko rekrytoimassa henkil\u00f6kuntaa?<\/h3><\/div><div class=\"col-10 col-lg-8 offset-1 py-4\"><p class=\"r-20 fw-n fc-black\">Olemmehan p\u00e4ivitt\u00e4in tekemisiss\u00e4 rekrytointiprosessien kanssa; haemme jatkuvasti sopivia ihmisi\u00e4 erilaisiin ty\u00f6teht\u00e4viin. Miksi et k\u00e4ytt\u00e4isi ammattitaitoamme hy\u00f6dyksi ja antaisi rekrytointitoimeksiantoa meille?<br><br>K\u00e4yt\u00e4mme useita eri kanavia ehdokkaiden hakuun ja hallussamme on laaja rekisteri eri alojen ty\u00f6ntekij\u00f6it\u00e4 sek\u00e4 asiantuntijoita.<br><br><strong>Ota yhteytt\u00e4<\/strong> Toimitusjohtaja Juha Kivim\u00e4ki 0400 403 242 tai juha.kivimaki@kipinahrm.fi.<\/p><h3 class=\"rs-30 fw-b fc-blue py-4\">Etabloituminen Puolaan<\/h3><p class=\"r-20 fw-n fc-black\"><strong>Jos toiminta Puolassa kiinnostaa, autamme mm.<\/strong><br>\u2022 markkinoiden kartoittamisessa<br>\u2022 ty\u00f6voimatilanteen selvitt\u00e4misess\u00e4<br>\u2022 sijoittumispaikan valinnassa<br>\u2022 toimitilojen l\u00f6yt\u00e4misess\u00e4<br>\u2022 lupa-asioiden selvitt\u00e4misess\u00e4<br>\u2022 verotus- ym. asioiden j\u00e4rjest\u00e4misess\u00e4<br><br><strong>Kun toiminta Puolassa k\u00e4ynnistyy, autamme mm.<\/strong><br>\u2022 toimitilojen hankinnassa<br>\u2022 henkil\u00f6st\u00f6n rekrytoinnissa<br>\u2022 yhteisty\u00f6kumppaneiden l\u00f6yt\u00e4misess\u00e4<br>\u2022 perheiden sijoittumisessa (asunto- ja koulukysymykset)<br>\u2022 lupakysymyksiss\u00e4<br>\u2022 paikallisiin tapoihin ja k\u00e4yt\u00e4nt\u00f6ihin perehtymisess\u00e4<br><br><strong>Kun toiminta Puolassa jatkuu, autamme mm.<\/strong><br>\u2022 markkinoinnin suunnittelussa<br>\u2022 henkil\u00f6st\u00f6kysymyksiss\u00e4<br>\u2022 talous- ja hallintoasioissa<br>\u2022 viranomaissuhteissa<br>\u2022 resurssien suuntaamisessa kannattavasti<br><br><strong>Jos toiminta Puolassa p\u00e4\u00e4ttyy, autamme mm.<\/strong><br>\u2022 oikeusasioissa<br>\u2022 el\u00e4ke- ym. sosiaalikysymyksiss\u00e4<br>\u2022 ilmoituksissa eri viranomaisille<br>\u2022 yhteisty\u00f6kumppaneiden informoinnissa<br>\u2022 suomalaisen henkil\u00f6st\u00f6n paluuj\u00e4rjestelyiss\u00e4<br><br>Juha Kivim\u00e4ki, toimitusjohtaja, +358 400 403 242, juha.kivimaki@kipinahrm.fi<\/p><h3 class=\"rs-30 fw-b fc-blue py-4\"><\/h3><p class=\"r-20 fw-n fc-black\"><\/p><h3 class=\"rs-30 fw-b fc-blue py-4\"><\/h3><p class=\"r-20 fw-n fc-black\"><\/p><\/div><div class=\"col-10 offset-1 offset-lg-0 col-lg-3 py-4\"><div class=\"rs-30 fw-b fc-blue lh-1\"><\/div><div class=\"attention-img-container my-5\"><img decoding=\"async\" class=\"attention-img\" src=\"https:\/\/kipinahrm.eu\/wp-content\/uploads\/2021\/06\/khrm-image4.png\"\/><img class=\"attention-img\"\/><img class=\"attention-img\"\/><\/div><div class=\"rs-30 fw-b fc-blue lh-1\">Haemme jatkuvasti sopivia ihmisi\u00e4 erilaisiin ty\u00f6teht\u00e4viin. Voit antaa rekrytoimeksi-antosi meille.<\/div><\/div><\/div><\/div><\/div>\n","protected":false},"excerpt":{"rendered":"","protected":false},"author":1,"featured_media":546,"parent":0,"menu_order":0,"comment_status":"closed","ping_status":"closed","template":"page.php","meta":{"_improvement_type_select":"improve_an_existing","_thumb_yes_seoaic":false,"_frame_yes_seoaic":false,"seoaic_generate_description":"","seoaic_improve_instructions_prompt":"","seoaic_rollback_content_improvement":"","seoaic_idea_thumbnail_generator":"","thumbnail_generated":false,"thumbnail_generate_prompt":"","seoaic_article_description":"","footnotes":""},"class_list":["post-188","page","type-page","status-publish","has-post-thumbnail","hentry"],"yoast_head":"<!-- This site is optimized with the Yoast SEO plugin v27.3 - https:\/\/yoast.com\/product\/yoast-seo-wordpress\/ -->\n<title>Asiakkaillemme - Henkil\u00f6st\u00f6vuokrausyhti\u00f6 Kipin\u00e4<\/title>\n<meta name=\"description\" content=\"Henkil\u00f6st\u00f6vuokraus kokonaispalveluna. Kipin\u00e4 tekee alustavat henkil\u00f6valinnat puolestanne, teid\u00e4n tarvitsee vain perehdytt\u00e4\u00e4 ty\u00f6ntekij\u00e4.\" \/>\n<meta name=\"robots\" content=\"index, follow, max-snippet:-1, max-image-preview:large, max-video-preview:-1\" \/>\n<link rel=\"canonical\" href=\"https:\/\/kipinahrm.eu\/fi\/asiakkaillemme\/\" \/>\n<meta property=\"og:locale\" content=\"fi_FI\" \/>\n<meta property=\"og:type\" content=\"article\" \/>\n<meta property=\"og:title\" content=\"Asiakkaillemme - Henkil\u00f6st\u00f6vuokrausyhti\u00f6 Kipin\u00e4\" \/>\n<meta property=\"og:description\" content=\"Henkil\u00f6st\u00f6vuokraus kokonaispalveluna. Kipin\u00e4 tekee alustavat henkil\u00f6valinnat puolestanne, teid\u00e4n tarvitsee vain perehdytt\u00e4\u00e4 ty\u00f6ntekij\u00e4.\" \/>\n<meta property=\"og:url\" content=\"https:\/\/kipinahrm.eu\/fi\/asiakkaillemme\/\" \/>\n<meta property=\"og:site_name\" content=\"Henkil\u00f6st\u00f6vuokrausyhti\u00f6 Kipin\u00e4\" \/>\n<meta property=\"article:publisher\" content=\"https:\/\/m.facebook.com\/HenkilostovuokrausKipina\" \/>\n<meta property=\"article:modified_time\" content=\"2022-09-19T13:30:11+00:00\" \/>\n<meta property=\"og:image\" content=\"https:\/\/kipinahrm.eu\/wp-content\/uploads\/2021\/07\/motivoitunutta-tyovoimaa.jpg\" \/>\n\t<meta property=\"og:image:width\" content=\"1000\" \/>\n\t<meta property=\"og:image:height\" content=\"483\" \/>\n\t<meta property=\"og:image:type\" content=\"image\/jpeg\" \/>\n<meta name=\"twitter:card\" content=\"summary_large_image\" \/>\n<meta name=\"twitter:label1\" content=\"Arvioitu lukuaika\" \/>\n\t<meta name=\"twitter:data1\" content=\"3 minuuttia\" \/>\n<script type=\"application\/ld+json\" class=\"yoast-schema-graph\">{\"@context\":\"https:\\\/\\\/schema.org\",\"@graph\":[{\"@type\":\"WebPage\",\"@id\":\"https:\\\/\\\/kipinahrm.eu\\\/fi\\\/asiakkaillemme\\\/\",\"url\":\"https:\\\/\\\/kipinahrm.eu\\\/fi\\\/asiakkaillemme\\\/\",\"name\":\"Asiakkaillemme - Henkil\u00f6st\u00f6vuokrausyhti\u00f6 Kipin\u00e4\",\"isPartOf\":{\"@id\":\"https:\\\/\\\/kipinahrm.eu\\\/#website\"},\"primaryImageOfPage\":{\"@id\":\"https:\\\/\\\/kipinahrm.eu\\\/fi\\\/asiakkaillemme\\\/#primaryimage\"},\"image\":{\"@id\":\"https:\\\/\\\/kipinahrm.eu\\\/fi\\\/asiakkaillemme\\\/#primaryimage\"},\"thumbnailUrl\":\"https:\\\/\\\/kipinahrm.eu\\\/wp-content\\\/uploads\\\/2021\\\/07\\\/motivoitunutta-tyovoimaa.jpg\",\"datePublished\":\"2021-05-12T15:21:04+00:00\",\"dateModified\":\"2022-09-19T13:30:11+00:00\",\"description\":\"Henkil\u00f6st\u00f6vuokraus kokonaispalveluna. Kipin\u00e4 tekee alustavat henkil\u00f6valinnat puolestanne, teid\u00e4n tarvitsee vain perehdytt\u00e4\u00e4 ty\u00f6ntekij\u00e4.\",\"breadcrumb\":{\"@id\":\"https:\\\/\\\/kipinahrm.eu\\\/fi\\\/asiakkaillemme\\\/#breadcrumb\"},\"inLanguage\":\"fi\",\"potentialAction\":[{\"@type\":\"ReadAction\",\"target\":[\"https:\\\/\\\/kipinahrm.eu\\\/fi\\\/asiakkaillemme\\\/\"]}]},{\"@type\":\"ImageObject\",\"inLanguage\":\"fi\",\"@id\":\"https:\\\/\\\/kipinahrm.eu\\\/fi\\\/asiakkaillemme\\\/#primaryimage\",\"url\":\"https:\\\/\\\/kipinahrm.eu\\\/wp-content\\\/uploads\\\/2021\\\/07\\\/motivoitunutta-tyovoimaa.jpg\",\"contentUrl\":\"https:\\\/\\\/kipinahrm.eu\\\/wp-content\\\/uploads\\\/2021\\\/07\\\/motivoitunutta-tyovoimaa.jpg\",\"width\":1000,\"height\":483,\"caption\":\"Henkil\u00f6st\u00f6vuokraus teollisuuden aloille\"},{\"@type\":\"BreadcrumbList\",\"@id\":\"https:\\\/\\\/kipinahrm.eu\\\/fi\\\/asiakkaillemme\\\/#breadcrumb\",\"itemListElement\":[{\"@type\":\"ListItem\",\"position\":1,\"name\":\"Home\",\"item\":\"https:\\\/\\\/kipinahrm.eu\\\/fi\\\/\"},{\"@type\":\"ListItem\",\"position\":2,\"name\":\"Asiakkaillemme\"}]},{\"@type\":\"WebSite\",\"@id\":\"https:\\\/\\\/kipinahrm.eu\\\/#website\",\"url\":\"https:\\\/\\\/kipinahrm.eu\\\/\",\"name\":\"Henkil\u00f6st\u00f6vuokrausyhti\u00f6 Kipin\u00e4\",\"description\":\"\",\"publisher\":{\"@id\":\"https:\\\/\\\/kipinahrm.eu\\\/#organization\"},\"potentialAction\":[{\"@type\":\"SearchAction\",\"target\":{\"@type\":\"EntryPoint\",\"urlTemplate\":\"https:\\\/\\\/kipinahrm.eu\\\/?s={search_term_string}\"},\"query-input\":{\"@type\":\"PropertyValueSpecification\",\"valueRequired\":true,\"valueName\":\"search_term_string\"}}],\"inLanguage\":\"fi\"},{\"@type\":\"Organization\",\"@id\":\"https:\\\/\\\/kipinahrm.eu\\\/#organization\",\"name\":\"Henki\u00f6st\u00f6vuokrausyhti\u00f6 Kipin\u00e4 Oy\",\"url\":\"https:\\\/\\\/kipinahrm.eu\\\/\",\"logo\":{\"@type\":\"ImageObject\",\"inLanguage\":\"fi\",\"@id\":\"https:\\\/\\\/kipinahrm.eu\\\/#\\\/schema\\\/logo\\\/image\\\/\",\"url\":\"https:\\\/\\\/kipinahrm.eu\\\/wp-content\\\/uploads\\\/2021\\\/09\\\/Kipina-logo_tekstilla_M.png\",\"contentUrl\":\"https:\\\/\\\/kipinahrm.eu\\\/wp-content\\\/uploads\\\/2021\\\/09\\\/Kipina-logo_tekstilla_M.png\",\"width\":561,\"height\":444,\"caption\":\"Henki\u00f6st\u00f6vuokrausyhti\u00f6 Kipin\u00e4 Oy\"},\"image\":{\"@id\":\"https:\\\/\\\/kipinahrm.eu\\\/#\\\/schema\\\/logo\\\/image\\\/\"},\"sameAs\":[\"https:\\\/\\\/m.facebook.com\\\/HenkilostovuokrausKipina\",\"https:\\\/\\\/www.linkedin.com\\\/company\\\/henkilostovuokrausyhtio-kipina-oy\",\"https:\\\/\\\/www.youtube.com\\\/channel\\\/UCTogAPEEPzLjJ8H8v3xjutQ\"]}]}<\/script>\n<!-- \/ Yoast SEO plugin. -->","yoast_head_json":{"title":"Asiakkaillemme - Henkil\u00f6st\u00f6vuokrausyhti\u00f6 Kipin\u00e4","description":"Henkil\u00f6st\u00f6vuokraus kokonaispalveluna. Kipin\u00e4 tekee alustavat henkil\u00f6valinnat puolestanne, teid\u00e4n tarvitsee vain perehdytt\u00e4\u00e4 ty\u00f6ntekij\u00e4.","robots":{"index":"index","follow":"follow","max-snippet":"max-snippet:-1","max-image-preview":"max-image-preview:large","max-video-preview":"max-video-preview:-1"},"canonical":"https:\/\/kipinahrm.eu\/fi\/asiakkaillemme\/","og_locale":"fi_FI","og_type":"article","og_title":"Asiakkaillemme - Henkil\u00f6st\u00f6vuokrausyhti\u00f6 Kipin\u00e4","og_description":"Henkil\u00f6st\u00f6vuokraus kokonaispalveluna. Kipin\u00e4 tekee alustavat henkil\u00f6valinnat puolestanne, teid\u00e4n tarvitsee vain perehdytt\u00e4\u00e4 ty\u00f6ntekij\u00e4.","og_url":"https:\/\/kipinahrm.eu\/fi\/asiakkaillemme\/","og_site_name":"Henkil\u00f6st\u00f6vuokrausyhti\u00f6 Kipin\u00e4","article_publisher":"https:\/\/m.facebook.com\/HenkilostovuokrausKipina","article_modified_time":"2022-09-19T13:30:11+00:00","og_image":[{"width":1000,"height":483,"url":"https:\/\/kipinahrm.eu\/wp-content\/uploads\/2021\/07\/motivoitunutta-tyovoimaa.jpg","type":"image\/jpeg"}],"twitter_card":"summary_large_image","twitter_misc":{"Arvioitu lukuaika":"3 minuuttia"},"schema":{"@context":"https:\/\/schema.org","@graph":[{"@type":"WebPage","@id":"https:\/\/kipinahrm.eu\/fi\/asiakkaillemme\/","url":"https:\/\/kipinahrm.eu\/fi\/asiakkaillemme\/","name":"Asiakkaillemme - Henkil\u00f6st\u00f6vuokrausyhti\u00f6 Kipin\u00e4","isPartOf":{"@id":"https:\/\/kipinahrm.eu\/#website"},"primaryImageOfPage":{"@id":"https:\/\/kipinahrm.eu\/fi\/asiakkaillemme\/#primaryimage"},"image":{"@id":"https:\/\/kipinahrm.eu\/fi\/asiakkaillemme\/#primaryimage"},"thumbnailUrl":"https:\/\/kipinahrm.eu\/wp-content\/uploads\/2021\/07\/motivoitunutta-tyovoimaa.jpg","datePublished":"2021-05-12T15:21:04+00:00","dateModified":"2022-09-19T13:30:11+00:00","description":"Henkil\u00f6st\u00f6vuokraus kokonaispalveluna. Kipin\u00e4 tekee alustavat henkil\u00f6valinnat puolestanne, teid\u00e4n tarvitsee vain perehdytt\u00e4\u00e4 ty\u00f6ntekij\u00e4.","breadcrumb":{"@id":"https:\/\/kipinahrm.eu\/fi\/asiakkaillemme\/#breadcrumb"},"inLanguage":"fi","potentialAction":[{"@type":"ReadAction","target":["https:\/\/kipinahrm.eu\/fi\/asiakkaillemme\/"]}]},{"@type":"ImageObject","inLanguage":"fi","@id":"https:\/\/kipinahrm.eu\/fi\/asiakkaillemme\/#primaryimage","url":"https:\/\/kipinahrm.eu\/wp-content\/uploads\/2021\/07\/motivoitunutta-tyovoimaa.jpg","contentUrl":"https:\/\/kipinahrm.eu\/wp-content\/uploads\/2021\/07\/motivoitunutta-tyovoimaa.jpg","width":1000,"height":483,"caption":"Henkil\u00f6st\u00f6vuokraus teollisuuden aloille"},{"@type":"BreadcrumbList","@id":"https:\/\/kipinahrm.eu\/fi\/asiakkaillemme\/#breadcrumb","itemListElement":[{"@type":"ListItem","position":1,"name":"Home","item":"https:\/\/kipinahrm.eu\/fi\/"},{"@type":"ListItem","position":2,"name":"Asiakkaillemme"}]},{"@type":"WebSite","@id":"https:\/\/kipinahrm.eu\/#website","url":"https:\/\/kipinahrm.eu\/","name":"Henkil\u00f6st\u00f6vuokrausyhti\u00f6 Kipin\u00e4","description":"","publisher":{"@id":"https:\/\/kipinahrm.eu\/#organization"},"potentialAction":[{"@type":"SearchAction","target":{"@type":"EntryPoint","urlTemplate":"https:\/\/kipinahrm.eu\/?s={search_term_string}"},"query-input":{"@type":"PropertyValueSpecification","valueRequired":true,"valueName":"search_term_string"}}],"inLanguage":"fi"},{"@type":"Organization","@id":"https:\/\/kipinahrm.eu\/#organization","name":"Henki\u00f6st\u00f6vuokrausyhti\u00f6 Kipin\u00e4 Oy","url":"https:\/\/kipinahrm.eu\/","logo":{"@type":"ImageObject","inLanguage":"fi","@id":"https:\/\/kipinahrm.eu\/#\/schema\/logo\/image\/","url":"https:\/\/kipinahrm.eu\/wp-content\/uploads\/2021\/09\/Kipina-logo_tekstilla_M.png","contentUrl":"https:\/\/kipinahrm.eu\/wp-content\/uploads\/2021\/09\/Kipina-logo_tekstilla_M.png","width":561,"height":444,"caption":"Henki\u00f6st\u00f6vuokrausyhti\u00f6 Kipin\u00e4 Oy"},"image":{"@id":"https:\/\/kipinahrm.eu\/#\/schema\/logo\/image\/"},"sameAs":["https:\/\/m.facebook.com\/HenkilostovuokrausKipina","https:\/\/www.linkedin.com\/company\/henkilostovuokrausyhtio-kipina-oy","https:\/\/www.youtube.com\/channel\/UCTogAPEEPzLjJ8H8v3xjutQ"]}]}},"_links":{"self":[{"href":"https:\/\/kipinahrm.eu\/fi\/wp-json\/wp\/v2\/pages\/188","targetHints":{"allow":["GET"]}}],"collection":[{"href":"https:\/\/kipinahrm.eu\/fi\/wp-json\/wp\/v2\/pages"}],"about":[{"href":"https:\/\/kipinahrm.eu\/fi\/wp-json\/wp\/v2\/types\/page"}],"author":[{"embeddable":true,"href":"https:\/\/kipinahrm.eu\/fi\/wp-json\/wp\/v2\/users\/1"}],"replies":[{"embeddable":true,"href":"https:\/\/kipinahrm.eu\/fi\/wp-json\/wp\/v2\/comments?post=188"}],"version-history":[{"count":0,"href":"https:\/\/kipinahrm.eu\/fi\/wp-json\/wp\/v2\/pages\/188\/revisions"}],"wp:featuredmedia":[{"embeddable":true,"href":"https:\/\/kipinahrm.eu\/fi\/wp-json\/wp\/v2\/media\/546"}],"wp:attachment":[{"href":"https:\/\/kipinahrm.eu\/fi\/wp-json\/wp\/v2\/media?parent=188"}],"curies":[{"name":"wp","href":"https:\/\/api.w.org\/{rel}","templated":true}]}}