{"id":13,"date":"2021-03-11T17:28:44","date_gmt":"2021-03-11T15:28:44","guid":{"rendered":"http:\/\/manager.kipinahrm.fi\/?page_id=13"},"modified":"2022-09-02T11:04:26","modified_gmt":"2022-09-02T08:04:26","slug":"tyovoimaa-euroopasta","status":"publish","type":"page","link":"https:\/\/kipinahrm.eu\/fi\/tyovoimaa-euroopasta\/","title":{"rendered":"Ty\u00f6voimaa Euroopasta"},"content":{"rendered":"\n<div class=\"wp-block-khrm-content-box-5 container-fluid\"><div class=\"row content-banner-5-container m-0\"><div class=\"content-banner-5 col-12 col-md-11 mx-md-auto row m-0\"><div class=\"title-container col-12 col-lg-9 ps-6 py-6\"><h2 class=\"title-container rs-50 fw-b fc-blue\">Haittaako ty\u00f6voimapula bisnest\u00e4si? Me voimme auttaa!<\/h2><\/div><div class=\"title-container col-10 col-lg-8 offset-1\"><h3 class=\"title-container rs-30 fw-b fc-blue\"><\/h3><\/div><div class=\"col-10 col-lg-8 offset-1 py-4\"><p class=\"r-20 fw-n fc-black\">Useilla aloilla ja paikkakunnilla on Suomessa jatkuva pula osaavista ty\u00f6ntekij\u00f6ist\u00e4. Joihinkin teht\u00e4viin ammattilaisia ei tahdo l\u00f6yty\u00e4 mill\u00e4\u00e4n ja jos l\u00f6ytyykin, se on usein v\u00e4liaikaista. Nuoremmat sukupolvet muuttavat suuriin kaupunkeihin opiskelemaan ja j\u00e4\u00e4v\u00e4t usein sille tielleen. Samanaikaisesti suuret ik\u00e4luokat ovat l\u00e4hell\u00e4 el\u00e4keik\u00e4\u00e4 tai ovat jo siirtyneet el\u00e4kkeelle, jolloin etenkin pienill\u00e4 paikkakunnilla tarvittavan henkil\u00f6st\u00f6resurssin l\u00f6yt\u00e4minen k\u00e4y ty\u00f6st\u00e4.  <\/p><h3 class=\"rs-30 fw-b fc-blue py-4\">Kipin\u00e4 auttaa kun:<\/h3><p class=\"r-20 fw-n fc-black\">\u2022 Ty\u00f6teht\u00e4v\u00e4\u00e4n ei yleisesti l\u00f6ydy Suomesta en\u00e4\u00e4 osaamista esim. ammattiin ei en\u00e4\u00e4 kouluteta uusia osaajia<br>\u2022 Ammattilaisten l\u00f6yt\u00e4minen on alueellisesti vaikeaa<br>\u2022 Osaavien ty\u00f6ntekij\u00f6iden houkuttelu paikkakunnalle ei onnistu<\/p><h3 class=\"rs-30 fw-b fc-blue py-4\"><\/h3><p class=\"r-20 fw-n fc-black\"><\/p><h3 class=\"rs-30 fw-b fc-blue py-4\"><\/h3><p class=\"r-20 fw-n fc-black\"><\/p><\/div><div class=\"col-10 offset-1 offset-lg-0 col-lg-3 py-4\"><div class=\"rs-30 fw-b fc-blue lh-1\">Kipin\u00e4 auttaa, kun ammattilaisten l\u00f6yt\u00e4minen on alueellisesti vaikeaa<\/div><div class=\"attention-img-container my-5\"><img decoding=\"async\" class=\"attention-img\" src=\"https:\/\/kipinahrm.eu\/wp-content\/uploads\/2021\/06\/khrm_image3.png\"\/><img decoding=\"async\" class=\"attention-img\" src=\"https:\/\/kipinahrm.eu\/wp-content\/uploads\/2021\/07\/welder.png\"\/><img class=\"attention-img\"\/><\/div><div class=\"rs-30 fw-b fc-blue lh-1\"><\/div><\/div><\/div><\/div><\/div>\n\n\n\n<div class=\"wp-block-khrm-content-box-6 content-banner-6 row m-0\"><div class=\"content-banner-6-content col-12 rs-40 fw-b fc-white p-10\">Kipin\u00e4n kautta l\u00f6yd\u00e4t mm. luotettavat CNC-koneistajat, hitsarit, laminoitsijat sek\u00e4 elintarvikety\u00f6ntekij\u00e4t.<\/div><\/div>\n\n\n\n<div class=\"wp-block-khrm-content-box-5 container-fluid\"><div class=\"row content-banner-5-container m-0\"><div class=\"content-banner-5 col-12 col-md-11 mx-md-auto row m-0\"><div class=\"title-container col-12 col-lg-9 ps-6 py-6\"><h2 class=\"title-container rs-50 fw-b fc-blue\"><\/h2><\/div><div class=\"title-container col-10 col-lg-8 offset-1\"><h3 class=\"title-container rs-30 fw-b fc-blue\">Ammattitaitoisia ja kokeneita tekij\u00f6it\u00e4 perinteisen teollisuuden maista<\/h3><\/div><div class=\"col-10 col-lg-8 offset-1 py-4\"><p class=\"r-20 fw-n fc-black\">Kipin\u00e4ll\u00e4 on omat rekrytointiyhti\u00f6t Romaniassa, Kipina HRM RO s.r.l., ja Bulgariassa, Kipina BG OOD, sek\u00e4 oma rekrytointi- ja paikallista henkil\u00f6vuokrausta Puolassa tekev\u00e4 yhti\u00f6, Ilves Sp. z o.o. N\u00e4iden lis\u00e4ksi pitk\u00e4aikaiset yhteisty\u00f6kumppanit mm. Slovakiassa ja Intiassa.<br><br>Tarjoamme ammattitaitoista, koulutettua ja kokenutta ty\u00f6voimaa Euroopasta, joka t\u00e4ytt\u00e4\u00e4 asiakasyritystemme vaatimukset. Kipin\u00e4n kautta l\u00f6yd\u00e4t mm. luotettavat CNC-koneistajat, hitsarit, laminoitsijat sek\u00e4 elintarvikety\u00f6ntekij\u00e4t. T\u00e4ll\u00e4 hetkell\u00e4 tietokannassamme on suuri m\u00e4\u00e4r\u00e4 eri alojen asiantuntevia ammattilaisia, jotka voivat auttaa yrityst\u00e4nne esimerkiksi projektien suorittamisessa, ruuhkahuippujen aikana tai vaikka vakiinnuttaa paikkansa osana vakituista henkil\u00f6st\u00f6\u00e4nne. Olemme toteuttaneet my\u00f6s useita projektiluonteisia teht\u00e4v\u00e4kokonaisuuksia ulkomailla.<br><br>Kannustamme ty\u00f6per\u00e4iseen maahanmuuttoon ja olemme tehneet yhteisty\u00f6t\u00e4 mm. ELY-keskuksen kanssa ty\u00f6per\u00e4isen maahanmuuton yhteisprojektissa, jossa j\u00e4rjestettiin t\u00e4ydennyskoulutuksia (mm. suomen kielen koulutus) ja mahdollistimme alkuvaiheen ty\u00f6valmennuksen tai tulkkipalvelut asiakasyrityksiss\u00e4.<\/p><h3 class=\"rs-30 fw-b fc-blue py-4\">Motivoitunutta ty\u00f6voimaa kustannustehokkaasti ja joustavasti<\/h3><p class=\"r-20 fw-n fc-black\">Kipin\u00e4n ty\u00f6ntekij\u00e4t pit\u00e4v\u00e4t tuotannon py\u00f6rim\u00e4ss\u00e4 vaihtuvissakin tilanteissa. Kipin\u00e4 pystyy tarjoamaan kuhunkin tilanteeseen parhaiten sopivia ammattilaisia ja huolehtimaan my\u00f6s siit\u00e4, ett\u00e4 samaa, kertaalleen perehdytetty\u00e4 ty\u00f6voimaa voidaan k\u00e4ytt\u00e4\u00e4 toistuvissa sesongeissa.<br><br>Monet asiakkaamme ovat todenneet, ett\u00e4 Kipin\u00e4n v\u00e4litt\u00e4mill\u00e4 eurooppalaisilla ty\u00f6ntekij\u00f6ill\u00e4 on useimmiten poikkeuksellinen korkea ty\u00f6motivaatio ja suomalaisia ty\u00f6ntekij\u00f6it\u00e4 pienempi sairaspoissaoloprosentti. Uskomme t\u00e4m\u00e4n perustuvan siihen, ett\u00e4 ty\u00f6ntekij\u00e4mme tulevat Suomeen nimenomaisesti tekem\u00e4\u00e4n t\u00f6it\u00e4 ja ansaitsemaan rahaa itselleen ja perheelleen. Koska t\u00f6it\u00e4 on tultu tekem\u00e4\u00e4n tosissaan ansaintamieless\u00e4, on Kipin\u00e4n vuokraty\u00f6voima p\u00e4\u00e4s\u00e4\u00e4nt\u00f6isesti my\u00f6s mielell\u00e4\u00e4n k\u00e4ytett\u00e4viss\u00e4 ylit\u00f6ihin ja ekstravuoroihin.<br><br>Ty\u00f6ehtosopimuksen ja tilanteen niin salliessa on Kipin\u00e4n ty\u00f6ntekij\u00f6iden kanssa mahdollista tehd\u00e4 tuntipankkisopimus ns .tunti tunnista.<br><br>Eurooppalaisen ty\u00f6voiman vuokraus ei ole siis sen ihmeellisemp\u00e4\u00e4 kuin suomalaisen ty\u00f6ntekij\u00e4n vuokraus. Ty\u00f6voimaa Euroopasta koskevat muun muassa samat TES:n ja ty\u00f6aikalain s\u00e4\u00e4d\u00f6kset kuin suomalaistakin ty\u00f6voimaa. Koska toiminnassa noudatetaan suomalaista lains\u00e4\u00e4d\u00e4nt\u00f6\u00e4 ja ty\u00f6ehtosopimusta, on vuokraty\u00f6voiman k\u00e4ytt\u00f6 Kipin\u00e4n asiakkaalle yht\u00e4 helppoa kuin suomalaisenkin vuokraty\u00f6voimankin hy\u00f6dynt\u00e4minen. Lis\u00e4ksi se on helpompaa kuin omien ty\u00f6ntekij\u00f6iden k\u00e4ytt\u00f6, koska Kipin\u00e4n laskutus on selke\u00e4\u00e4 ja vain tehdyst\u00e4 ty\u00f6st\u00e4 maksetaan. Asiakas ei siis maksa sairauspoissaoloista tai lomista.<\/p><h3 class=\"rs-30 fw-b fc-blue py-4\"><\/h3><p class=\"r-20 fw-n fc-black\"><\/p><h3 class=\"rs-30 fw-b fc-blue py-4\"><\/h3><p class=\"r-20 fw-n fc-black\"><\/p><\/div><div class=\"col-10 offset-1 offset-lg-0 col-lg-3 py-4\"><div class=\"rs-30 fw-b fc-blue lh-1\">T\u00e4ll\u00e4kin hetkell\u00e4 meill\u00e4 on suuri m\u00e4\u00e4r\u00e4 eri alojen asiantuntevia ammattilaisia.<\/div><div class=\"attention-img-container my-5\"><img decoding=\"async\" class=\"attention-img\" src=\"https:\/\/kipinahrm.eu\/wp-content\/uploads\/2021\/07\/welder.png\"\/><img decoding=\"async\" class=\"attention-img\" src=\"https:\/\/kipinahrm.eu\/wp-content\/uploads\/2021\/06\/khrm_image3.png\"\/><img class=\"attention-img\"\/><\/div><div class=\"rs-30 fw-b fc-blue lh-1\">Ty\u00f6ntekij\u00e4mme ovat luotettavia, joustavia ja motivoituneita.<\/div><\/div><\/div><\/div><\/div>\n","protected":false},"excerpt":{"rendered":"","protected":false},"author":1,"featured_media":348,"parent":0,"menu_order":0,"comment_status":"closed","ping_status":"closed","template":"page.php","meta":{"_improvement_type_select":"improve_an_existing","_thumb_yes_seoaic":false,"_frame_yes_seoaic":false,"seoaic_generate_description":"","seoaic_improve_instructions_prompt":"","seoaic_rollback_content_improvement":"","seoaic_idea_thumbnail_generator":"","thumbnail_generated":false,"thumbnail_generate_prompt":"","seoaic_article_description":"","footnotes":""},"class_list":["post-13","page","type-page","status-publish","has-post-thumbnail","hentry"],"yoast_head":"<!-- This site is optimized with the Yoast SEO plugin v27.3 - https:\/\/yoast.com\/product\/yoast-seo-wordpress\/ -->\n<title>Ty\u00f6voimaa Euroopasta - Henkil\u00f6st\u00f6vuokrausyhti\u00f6 Kipin\u00e4<\/title>\n<meta name=\"description\" content=\"Paikallinen ty\u00f6voimapula on korjattavissa. Kipin\u00e4 auttaa l\u00f6yt\u00e4m\u00e4\u00e4n ty\u00f6voimaa Euroopasta teollisuuden tarpeisiin.\" \/>\n<meta name=\"robots\" content=\"index, follow, max-snippet:-1, max-image-preview:large, max-video-preview:-1\" \/>\n<link rel=\"canonical\" href=\"https:\/\/kipinahrm.eu\/fi\/tyovoimaa-euroopasta\/\" \/>\n<meta property=\"og:locale\" content=\"fi_FI\" \/>\n<meta property=\"og:type\" content=\"article\" \/>\n<meta property=\"og:title\" content=\"Ty\u00f6voimaa Euroopasta - Henkil\u00f6st\u00f6vuokrausyhti\u00f6 Kipin\u00e4\" \/>\n<meta property=\"og:description\" content=\"Paikallinen ty\u00f6voimapula on korjattavissa. Kipin\u00e4 auttaa l\u00f6yt\u00e4m\u00e4\u00e4n ty\u00f6voimaa Euroopasta teollisuuden tarpeisiin.\" \/>\n<meta property=\"og:url\" content=\"https:\/\/kipinahrm.eu\/fi\/tyovoimaa-euroopasta\/\" \/>\n<meta property=\"og:site_name\" content=\"Henkil\u00f6st\u00f6vuokrausyhti\u00f6 Kipin\u00e4\" \/>\n<meta property=\"article:publisher\" content=\"https:\/\/m.facebook.com\/HenkilostovuokrausKipina\" \/>\n<meta property=\"article:modified_time\" content=\"2022-09-02T08:04:26+00:00\" \/>\n<meta property=\"og:image\" content=\"https:\/\/kipinahrm.eu\/wp-content\/uploads\/2021\/06\/khrm_image3.png\" \/>\n\t<meta property=\"og:image:width\" content=\"244\" \/>\n\t<meta property=\"og:image:height\" content=\"163\" \/>\n\t<meta property=\"og:image:type\" content=\"image\/png\" \/>\n<meta name=\"twitter:card\" content=\"summary_large_image\" \/>\n<meta name=\"twitter:label1\" content=\"Arvioitu lukuaika\" \/>\n\t<meta name=\"twitter:data1\" content=\"4 minuuttia\" \/>\n<script type=\"application\/ld+json\" class=\"yoast-schema-graph\">{\"@context\":\"https:\\\/\\\/schema.org\",\"@graph\":[{\"@type\":\"WebPage\",\"@id\":\"https:\\\/\\\/kipinahrm.eu\\\/fi\\\/tyovoimaa-euroopasta\\\/\",\"url\":\"https:\\\/\\\/kipinahrm.eu\\\/fi\\\/tyovoimaa-euroopasta\\\/\",\"name\":\"Ty\u00f6voimaa Euroopasta - Henkil\u00f6st\u00f6vuokrausyhti\u00f6 Kipin\u00e4\",\"isPartOf\":{\"@id\":\"https:\\\/\\\/kipinahrm.eu\\\/#website\"},\"primaryImageOfPage\":{\"@id\":\"https:\\\/\\\/kipinahrm.eu\\\/fi\\\/tyovoimaa-euroopasta\\\/#primaryimage\"},\"image\":{\"@id\":\"https:\\\/\\\/kipinahrm.eu\\\/fi\\\/tyovoimaa-euroopasta\\\/#primaryimage\"},\"thumbnailUrl\":\"https:\\\/\\\/kipinahrm.eu\\\/wp-content\\\/uploads\\\/2021\\\/06\\\/khrm_image3.png\",\"datePublished\":\"2021-03-11T15:28:44+00:00\",\"dateModified\":\"2022-09-02T08:04:26+00:00\",\"description\":\"Paikallinen ty\u00f6voimapula on korjattavissa. Kipin\u00e4 auttaa l\u00f6yt\u00e4m\u00e4\u00e4n ty\u00f6voimaa Euroopasta teollisuuden tarpeisiin.\",\"breadcrumb\":{\"@id\":\"https:\\\/\\\/kipinahrm.eu\\\/fi\\\/tyovoimaa-euroopasta\\\/#breadcrumb\"},\"inLanguage\":\"fi\",\"potentialAction\":[{\"@type\":\"ReadAction\",\"target\":[\"https:\\\/\\\/kipinahrm.eu\\\/fi\\\/tyovoimaa-euroopasta\\\/\"]}]},{\"@type\":\"ImageObject\",\"inLanguage\":\"fi\",\"@id\":\"https:\\\/\\\/kipinahrm.eu\\\/fi\\\/tyovoimaa-euroopasta\\\/#primaryimage\",\"url\":\"https:\\\/\\\/kipinahrm.eu\\\/wp-content\\\/uploads\\\/2021\\\/06\\\/khrm_image3.png\",\"contentUrl\":\"https:\\\/\\\/kipinahrm.eu\\\/wp-content\\\/uploads\\\/2021\\\/06\\\/khrm_image3.png\",\"width\":244,\"height\":163,\"caption\":\"Ty\u00f6voimaa Euroopasta\"},{\"@type\":\"BreadcrumbList\",\"@id\":\"https:\\\/\\\/kipinahrm.eu\\\/fi\\\/tyovoimaa-euroopasta\\\/#breadcrumb\",\"itemListElement\":[{\"@type\":\"ListItem\",\"position\":1,\"name\":\"Home\",\"item\":\"https:\\\/\\\/kipinahrm.eu\\\/fi\\\/\"},{\"@type\":\"ListItem\",\"position\":2,\"name\":\"Ty\u00f6voimaa Euroopasta\"}]},{\"@type\":\"WebSite\",\"@id\":\"https:\\\/\\\/kipinahrm.eu\\\/#website\",\"url\":\"https:\\\/\\\/kipinahrm.eu\\\/\",\"name\":\"Henkil\u00f6st\u00f6vuokrausyhti\u00f6 Kipin\u00e4\",\"description\":\"\",\"publisher\":{\"@id\":\"https:\\\/\\\/kipinahrm.eu\\\/#organization\"},\"potentialAction\":[{\"@type\":\"SearchAction\",\"target\":{\"@type\":\"EntryPoint\",\"urlTemplate\":\"https:\\\/\\\/kipinahrm.eu\\\/?s={search_term_string}\"},\"query-input\":{\"@type\":\"PropertyValueSpecification\",\"valueRequired\":true,\"valueName\":\"search_term_string\"}}],\"inLanguage\":\"fi\"},{\"@type\":\"Organization\",\"@id\":\"https:\\\/\\\/kipinahrm.eu\\\/#organization\",\"name\":\"Henki\u00f6st\u00f6vuokrausyhti\u00f6 Kipin\u00e4 Oy\",\"url\":\"https:\\\/\\\/kipinahrm.eu\\\/\",\"logo\":{\"@type\":\"ImageObject\",\"inLanguage\":\"fi\",\"@id\":\"https:\\\/\\\/kipinahrm.eu\\\/#\\\/schema\\\/logo\\\/image\\\/\",\"url\":\"https:\\\/\\\/kipinahrm.eu\\\/wp-content\\\/uploads\\\/2021\\\/09\\\/Kipina-logo_tekstilla_M.png\",\"contentUrl\":\"https:\\\/\\\/kipinahrm.eu\\\/wp-content\\\/uploads\\\/2021\\\/09\\\/Kipina-logo_tekstilla_M.png\",\"width\":561,\"height\":444,\"caption\":\"Henki\u00f6st\u00f6vuokrausyhti\u00f6 Kipin\u00e4 Oy\"},\"image\":{\"@id\":\"https:\\\/\\\/kipinahrm.eu\\\/#\\\/schema\\\/logo\\\/image\\\/\"},\"sameAs\":[\"https:\\\/\\\/m.facebook.com\\\/HenkilostovuokrausKipina\",\"https:\\\/\\\/www.linkedin.com\\\/company\\\/henkilostovuokrausyhtio-kipina-oy\",\"https:\\\/\\\/www.youtube.com\\\/channel\\\/UCTogAPEEPzLjJ8H8v3xjutQ\"]}]}<\/script>\n<!-- \/ Yoast SEO plugin. -->","yoast_head_json":{"title":"Ty\u00f6voimaa Euroopasta - Henkil\u00f6st\u00f6vuokrausyhti\u00f6 Kipin\u00e4","description":"Paikallinen ty\u00f6voimapula on korjattavissa. Kipin\u00e4 auttaa l\u00f6yt\u00e4m\u00e4\u00e4n ty\u00f6voimaa Euroopasta teollisuuden tarpeisiin.","robots":{"index":"index","follow":"follow","max-snippet":"max-snippet:-1","max-image-preview":"max-image-preview:large","max-video-preview":"max-video-preview:-1"},"canonical":"https:\/\/kipinahrm.eu\/fi\/tyovoimaa-euroopasta\/","og_locale":"fi_FI","og_type":"article","og_title":"Ty\u00f6voimaa Euroopasta - Henkil\u00f6st\u00f6vuokrausyhti\u00f6 Kipin\u00e4","og_description":"Paikallinen ty\u00f6voimapula on korjattavissa. Kipin\u00e4 auttaa l\u00f6yt\u00e4m\u00e4\u00e4n ty\u00f6voimaa Euroopasta teollisuuden tarpeisiin.","og_url":"https:\/\/kipinahrm.eu\/fi\/tyovoimaa-euroopasta\/","og_site_name":"Henkil\u00f6st\u00f6vuokrausyhti\u00f6 Kipin\u00e4","article_publisher":"https:\/\/m.facebook.com\/HenkilostovuokrausKipina","article_modified_time":"2022-09-02T08:04:26+00:00","og_image":[{"width":244,"height":163,"url":"https:\/\/kipinahrm.eu\/wp-content\/uploads\/2021\/06\/khrm_image3.png","type":"image\/png"}],"twitter_card":"summary_large_image","twitter_misc":{"Arvioitu lukuaika":"4 minuuttia"},"schema":{"@context":"https:\/\/schema.org","@graph":[{"@type":"WebPage","@id":"https:\/\/kipinahrm.eu\/fi\/tyovoimaa-euroopasta\/","url":"https:\/\/kipinahrm.eu\/fi\/tyovoimaa-euroopasta\/","name":"Ty\u00f6voimaa Euroopasta - Henkil\u00f6st\u00f6vuokrausyhti\u00f6 Kipin\u00e4","isPartOf":{"@id":"https:\/\/kipinahrm.eu\/#website"},"primaryImageOfPage":{"@id":"https:\/\/kipinahrm.eu\/fi\/tyovoimaa-euroopasta\/#primaryimage"},"image":{"@id":"https:\/\/kipinahrm.eu\/fi\/tyovoimaa-euroopasta\/#primaryimage"},"thumbnailUrl":"https:\/\/kipinahrm.eu\/wp-content\/uploads\/2021\/06\/khrm_image3.png","datePublished":"2021-03-11T15:28:44+00:00","dateModified":"2022-09-02T08:04:26+00:00","description":"Paikallinen ty\u00f6voimapula on korjattavissa. Kipin\u00e4 auttaa l\u00f6yt\u00e4m\u00e4\u00e4n ty\u00f6voimaa Euroopasta teollisuuden tarpeisiin.","breadcrumb":{"@id":"https:\/\/kipinahrm.eu\/fi\/tyovoimaa-euroopasta\/#breadcrumb"},"inLanguage":"fi","potentialAction":[{"@type":"ReadAction","target":["https:\/\/kipinahrm.eu\/fi\/tyovoimaa-euroopasta\/"]}]},{"@type":"ImageObject","inLanguage":"fi","@id":"https:\/\/kipinahrm.eu\/fi\/tyovoimaa-euroopasta\/#primaryimage","url":"https:\/\/kipinahrm.eu\/wp-content\/uploads\/2021\/06\/khrm_image3.png","contentUrl":"https:\/\/kipinahrm.eu\/wp-content\/uploads\/2021\/06\/khrm_image3.png","width":244,"height":163,"caption":"Ty\u00f6voimaa Euroopasta"},{"@type":"BreadcrumbList","@id":"https:\/\/kipinahrm.eu\/fi\/tyovoimaa-euroopasta\/#breadcrumb","itemListElement":[{"@type":"ListItem","position":1,"name":"Home","item":"https:\/\/kipinahrm.eu\/fi\/"},{"@type":"ListItem","position":2,"name":"Ty\u00f6voimaa Euroopasta"}]},{"@type":"WebSite","@id":"https:\/\/kipinahrm.eu\/#website","url":"https:\/\/kipinahrm.eu\/","name":"Henkil\u00f6st\u00f6vuokrausyhti\u00f6 Kipin\u00e4","description":"","publisher":{"@id":"https:\/\/kipinahrm.eu\/#organization"},"potentialAction":[{"@type":"SearchAction","target":{"@type":"EntryPoint","urlTemplate":"https:\/\/kipinahrm.eu\/?s={search_term_string}"},"query-input":{"@type":"PropertyValueSpecification","valueRequired":true,"valueName":"search_term_string"}}],"inLanguage":"fi"},{"@type":"Organization","@id":"https:\/\/kipinahrm.eu\/#organization","name":"Henki\u00f6st\u00f6vuokrausyhti\u00f6 Kipin\u00e4 Oy","url":"https:\/\/kipinahrm.eu\/","logo":{"@type":"ImageObject","inLanguage":"fi","@id":"https:\/\/kipinahrm.eu\/#\/schema\/logo\/image\/","url":"https:\/\/kipinahrm.eu\/wp-content\/uploads\/2021\/09\/Kipina-logo_tekstilla_M.png","contentUrl":"https:\/\/kipinahrm.eu\/wp-content\/uploads\/2021\/09\/Kipina-logo_tekstilla_M.png","width":561,"height":444,"caption":"Henki\u00f6st\u00f6vuokrausyhti\u00f6 Kipin\u00e4 Oy"},"image":{"@id":"https:\/\/kipinahrm.eu\/#\/schema\/logo\/image\/"},"sameAs":["https:\/\/m.facebook.com\/HenkilostovuokrausKipina","https:\/\/www.linkedin.com\/company\/henkilostovuokrausyhtio-kipina-oy","https:\/\/www.youtube.com\/channel\/UCTogAPEEPzLjJ8H8v3xjutQ"]}]}},"_links":{"self":[{"href":"https:\/\/kipinahrm.eu\/fi\/wp-json\/wp\/v2\/pages\/13","targetHints":{"allow":["GET"]}}],"collection":[{"href":"https:\/\/kipinahrm.eu\/fi\/wp-json\/wp\/v2\/pages"}],"about":[{"href":"https:\/\/kipinahrm.eu\/fi\/wp-json\/wp\/v2\/types\/page"}],"author":[{"embeddable":true,"href":"https:\/\/kipinahrm.eu\/fi\/wp-json\/wp\/v2\/users\/1"}],"replies":[{"embeddable":true,"href":"https:\/\/kipinahrm.eu\/fi\/wp-json\/wp\/v2\/comments?post=13"}],"version-history":[{"count":0,"href":"https:\/\/kipinahrm.eu\/fi\/wp-json\/wp\/v2\/pages\/13\/revisions"}],"wp:featuredmedia":[{"embeddable":true,"href":"https:\/\/kipinahrm.eu\/fi\/wp-json\/wp\/v2\/media\/348"}],"wp:attachment":[{"href":"https:\/\/kipinahrm.eu\/fi\/wp-json\/wp\/v2\/media?parent=13"}],"curies":[{"name":"wp","href":"https:\/\/api.w.org\/{rel}","templated":true}]}}