{"id":10,"date":"2021-03-11T16:14:34","date_gmt":"2021-03-11T14:14:34","guid":{"rendered":"http:\/\/manager.kipinahrm.fi\/?page_id=10"},"modified":"2024-11-19T15:28:39","modified_gmt":"2024-11-19T13:28:39","slug":"etusivu","status":"publish","type":"page","link":"https:\/\/kipinahrm.eu\/fi\/","title":{"rendered":"Etusivu"},"content":{"rendered":"\n<div class=\"wp-block-khrm-content-box content-banner-1 row m-0\"><div class=\"col-10 col-lg-3 offset-0-5 offset-lg-1\"><h2 class=\"rs-50 fw-b fc-blue\">Ty\u00f6voimaa Euroopasta<\/h2><\/div><div class=\"col-11 col-lg-6 offset-0-5 offset-lg-1 offset-xl-0 r-22 fw-n fc-black lh-1-5\"><p>Henkil\u00f6st\u00f6vuokrausyhti\u00f6 Kipin\u00e4 Oy on ammattitaitoisen, eurooppalaisen ty\u00f6voiman henkil\u00f6st\u00f6vuokraukseen, rekrytointiin sek\u00e4 ulkoistamispalveluihin erikoistunut yritys. Toimintamme l\u00e4ht\u00f6kohtana on kohdentaa asiakkaiden toiveet ja odotukset sek\u00e4 ty\u00f6ntekij\u00f6iden kokemus ja osaaminen. Toimimme nopeasti, joustavasti ja ammattitaitoisesti pyrkimyksen\u00e4mme palvella sek\u00e4 asiakasta ett\u00e4 ty\u00f6ntekij\u00e4\u00e4.<\/p><\/div><\/div>\n\n\n\n<div class=\"wp-block-khrm-content-box-2 content-banner-2 row m-0\"><div class=\"col-11 col-lg-6 offset-0-5 offset-lg-1\"><div class=\"col-10\"><h2 class=\"rs-40 fw-b fc-blue lh-2\">Ammattitaitoisia tekij\u00f6it\u00e4<\/h2><\/div><div class=\"col-11 col-lg-12 offset-lg-1\"><p class=\" r-20 fw-n fc-black lh-1-5\">Tarjoamme ammattitaitoista, koulutettua ja kokenutta ty\u00f6voimaa, joka t\u00e4ytt\u00e4\u00e4 asiakasyritystemme vaatimukset. Kipin\u00e4n kautta l\u00f6yd\u00e4t mm. luotettavat CNC-koneistajat, hitsarit, laminoitsijat sek\u00e4 elintarvikety\u00f6ntekij\u00e4t. T\u00e4ll\u00e4 hetkell\u00e4 tietokannassamme on suuri m\u00e4\u00e4r\u00e4 eri alojen asiantuntevia ammattilaisia, jotka voivat auttaa yrityst\u00e4nne esimerkiksi projektien suorittamisessa, ruuhkahuippujen aikana tai vaikka vakiinnuttaa paikkansa osana vakituista henkil\u00f6st\u00f6\u00e4nne. Olemme rekrytoineet ty\u00f6ntekij\u00f6it\u00e4 mm. Norjaan, Saksaan ja Irlantiin.<\/p><\/div><div class=\"col-10\"><h2 class=\"rs-40 fw-b fc-blue lh-2 pt-6\">Kipin\u00e4 on rehti kumppani<\/h2><\/div><div class=\"col-11 col-lg-12 offset-lg-1\"><p class=\"r-20 fw-n fc-black lh-1-5\">Kipin\u00e4 on sitoutunut toimimaan vastuullisesti ja noudattamaan selkeit\u00e4 pelis\u00e4\u00e4nt\u00f6j\u00e4 mm. henkil\u00f6tietojen k\u00e4sittelyss\u00e4, eurooppalaisten ty\u00f6tekij\u00f6iden rekrytoinnissa sek\u00e4 ty\u00f6nantajavelvoitteiden noudattamisessa. Se huolehtii vuokraty\u00f6ntekij\u00f6idens\u00e4 hyvinvoinnista ja osaamisesta mm. tarjoamalla ty\u00f6terveyshuollon ja tarvittavat koulutukset ty\u00f6ntekij\u00f6illeen.<\/p><\/div><\/div><div id=\"jobseeker-container\" class=\"col-12 col-lg-4 p-0 offset-0 offset-lg-1\"><div class=\"text-center p-lg-5 col-12 main-attention-box-top-container\"><div class=\"main-attention-box bg-orange\"><p class=\"m-auto rs-25 fw-b fc-white lh-2\">Haetko ty\u00f6ntekij\u00f6it\u00e4?<\/p><p class=\"m-auto rs-20 fw-b fc-white lh-1-8\">T\u00e4st\u00e4 linkist\u00e4 p\u00e4\u00e4set yrityssivustollemme.<\/p><a href=\"asiakkaillemme\" class=\"btn btn-attention-box my-3\">Ty\u00f6nantajille \/ Employers<\/a><p class=\"m-auto rs-25 fw-b fc-white lh-2\">Are you looking for employers?<\/p><p class=\"m-auto rs-20 fw-b fc-white lh-1-8\">This link takes you to our business site.<\/p><\/div><\/div><div class=\"text-center p-lg-5 col-12 main-attention-box-bottom-container\"><div class=\"main-attention-box bg-light-blue\"><p class=\"m-auto rs-20 fw-b fc-blue\">Olemme luotettava kumppani sek\u00e4 yrityksille, ett\u00e4 ty\u00f6ntekij\u00f6ille.<\/p><img decoding=\"async\" src=\"\/wp-content\/uploads\/2022\/12\/LK_valkoinen_rgb.jpg\" class=\"main-attention-box-image\" alt=\"Tilaajavastuu\"\/><img decoding=\"async\" src=\"\/wp-content\/uploads\/2021\/03\/hpl_logo-uusi.png\" class=\"main-attention-box-image\" alt=\"HPL j\u00e4senyritys\"\/><\/div><\/div><\/div><\/div>\n\n\n<ul class=\"wp-block-latest-posts__list wp-block-latest-posts\"><li><a class=\"wp-block-latest-posts__post-title\" href=\"https:\/\/kipinahrm.eu\/fi\/uutiset\/kipina-toivottaa-jarkko-frosti-tervetulleeksi-operatiiviseksi-johtajaksi-2\/\">Kipin\u00e4 toivottaa Jarkko Frosti tervetulleeksi operatiiviseksi johtajaksi<\/a><div class=\"wp-block-latest-posts__post-excerpt\">Olen teollinen operatiivinen johtaja, jolla on vahva k\u00e4yt\u00e4nn\u00f6n tausta konepajatuotannosta ja teollisesta huollosta. Urani aikana olen vastannut sek\u00e4 tuotannon ett\u00e4 huollon operatiivisesta johtamisesta, mik\u00e4 on antanut minulle syv\u00e4llisen ymm\u00e4rryksen teollisuuden arjesta, osaamistarpeista ja turvallisuuskriittisest\u00e4 ty\u00f6st\u00e4. Nykyisess\u00e4 roolissani henkil\u00f6st\u00f6palvelualalla hy\u00f6dynn\u00e4n t\u00e4t\u00e4 teollista kokemusta tunnistamalla asiakkaiden todelliset tarpeet, arvioimalla teknist\u00e4 osaamista tarkasti ja rakentamalla ratkaisuja, jotka tukevat\u2026 <a class=\"wp-block-latest-posts__read-more\" href=\"https:\/\/kipinahrm.eu\/fi\/uutiset\/kipina-toivottaa-jarkko-frosti-tervetulleeksi-operatiiviseksi-johtajaksi-2\/\" rel=\"noopener noreferrer\">Lue lis\u00e4\u00e4<span class=\"screen-reader-text\">: Kipin\u00e4 toivottaa Jarkko Frosti tervetulleeksi operatiiviseksi johtajaksi<\/span><\/a><\/div><\/li>\n<li><div class=\"wp-block-latest-posts__featured-image alignright\"><img loading=\"lazy\" decoding=\"async\" width=\"150\" height=\"150\" src=\"https:\/\/kipinahrm.eu\/wp-content\/uploads\/2021\/09\/Kipina-logo_tekstilla_M-150x150.png\" class=\"attachment-thumbnail size-thumbnail wp-post-image\" alt=\"Kipin\u00e4 Henkil\u00f6st\u00f6ratkaisuja\" style=\"\" \/><\/div><a class=\"wp-block-latest-posts__post-title\" href=\"https:\/\/kipinahrm.eu\/fi\/uutiset\/miksi-henkilostopalvelut-ovat-avainasemassa-rekrytoinnissa\/\">Miksi henkil\u00f6st\u00f6palvelut ovat avainasemassa rekrytoinnissa?<\/a><div class=\"wp-block-latest-posts__post-excerpt\">Miten henkil\u00f6st\u00f6palvelut tehostavat rekrytointiprosessia? Henkil\u00f6st\u00f6palvelut ovat keskeisess\u00e4 roolissa rekrytointiprosessin tehostamisessa. Erityisesti yrityksille, jotka toimivat teollisuuden, teknisten alojen tai elintarviketeollisuuden parissa, henkil\u00f6st\u00f6vuokraus voi tarjota ratkaisevan avun. Kipin\u00e4 HRM on erikoistunut tarjoamaan ulkomaista ty\u00f6voimaa Suomeen, mik\u00e4 tuo mukanaan erityisi\u00e4 etuja rekrytointiprosessin tehostamiseen. Rekrytointi on usein aikaa viev\u00e4 ja monimutkainen prosessi, joka vaatii asiantuntemusta ja resursseja. Henkil\u00f6st\u00f6palveluyritykset, kuten\u2026 <a class=\"wp-block-latest-posts__read-more\" href=\"https:\/\/kipinahrm.eu\/fi\/uutiset\/miksi-henkilostopalvelut-ovat-avainasemassa-rekrytoinnissa\/\" rel=\"noopener noreferrer\">Lue lis\u00e4\u00e4<span class=\"screen-reader-text\">: Miksi henkil\u00f6st\u00f6palvelut ovat avainasemassa rekrytoinnissa?<\/span><\/a><\/div><\/li>\n<\/ul>\n\n\n<div class=\"wp-block-khrm-content-box-3 content-banner-3 row m-0\"><div class=\"col-11 col-lg-6 offset-0-5 offset-lg-1\"><div class=\"col-10 rs-30 fw-b fc-white\">Asiakastarina ATA Gears Oy &#8211; Haastateltavana tuotantojohtaja Marko Nummi<\/div><div class=\"col-12 offset-lg-1 r-20 fw-n fc-white lh-1-5\">Tuotantojohtaja Marko Nummi <a href=\"https:\/\/atagears.fi\" target=\"_blank\" rel=\"noreferrer noopener\">ATA Gearsilta<\/a> kertoo, ett\u00e4 he miettiv\u00e4t yhdess\u00e4 Henkil\u00f6st\u00f6vuokrausyhti\u00f6 Kipin\u00e4n kanssa yhteisty\u00f6mahdollisuuksia ulkomaisten ty\u00f6ntekij\u00f6iden kartoittamisessa, ja homma etenikin nopeasti hyv\u00e4ss\u00e4 hengess\u00e4.<br><br>\u201dP\u00e4iv\u00e4\u00e4k\u00e4\u00e4n ei ole tarvinnut katua ammattitaitoisen Stefanin palkkaamista. Voin hyvill\u00e4 mielin suositella Kipin\u00e4n palveluita muillekin ty\u00f6nantajille\u201d, Nummi mainitsee.<\/div><\/div><div class=\"col-12 col-lg-4 p-0 offset-0 offset-lg-1\"><div class=\"text-center p-lg-5 col-12\" style=\"height: 100%\"><iframe loading=\"lazy\" id=\"videoFrame\" width=\"100%\" height=\"100%\" title=\"YouTube video player\" frameborder=\"0\" allow=\"accelerometer; autoplay; clipboard-write; encrypted-media; gyroscope; picture-in-picture\" src=\"https:\/\/www.youtube.com\/embed\/FfTmliPiCjc?controls=0&amp;rel=0&amp;modestbranding=1\"><\/iframe><\/div><\/div><\/div>\n\n\n\n<p><\/p>\n","protected":false},"excerpt":{"rendered":"","protected":false},"author":1,"featured_media":590,"parent":0,"menu_order":0,"comment_status":"closed","ping_status":"closed","template":"frontpage.php","meta":{"_improvement_type_select":"improve_an_existing","_thumb_yes_seoaic":false,"_frame_yes_seoaic":false,"seoaic_generate_description":"","seoaic_improve_instructions_prompt":"","seoaic_rollback_content_improvement":"","seoaic_idea_thumbnail_generator":"","thumbnail_generated":false,"thumbnail_generate_prompt":"","seoaic_article_description":"","footnotes":""},"class_list":["post-10","page","type-page","status-publish","has-post-thumbnail","hentry"],"yoast_head":"<!-- This site is optimized with the Yoast SEO plugin v27.3 - https:\/\/yoast.com\/product\/yoast-seo-wordpress\/ -->\n<title>Etusivu - Henkil\u00f6st\u00f6vuokrausyhti\u00f6 Kipin\u00e4<\/title>\n<meta name=\"description\" content=\"Ammattitaitoisia tekij\u00f6it\u00e4 ja osaavaa ty\u00f6voimaa Euroopasta Suomeen. Motivoitunutta ty\u00f6voimaa teollisuuden tarpeisiin. Kipin\u00e4 10 vuotta.\" \/>\n<meta name=\"robots\" content=\"index, follow, max-snippet:-1, max-image-preview:large, max-video-preview:-1\" \/>\n<link rel=\"canonical\" href=\"https:\/\/kipinahrm.eu\/fi\/\" \/>\n<meta property=\"og:locale\" content=\"fi_FI\" \/>\n<meta property=\"og:type\" content=\"article\" \/>\n<meta property=\"og:title\" content=\"Etusivu - Henkil\u00f6st\u00f6vuokrausyhti\u00f6 Kipin\u00e4\" \/>\n<meta property=\"og:description\" content=\"Ammattitaitoisia tekij\u00f6it\u00e4 ja osaavaa ty\u00f6voimaa Euroopasta Suomeen. Motivoitunutta ty\u00f6voimaa teollisuuden tarpeisiin. Kipin\u00e4 10 vuotta.\" \/>\n<meta property=\"og:url\" content=\"https:\/\/kipinahrm.eu\/fi\/\" \/>\n<meta property=\"og:site_name\" content=\"Henkil\u00f6st\u00f6vuokrausyhti\u00f6 Kipin\u00e4\" \/>\n<meta property=\"article:publisher\" content=\"https:\/\/m.facebook.com\/HenkilostovuokrausKipina\" \/>\n<meta property=\"article:modified_time\" content=\"2024-11-19T13:28:39+00:00\" \/>\n<meta property=\"og:image\" content=\"https:\/\/kipinahrm.eu\/wp-content\/uploads\/2021\/09\/Kipina-logo_tekstilla_M.png\" \/>\n\t<meta property=\"og:image:width\" content=\"561\" \/>\n\t<meta property=\"og:image:height\" content=\"444\" \/>\n\t<meta property=\"og:image:type\" content=\"image\/png\" \/>\n<meta name=\"twitter:card\" content=\"summary_large_image\" \/>\n<meta name=\"twitter:label1\" content=\"Arvioitu lukuaika\" \/>\n\t<meta name=\"twitter:data1\" content=\"2 minuuttia\" \/>\n<script type=\"application\/ld+json\" class=\"yoast-schema-graph\">{\"@context\":\"https:\\\/\\\/schema.org\",\"@graph\":[{\"@type\":\"WebPage\",\"@id\":\"https:\\\/\\\/kipinahrm.eu\\\/fi\\\/\",\"url\":\"https:\\\/\\\/kipinahrm.eu\\\/fi\\\/\",\"name\":\"Etusivu - Henkil\u00f6st\u00f6vuokrausyhti\u00f6 Kipin\u00e4\",\"isPartOf\":{\"@id\":\"https:\\\/\\\/kipinahrm.eu\\\/#website\"},\"primaryImageOfPage\":{\"@id\":\"https:\\\/\\\/kipinahrm.eu\\\/fi\\\/#primaryimage\"},\"image\":{\"@id\":\"https:\\\/\\\/kipinahrm.eu\\\/fi\\\/#primaryimage\"},\"thumbnailUrl\":\"https:\\\/\\\/kipinahrm.eu\\\/wp-content\\\/uploads\\\/2021\\\/09\\\/Kipina-logo_tekstilla_M.png\",\"datePublished\":\"2021-03-11T14:14:34+00:00\",\"dateModified\":\"2024-11-19T13:28:39+00:00\",\"description\":\"Ammattitaitoisia tekij\u00f6it\u00e4 ja osaavaa ty\u00f6voimaa Euroopasta Suomeen. Motivoitunutta ty\u00f6voimaa teollisuuden tarpeisiin. Kipin\u00e4 10 vuotta.\",\"breadcrumb\":{\"@id\":\"https:\\\/\\\/kipinahrm.eu\\\/fi\\\/#breadcrumb\"},\"inLanguage\":\"fi\",\"potentialAction\":[{\"@type\":\"ReadAction\",\"target\":[\"https:\\\/\\\/kipinahrm.eu\\\/fi\\\/\"]}]},{\"@type\":\"ImageObject\",\"inLanguage\":\"fi\",\"@id\":\"https:\\\/\\\/kipinahrm.eu\\\/fi\\\/#primaryimage\",\"url\":\"https:\\\/\\\/kipinahrm.eu\\\/wp-content\\\/uploads\\\/2021\\\/09\\\/Kipina-logo_tekstilla_M.png\",\"contentUrl\":\"https:\\\/\\\/kipinahrm.eu\\\/wp-content\\\/uploads\\\/2021\\\/09\\\/Kipina-logo_tekstilla_M.png\",\"width\":561,\"height\":444,\"caption\":\"Kipin\u00e4 Henkil\u00f6st\u00f6ratkaisuja\"},{\"@type\":\"BreadcrumbList\",\"@id\":\"https:\\\/\\\/kipinahrm.eu\\\/fi\\\/#breadcrumb\",\"itemListElement\":[{\"@type\":\"ListItem\",\"position\":1,\"name\":\"Home\",\"item\":\"https:\\\/\\\/kipinahrm.eu\\\/fi\\\/\"},{\"@type\":\"ListItem\",\"position\":2,\"name\":\"Etusivu\"}]},{\"@type\":\"WebSite\",\"@id\":\"https:\\\/\\\/kipinahrm.eu\\\/#website\",\"url\":\"https:\\\/\\\/kipinahrm.eu\\\/\",\"name\":\"Henkil\u00f6st\u00f6vuokrausyhti\u00f6 Kipin\u00e4\",\"description\":\"\",\"publisher\":{\"@id\":\"https:\\\/\\\/kipinahrm.eu\\\/#organization\"},\"potentialAction\":[{\"@type\":\"SearchAction\",\"target\":{\"@type\":\"EntryPoint\",\"urlTemplate\":\"https:\\\/\\\/kipinahrm.eu\\\/?s={search_term_string}\"},\"query-input\":{\"@type\":\"PropertyValueSpecification\",\"valueRequired\":true,\"valueName\":\"search_term_string\"}}],\"inLanguage\":\"fi\"},{\"@type\":\"Organization\",\"@id\":\"https:\\\/\\\/kipinahrm.eu\\\/#organization\",\"name\":\"Henki\u00f6st\u00f6vuokrausyhti\u00f6 Kipin\u00e4 Oy\",\"url\":\"https:\\\/\\\/kipinahrm.eu\\\/\",\"logo\":{\"@type\":\"ImageObject\",\"inLanguage\":\"fi\",\"@id\":\"https:\\\/\\\/kipinahrm.eu\\\/#\\\/schema\\\/logo\\\/image\\\/\",\"url\":\"https:\\\/\\\/kipinahrm.eu\\\/wp-content\\\/uploads\\\/2021\\\/09\\\/Kipina-logo_tekstilla_M.png\",\"contentUrl\":\"https:\\\/\\\/kipinahrm.eu\\\/wp-content\\\/uploads\\\/2021\\\/09\\\/Kipina-logo_tekstilla_M.png\",\"width\":561,\"height\":444,\"caption\":\"Henki\u00f6st\u00f6vuokrausyhti\u00f6 Kipin\u00e4 Oy\"},\"image\":{\"@id\":\"https:\\\/\\\/kipinahrm.eu\\\/#\\\/schema\\\/logo\\\/image\\\/\"},\"sameAs\":[\"https:\\\/\\\/m.facebook.com\\\/HenkilostovuokrausKipina\",\"https:\\\/\\\/www.linkedin.com\\\/company\\\/henkilostovuokrausyhtio-kipina-oy\",\"https:\\\/\\\/www.youtube.com\\\/channel\\\/UCTogAPEEPzLjJ8H8v3xjutQ\"]}]}<\/script>\n<!-- \/ Yoast SEO plugin. -->","yoast_head_json":{"title":"Etusivu - Henkil\u00f6st\u00f6vuokrausyhti\u00f6 Kipin\u00e4","description":"Ammattitaitoisia tekij\u00f6it\u00e4 ja osaavaa ty\u00f6voimaa Euroopasta Suomeen. Motivoitunutta ty\u00f6voimaa teollisuuden tarpeisiin. Kipin\u00e4 10 vuotta.","robots":{"index":"index","follow":"follow","max-snippet":"max-snippet:-1","max-image-preview":"max-image-preview:large","max-video-preview":"max-video-preview:-1"},"canonical":"https:\/\/kipinahrm.eu\/fi\/","og_locale":"fi_FI","og_type":"article","og_title":"Etusivu - Henkil\u00f6st\u00f6vuokrausyhti\u00f6 Kipin\u00e4","og_description":"Ammattitaitoisia tekij\u00f6it\u00e4 ja osaavaa ty\u00f6voimaa Euroopasta Suomeen. Motivoitunutta ty\u00f6voimaa teollisuuden tarpeisiin. Kipin\u00e4 10 vuotta.","og_url":"https:\/\/kipinahrm.eu\/fi\/","og_site_name":"Henkil\u00f6st\u00f6vuokrausyhti\u00f6 Kipin\u00e4","article_publisher":"https:\/\/m.facebook.com\/HenkilostovuokrausKipina","article_modified_time":"2024-11-19T13:28:39+00:00","og_image":[{"width":561,"height":444,"url":"https:\/\/kipinahrm.eu\/wp-content\/uploads\/2021\/09\/Kipina-logo_tekstilla_M.png","type":"image\/png"}],"twitter_card":"summary_large_image","twitter_misc":{"Arvioitu lukuaika":"2 minuuttia"},"schema":{"@context":"https:\/\/schema.org","@graph":[{"@type":"WebPage","@id":"https:\/\/kipinahrm.eu\/fi\/","url":"https:\/\/kipinahrm.eu\/fi\/","name":"Etusivu - Henkil\u00f6st\u00f6vuokrausyhti\u00f6 Kipin\u00e4","isPartOf":{"@id":"https:\/\/kipinahrm.eu\/#website"},"primaryImageOfPage":{"@id":"https:\/\/kipinahrm.eu\/fi\/#primaryimage"},"image":{"@id":"https:\/\/kipinahrm.eu\/fi\/#primaryimage"},"thumbnailUrl":"https:\/\/kipinahrm.eu\/wp-content\/uploads\/2021\/09\/Kipina-logo_tekstilla_M.png","datePublished":"2021-03-11T14:14:34+00:00","dateModified":"2024-11-19T13:28:39+00:00","description":"Ammattitaitoisia tekij\u00f6it\u00e4 ja osaavaa ty\u00f6voimaa Euroopasta Suomeen. Motivoitunutta ty\u00f6voimaa teollisuuden tarpeisiin. Kipin\u00e4 10 vuotta.","breadcrumb":{"@id":"https:\/\/kipinahrm.eu\/fi\/#breadcrumb"},"inLanguage":"fi","potentialAction":[{"@type":"ReadAction","target":["https:\/\/kipinahrm.eu\/fi\/"]}]},{"@type":"ImageObject","inLanguage":"fi","@id":"https:\/\/kipinahrm.eu\/fi\/#primaryimage","url":"https:\/\/kipinahrm.eu\/wp-content\/uploads\/2021\/09\/Kipina-logo_tekstilla_M.png","contentUrl":"https:\/\/kipinahrm.eu\/wp-content\/uploads\/2021\/09\/Kipina-logo_tekstilla_M.png","width":561,"height":444,"caption":"Kipin\u00e4 Henkil\u00f6st\u00f6ratkaisuja"},{"@type":"BreadcrumbList","@id":"https:\/\/kipinahrm.eu\/fi\/#breadcrumb","itemListElement":[{"@type":"ListItem","position":1,"name":"Home","item":"https:\/\/kipinahrm.eu\/fi\/"},{"@type":"ListItem","position":2,"name":"Etusivu"}]},{"@type":"WebSite","@id":"https:\/\/kipinahrm.eu\/#website","url":"https:\/\/kipinahrm.eu\/","name":"Henkil\u00f6st\u00f6vuokrausyhti\u00f6 Kipin\u00e4","description":"","publisher":{"@id":"https:\/\/kipinahrm.eu\/#organization"},"potentialAction":[{"@type":"SearchAction","target":{"@type":"EntryPoint","urlTemplate":"https:\/\/kipinahrm.eu\/?s={search_term_string}"},"query-input":{"@type":"PropertyValueSpecification","valueRequired":true,"valueName":"search_term_string"}}],"inLanguage":"fi"},{"@type":"Organization","@id":"https:\/\/kipinahrm.eu\/#organization","name":"Henki\u00f6st\u00f6vuokrausyhti\u00f6 Kipin\u00e4 Oy","url":"https:\/\/kipinahrm.eu\/","logo":{"@type":"ImageObject","inLanguage":"fi","@id":"https:\/\/kipinahrm.eu\/#\/schema\/logo\/image\/","url":"https:\/\/kipinahrm.eu\/wp-content\/uploads\/2021\/09\/Kipina-logo_tekstilla_M.png","contentUrl":"https:\/\/kipinahrm.eu\/wp-content\/uploads\/2021\/09\/Kipina-logo_tekstilla_M.png","width":561,"height":444,"caption":"Henki\u00f6st\u00f6vuokrausyhti\u00f6 Kipin\u00e4 Oy"},"image":{"@id":"https:\/\/kipinahrm.eu\/#\/schema\/logo\/image\/"},"sameAs":["https:\/\/m.facebook.com\/HenkilostovuokrausKipina","https:\/\/www.linkedin.com\/company\/henkilostovuokrausyhtio-kipina-oy","https:\/\/www.youtube.com\/channel\/UCTogAPEEPzLjJ8H8v3xjutQ"]}]}},"_links":{"self":[{"href":"https:\/\/kipinahrm.eu\/fi\/wp-json\/wp\/v2\/pages\/10","targetHints":{"allow":["GET"]}}],"collection":[{"href":"https:\/\/kipinahrm.eu\/fi\/wp-json\/wp\/v2\/pages"}],"about":[{"href":"https:\/\/kipinahrm.eu\/fi\/wp-json\/wp\/v2\/types\/page"}],"author":[{"embeddable":true,"href":"https:\/\/kipinahrm.eu\/fi\/wp-json\/wp\/v2\/users\/1"}],"replies":[{"embeddable":true,"href":"https:\/\/kipinahrm.eu\/fi\/wp-json\/wp\/v2\/comments?post=10"}],"version-history":[{"count":0,"href":"https:\/\/kipinahrm.eu\/fi\/wp-json\/wp\/v2\/pages\/10\/revisions"}],"wp:featuredmedia":[{"embeddable":true,"href":"https:\/\/kipinahrm.eu\/fi\/wp-json\/wp\/v2\/media\/590"}],"wp:attachment":[{"href":"https:\/\/kipinahrm.eu\/fi\/wp-json\/wp\/v2\/media?parent=10"}],"curies":[{"name":"wp","href":"https:\/\/api.w.org\/{rel}","templated":true}]}}