{"id":513,"date":"2021-05-30T17:24:13","date_gmt":"2021-05-30T14:24:13","guid":{"rendered":"http:\/\/manager.kipinahrm.fi\/work-in-finland\/"},"modified":"2026-01-08T11:28:57","modified_gmt":"2026-01-08T09:28:57","slug":"work-in-finland","status":"publish","type":"page","link":"https:\/\/kipinahrm.eu\/bg\/work-in-finland\/","title":{"rendered":"\u0421\u0432\u044a\u0440\u0436\u0435\u0442\u0435 \u0441\u0435 \u0441 \u043d\u0430\u0441"},"content":{"rendered":"\n<div class=\"wp-block-khrm-content-box-contact row lh-1-5\"><div class=\"content-banner-5 col-12 col-md-11 mx-md-auto row pb-5\"><div class=\"col-9 ps-6 py-6\"><div class=\"rs-50 fw-b fc-blue\">\u0414\u043e\u0431\u0440\u0435 \u0434\u043e\u0448\u043b\u0438 \u0434\u0430 \u0440\u0430\u0431\u043e\u0442\u0438\u0442\u0435 \u0432\u044a\u0432 \u0424\u0438\u043d\u043b\u0430\u043d\u0434\u0438\u044f!<\/div><\/div><div class=\"col-11 col-md-5 offset-1\"><div class=\"r-20 fc-black\"><strong><mark style=\"background-color:rgba(0, 0, 0, 0);color:#143c96\" class=\"has-inline-color\">\u041f\u0440\u043e\u0434\u0430\u0436\u0431\u0438<\/mark><\/strong><br>CEO<br><strong>Juha Kivim\u00e4ki<\/strong> <img loading=\"lazy\" decoding=\"async\" width=\"32\" height=\"22\" class=\"wp-image-852\" style=\"width: 32px;\" src=\"https:\/\/kipinahrm.eu\/wp-content\/uploads\/2022\/01\/flag-fi-1.png\" alt=\"Finnish\"> <img loading=\"lazy\" decoding=\"async\" width=\"32\" height=\"22\" class=\"wp-image-855\" style=\"width: 32px;\" src=\"https:\/\/kipinahrm.eu\/wp-content\/uploads\/2022\/01\/flag-gb-1.png\" alt=\"English\"><br>+358 40 040 3242<br>juha.kivimaki@kipinahrm.fi<br><br>COO<br><strong>Jarkko Frosti <\/strong><img loading=\"lazy\" decoding=\"async\" width=\"32\" height=\"22\" class=\"wp-image-851\" style=\"width: 32px;\" src=\"https:\/\/kipinahrm.eu\/wp-content\/uploads\/2022\/01\/flag-fi-1.png\" alt=\"Finnish\"> <img loading=\"lazy\" decoding=\"async\" width=\"32\" height=\"22\" class=\"wp-image-854\" style=\"width: 32px;\" src=\"https:\/\/kipinahrm.eu\/wp-content\/uploads\/2022\/01\/flag-gb-1.png\" alt=\"English\"> <br>+358 40 824 6630<br>jarkko.frosti@kipinahrm.fi<br><br><strong><mark style=\"background-color:rgba(0, 0, 0, 0);color:#143c96\" class=\"has-inline-color\">\u041f\u0435\u0440\u0441\u043e\u043d\u0430\u043b \u0438 \u043f\u0440\u043e\u0435\u043a\u0442\u0438<\/mark><\/strong><br>\u0411\u0438\u0437\u043d\u0435\u0441 \u043c\u0435\u043d\u0438\u0434\u0436\u044a\u0440<br><strong>Violetta Janus<\/strong> <img loading=\"lazy\" decoding=\"async\" width=\"32\" height=\"22\" class=\"wp-image-858\" style=\"width: 32px;\" src=\"https:\/\/kipinahrm.eu\/wp-content\/uploads\/2022\/01\/flag-pl-1.png\" alt=\"Polish\"> <img loading=\"lazy\" decoding=\"async\" width=\"32\" height=\"22\" class=\"wp-image-852\" style=\"width: 32px;\" src=\"https:\/\/kipinahrm.eu\/wp-content\/uploads\/2022\/01\/flag-fi-1.png\" alt=\"Finnish\"> <img loading=\"lazy\" decoding=\"async\" width=\"32\" height=\"22\" class=\"wp-image-855\" style=\"width: 32px;\" src=\"https:\/\/kipinahrm.eu\/wp-content\/uploads\/2022\/01\/flag-gb-1.png\" alt=\"English\"> <br>+358 40 653 5678<br>violetta.janus@kipinahrm.fi<br><br>\u0413\u043b\u0430\u0432\u0435\u043d \u043e\u043f\u0435\u0440\u0430\u0442\u0438\u0432\u0435\u043d \u043c\u0435\u043d\u0438\u0434\u0436\u044a\u0440<br><strong>Paulina Galazkiewicz <img loading=\"lazy\" decoding=\"async\" width=\"32\" height=\"22\" class=\"wp-image-858\" style=\"width: 32px;\" src=\"https:\/\/kipinahrm.eu\/wp-content\/uploads\/2022\/01\/flag-pl-1.png\" alt=\"Polish\"> <img loading=\"lazy\" decoding=\"async\" width=\"32\" height=\"22\" class=\"wp-image-852\" style=\"width: 32px;\" src=\"https:\/\/kipinahrm.eu\/wp-content\/uploads\/2022\/01\/flag-fi-1.png\" alt=\"Finnish\"> <img loading=\"lazy\" decoding=\"async\" width=\"32\" height=\"22\" class=\"wp-image-855\" style=\"width: 32px;\" src=\"https:\/\/kipinahrm.eu\/wp-content\/uploads\/2022\/01\/flag-gb-1.png\" alt=\"English\"> <\/strong><br>+358 40 168 9555<br>paulina.galazkiewicz@kipinahrm.fi<br><br>\u0421\u043f\u0435\u0446\u0438\u0430\u043b\u0438\u0441\u0442 \u043f\u043e \u0447\u043e\u0432\u0435\u0448\u043a\u0438 \u0440\u0435\u0441\u0443\u0440\u0441\u0438<br><strong>Yana Petrova<\/strong>\u00a0<img loading=\"lazy\" decoding=\"async\" width=\"32\" height=\"22\" src=\"https:\/\/kipinahrm.eu\/wp-content\/uploads\/2022\/01\/flag-bg-1.png\" alt=\"Bulgarian\">\u00a0<img loading=\"lazy\" decoding=\"async\" width=\"32\" height=\"22\" src=\"https:\/\/kipinahrm.eu\/wp-content\/uploads\/2022\/04\/Asset-1.png\" alt=\"\">\u00a0<img loading=\"lazy\" decoding=\"async\" width=\"32\" height=\"22\" src=\"https:\/\/kipinahrm.eu\/wp-content\/uploads\/2022\/01\/flag-gb-1.png\" alt=\"English\">\u00a0<img loading=\"lazy\" decoding=\"async\" width=\"32\" height=\"22\" src=\"https:\/\/kipinahrm.eu\/wp-content\/uploads\/2022\/01\/flag-fi-1.png\" alt=\"Finnish\">\u00a0<br>+358 50 556 7800<br>yana.petrova@kipinahrm.fi<br><br>HR \u0441\u043f\u0435\u0446\u0438\u0430\u043b\u0438\u0441\u0442<br><strong>Elena Kielom\u00e4ki<\/strong>\u00a0<img loading=\"lazy\" decoding=\"async\" width=\"32\" height=\"22\" src=\"https:\/\/kipinahrm.eu\/wp-content\/uploads\/2022\/01\/flag-ro-1.png\" alt=\"Romanian\">\u00a0<img loading=\"lazy\" decoding=\"async\" width=\"32\" height=\"22\" src=\"https:\/\/kipinahrm.eu\/wp-content\/uploads\/2022\/01\/flag-gb-1.png\" alt=\"English\">\u00a0<img loading=\"lazy\" decoding=\"async\" width=\"32\" height=\"22\" src=\"https:\/\/kipinahrm.eu\/wp-content\/uploads\/2022\/01\/flag-fi-1.png\" alt=\"Finnish\"><br>+358 50 541 4422<br>elena.kielomaki@kipinahrm.fi<br><br><strong><mark style=\"background-color:rgba(0, 0, 0, 0);color:#143c96\" class=\"has-inline-color\">\u041a\u0438\u043f\u0438\u043d\u0430 \u0432\u044a\u0432 \u0424\u0438\u043d\u043b\u0430\u043d\u0434\u0438\u044f<\/mark><\/strong><br>Henkil\u00f6st\u00f6vuokrausyhti\u00f6 Kipin\u00e4 Oy<br>Pispalan valtatie 139<br>33270 Tampere<br><br><\/div><\/div><div class=\"col-11 col-md-5 offset-1 order-last order-md-0\"><div class=\"r-20 fc-black\"><strong><mark style=\"background-color:rgba(0, 0, 0, 0);color:#143c96\" class=\"has-inline-color\">\u041a\u0438\u043f\u0438\u043d\u0430 \u0432 \u041f\u043e\u043b\u0448\u0430<\/mark><\/strong><br>Ilves Sp. z.o.o<br><strong>Kamila Lesiak<\/strong> <img loading=\"lazy\" decoding=\"async\" width=\"32\" height=\"22\" class=\"wp-image-858\" style=\"width: 32px;\" src=\"https:\/\/kipinahrm.eu\/wp-content\/uploads\/2022\/01\/flag-pl-1.png\" alt=\"Polish\"> <img loading=\"lazy\" decoding=\"async\" width=\"32\" height=\"22\" class=\"wp-image-855\" style=\"width: 32px;\" src=\"https:\/\/kipinahrm.eu\/wp-content\/uploads\/2022\/01\/flag-gb-1.png\" alt=\"English\"> <br>Ul. Sobieskiego 217\/4<br>84-200 Wejherowo<br>+48 882 977 913<br>kamila.lesiak@ilves.pl<br><br><strong><mark style=\"background-color:rgba(0, 0, 0, 0);color:#143c96\" class=\"has-inline-color\">\u041a\u0438\u043f\u0438\u043d\u0430 \u0432 \u0411\u044a\u043b\u0433\u0430\u0440\u0438\u044f<\/mark><\/strong><br>Kipina BG \u0415OOD<br><strong>Yana Petrova<\/strong>\u00a0<img loading=\"lazy\" decoding=\"async\" width=\"32\" height=\"22\" src=\"https:\/\/kipinahrm.eu\/wp-content\/uploads\/2022\/01\/flag-bg-1.png\" alt=\"Bulgarian\">\u00a0<img loading=\"lazy\" decoding=\"async\" width=\"32\" height=\"22\" src=\"https:\/\/kipinahrm.eu\/wp-content\/uploads\/2022\/04\/Asset-1.png\" alt=\"\">\u00a0<img loading=\"lazy\" decoding=\"async\" width=\"32\" height=\"22\" src=\"https:\/\/kipinahrm.eu\/wp-content\/uploads\/2022\/01\/flag-gb-1.png\" alt=\"English\">\u00a0<img loading=\"lazy\" decoding=\"async\" width=\"32\" height=\"22\" src=\"https:\/\/kipinahrm.eu\/wp-content\/uploads\/2022\/01\/flag-fi-1.png\" alt=\"Finnish\">\u00a0<br>+358 50 556 7800<br>yana.petrova@kipinahrm.fi<br><br><strong><mark style=\"background-color:rgba(0, 0, 0, 0);color:#143c96\" class=\"has-inline-color\">\u041a\u0438\u043f\u0438\u043d\u0430 \u0432 \u0420\u0443\u043c\u044a\u043d\u0438\u044f<\/mark><\/strong><br><strong>Elena Kielom\u00e4ki<\/strong>\u00a0<img loading=\"lazy\" decoding=\"async\" width=\"32\" height=\"22\" src=\"https:\/\/kipinahrm.eu\/wp-content\/uploads\/2022\/01\/flag-ro-1.png\" alt=\"Romanian\">\u00a0<img loading=\"lazy\" decoding=\"async\" width=\"32\" height=\"22\" src=\"https:\/\/kipinahrm.eu\/wp-content\/uploads\/2022\/01\/flag-gb-1.png\" alt=\"English\">\u00a0<img loading=\"lazy\" decoding=\"async\" width=\"32\" height=\"22\" src=\"https:\/\/kipinahrm.eu\/wp-content\/uploads\/2022\/01\/flag-fi-1.png\" alt=\"Finnish\"><br>+358 50 541 4422<br>elena.kielomaki@kipinahrm.fi<br><br><strong><mark style=\"background-color:rgba(0, 0, 0, 0);color:#143c96\" class=\"has-inline-color\">\u041a\u0438\u043f\u0438\u043d\u0430 \u0432 \u0421\u043b\u043e\u0432\u0430\u043a\u0438\u044f<\/mark><\/strong><br>In Box Agency s.r.o.<br><strong>Robert Jopek<\/strong> <img loading=\"lazy\" decoding=\"async\" width=\"32\" height=\"22\" class=\"wp-image-843\" style=\"width: 32px;\" src=\"https:\/\/kipinahrm.eu\/wp-content\/uploads\/2022\/01\/flag-svk-1.png\" alt=\"Slovakian\"> <img loading=\"lazy\" decoding=\"async\" width=\"32\" height=\"22\" class=\"wp-image-855\" style=\"width: 32px;\" src=\"https:\/\/kipinahrm.eu\/wp-content\/uploads\/2022\/01\/flag-gb-1.png\" alt=\"English\"><br>Palack\u00e9ho 8<br>040 01 Ko\u0161ice<br>+421 908 634 471<br>robert.jopek@inboxagency.sk<br><\/div><\/div><div class=\"col-10 offset-1 my-6 map-container\"><iframe id=\"mapFrame\" width=\"100%\" height=\"100%\" title=\"Google maps\" src=\"https:\/\/www.google.com\/maps\/embed?pb=!1m18!1m12!1m3!1d1903.3105342655763!2d23.66432051626744!3d61.507618241526885!2m3!1f0!2f0!3f0!3m2!1i1024!2i768!4f13.1!3m3!1m2!1s0x468f207544a85a55%3A0x87c25a21d55f2925!2zSGVua2lsw7ZzdMO2dnVva3JhdXN5aHRpw7YgS2lwaW7DpCBPeQ!5e0!3m2!1sfi!2sfi!4v1622377071455!5m2!1sfi!2sfi\" style=\"border:0;\" allowfullscreen loading=\"lazy\"><\/iframe><\/div><\/div><\/div>\n\n\n\n<div class=\"content-banner-5 col-md-11 mx-md-auto p-6 text-center\">\n<p class=\"rs-30 fw-b fc-blue\">\u0414\u0435\u043a\u043b\u0430\u0440\u0430\u0446\u0438\u044f \u0437\u0430 \u043f\u043e\u0432\u0435\u0440\u0438\u0442\u0435\u043b\u043d\u043e\u0441\u0442<\/p>\n<a class=\"btn btn-attention-box m-3\" href=\"https:\/\/kipinahrm.eu\/wp-content\/uploads\/2023\/02\/Tyonhakija_seloste-EN.pdf\" target=\"_blank\" rel=\"noopener\">\u0442\u044a\u0440\u0441\u0435\u0449 \u0440\u0430\u0431\u043e\u0442\u0430<\/a>\n<a class=\"btn btn-attention-box m-3\" href=\"https:\/\/kipinahrm.eu\/wp-content\/uploads\/2023\/02\/Tyontekija_seloste-EN.pdf\" target=\"_blank\" rel=\"noopener\">\u0441\u043b\u0443\u0436\u0438\u0442\u0435\u043b<\/a>\n<a class=\"btn btn-attention-box m-3\" href=\"https:\/\/kipinahrm.eu\/wp-content\/uploads\/2023\/02\/Asiakas_seloste-EN.pdf\" target=\"_blank\" rel=\"noopener\">\u043a\u043b\u0438\u0435\u043d\u0442<\/a>\n<\/div>\n","protected":false},"excerpt":{"rendered":"<p>\u0414\u0435\u043a\u043b\u0430\u0440\u0430\u0446\u0438\u044f \u0437\u0430 \u043f\u043e\u0432\u0435\u0440\u0438\u0442\u0435\u043b\u043d\u043e\u0441\u0442 \u0442\u044a\u0440\u0441\u0435\u0449 \u0440\u0430\u0431\u043e\u0442\u0430 \u0441\u043b\u0443\u0436\u0438\u0442\u0435\u043b \u043a\u043b\u0438\u0435\u043d\u0442<\/p>\n","protected":false},"author":1,"featured_media":700,"parent":0,"menu_order":0,"comment_status":"closed","ping_status":"closed","template":"page-bg.php","meta":{"_improvement_type_select":"improve_an_existing","_thumb_yes_seoaic":false,"_frame_yes_seoaic":false,"seoaic_generate_description":"","seoaic_improve_instructions_prompt":"","seoaic_rollback_content_improvement":"","seoaic_idea_thumbnail_generator":"","thumbnail_generated":false,"thumbnail_generate_prompt":"","seoaic_article_description":"","footnotes":""},"class_list":["post-513","page","type-page","status-publish","has-post-thumbnail","hentry"],"yoast_head":"<!-- This site is optimized with the Yoast SEO plugin v27.3 - https:\/\/yoast.com\/product\/yoast-seo-wordpress\/ -->\n<title>\u0421\u0432\u044a\u0440\u0436\u0435\u0442\u0435 \u0441\u0435 \u0441 \u043d\u0430\u0441 - Henkil\u00f6st\u00f6vuokrausyhti\u00f6 Kipin\u00e4<\/title>\n<meta name=\"robots\" content=\"index, follow, max-snippet:-1, max-image-preview:large, max-video-preview:-1\" \/>\n<link rel=\"canonical\" href=\"https:\/\/kipinahrm.eu\/bg\/work-in-finland\/\" \/>\n<meta property=\"og:locale\" content=\"bg_BG\" \/>\n<meta property=\"og:type\" content=\"article\" \/>\n<meta property=\"og:title\" content=\"\u0421\u0432\u044a\u0440\u0436\u0435\u0442\u0435 \u0441\u0435 \u0441 \u043d\u0430\u0441 - Henkil\u00f6st\u00f6vuokrausyhti\u00f6 Kipin\u00e4\" \/>\n<meta property=\"og:description\" content=\"\u0414\u0435\u043a\u043b\u0430\u0440\u0430\u0446\u0438\u044f \u0437\u0430 \u043f\u043e\u0432\u0435\u0440\u0438\u0442\u0435\u043b\u043d\u043e\u0441\u0442 \u0442\u044a\u0440\u0441\u0435\u0449 \u0440\u0430\u0431\u043e\u0442\u0430 \u0441\u043b\u0443\u0436\u0438\u0442\u0435\u043b \u043a\u043b\u0438\u0435\u043d\u0442\" \/>\n<meta property=\"og:url\" content=\"https:\/\/kipinahrm.eu\/bg\/work-in-finland\/\" \/>\n<meta property=\"og:site_name\" content=\"Henkil\u00f6st\u00f6vuokrausyhti\u00f6 Kipin\u00e4\" \/>\n<meta property=\"article:publisher\" content=\"https:\/\/m.facebook.com\/HenkilostovuokrausKipina\" \/>\n<meta property=\"article:modified_time\" content=\"2026-01-08T09:28:57+00:00\" \/>\n<meta property=\"og:image\" content=\"https:\/\/kipinahrm.eu\/wp-content\/uploads\/2021\/10\/10yrs.png\" \/>\n\t<meta property=\"og:image:width\" content=\"785\" \/>\n\t<meta property=\"og:image:height\" content=\"831\" \/>\n\t<meta property=\"og:image:type\" content=\"image\/png\" \/>\n<meta name=\"twitter:card\" content=\"summary_large_image\" \/>\n<meta name=\"twitter:label1\" content=\"Est. reading time\" \/>\n\t<meta name=\"twitter:data1\" content=\"6 \u043c\u0438\u043d\u0443\u0442\u0438\" \/>\n<script type=\"application\/ld+json\" class=\"yoast-schema-graph\">{\"@context\":\"https:\\\/\\\/schema.org\",\"@graph\":[{\"@type\":\"WebPage\",\"@id\":\"https:\\\/\\\/kipinahrm.eu\\\/bg\\\/work-in-finland\\\/\",\"url\":\"https:\\\/\\\/kipinahrm.eu\\\/bg\\\/work-in-finland\\\/\",\"name\":\"\u0421\u0432\u044a\u0440\u0436\u0435\u0442\u0435 \u0441\u0435 \u0441 \u043d\u0430\u0441 - Henkil\u00f6st\u00f6vuokrausyhti\u00f6 Kipin\u00e4\",\"isPartOf\":{\"@id\":\"https:\\\/\\\/kipinahrm.eu\\\/#website\"},\"primaryImageOfPage\":{\"@id\":\"https:\\\/\\\/kipinahrm.eu\\\/bg\\\/work-in-finland\\\/#primaryimage\"},\"image\":{\"@id\":\"https:\\\/\\\/kipinahrm.eu\\\/bg\\\/work-in-finland\\\/#primaryimage\"},\"thumbnailUrl\":\"https:\\\/\\\/kipinahrm.eu\\\/wp-content\\\/uploads\\\/2021\\\/10\\\/10yrs.png\",\"datePublished\":\"2021-05-30T14:24:13+00:00\",\"dateModified\":\"2026-01-08T09:28:57+00:00\",\"breadcrumb\":{\"@id\":\"https:\\\/\\\/kipinahrm.eu\\\/bg\\\/work-in-finland\\\/#breadcrumb\"},\"inLanguage\":\"bg-BG\",\"potentialAction\":[{\"@type\":\"ReadAction\",\"target\":[\"https:\\\/\\\/kipinahrm.eu\\\/bg\\\/work-in-finland\\\/\"]}]},{\"@type\":\"ImageObject\",\"inLanguage\":\"bg-BG\",\"@id\":\"https:\\\/\\\/kipinahrm.eu\\\/bg\\\/work-in-finland\\\/#primaryimage\",\"url\":\"https:\\\/\\\/kipinahrm.eu\\\/wp-content\\\/uploads\\\/2021\\\/10\\\/10yrs.png\",\"contentUrl\":\"https:\\\/\\\/kipinahrm.eu\\\/wp-content\\\/uploads\\\/2021\\\/10\\\/10yrs.png\",\"width\":785,\"height\":831,\"caption\":\"10 years of excellence\"},{\"@type\":\"BreadcrumbList\",\"@id\":\"https:\\\/\\\/kipinahrm.eu\\\/bg\\\/work-in-finland\\\/#breadcrumb\",\"itemListElement\":[{\"@type\":\"ListItem\",\"position\":1,\"name\":\"Home\",\"item\":\"https:\\\/\\\/kipinahrm.eu\\\/bg\\\/\"},{\"@type\":\"ListItem\",\"position\":2,\"name\":\"\u0421\u0432\u044a\u0440\u0436\u0435\u0442\u0435 \u0441\u0435 \u0441 \u043d\u0430\u0441\"}]},{\"@type\":\"WebSite\",\"@id\":\"https:\\\/\\\/kipinahrm.eu\\\/#website\",\"url\":\"https:\\\/\\\/kipinahrm.eu\\\/\",\"name\":\"Henkil\u00f6st\u00f6vuokrausyhti\u00f6 Kipin\u00e4\",\"description\":\"\",\"publisher\":{\"@id\":\"https:\\\/\\\/kipinahrm.eu\\\/#organization\"},\"potentialAction\":[{\"@type\":\"SearchAction\",\"target\":{\"@type\":\"EntryPoint\",\"urlTemplate\":\"https:\\\/\\\/kipinahrm.eu\\\/?s={search_term_string}\"},\"query-input\":{\"@type\":\"PropertyValueSpecification\",\"valueRequired\":true,\"valueName\":\"search_term_string\"}}],\"inLanguage\":\"bg-BG\"},{\"@type\":\"Organization\",\"@id\":\"https:\\\/\\\/kipinahrm.eu\\\/#organization\",\"name\":\"Henki\u00f6st\u00f6vuokrausyhti\u00f6 Kipin\u00e4 Oy\",\"url\":\"https:\\\/\\\/kipinahrm.eu\\\/\",\"logo\":{\"@type\":\"ImageObject\",\"inLanguage\":\"bg-BG\",\"@id\":\"https:\\\/\\\/kipinahrm.eu\\\/#\\\/schema\\\/logo\\\/image\\\/\",\"url\":\"https:\\\/\\\/kipinahrm.eu\\\/wp-content\\\/uploads\\\/2021\\\/09\\\/Kipina-logo_tekstilla_M.png\",\"contentUrl\":\"https:\\\/\\\/kipinahrm.eu\\\/wp-content\\\/uploads\\\/2021\\\/09\\\/Kipina-logo_tekstilla_M.png\",\"width\":561,\"height\":444,\"caption\":\"Henki\u00f6st\u00f6vuokrausyhti\u00f6 Kipin\u00e4 Oy\"},\"image\":{\"@id\":\"https:\\\/\\\/kipinahrm.eu\\\/#\\\/schema\\\/logo\\\/image\\\/\"},\"sameAs\":[\"https:\\\/\\\/m.facebook.com\\\/HenkilostovuokrausKipina\",\"https:\\\/\\\/www.linkedin.com\\\/company\\\/henkilostovuokrausyhtio-kipina-oy\",\"https:\\\/\\\/www.youtube.com\\\/channel\\\/UCTogAPEEPzLjJ8H8v3xjutQ\"]}]}<\/script>\n<!-- \/ Yoast SEO plugin. -->","yoast_head_json":{"title":"\u0421\u0432\u044a\u0440\u0436\u0435\u0442\u0435 \u0441\u0435 \u0441 \u043d\u0430\u0441 - Henkil\u00f6st\u00f6vuokrausyhti\u00f6 Kipin\u00e4","robots":{"index":"index","follow":"follow","max-snippet":"max-snippet:-1","max-image-preview":"max-image-preview:large","max-video-preview":"max-video-preview:-1"},"canonical":"https:\/\/kipinahrm.eu\/bg\/work-in-finland\/","og_locale":"bg_BG","og_type":"article","og_title":"\u0421\u0432\u044a\u0440\u0436\u0435\u0442\u0435 \u0441\u0435 \u0441 \u043d\u0430\u0441 - Henkil\u00f6st\u00f6vuokrausyhti\u00f6 Kipin\u00e4","og_description":"\u0414\u0435\u043a\u043b\u0430\u0440\u0430\u0446\u0438\u044f \u0437\u0430 \u043f\u043e\u0432\u0435\u0440\u0438\u0442\u0435\u043b\u043d\u043e\u0441\u0442 \u0442\u044a\u0440\u0441\u0435\u0449 \u0440\u0430\u0431\u043e\u0442\u0430 \u0441\u043b\u0443\u0436\u0438\u0442\u0435\u043b \u043a\u043b\u0438\u0435\u043d\u0442","og_url":"https:\/\/kipinahrm.eu\/bg\/work-in-finland\/","og_site_name":"Henkil\u00f6st\u00f6vuokrausyhti\u00f6 Kipin\u00e4","article_publisher":"https:\/\/m.facebook.com\/HenkilostovuokrausKipina","article_modified_time":"2026-01-08T09:28:57+00:00","og_image":[{"width":785,"height":831,"url":"https:\/\/kipinahrm.eu\/wp-content\/uploads\/2021\/10\/10yrs.png","type":"image\/png"}],"twitter_card":"summary_large_image","twitter_misc":{"Est. reading time":"6 \u043c\u0438\u043d\u0443\u0442\u0438"},"schema":{"@context":"https:\/\/schema.org","@graph":[{"@type":"WebPage","@id":"https:\/\/kipinahrm.eu\/bg\/work-in-finland\/","url":"https:\/\/kipinahrm.eu\/bg\/work-in-finland\/","name":"\u0421\u0432\u044a\u0440\u0436\u0435\u0442\u0435 \u0441\u0435 \u0441 \u043d\u0430\u0441 - Henkil\u00f6st\u00f6vuokrausyhti\u00f6 Kipin\u00e4","isPartOf":{"@id":"https:\/\/kipinahrm.eu\/#website"},"primaryImageOfPage":{"@id":"https:\/\/kipinahrm.eu\/bg\/work-in-finland\/#primaryimage"},"image":{"@id":"https:\/\/kipinahrm.eu\/bg\/work-in-finland\/#primaryimage"},"thumbnailUrl":"https:\/\/kipinahrm.eu\/wp-content\/uploads\/2021\/10\/10yrs.png","datePublished":"2021-05-30T14:24:13+00:00","dateModified":"2026-01-08T09:28:57+00:00","breadcrumb":{"@id":"https:\/\/kipinahrm.eu\/bg\/work-in-finland\/#breadcrumb"},"inLanguage":"bg-BG","potentialAction":[{"@type":"ReadAction","target":["https:\/\/kipinahrm.eu\/bg\/work-in-finland\/"]}]},{"@type":"ImageObject","inLanguage":"bg-BG","@id":"https:\/\/kipinahrm.eu\/bg\/work-in-finland\/#primaryimage","url":"https:\/\/kipinahrm.eu\/wp-content\/uploads\/2021\/10\/10yrs.png","contentUrl":"https:\/\/kipinahrm.eu\/wp-content\/uploads\/2021\/10\/10yrs.png","width":785,"height":831,"caption":"10 years of excellence"},{"@type":"BreadcrumbList","@id":"https:\/\/kipinahrm.eu\/bg\/work-in-finland\/#breadcrumb","itemListElement":[{"@type":"ListItem","position":1,"name":"Home","item":"https:\/\/kipinahrm.eu\/bg\/"},{"@type":"ListItem","position":2,"name":"\u0421\u0432\u044a\u0440\u0436\u0435\u0442\u0435 \u0441\u0435 \u0441 \u043d\u0430\u0441"}]},{"@type":"WebSite","@id":"https:\/\/kipinahrm.eu\/#website","url":"https:\/\/kipinahrm.eu\/","name":"Henkil\u00f6st\u00f6vuokrausyhti\u00f6 Kipin\u00e4","description":"","publisher":{"@id":"https:\/\/kipinahrm.eu\/#organization"},"potentialAction":[{"@type":"SearchAction","target":{"@type":"EntryPoint","urlTemplate":"https:\/\/kipinahrm.eu\/?s={search_term_string}"},"query-input":{"@type":"PropertyValueSpecification","valueRequired":true,"valueName":"search_term_string"}}],"inLanguage":"bg-BG"},{"@type":"Organization","@id":"https:\/\/kipinahrm.eu\/#organization","name":"Henki\u00f6st\u00f6vuokrausyhti\u00f6 Kipin\u00e4 Oy","url":"https:\/\/kipinahrm.eu\/","logo":{"@type":"ImageObject","inLanguage":"bg-BG","@id":"https:\/\/kipinahrm.eu\/#\/schema\/logo\/image\/","url":"https:\/\/kipinahrm.eu\/wp-content\/uploads\/2021\/09\/Kipina-logo_tekstilla_M.png","contentUrl":"https:\/\/kipinahrm.eu\/wp-content\/uploads\/2021\/09\/Kipina-logo_tekstilla_M.png","width":561,"height":444,"caption":"Henki\u00f6st\u00f6vuokrausyhti\u00f6 Kipin\u00e4 Oy"},"image":{"@id":"https:\/\/kipinahrm.eu\/#\/schema\/logo\/image\/"},"sameAs":["https:\/\/m.facebook.com\/HenkilostovuokrausKipina","https:\/\/www.linkedin.com\/company\/henkilostovuokrausyhtio-kipina-oy","https:\/\/www.youtube.com\/channel\/UCTogAPEEPzLjJ8H8v3xjutQ"]}]}},"_links":{"self":[{"href":"https:\/\/kipinahrm.eu\/bg\/wp-json\/wp\/v2\/pages\/513","targetHints":{"allow":["GET"]}}],"collection":[{"href":"https:\/\/kipinahrm.eu\/bg\/wp-json\/wp\/v2\/pages"}],"about":[{"href":"https:\/\/kipinahrm.eu\/bg\/wp-json\/wp\/v2\/types\/page"}],"author":[{"embeddable":true,"href":"https:\/\/kipinahrm.eu\/bg\/wp-json\/wp\/v2\/users\/1"}],"replies":[{"embeddable":true,"href":"https:\/\/kipinahrm.eu\/bg\/wp-json\/wp\/v2\/comments?post=513"}],"version-history":[{"count":12,"href":"https:\/\/kipinahrm.eu\/bg\/wp-json\/wp\/v2\/pages\/513\/revisions"}],"predecessor-version":[{"id":3537,"href":"https:\/\/kipinahrm.eu\/bg\/wp-json\/wp\/v2\/pages\/513\/revisions\/3537"}],"wp:featuredmedia":[{"embeddable":true,"href":"https:\/\/kipinahrm.eu\/bg\/wp-json\/wp\/v2\/media\/700"}],"wp:attachment":[{"href":"https:\/\/kipinahrm.eu\/bg\/wp-json\/wp\/v2\/media?parent=513"}],"curies":[{"name":"wp","href":"https:\/\/api.w.org\/{rel}","templated":true}]}}