{"id":506,"date":"2021-05-30T17:22:04","date_gmt":"2021-05-30T14:22:04","guid":{"rendered":"http:\/\/manager.kipinahrm.fi\/our-company\/"},"modified":"2021-07-06T18:15:54","modified_gmt":"2021-07-06T15:15:54","slug":"our-company","status":"publish","type":"page","link":"https:\/\/kipinahrm.eu\/bg\/our-company\/","title":{"rendered":"\u0417\u0430 \u0424\u0438\u0440\u043c\u0430\u0442\u0430"},"content":{"rendered":"\n<div class=\"wp-block-khrm-content-box-5 container-fluid\"><div class=\"row content-banner-5-container m-0\"><div class=\"content-banner-5 col-12 col-md-11 mx-md-auto row m-0\"><div class=\"title-container col-12 col-lg-9 ps-6 py-6\"><div class=\"title-container rs-50 fw-b fc-blue\">\u0426\u0435\u043d\u043d\u0430 \u0444\u0438\u0440\u043c\u0430 \u0437\u0430 \u043d\u0430\u0435\u043c\u0430\u043d\u0435 \u043d\u0430 \u0440\u0430\u0431\u043e\u0442\u0430<\/div><\/div><div class=\"title-container col-10 col-lg-8 offset-1\"><div class=\"title-container rs-30 fw-b fc-blue\"><\/div><\/div><div class=\"col-10 col-lg-8 offset-1 py-4\"><p class=\"r-20 fw-n fc-black\">\u041a\u0438\u043f\u0438\u043d\u0430 \u041e\u044e \u0435 \u0441\u044a\u0437\u0434\u0430\u0434\u0435\u043d\u0430 \u043f\u0440\u0435\u0437 2010 \u0433. \u043a\u0430\u0442\u043e \u0444\u0438\u0440\u043c\u0430 \u0437\u0430 \u043d\u0430\u0435\u043c\u0430\u043d\u0435 \u043d\u0430 \u043f\u0435\u0440\u0441\u043e\u043d\u0430\u043b. \u0417\u0430 \u0432\u0440\u0435\u043c\u0435\u0442\u043e \u043d\u0430 \u0441\u0432\u043e\u0435\u0442\u043e \u0441\u044a\u0449\u0435\u0441\u0442\u0432\u0443\u0432\u0430\u043d\u0435 \u0438 \u0434\u0435\u0439\u043d\u043e\u0441\u0442 \u0442\u044f \u0435 \u0444\u043e\u043a\u0443\u0441\u0438\u0440\u0430\u043d\u0430 \u0432\u044a\u0440\u0445\u0443 \u043e\u0441\u0438\u0433\u0443\u0440\u044f\u0432\u0430\u043d\u0435\u0442\u043e \u043d\u0430 \u0447\u0443\u0436\u0434\u0435\u0441\u0442\u0440\u0430\u043d\u043d\u0430 \u0440\u0430\u0431\u043e\u0442\u043d\u0430 \u0441\u0438\u043b\u0430 \u0432\u044a\u0432 \u0424\u0438\u043d\u043b\u0430\u043d\u0434\u0438\u044f. \u0412 \u043c\u043e\u043c\u0435\u043d\u0442\u0430 \u0444\u0438\u0440\u043c\u0430\u0442\u0430 \u0438\u043c\u0430 \u043f\u0430\u0440\u0442\u043d\u044c\u043e\u0440\u0438 \u0432 \u0421\u043b\u043e\u0432\u0430\u043a\u0438\u044f, \u041c\u0430\u043a\u0435\u0434\u043e\u043d\u0438\u044f, \u0420\u0443\u043c\u044a\u043d\u0438\u044f \u0438 \u041b\u0430\u0442\u0432\u0438\u044f, \u043a\u0430\u043a\u0442\u043e \u0438 \u0441\u043e\u0431\u0441\u0442\u0432\u0435\u043d\u0438 \u0430\u0433\u0435\u043d\u0446\u0438\u0438 \u0437\u0430 \u043f\u043e\u0434\u0431\u043e\u0440 \u0438 \u043d\u0430\u0435\u043c\u0430\u043d\u0435 \u043d\u0430 \u0440\u0430\u0431\u043e\u0442\u0430 \u0432 \u041f\u043e\u043b\u0448\u0430 \u2013 \u0418\u043b\u0432\u0435\u0441 \u0421\u043f.\u0437\u043e.\u043e. \u0438 \u0432 \u0411\u044a\u043b\u0433\u0430\u0440\u0438\u044f \u2013 \u041a\u0438\u043f\u0438\u043d\u0430 \u0411\u0413 \u041e\u041e\u0414.<br><br>\u041a\u0438\u043f\u0438\u043d\u0430 \u0435 \u0447\u043b\u0435\u043d \u043d\u0430 Henkil\u00f6st\u00f6palveluyritysten Liitto HPL (\u0410\u0441\u043e\u0446\u0438\u0430\u0446\u0438\u044f \u043d\u0430 \u0444\u0438\u0440\u043c\u0438\u0442\u0435 \u0437\u0430 \u043e\u0431\u0441\u043b\u0443\u0436\u0432\u0430\u043d\u0435 \u043d\u0430 \u043f\u0435\u0440\u0441\u043e\u043d\u0430\u043b). \u0422\u043e\u0432\u0430 \u043e\u0442\u0440\u0430\u0437\u044f\u0432\u0430 \u043e\u0442\u0433\u043e\u0432\u043e\u0440\u043d\u043e\u0441\u0442\u0442\u0430 \u043d\u0430 \u041a\u0438\u043f\u0438\u043d\u0430 \u043a\u0430\u0442\u043e \u043f\u0430\u0440\u0442\u043d\u044c\u043e\u0440, \u043a\u043e\u0439\u0442\u043e \u0432\u0438\u043d\u0430\u0433\u0438 \u0434\u0435\u0439\u0441\u0442\u0432\u0430 \u0432 \u0441\u044a\u043e\u0442\u0432\u0435\u0442\u0441\u0442\u0432\u0438\u0435 \u0441 \u043f\u0440\u0438\u043b\u043e\u0436\u0438\u043c\u043e\u0442\u043e \u0437\u0430\u043a\u043e\u043d\u043e\u0434\u0430\u0442\u0435\u043b\u0441\u0442\u0432\u043e. \u041d\u0430\u0435\u043c\u0430\u043d\u0435\u0442\u043e \u043d\u0430 \u0440\u0430\u0431\u043e\u0442\u0430 \u0447\u0440\u0435\u0437 \u041a\u0438\u043f\u0438\u043d\u0430 \u0432\u0438\u043d\u0430\u0433\u0438 \u0435 \u0447\u0435\u0441\u0442\u043d\u043e \u043a\u0430\u043a\u0442\u043e \u0437\u0430 \u0441\u043b\u0443\u0436\u0438\u0442\u0435\u043b\u044f, \u0442\u0430\u043a\u0430 \u0438 \u0437\u0430 \u043a\u043e\u043c\u043f\u0430\u043d\u0438\u044f\u0442\u0430, \u0438\u0437\u043f\u043e\u043b\u0437\u0432\u0430\u0449\u0430 \u0440\u0430\u0431\u043e\u0442\u043d\u0430 \u0441\u0438\u043b\u0430 \u043f\u043e\u0434 \u043d\u0430\u0435\u043c. \u041d\u0438\u0435 \u0432\u0438\u043d\u0430\u0433\u0438 \u0441\u0435 \u0441\u0442\u0440\u0435\u043c\u0438\u043c \u0434\u0430 \u043e\u0431\u0441\u043b\u0443\u0436\u0432\u0430\u043c\u0435 \u043a\u0430\u043a\u0442\u043e \u043d\u0430\u0448\u0438\u0442\u0435 \u043a\u043b\u0438\u0435\u043d\u0442\u0438, \u0442\u0430\u043a\u0430 \u0438 \u043d\u0430\u0448\u0438\u0442\u0435 \u0441\u043b\u0443\u0436\u0438\u0442\u0435\u043b\u0438 \u043d\u0430 \u0442\u0435\u0445\u043d\u0438\u044f \u0441\u043e\u0431\u0441\u0442\u0432\u0435\u043d \u0435\u0437\u0438\u043a, \u0442\u0430\u043a\u0430 \u0447\u0435 \u0441\u044a\u0442\u0440\u0443\u0434\u043d\u0438\u0447\u0435\u0441\u0442\u0432\u043e\u0442\u043e \u043c\u0435\u0436\u0434\u0443 \u043a\u043b\u0438\u0435\u043d\u0442\u0430 \u0438 \u0441\u043b\u0443\u0436\u0438\u0442\u0435\u043b\u044f \u0434\u0430 \u0431\u044a\u0434\u0435 \u0432\u044a\u0437\u043c\u043e\u0436\u043d\u043e \u043d\u0430\u0439-\u0433\u043b\u0430\u0434\u043a\u043e.<\/p><div class=\"rs-30 fw-b fc-blue py-4\">\u0421\u043f\u0430\u0437\u0432\u0430\u043d\u0435 \u043d\u0430 \u043a\u043e\u043b\u0435\u043a\u0442\u0438\u0432\u043d\u0438 \u0442\u0440\u0443\u0434\u043e\u0432\u0438 \u0434\u043e\u0433\u043e\u0432\u043e\u0440\u0438 \u0438 \u043c\u0435\u0436\u0434\u0443\u043d\u0430\u0440\u043e\u0434\u043d\u0438 \u043f\u043e\u043b\u0438\u0442\u0438\u043a\u0438<\/div><p class=\"r-20 fw-n fc-black\">\u0410\u0441\u043e\u0446\u0438\u0430\u0446\u0438\u044f\u0442\u0430 \u043d\u0430 \u0447\u0430\u0441\u0442\u043d\u0438\u0442\u0435 \u0430\u0433\u0435\u043d\u0446\u0438\u0438 \u043f\u043e \u0437\u0430\u0435\u0442\u043e\u0441\u0442\u0442\u0430 \u0441\u0435 \u0430\u043d\u0433\u0430\u0436\u0438\u0440\u0430 \u0434\u0430 \u0434\u0435\u0439\u0441\u0442\u0432\u0430 \u043e\u0442\u0433\u043e\u0432\u043e\u0440\u043d\u043e \u0438 \u0434\u0430 \u0441\u043f\u0430\u0437\u0432\u0430 \u044f\u0441\u043d\u0438 \u043f\u0440\u0430\u0432\u0438\u043b\u0430, \u0442.\u0435. \u043f\u0440\u0438 \u043e\u0431\u0440\u0430\u0431\u043e\u0442\u043a\u0430\u0442\u0430 \u043d\u0430 \u043b\u0438\u0447\u043d\u0438 \u0434\u0430\u043d\u043d\u0438 \u0438 \u0432 \u043f\u0440\u043e\u0446\u0435\u0441\u0430 \u043d\u0430 \u043d\u0430\u0431\u0438\u0440\u0430\u043d\u0435 \u043d\u0430 \u0447\u0443\u0436\u0434\u0435\u0441\u0442\u0440\u0430\u043d\u043d\u0438 \u0440\u0430\u0431\u043e\u0442\u043d\u0438\u0446\u0438. \u0424\u0438\u0440\u043c\u0438\u0442\u0435 \u0441\u0435 \u0430\u043d\u0433\u0430\u0436\u0438\u0440\u0430\u0442 \u0434\u0430 \u0441\u0435 \u0433\u0440\u0438\u0436\u0430\u0442 \u0437\u0430 \u0431\u043b\u0430\u0433\u043e\u0441\u044a\u0441\u0442\u043e\u044f\u043d\u0438\u0435\u0442\u043e \u0438 \u043a\u043e\u043c\u043f\u0435\u0442\u0435\u043d\u0442\u043d\u043e\u0441\u0442\u0442\u0430 \u043d\u0430 \u0432\u0440\u0435\u043c\u0435\u043d\u043d\u043e \u0437\u0430\u0435\u0442\u0438\u0442\u0435 \u0440\u0430\u0431\u043e\u0442\u043d\u0438\u0446\u0438.<br><br>\u0410\u0441\u043e\u0446\u0438\u0430\u0446\u0438\u044f\u0442\u0430 \u043d\u0430 \u0447\u0430\u0441\u0442\u043d\u0438\u0442\u0435 \u0430\u0433\u0435\u043d\u0446\u0438\u0438 \u043f\u043e \u0437\u0430\u0435\u0442\u043e\u0441\u0442\u0442\u0430 \u0440\u0430\u0437\u0440\u0430\u0431\u043e\u0442\u0438 \u043a\u043e\u0434\u0435\u043a\u0441 \u0437\u0430 \u043f\u043e\u0432\u0435\u0434\u0435\u043d\u0438\u0435 \u0432 \u043e\u0431\u043b\u0430\u0441\u0442\u0442\u0430 \u043d\u0430 \u043f\u0435\u0440\u0441\u043e\u043d\u0430\u043b\u0430, \u043a\u043e\u0439\u0442\u043e \u0434\u043e \u0433\u043e\u043b\u044f\u043c\u0430 \u0441\u0442\u0435\u043f\u0435\u043d \u0441\u0435 \u043e\u0441\u043d\u043e\u0432\u0430\u0432\u0430 \u043d\u0430 \u043c\u0435\u0436\u0434\u0443\u043d\u0430\u0440\u043e\u0434\u043d\u0438\u0442\u0435 \u043f\u0440\u0438\u043d\u0446\u0438\u043f\u0438 \u0432 \u0442\u0430\u0437\u0438 \u043e\u0431\u043b\u0430\u0441\u0442. \u041a\u0438\u043f\u0438\u043d\u0430 \u0441\u0435 \u0430\u043d\u0433\u0430\u0436\u0438\u0440\u0430 \u0434\u0430 \u0441\u043b\u0435\u0434\u0432\u0430 \u0442\u0435\u0437\u0438 \u043f\u043e\u043b\u0438\u0442\u0438\u043a\u0438, \u043a\u0430\u0442\u043e \u043e\u0431\u0440\u044a\u0449\u0430 \u043e\u0441\u043e\u0431\u0435\u043d\u043e \u0432\u043d\u0438\u043c\u0430\u043d\u0438\u0435 \u043d\u0430 \u0435\u0442\u0438\u0447\u043d\u0438\u0442\u0435 \u0446\u0435\u043d\u043d\u043e\u0441\u0442\u0438 \u043d\u0430 \u043a\u043e\u043c\u043f\u0430\u043d\u0438\u044f\u0442\u0430 \u0438 \u0437\u0430\u0434\u044a\u043b\u0436\u0435\u043d\u0438\u044f\u0442\u0430 \u043d\u0430 \u0440\u0430\u0431\u043e\u0442\u043e\u0434\u0430\u0442\u0435\u043b\u044f.<\/p><div class=\"rs-30 fw-b fc-blue py-4\">\u041d\u0430\u0448\u0430\u0442\u0430 \u043f\u043e\u043b\u0438\u0442\u0438\u043a\u0430<\/div><p class=\"r-20 fw-n fc-black\">\u0412\u043e\u0434\u0435\u0449\u0438\u0442\u0435 \u0446\u0435\u043d\u043d\u043e\u0441\u0442\u0438 \u0432 \u0434\u0435\u0439\u043d\u043e\u0441\u0442\u0442\u0430 \u043d\u0430 \u041a\u0438\u043f\u0438\u043d\u0430 \u0441\u0430 \u043f\u0440\u0435\u0434\u0438 \u0432\u0441\u0438\u0447\u043a\u043e \u0444\u043e\u043a\u0443\u0441\u0438\u0440\u0430\u043d\u0435 \u0432\u044a\u0440\u0445\u0443 \u043a\u043b\u0438\u0435\u043d\u0442\u0430, \u043e\u0442\u0433\u043e\u0432\u043e\u0440\u043d\u043e\u0441\u0442 \u0438 \u0441\u043f\u0440\u0430\u0432\u0435\u0434\u043b\u0438\u0432\u043e\u0441\u0442. \u041e\u0431\u0449\u0438\u0442\u0435 \u0446\u0435\u043d\u043d\u043e\u0441\u0442\u0438 \u0441\u0435 \u043e\u0442\u0440\u0430\u0437\u044f\u0432\u0430\u0442 \u0432 \u043d\u0430\u0447\u0438\u043d\u0430, \u043f\u043e \u043a\u043e\u0439\u0442\u043e \u0440\u0430\u0431\u043e\u0442\u0438 \u043d\u0430\u0448\u0438\u044f\u0442 \u043f\u0435\u0440\u0441\u043e\u043d\u0430\u043b \u0438 \u043e\u0431\u0441\u043b\u0443\u0436\u0432\u0430 \u043a\u0430\u043a\u0442\u043e \u043a\u043b\u0438\u0435\u043d\u0442\u0438\u0442\u0435, \u0442\u0430\u043a\u0430 \u0438 \u0441\u043b\u0443\u0436\u0438\u0442\u0435\u043b\u0438\u0442\u0435. \u041d\u0430\u0448\u0438\u044f\u0442 \u0431\u0438\u0437\u043d\u0435\u0441 \u0441\u0435 \u043e\u0441\u043d\u043e\u0432\u0430\u0432\u0430 \u043d\u0430 \u0434\u043e\u0432\u0435\u0440\u0438\u0435, \u043a\u043e\u0435\u0442\u043e \u043e\u0437\u043d\u0430\u0447\u0430\u0432\u0430, \u0447\u0435 \u043e\u043f\u0438\u0442\u043d\u0438\u044f\u0442 \u043d\u0438 \u043f\u0435\u0440\u0441\u043e\u043d\u0430\u043b \u043f\u0440\u0435\u0434\u043e\u0441\u0442\u0430\u0432\u044f \u043d\u0430 \u043d\u0430\u0448\u0438\u0442\u0435 \u043a\u043b\u0438\u0435\u043d\u0442\u0438 \u043a\u0432\u0430\u043b\u0438\u0444\u0438\u0446\u0438\u0440\u0430\u043d\u0438 \u0441\u043b\u0443\u0436\u0438\u0442\u0435\u043b\u0438 \u0432 \u0443\u0433\u043e\u0432\u043e\u0440\u0435\u043d\u0438 \u0441\u0440\u043e\u043a\u043e\u0432\u0435, \u043d\u0430 \u043a\u043e\u043d\u043a\u0443\u0440\u0435\u043d\u0442\u043d\u0430 \u0446\u0435\u043d\u0430. \u0414\u0435\u0439\u0441\u0442\u0432\u0430\u0439\u043a\u0438 \u0432 \u0441\u044a\u043e\u0442\u0432\u0435\u0442\u0441\u0442\u0432\u0438\u0435 \u0441 \u0442\u0435\u0437\u0438 \u0446\u0435\u043d\u043d\u043e\u0441\u0442\u0438, \u041a\u0438\u043f\u0438\u043d\u0430 \u0435 \u0441\u0438\u043b\u0435\u043d \u0438 \u043d\u0430\u0434\u0435\u0436\u0434\u0435\u043d \u0440\u0430\u0431\u043e\u0442\u043e\u0434\u0430\u0442\u0435\u043b \u0438 \u0434\u043e\u0432\u0435\u0440\u0435\u043d \u043f\u0430\u0440\u0442\u043d\u044c\u043e\u0440 \u0437\u0430 \u0441\u0432\u043e\u0438\u0442\u0435 \u043a\u043b\u0438\u0435\u043d\u0442\u0438.<\/p><div class=\"rs-30 fw-b fc-blue py-4\"><\/div><p class=\"r-20 fw-n fc-black\"><\/p><\/div><div class=\"col-10 offset-1 offset-lg-0 col-lg-3 py-4\"><div class=\"rs-30 fw-b fc-blue lh-1\">Fair rental employment services for 10 years already<\/div><div class=\"attention-img-container my-5\"><img decoding=\"async\" class=\"attention-img\" src=\"http:\/\/manager.kipinahrm.fi\/wp-content\/uploads\/2021\/03\/header_wf-scaled.jpg\"\/><img decoding=\"async\" class=\"attention-img\" src=\"http:\/\/manager.kipinahrm.fi\/wp-content\/uploads\/2021\/06\/header_cont-scaled.jpg\"\/><img class=\"attention-img\"\/><\/div><div class=\"rs-30 fw-b fc-blue lh-1\"><\/div><\/div><\/div><\/div><\/div>\n\n\n\n<div class=\"wp-block-khrm-content-box-6 content-banner-6 row m-0\"><div class=\"content-banner-6-content col-12 rs-40 fw-b fc-white p-10\">\u041d\u0438\u0435 \u0432\u0438\u043d\u0430\u0433\u0438 \u0441\u0435 \u0441\u0442\u0440\u0435\u043c\u0438\u043c \u0434\u0430 \u043e\u0431\u0441\u043b\u0443\u0436\u0432\u0430\u043c\u0435 \u043a\u0430\u043a\u0442\u043e \u043d\u0430\u0448\u0438\u0442\u0435 \u043a\u043b\u0438\u0435\u043d\u0442\u0438, \u0442\u0430\u043a\u0430 \u0438 \u043d\u0430\u0448\u0438\u0442\u0435 \u0441\u043b\u0443\u0436\u0438\u0442\u0435\u043b\u0438 \u043d\u0430 \u0442\u0435\u0445\u043d\u0438\u044f \u0441\u043e\u0431\u0441\u0442\u0432\u0435\u043d \u0435\u0437\u0438\u043a, \u0442\u0430\u043a\u0430 \u0447\u0435 \u0441\u044a\u0442\u0440\u0443\u0434\u043d\u0438\u0447\u0435\u0441\u0442\u0432\u043e\u0442\u043e \u043c\u0435\u0436\u0434\u0443 \u043a\u043b\u0438\u0435\u043d\u0442\u0430 \u0438 \u0441\u043b\u0443\u0436\u0438\u0442\u0435\u043b\u044f \u0434\u0430 \u0431\u044a\u0434\u0435 \u0432\u044a\u0437\u043c\u043e\u0436\u043d\u043e \u043d\u0430\u0439-\u0433\u043b\u0430\u0434\u043a\u043e.<\/div><\/div>\n","protected":false},"excerpt":{"rendered":"","protected":false},"author":1,"featured_media":0,"parent":0,"menu_order":0,"comment_status":"closed","ping_status":"closed","template":"page-bg.php","meta":{"_improvement_type_select":"improve_an_existing","_thumb_yes_seoaic":false,"_frame_yes_seoaic":false,"seoaic_generate_description":"","seoaic_improve_instructions_prompt":"","seoaic_rollback_content_improvement":"","seoaic_idea_thumbnail_generator":"","thumbnail_generated":false,"thumbnail_generate_prompt":"","seoaic_article_description":"","footnotes":""},"class_list":["post-506","page","type-page","status-publish","hentry"],"yoast_head":"<!-- This site is optimized with the Yoast SEO plugin v27.3 - https:\/\/yoast.com\/product\/yoast-seo-wordpress\/ -->\n<title>\u0417\u0430 \u0424\u0438\u0440\u043c\u0430\u0442\u0430 - Henkil\u00f6st\u00f6vuokrausyhti\u00f6 Kipin\u00e4<\/title>\n<meta name=\"robots\" content=\"index, follow, max-snippet:-1, max-image-preview:large, max-video-preview:-1\" \/>\n<link rel=\"canonical\" href=\"https:\/\/kipinahrm.eu\/our-company\/\" \/>\n<meta property=\"og:locale\" content=\"bg_BG\" \/>\n<meta property=\"og:type\" content=\"article\" \/>\n<meta property=\"og:title\" content=\"\u0417\u0430 \u0424\u0438\u0440\u043c\u0430\u0442\u0430 - Henkil\u00f6st\u00f6vuokrausyhti\u00f6 Kipin\u00e4\" \/>\n<meta property=\"og:url\" content=\"https:\/\/kipinahrm.eu\/our-company\/\" \/>\n<meta property=\"og:site_name\" content=\"Henkil\u00f6st\u00f6vuokrausyhti\u00f6 Kipin\u00e4\" \/>\n<meta property=\"article:publisher\" content=\"https:\/\/m.facebook.com\/HenkilostovuokrausKipina\" \/>\n<meta property=\"article:modified_time\" content=\"2021-07-06T15:15:54+00:00\" \/>\n<meta property=\"og:image\" content=\"http:\/\/manager.kipinahrm.fi\/wp-content\/uploads\/2021\/03\/header_wf-scaled.jpg\" \/>\n<meta name=\"twitter:card\" content=\"summary_large_image\" \/>\n<script type=\"application\/ld+json\" class=\"yoast-schema-graph\">{\"@context\":\"https:\\\/\\\/schema.org\",\"@graph\":[{\"@type\":\"WebPage\",\"@id\":\"https:\\\/\\\/kipinahrm.eu\\\/our-company\\\/\",\"url\":\"https:\\\/\\\/kipinahrm.eu\\\/our-company\\\/\",\"name\":\"\u0417\u0430 \u0424\u0438\u0440\u043c\u0430\u0442\u0430 - Henkil\u00f6st\u00f6vuokrausyhti\u00f6 Kipin\u00e4\",\"isPartOf\":{\"@id\":\"https:\\\/\\\/kipinahrm.eu\\\/#website\"},\"primaryImageOfPage\":{\"@id\":\"https:\\\/\\\/kipinahrm.eu\\\/our-company\\\/#primaryimage\"},\"image\":{\"@id\":\"https:\\\/\\\/kipinahrm.eu\\\/our-company\\\/#primaryimage\"},\"thumbnailUrl\":\"http:\\\/\\\/manager.kipinahrm.fi\\\/wp-content\\\/uploads\\\/2021\\\/03\\\/header_wf-scaled.jpg\",\"datePublished\":\"2021-05-30T14:22:04+00:00\",\"dateModified\":\"2021-07-06T15:15:54+00:00\",\"breadcrumb\":{\"@id\":\"https:\\\/\\\/kipinahrm.eu\\\/our-company\\\/#breadcrumb\"},\"inLanguage\":\"bg-BG\",\"potentialAction\":[{\"@type\":\"ReadAction\",\"target\":[\"https:\\\/\\\/kipinahrm.eu\\\/our-company\\\/\"]}]},{\"@type\":\"ImageObject\",\"inLanguage\":\"bg-BG\",\"@id\":\"https:\\\/\\\/kipinahrm.eu\\\/our-company\\\/#primaryimage\",\"url\":\"http:\\\/\\\/manager.kipinahrm.fi\\\/wp-content\\\/uploads\\\/2021\\\/03\\\/header_wf-scaled.jpg\",\"contentUrl\":\"http:\\\/\\\/manager.kipinahrm.fi\\\/wp-content\\\/uploads\\\/2021\\\/03\\\/header_wf-scaled.jpg\"},{\"@type\":\"BreadcrumbList\",\"@id\":\"https:\\\/\\\/kipinahrm.eu\\\/our-company\\\/#breadcrumb\",\"itemListElement\":[{\"@type\":\"ListItem\",\"position\":1,\"name\":\"Home\",\"item\":\"https:\\\/\\\/kipinahrm.eu\\\/bg\\\/\"},{\"@type\":\"ListItem\",\"position\":2,\"name\":\"\u0417\u0430 \u0424\u0438\u0440\u043c\u0430\u0442\u0430\"}]},{\"@type\":\"WebSite\",\"@id\":\"https:\\\/\\\/kipinahrm.eu\\\/#website\",\"url\":\"https:\\\/\\\/kipinahrm.eu\\\/\",\"name\":\"Henkil\u00f6st\u00f6vuokrausyhti\u00f6 Kipin\u00e4\",\"description\":\"\",\"publisher\":{\"@id\":\"https:\\\/\\\/kipinahrm.eu\\\/#organization\"},\"potentialAction\":[{\"@type\":\"SearchAction\",\"target\":{\"@type\":\"EntryPoint\",\"urlTemplate\":\"https:\\\/\\\/kipinahrm.eu\\\/?s={search_term_string}\"},\"query-input\":{\"@type\":\"PropertyValueSpecification\",\"valueRequired\":true,\"valueName\":\"search_term_string\"}}],\"inLanguage\":\"bg-BG\"},{\"@type\":\"Organization\",\"@id\":\"https:\\\/\\\/kipinahrm.eu\\\/#organization\",\"name\":\"Henki\u00f6st\u00f6vuokrausyhti\u00f6 Kipin\u00e4 Oy\",\"url\":\"https:\\\/\\\/kipinahrm.eu\\\/\",\"logo\":{\"@type\":\"ImageObject\",\"inLanguage\":\"bg-BG\",\"@id\":\"https:\\\/\\\/kipinahrm.eu\\\/#\\\/schema\\\/logo\\\/image\\\/\",\"url\":\"https:\\\/\\\/kipinahrm.eu\\\/wp-content\\\/uploads\\\/2021\\\/09\\\/Kipina-logo_tekstilla_M.png\",\"contentUrl\":\"https:\\\/\\\/kipinahrm.eu\\\/wp-content\\\/uploads\\\/2021\\\/09\\\/Kipina-logo_tekstilla_M.png\",\"width\":561,\"height\":444,\"caption\":\"Henki\u00f6st\u00f6vuokrausyhti\u00f6 Kipin\u00e4 Oy\"},\"image\":{\"@id\":\"https:\\\/\\\/kipinahrm.eu\\\/#\\\/schema\\\/logo\\\/image\\\/\"},\"sameAs\":[\"https:\\\/\\\/m.facebook.com\\\/HenkilostovuokrausKipina\",\"https:\\\/\\\/www.linkedin.com\\\/company\\\/henkilostovuokrausyhtio-kipina-oy\",\"https:\\\/\\\/www.youtube.com\\\/channel\\\/UCTogAPEEPzLjJ8H8v3xjutQ\"]}]}<\/script>\n<!-- \/ Yoast SEO plugin. -->","yoast_head_json":{"title":"\u0417\u0430 \u0424\u0438\u0440\u043c\u0430\u0442\u0430 - Henkil\u00f6st\u00f6vuokrausyhti\u00f6 Kipin\u00e4","robots":{"index":"index","follow":"follow","max-snippet":"max-snippet:-1","max-image-preview":"max-image-preview:large","max-video-preview":"max-video-preview:-1"},"canonical":"https:\/\/kipinahrm.eu\/our-company\/","og_locale":"bg_BG","og_type":"article","og_title":"\u0417\u0430 \u0424\u0438\u0440\u043c\u0430\u0442\u0430 - Henkil\u00f6st\u00f6vuokrausyhti\u00f6 Kipin\u00e4","og_url":"https:\/\/kipinahrm.eu\/our-company\/","og_site_name":"Henkil\u00f6st\u00f6vuokrausyhti\u00f6 Kipin\u00e4","article_publisher":"https:\/\/m.facebook.com\/HenkilostovuokrausKipina","article_modified_time":"2021-07-06T15:15:54+00:00","og_image":[{"url":"http:\/\/manager.kipinahrm.fi\/wp-content\/uploads\/2021\/03\/header_wf-scaled.jpg","type":"","width":"","height":""}],"twitter_card":"summary_large_image","schema":{"@context":"https:\/\/schema.org","@graph":[{"@type":"WebPage","@id":"https:\/\/kipinahrm.eu\/our-company\/","url":"https:\/\/kipinahrm.eu\/our-company\/","name":"\u0417\u0430 \u0424\u0438\u0440\u043c\u0430\u0442\u0430 - Henkil\u00f6st\u00f6vuokrausyhti\u00f6 Kipin\u00e4","isPartOf":{"@id":"https:\/\/kipinahrm.eu\/#website"},"primaryImageOfPage":{"@id":"https:\/\/kipinahrm.eu\/our-company\/#primaryimage"},"image":{"@id":"https:\/\/kipinahrm.eu\/our-company\/#primaryimage"},"thumbnailUrl":"http:\/\/manager.kipinahrm.fi\/wp-content\/uploads\/2021\/03\/header_wf-scaled.jpg","datePublished":"2021-05-30T14:22:04+00:00","dateModified":"2021-07-06T15:15:54+00:00","breadcrumb":{"@id":"https:\/\/kipinahrm.eu\/our-company\/#breadcrumb"},"inLanguage":"bg-BG","potentialAction":[{"@type":"ReadAction","target":["https:\/\/kipinahrm.eu\/our-company\/"]}]},{"@type":"ImageObject","inLanguage":"bg-BG","@id":"https:\/\/kipinahrm.eu\/our-company\/#primaryimage","url":"http:\/\/manager.kipinahrm.fi\/wp-content\/uploads\/2021\/03\/header_wf-scaled.jpg","contentUrl":"http:\/\/manager.kipinahrm.fi\/wp-content\/uploads\/2021\/03\/header_wf-scaled.jpg"},{"@type":"BreadcrumbList","@id":"https:\/\/kipinahrm.eu\/our-company\/#breadcrumb","itemListElement":[{"@type":"ListItem","position":1,"name":"Home","item":"https:\/\/kipinahrm.eu\/bg\/"},{"@type":"ListItem","position":2,"name":"\u0417\u0430 \u0424\u0438\u0440\u043c\u0430\u0442\u0430"}]},{"@type":"WebSite","@id":"https:\/\/kipinahrm.eu\/#website","url":"https:\/\/kipinahrm.eu\/","name":"Henkil\u00f6st\u00f6vuokrausyhti\u00f6 Kipin\u00e4","description":"","publisher":{"@id":"https:\/\/kipinahrm.eu\/#organization"},"potentialAction":[{"@type":"SearchAction","target":{"@type":"EntryPoint","urlTemplate":"https:\/\/kipinahrm.eu\/?s={search_term_string}"},"query-input":{"@type":"PropertyValueSpecification","valueRequired":true,"valueName":"search_term_string"}}],"inLanguage":"bg-BG"},{"@type":"Organization","@id":"https:\/\/kipinahrm.eu\/#organization","name":"Henki\u00f6st\u00f6vuokrausyhti\u00f6 Kipin\u00e4 Oy","url":"https:\/\/kipinahrm.eu\/","logo":{"@type":"ImageObject","inLanguage":"bg-BG","@id":"https:\/\/kipinahrm.eu\/#\/schema\/logo\/image\/","url":"https:\/\/kipinahrm.eu\/wp-content\/uploads\/2021\/09\/Kipina-logo_tekstilla_M.png","contentUrl":"https:\/\/kipinahrm.eu\/wp-content\/uploads\/2021\/09\/Kipina-logo_tekstilla_M.png","width":561,"height":444,"caption":"Henki\u00f6st\u00f6vuokrausyhti\u00f6 Kipin\u00e4 Oy"},"image":{"@id":"https:\/\/kipinahrm.eu\/#\/schema\/logo\/image\/"},"sameAs":["https:\/\/m.facebook.com\/HenkilostovuokrausKipina","https:\/\/www.linkedin.com\/company\/henkilostovuokrausyhtio-kipina-oy","https:\/\/www.youtube.com\/channel\/UCTogAPEEPzLjJ8H8v3xjutQ"]}]}},"_links":{"self":[{"href":"https:\/\/kipinahrm.eu\/bg\/wp-json\/wp\/v2\/pages\/506","targetHints":{"allow":["GET"]}}],"collection":[{"href":"https:\/\/kipinahrm.eu\/bg\/wp-json\/wp\/v2\/pages"}],"about":[{"href":"https:\/\/kipinahrm.eu\/bg\/wp-json\/wp\/v2\/types\/page"}],"author":[{"embeddable":true,"href":"https:\/\/kipinahrm.eu\/bg\/wp-json\/wp\/v2\/users\/1"}],"replies":[{"embeddable":true,"href":"https:\/\/kipinahrm.eu\/bg\/wp-json\/wp\/v2\/comments?post=506"}],"version-history":[{"count":0,"href":"https:\/\/kipinahrm.eu\/bg\/wp-json\/wp\/v2\/pages\/506\/revisions"}],"wp:attachment":[{"href":"https:\/\/kipinahrm.eu\/bg\/wp-json\/wp\/v2\/media?parent=506"}],"curies":[{"name":"wp","href":"https:\/\/api.w.org\/{rel}","templated":true}]}}